{"id":1258,"date":"2025-12-17T10:50:01","date_gmt":"2025-12-17T08:50:01","guid":{"rendered":"https:\/\/nikitanikiforov24.thkit.ee\/wp\/?page_id=1258"},"modified":"2025-12-17T11:39:11","modified_gmt":"2025-12-17T09:39:11","slug":"1258-2","status":"publish","type":"page","link":"https:\/\/nikitanikiforov24.thkit.ee\/wp\/?page_id=1258","title":{"rendered":"HTML, CSS, JS. CrossWord"},"content":{"rendered":"\n<iframe loading=\"lazy\" width=\"1000\" height=\"1000\" style=\"border:1px solid black; margin:auto; display:block\" frameborder=\"0\" src=\"https:\/\/crosswordlabs.com\/embed\/html-css-35\"><\/iframe>\n\n\n\n<p>Allikas:<\/p>\n\n\n\n<p><a href=\"https:\/\/crosswordlabs.com\/\">CrosswordLabs<\/a><\/p>\n\n\n\n<p>Rists\u00f5na jaoks kasutasin CrossWord Labsi veebisaiti. See on \u00fcsna lihtne seadistada.<\/p>\n\n\n\n<p>Tuleb lihtsalt kirjutada s\u00f5na, n\u00e4iteks \u201egap\u201d, ja siis t\u00fchiku j\u00e4rel suure t\u00e4hega selle s\u00f5na selgitus:<\/p>\n\n\n\n<figure class=\"wp-block-image size-full\"><img loading=\"lazy\" decoding=\"async\" width=\"585\" height=\"95\" src=\"https:\/\/nikitanikiforov24.thkit.ee\/wp\/wp-content\/uploads\/2025\/12\/1BE3DC84-FD7D-4F52-A069-A305322CE456.png\" alt=\"\" class=\"wp-image-1272\" srcset=\"https:\/\/nikitanikiforov24.thkit.ee\/wp\/wp-content\/uploads\/2025\/12\/1BE3DC84-FD7D-4F52-A069-A305322CE456.png 585w, https:\/\/nikitanikiforov24.thkit.ee\/wp\/wp-content\/uploads\/2025\/12\/1BE3DC84-FD7D-4F52-A069-A305322CE456-300x49.png 300w, https:\/\/nikitanikiforov24.thkit.ee\/wp\/wp-content\/uploads\/2025\/12\/1BE3DC84-FD7D-4F52-A069-A305322CE456-150x24.png 150w\" sizes=\"auto, (max-width: 585px) 100vw, 585px\" \/><\/figure>\n\n\n\n<p>Veebisait paigutab s\u00f5nad ise \u00f5igesti, seega tuleb ainult s\u00f5nad v\u00e4lja kirjutada ja neile selgitused lisada.<\/p>\n\n\n\n<p>P\u00e4rast s\u00f5na sisestamist ilmub akna alla rists\u00f5na eelvaade, mis muutub aktiivselt iga kord, kui lisate uue s\u00f5na.<\/p>\n\n\n\n<figure class=\"wp-block-image size-full is-resized\"><img loading=\"lazy\" decoding=\"async\" width=\"607\" height=\"935\" src=\"https:\/\/nikitanikiforov24.thkit.ee\/wp\/wp-content\/uploads\/2025\/12\/Nimetu.png\" alt=\"\" class=\"wp-image-1273\" style=\"aspect-ratio:0.6491999136469673;width:409px;height:auto\" srcset=\"https:\/\/nikitanikiforov24.thkit.ee\/wp\/wp-content\/uploads\/2025\/12\/Nimetu.png 607w, https:\/\/nikitanikiforov24.thkit.ee\/wp\/wp-content\/uploads\/2025\/12\/Nimetu-195x300.png 195w, https:\/\/nikitanikiforov24.thkit.ee\/wp\/wp-content\/uploads\/2025\/12\/Nimetu-97x150.png 97w\" sizes=\"auto, (max-width: 607px) 100vw, 607px\" \/><\/figure>\n\n\n\n<p>Seej\u00e4rel vajuta nuppu \u201eSave &amp; Finish\u201d (Salvesta ja l\u00f5peta).<\/p>\n\n\n\n<figure class=\"wp-block-image size-full\"><img loading=\"lazy\" decoding=\"async\" width=\"651\" height=\"609\" src=\"https:\/\/nikitanikiforov24.thkit.ee\/wp\/wp-content\/uploads\/2025\/12\/Nimetu-1.png\" alt=\"\" class=\"wp-image-1274\" srcset=\"https:\/\/nikitanikiforov24.thkit.ee\/wp\/wp-content\/uploads\/2025\/12\/Nimetu-1.png 651w, https:\/\/nikitanikiforov24.thkit.ee\/wp\/wp-content\/uploads\/2025\/12\/Nimetu-1-300x281.png 300w, https:\/\/nikitanikiforov24.thkit.ee\/wp\/wp-content\/uploads\/2025\/12\/Nimetu-1-150x140.png 150w\" sizes=\"auto, (max-width: 651px) 100vw, 651px\" \/><\/figure>\n\n\n\n<p>Siis j\u00f5uad lehele, kus on punane s\u00f5na, vajuta \u201eShare\u201c (jaga). Ja sisesta HTML-koodi kaudu.<\/p>\n\n\n\n<figure class=\"wp-block-image size-full\"><img loading=\"lazy\" decoding=\"async\" width=\"651\" height=\"681\" src=\"https:\/\/nikitanikiforov24.thkit.ee\/wp\/wp-content\/uploads\/2025\/12\/Nimetu-2.png\" alt=\"\" class=\"wp-image-1275\" srcset=\"https:\/\/nikitanikiforov24.thkit.ee\/wp\/wp-content\/uploads\/2025\/12\/Nimetu-2.png 651w, https:\/\/nikitanikiforov24.thkit.ee\/wp\/wp-content\/uploads\/2025\/12\/Nimetu-2-287x300.png 287w, https:\/\/nikitanikiforov24.thkit.ee\/wp\/wp-content\/uploads\/2025\/12\/Nimetu-2-143x150.png 143w\" sizes=\"auto, (max-width: 651px) 100vw, 651px\" \/><\/figure>\n","protected":false},"excerpt":{"rendered":"<p>Allikas: CrosswordLabs Rists\u00f5na jaoks kasutasin CrossWord Labsi veebisaiti. See on \u00fcsna lihtne seadistada. Tuleb lihtsalt kirjutada s\u00f5na, n\u00e4iteks \u201egap\u201d, ja siis t\u00fchiku j\u00e4rel suure t\u00e4hega selle s\u00f5na selgitus: Veebisait paigutab s\u00f5nad ise \u00f5igesti, seega tuleb ainult s\u00f5nad v\u00e4lja kirjutada ja neile selgitused lisada. P\u00e4rast s\u00f5na sisestamist ilmub akna alla rists\u00f5na eelvaade, mis muutub aktiivselt iga [&hellip;]<\/p>\n","protected":false},"author":1,"featured_media":0,"parent":0,"menu_order":0,"comment_status":"closed","ping_status":"closed","template":"","meta":{"footnotes":""},"class_list":["post-1258","page","type-page","status-publish","hentry"],"yoast_head":"<!-- This site is optimized with the Yoast SEO plugin v27.4 - https:\/\/yoast.com\/product\/yoast-seo-wordpress\/ -->\n<title>HTML, CSS, JS. CrossWord - Nikita Nikiforov Portfolio<\/title>\n<meta name=\"robots\" content=\"index, follow, max-snippet:-1, max-image-preview:large, max-video-preview:-1\" \/>\n<link rel=\"canonical\" href=\"https:\/\/nikitanikiforov24.thkit.ee\/wp\/?page_id=1258\" \/>\n<meta property=\"og:locale\" content=\"et_EE\" \/>\n<meta property=\"og:type\" content=\"article\" \/>\n<meta property=\"og:title\" content=\"HTML, CSS, JS. CrossWord - Nikita Nikiforov Portfolio\" \/>\n<meta property=\"og:description\" content=\"Allikas: CrosswordLabs Rists\u00f5na jaoks kasutasin CrossWord Labsi veebisaiti. See on \u00fcsna lihtne seadistada. Tuleb lihtsalt kirjutada s\u00f5na, n\u00e4iteks \u201egap\u201d, ja siis t\u00fchiku j\u00e4rel suure t\u00e4hega selle s\u00f5na selgitus: Veebisait paigutab s\u00f5nad ise \u00f5igesti, seega tuleb ainult s\u00f5nad v\u00e4lja kirjutada ja neile selgitused lisada. P\u00e4rast s\u00f5na sisestamist ilmub akna alla rists\u00f5na eelvaade, mis muutub aktiivselt iga [&hellip;]\" \/>\n<meta property=\"og:url\" content=\"https:\/\/nikitanikiforov24.thkit.ee\/wp\/?page_id=1258\" \/>\n<meta property=\"og:site_name\" content=\"Nikita Nikiforov Portfolio\" \/>\n<meta property=\"article:modified_time\" content=\"2025-12-17T09:39:11+00:00\" \/>\n<meta property=\"og:image\" content=\"https:\/\/nikitanikiforov24.thkit.ee\/wp\/wp-content\/uploads\/2025\/12\/1BE3DC84-FD7D-4F52-A069-A305322CE456.png\" \/>\n<meta name=\"twitter:card\" content=\"summary_large_image\" \/>\n<meta name=\"twitter:label1\" content=\"Est. reading time\" \/>\n\t<meta name=\"twitter:data1\" content=\"2 minutit\" \/>\n<script type=\"application\/ld+json\" class=\"yoast-schema-graph\">{\"@context\":\"https:\\\/\\\/schema.org\",\"@graph\":[{\"@type\":\"WebPage\",\"@id\":\"https:\\\/\\\/nikitanikiforov24.thkit.ee\\\/wp\\\/?page_id=1258\",\"url\":\"https:\\\/\\\/nikitanikiforov24.thkit.ee\\\/wp\\\/?page_id=1258\",\"name\":\"HTML, CSS, JS. CrossWord - Nikita Nikiforov Portfolio\",\"isPartOf\":{\"@id\":\"https:\\\/\\\/nikitanikiforov24.thkit.ee\\\/wp\\\/#website\"},\"primaryImageOfPage\":{\"@id\":\"https:\\\/\\\/nikitanikiforov24.thkit.ee\\\/wp\\\/?page_id=1258#primaryimage\"},\"image\":{\"@id\":\"https:\\\/\\\/nikitanikiforov24.thkit.ee\\\/wp\\\/?page_id=1258#primaryimage\"},\"thumbnailUrl\":\"https:\\\/\\\/nikitanikiforov24.thkit.ee\\\/wp\\\/wp-content\\\/uploads\\\/2025\\\/12\\\/1BE3DC84-FD7D-4F52-A069-A305322CE456.png\",\"datePublished\":\"2025-12-17T08:50:01+00:00\",\"dateModified\":\"2025-12-17T09:39:11+00:00\",\"breadcrumb\":{\"@id\":\"https:\\\/\\\/nikitanikiforov24.thkit.ee\\\/wp\\\/?page_id=1258#breadcrumb\"},\"inLanguage\":\"et\",\"potentialAction\":[{\"@type\":\"ReadAction\",\"target\":[\"https:\\\/\\\/nikitanikiforov24.thkit.ee\\\/wp\\\/?page_id=1258\"]}]},{\"@type\":\"ImageObject\",\"inLanguage\":\"et\",\"@id\":\"https:\\\/\\\/nikitanikiforov24.thkit.ee\\\/wp\\\/?page_id=1258#primaryimage\",\"url\":\"https:\\\/\\\/nikitanikiforov24.thkit.ee\\\/wp\\\/wp-content\\\/uploads\\\/2025\\\/12\\\/1BE3DC84-FD7D-4F52-A069-A305322CE456.png\",\"contentUrl\":\"https:\\\/\\\/nikitanikiforov24.thkit.ee\\\/wp\\\/wp-content\\\/uploads\\\/2025\\\/12\\\/1BE3DC84-FD7D-4F52-A069-A305322CE456.png\",\"width\":585,\"height\":95},{\"@type\":\"BreadcrumbList\",\"@id\":\"https:\\\/\\\/nikitanikiforov24.thkit.ee\\\/wp\\\/?page_id=1258#breadcrumb\",\"itemListElement\":[{\"@type\":\"ListItem\",\"position\":1,\"name\":\"Home\",\"item\":\"https:\\\/\\\/nikitanikiforov24.thkit.ee\\\/wp\\\/\"},{\"@type\":\"ListItem\",\"position\":2,\"name\":\"HTML, CSS, JS. CrossWord\"}]},{\"@type\":\"WebSite\",\"@id\":\"https:\\\/\\\/nikitanikiforov24.thkit.ee\\\/wp\\\/#website\",\"url\":\"https:\\\/\\\/nikitanikiforov24.thkit.ee\\\/wp\\\/\",\"name\":\"Nikita Nikiforov Portfolio\",\"description\":\"Noorem Tarkvarendaja\",\"publisher\":{\"@id\":\"https:\\\/\\\/nikitanikiforov24.thkit.ee\\\/wp\\\/#organization\"},\"potentialAction\":[{\"@type\":\"SearchAction\",\"target\":{\"@type\":\"EntryPoint\",\"urlTemplate\":\"https:\\\/\\\/nikitanikiforov24.thkit.ee\\\/wp\\\/?s={search_term_string}\"},\"query-input\":{\"@type\":\"PropertyValueSpecification\",\"valueRequired\":true,\"valueName\":\"search_term_string\"}}],\"inLanguage\":\"et\"},{\"@type\":\"Organization\",\"@id\":\"https:\\\/\\\/nikitanikiforov24.thkit.ee\\\/wp\\\/#organization\",\"name\":\"Nikita Nikiforov Portfolio\",\"url\":\"https:\\\/\\\/nikitanikiforov24.thkit.ee\\\/wp\\\/\",\"logo\":{\"@type\":\"ImageObject\",\"inLanguage\":\"et\",\"@id\":\"https:\\\/\\\/nikitanikiforov24.thkit.ee\\\/wp\\\/#\\\/schema\\\/logo\\\/image\\\/\",\"url\":\"https:\\\/\\\/nikitanikiforov24.thkit.ee\\\/wp\\\/wp-content\\\/uploads\\\/2025\\\/10\\\/0ce66b2c514f64099fc903d1deea8e5c-150x137-removebg-preview.png\",\"contentUrl\":\"https:\\\/\\\/nikitanikiforov24.thkit.ee\\\/wp\\\/wp-content\\\/uploads\\\/2025\\\/10\\\/0ce66b2c514f64099fc903d1deea8e5c-150x137-removebg-preview.png\",\"width\":150,\"height\":137,\"caption\":\"Nikita Nikiforov Portfolio\"},\"image\":{\"@id\":\"https:\\\/\\\/nikitanikiforov24.thkit.ee\\\/wp\\\/#\\\/schema\\\/logo\\\/image\\\/\"}}]}<\/script>\n<!-- \/ Yoast SEO plugin. -->","yoast_head_json":{"title":"HTML, CSS, JS. CrossWord - Nikita Nikiforov Portfolio","robots":{"index":"index","follow":"follow","max-snippet":"max-snippet:-1","max-image-preview":"max-image-preview:large","max-video-preview":"max-video-preview:-1"},"canonical":"https:\/\/nikitanikiforov24.thkit.ee\/wp\/?page_id=1258","og_locale":"et_EE","og_type":"article","og_title":"HTML, CSS, JS. CrossWord - Nikita Nikiforov Portfolio","og_description":"Allikas: CrosswordLabs Rists\u00f5na jaoks kasutasin CrossWord Labsi veebisaiti. See on \u00fcsna lihtne seadistada. Tuleb lihtsalt kirjutada s\u00f5na, n\u00e4iteks \u201egap\u201d, ja siis t\u00fchiku j\u00e4rel suure t\u00e4hega selle s\u00f5na selgitus: Veebisait paigutab s\u00f5nad ise \u00f5igesti, seega tuleb ainult s\u00f5nad v\u00e4lja kirjutada ja neile selgitused lisada. P\u00e4rast s\u00f5na sisestamist ilmub akna alla rists\u00f5na eelvaade, mis muutub aktiivselt iga [&hellip;]","og_url":"https:\/\/nikitanikiforov24.thkit.ee\/wp\/?page_id=1258","og_site_name":"Nikita Nikiforov Portfolio","article_modified_time":"2025-12-17T09:39:11+00:00","og_image":[{"url":"https:\/\/nikitanikiforov24.thkit.ee\/wp\/wp-content\/uploads\/2025\/12\/1BE3DC84-FD7D-4F52-A069-A305322CE456.png","type":"","width":"","height":""}],"twitter_card":"summary_large_image","twitter_misc":{"Est. reading time":"2 minutit"},"schema":{"@context":"https:\/\/schema.org","@graph":[{"@type":"WebPage","@id":"https:\/\/nikitanikiforov24.thkit.ee\/wp\/?page_id=1258","url":"https:\/\/nikitanikiforov24.thkit.ee\/wp\/?page_id=1258","name":"HTML, CSS, JS. CrossWord - Nikita Nikiforov Portfolio","isPartOf":{"@id":"https:\/\/nikitanikiforov24.thkit.ee\/wp\/#website"},"primaryImageOfPage":{"@id":"https:\/\/nikitanikiforov24.thkit.ee\/wp\/?page_id=1258#primaryimage"},"image":{"@id":"https:\/\/nikitanikiforov24.thkit.ee\/wp\/?page_id=1258#primaryimage"},"thumbnailUrl":"https:\/\/nikitanikiforov24.thkit.ee\/wp\/wp-content\/uploads\/2025\/12\/1BE3DC84-FD7D-4F52-A069-A305322CE456.png","datePublished":"2025-12-17T08:50:01+00:00","dateModified":"2025-12-17T09:39:11+00:00","breadcrumb":{"@id":"https:\/\/nikitanikiforov24.thkit.ee\/wp\/?page_id=1258#breadcrumb"},"inLanguage":"et","potentialAction":[{"@type":"ReadAction","target":["https:\/\/nikitanikiforov24.thkit.ee\/wp\/?page_id=1258"]}]},{"@type":"ImageObject","inLanguage":"et","@id":"https:\/\/nikitanikiforov24.thkit.ee\/wp\/?page_id=1258#primaryimage","url":"https:\/\/nikitanikiforov24.thkit.ee\/wp\/wp-content\/uploads\/2025\/12\/1BE3DC84-FD7D-4F52-A069-A305322CE456.png","contentUrl":"https:\/\/nikitanikiforov24.thkit.ee\/wp\/wp-content\/uploads\/2025\/12\/1BE3DC84-FD7D-4F52-A069-A305322CE456.png","width":585,"height":95},{"@type":"BreadcrumbList","@id":"https:\/\/nikitanikiforov24.thkit.ee\/wp\/?page_id=1258#breadcrumb","itemListElement":[{"@type":"ListItem","position":1,"name":"Home","item":"https:\/\/nikitanikiforov24.thkit.ee\/wp\/"},{"@type":"ListItem","position":2,"name":"HTML, CSS, JS. CrossWord"}]},{"@type":"WebSite","@id":"https:\/\/nikitanikiforov24.thkit.ee\/wp\/#website","url":"https:\/\/nikitanikiforov24.thkit.ee\/wp\/","name":"Nikita Nikiforov Portfolio","description":"Noorem Tarkvarendaja","publisher":{"@id":"https:\/\/nikitanikiforov24.thkit.ee\/wp\/#organization"},"potentialAction":[{"@type":"SearchAction","target":{"@type":"EntryPoint","urlTemplate":"https:\/\/nikitanikiforov24.thkit.ee\/wp\/?s={search_term_string}"},"query-input":{"@type":"PropertyValueSpecification","valueRequired":true,"valueName":"search_term_string"}}],"inLanguage":"et"},{"@type":"Organization","@id":"https:\/\/nikitanikiforov24.thkit.ee\/wp\/#organization","name":"Nikita Nikiforov Portfolio","url":"https:\/\/nikitanikiforov24.thkit.ee\/wp\/","logo":{"@type":"ImageObject","inLanguage":"et","@id":"https:\/\/nikitanikiforov24.thkit.ee\/wp\/#\/schema\/logo\/image\/","url":"https:\/\/nikitanikiforov24.thkit.ee\/wp\/wp-content\/uploads\/2025\/10\/0ce66b2c514f64099fc903d1deea8e5c-150x137-removebg-preview.png","contentUrl":"https:\/\/nikitanikiforov24.thkit.ee\/wp\/wp-content\/uploads\/2025\/10\/0ce66b2c514f64099fc903d1deea8e5c-150x137-removebg-preview.png","width":150,"height":137,"caption":"Nikita Nikiforov Portfolio"},"image":{"@id":"https:\/\/nikitanikiforov24.thkit.ee\/wp\/#\/schema\/logo\/image\/"}}]}},"_links":{"self":[{"href":"https:\/\/nikitanikiforov24.thkit.ee\/wp\/index.php?rest_route=\/wp\/v2\/pages\/1258","targetHints":{"allow":["GET"]}}],"collection":[{"href":"https:\/\/nikitanikiforov24.thkit.ee\/wp\/index.php?rest_route=\/wp\/v2\/pages"}],"about":[{"href":"https:\/\/nikitanikiforov24.thkit.ee\/wp\/index.php?rest_route=\/wp\/v2\/types\/page"}],"author":[{"embeddable":true,"href":"https:\/\/nikitanikiforov24.thkit.ee\/wp\/index.php?rest_route=\/wp\/v2\/users\/1"}],"replies":[{"embeddable":true,"href":"https:\/\/nikitanikiforov24.thkit.ee\/wp\/index.php?rest_route=%2Fwp%2Fv2%2Fcomments&post=1258"}],"version-history":[{"count":12,"href":"https:\/\/nikitanikiforov24.thkit.ee\/wp\/index.php?rest_route=\/wp\/v2\/pages\/1258\/revisions"}],"predecessor-version":[{"id":1280,"href":"https:\/\/nikitanikiforov24.thkit.ee\/wp\/index.php?rest_route=\/wp\/v2\/pages\/1258\/revisions\/1280"}],"wp:attachment":[{"href":"https:\/\/nikitanikiforov24.thkit.ee\/wp\/index.php?rest_route=%2Fwp%2Fv2%2Fmedia&parent=1258"}],"curies":[{"name":"wp","href":"https:\/\/api.w.org\/{rel}","templated":true}]}}