{"id":1336,"date":"2026-02-18T13:46:01","date_gmt":"2026-02-18T11:46:01","guid":{"rendered":"https:\/\/nikitanikiforov24.thkit.ee\/wp\/?page_id=1336"},"modified":"2026-03-18T12:27:12","modified_gmt":"2026-03-18T10:27:12","slug":"projektijuhtimine","status":"publish","type":"page","link":"https:\/\/nikitanikiforov24.thkit.ee\/wp\/?page_id=1336","title":{"rendered":"Projektijuhtimine"},"content":{"rendered":"\n<p><strong>Projekt<\/strong> \u2013 on mingi tegevus piiratatud ajaga. Projektis pidi olema eesm\u00e4rk, plaan, ressursid \/ \u043d\u0435\u043a\u043e\u0442\u043e\u0440\u0430\u044f \u0434\u0435\u044f\u0442\u0435\u043b\u044c\u043d\u043e\u0441\u0442\u044c \u043e\u0433\u0440\u0430\u043d\u0438\u0447\u0435\u043d\u043d\u0430\u044f \u043f\u043e \u0432\u0440\u0435\u043c\u0435\u043d\u0438! \u0418\u043c\u0435\u0435\u0442 \u0446\u0435\u043b\u044c, \u043f\u043b\u0430\u043d, \u0440\u0435\u0441\u0443\u0440\u0441\u044b.<\/p>\n\n\n\n<p><strong>\u0427\u0442\u043e \u0442\u0430\u043a\u043e\u0435 \u043f\u0440\u043e\u0435\u043a\u0442?<\/strong><\/p>\n\n\n\n<ul class=\"wp-block-list\">\n<li>\u043d\u0435\u043a\u043e\u0442\u043e\u0440\u0430\u044f \u0434\u0435\u044f\u0442\u0435\u043b\u044c\u043d\u043e\u0441\u0442\u044c, \u0438\u043c\u0435\u044e\u0449\u0430\u044f:<\/li>\n\n\n\n<li>\u043a\u043e\u043d\u043a\u0440\u0435\u0442\u043d\u0443\u044e \u0446\u0435\u043b\u044c<\/li>\n\n\n\n<li>\u043d\u0430\u0447\u0430\u043b\u043e \u043a\u043e\u043d\u0435\u0446 \u2013 \u043e\u0433\u0440\u0430\u043d\u0438\u0447\u0435\u043d\u0438\u0435 \u043f\u043e \u0432\u0440\u0435\u043c\u0435\u043d\u0438<\/li>\n\n\n\n<li>\u0440\u0435\u0441\u0443\u0440\u0441\u044b \u2013 \u0447\u0435\u043b\u043e\u0432\u0435\u0447\u0435\u0441\u043a\u0438\u0439 \u0440\u0435\u0441\u0443\u0440\u0441, \u0434\u0435\u043d\u0435\u0436\u043d\u044b\u0439<\/li>\n<\/ul>\n\n\n\n<figure class=\"wp-block-table\"><table class=\"has-fixed-layout\"><tbody><tr><td><\/td><td><strong>IT projekt<\/strong><\/td><td><strong>\u00c4ri-projekt<\/strong><\/td><\/tr><tr><td><strong>Erinevused:<\/strong><\/td><td>eesm\u00e4rgid ja plaan muutuvad projekti k\u00e4igus<\/td><td>l\u00e4hte\u00fclesanne on selge ja konkreetne<\/td><\/tr><tr><td><\/td><td>raske hinnata projekti riskid<\/td><td>raske hinnata projekti riskid<\/td><\/tr><tr><td><\/td><td>Raske n\u00e4idata kliendile projekti ettekujutus<\/td><td>T\u00e4pne kujutis on olemas<\/td><\/tr><tr><td><strong>Tulemus \/ V\u00e4ljund:<\/strong><\/td><td>mittematerjaline v\u00e4\u00e4rtus<\/td><td>materjaline v\u00e4\u00e4rtus<\/td><\/tr><\/tbody><\/table><\/figure>\n\n\n\n<p><strong>\u0418\u0422- \u043f\u0440\u043e\u0435\u043a\u0442<\/strong> \u2013 \u043f\u0440\u043e\u0435\u043a\u0442, \u0432 \u043a\u043e\u0442\u043e\u0440\u043e\u043c \u0442\u0440\u0443\u0434\u043d\u043e \u043e\u0446\u0435\u043d\u0438\u0442\u044c \u043f\u0440\u043e\u043c\u0435\u0436\u0443\u0442\u043e\u0447\u043d\u044b\u0439 \u0440\u0435\u0437\u0443\u043b\u044c\u0442\u0430\u0442 \u0438 \u043f\u043e\u0441\u0442\u0430\u0432\u0438\u0442\u044c \u043a\u043e\u043d\u043a\u0440\u0435\u0442\u043d\u044b\u0439 \u0441\u0440\u043e\u043a \u0432\u044b\u043f\u043e\u043b\u043d\u0435\u043d\u0438\u044f \u0437\u0430\u0434\u0430\u0447!<\/p>\n\n\n\n<p><strong>\u0411\u0438\u0437\u043d\u0435\u0441-\u043f\u0440\u043e\u0435\u043a\u0442 <\/strong>\u2013 \u043f\u0440\u043e\u0435\u043a\u0442, \u0443 \u043a\u043e\u0442\u043e\u0440\u043e\u0433\u043e \u0431\u043e\u043b\u0435\u0435 \u043b\u0435\u0433\u043a\u043e \u043f\u0440\u043e\u0441\u0447\u0438\u0442\u0430\u043d\u044b \u0432\u0441\u0435 \u0441\u0440\u043e\u043a\u0438 \u0432\u044b\u043f\u043e\u043b\u043d\u0435\u043d\u0438\u044f \u0438 \u0447\u0435\u0442\u043a\u043e \u043f\u043e\u0441\u0442\u0430\u0432\u043b\u0435\u043d\u044b \u0446\u0435\u043b\u0438 \u0438 \u043e\u043f\u0440\u0435\u0434\u0435\u043b\u0435\u043d\u044b \u0437\u0430\u0434\u0430\u0447\u0438<\/p>\n\n\n\n<p><strong>\u041f\u0440\u043e\u0435\u043a\u0442 \u043f\u043e \u0440\u0430\u0437\u0440\u0430\u0431\u043e\u0442\u043a\u0435 \u2013<\/strong> \u043f\u0440\u043e\u0435\u043a\u0442, \u0432 \u043a\u043e\u0442\u043e\u0440\u043e\u043c \u0434\u043e \u043a\u043e\u043d\u0446\u0430 \u043d\u0435 \u0438\u0437\u0432\u0435\u0441\u0442\u043d\u044b \u0432\u0441\u0435 \u043d\u0435\u043e\u0431\u0445\u043e\u0434\u0438\u043c\u044b\u0435 \u0434\u0435\u0439\u0441\u0442\u0432\u0438\u044f \u2013&gt; \u0442\u0440\u0443\u0434\u043d\u043e \u043e\u043f\u0440\u0435\u0434\u0435\u043b\u0438\u0442\u044c \u043f\u0440\u043e\u0434\u043e\u043b\u0436\u0438\u0442\u0435\u043b\u044c\u043d\u043e\u0441\u0442\u044c \u0434\u0435\u0439\u0441\u0442\u0432\u0438\u0439\/ \u044d\u0442\u0430\u043f\u043e\u0432<\/p>\n\n\n\n<p><strong>\u041f\u0440\u043e\u0435\u043a\u0442 \u043f\u043e \u0440\u0435\u0430\u043b\u0438\u0437\u0430\u0446\u0438\u0438<\/strong> \u2013 \u0447\u0435\u0442\u043a\u043e \u043f\u043e\u0441\u0442\u0430\u0432\u043b\u0435\u043d\u043d\u044b\u0435 \u0446\u0435\u043b\u0438 \u0438 \u0432\u0440\u0435\u043c\u044f \u0438\u0445 \u0438\u0441\u043f\u043e\u043b\u043d\u0435\u043d\u0438\u044f.<\/p>\n\n\n\n<p><strong>Projektides juhitakse \u00fcheksat komponenti:<\/strong><br>eesm\u00e4rki (Project scope management)<br>aega (Project time management)<br>kvaliteeti (Project quality management)<br>kulusid (Project cost management)<br>inimesi (Project human resources management)<br>infovahetust (Project communication management)<br>allhankeid (Project procurement management) \u2013 \u0434\u0435\u043b\u0438\u0433\u0438\u0440\u043e\u0432\u0430\u043d\u0438\u0435 \u043d\u0435\u043a\u043e\u0442\u043e\u0440\u043e\u0439 \u0440\u0430\u0431\u043e\u0442\u044b \u0434\u0440\u0443\u0433\u0438\u043c \u0444\u0438\u0440\u043c\u0430\u043c \u043f\u043e \u0434\u043e\u0433\u043e\u0432\u043e\u0440\u0443<br>seoseid (Project integration management) \u2013 \u0437\u0430\u043a\u043b\u044e\u0447\u0435\u043d\u0438\u0435 \u0434\u043e\u0433\u043e\u0432\u043e\u0440\u043e\u0432 \u0432\u043d\u0443\u0442\u0440\u0438 \u043f\u0440\u043e\u0435\u043a\u0442\u0430 \u0438 \u0432\u043d\u0435 \u043f\u0440\u043e\u0435\u043a\u0442\u0430<\/p>\n\n\n\n<p><strong>\u201cRaudne kolmnurk\u201d<\/strong> \u2013 kuidas omavahel seotud raha, aeg ja kvaliteet<\/p>\n\n\n\n<figure class=\"wp-block-image size-full is-resized\"><img loading=\"lazy\" decoding=\"async\" width=\"288\" height=\"175\" src=\"https:\/\/nikitanikiforov24.thkit.ee\/wp\/wp-content\/uploads\/2026\/02\/images-removebg-preview.png\" alt=\"\" class=\"wp-image-1337\" style=\"width:599px;height:auto\" srcset=\"https:\/\/nikitanikiforov24.thkit.ee\/wp\/wp-content\/uploads\/2026\/02\/images-removebg-preview.png 288w, https:\/\/nikitanikiforov24.thkit.ee\/wp\/wp-content\/uploads\/2026\/02\/images-removebg-preview-150x91.png 150w\" sizes=\"auto, (max-width: 288px) 100vw, 288px\" \/><\/figure>\n\n\n\n<p><strong>Gantti diagramm<\/strong><\/p>\n\n\n\n<figure data-wp-context=\"{&quot;imageId&quot;:&quot;69ee06d418d32&quot;}\" data-wp-interactive=\"core\/image\" data-wp-key=\"69ee06d418d32\" class=\"wp-block-image size-large wp-lightbox-container\"><img loading=\"lazy\" decoding=\"async\" width=\"1024\" height=\"324\" data-wp-class--hide=\"state.isContentHidden\" data-wp-class--show=\"state.isContentVisible\" data-wp-init=\"callbacks.setButtonStyles\" data-wp-on--click=\"actions.showLightbox\" data-wp-on--load=\"callbacks.setButtonStyles\" data-wp-on-window--resize=\"callbacks.setButtonStyles\" src=\"https:\/\/nikitanikiforov24.thkit.ee\/wp\/wp-content\/uploads\/2026\/02\/9E18C8F6-55F5-44F7-B97A-DF35EDFB426B-1024x324.png\" alt=\"\" class=\"wp-image-1338\" srcset=\"https:\/\/nikitanikiforov24.thkit.ee\/wp\/wp-content\/uploads\/2026\/02\/9E18C8F6-55F5-44F7-B97A-DF35EDFB426B-1024x324.png 1024w, https:\/\/nikitanikiforov24.thkit.ee\/wp\/wp-content\/uploads\/2026\/02\/9E18C8F6-55F5-44F7-B97A-DF35EDFB426B-300x95.png 300w, https:\/\/nikitanikiforov24.thkit.ee\/wp\/wp-content\/uploads\/2026\/02\/9E18C8F6-55F5-44F7-B97A-DF35EDFB426B-768x243.png 768w, https:\/\/nikitanikiforov24.thkit.ee\/wp\/wp-content\/uploads\/2026\/02\/9E18C8F6-55F5-44F7-B97A-DF35EDFB426B-150x48.png 150w, https:\/\/nikitanikiforov24.thkit.ee\/wp\/wp-content\/uploads\/2026\/02\/9E18C8F6-55F5-44F7-B97A-DF35EDFB426B-1536x487.png 1536w, https:\/\/nikitanikiforov24.thkit.ee\/wp\/wp-content\/uploads\/2026\/02\/9E18C8F6-55F5-44F7-B97A-DF35EDFB426B.png 1856w\" sizes=\"auto, (max-width: 1024px) 100vw, 1024px\" \/><button\n\t\t\tclass=\"lightbox-trigger\"\n\t\t\ttype=\"button\"\n\t\t\taria-haspopup=\"dialog\"\n\t\t\taria-label=\"Enlarge\"\n\t\t\tdata-wp-init=\"callbacks.initTriggerButton\"\n\t\t\tdata-wp-on--click=\"actions.showLightbox\"\n\t\t\tdata-wp-style--right=\"state.imageButtonRight\"\n\t\t\tdata-wp-style--top=\"state.imageButtonTop\"\n\t\t>\n\t\t\t<svg xmlns=\"http:\/\/www.w3.org\/2000\/svg\" width=\"12\" height=\"12\" fill=\"none\" viewBox=\"0 0 12 12\">\n\t\t\t\t<path fill=\"#fff\" d=\"M2 0a2 2 0 0 0-2 2v2h1.5V2a.5.5 0 0 1 .5-.5h2V0H2Zm2 10.5H2a.5.5 0 0 1-.5-.5V8H0v2a2 2 0 0 0 2 2h2v-1.5ZM8 12v-1.5h2a.5.5 0 0 0 .5-.5V8H12v2a2 2 0 0 1-2 2H8Zm2-12a2 2 0 0 1 2 2v2h-1.5V2a.5.5 0 0 0-.5-.5H8V0h2Z\" \/>\n\t\t\t<\/svg>\n\t\t<\/button><\/figure>\n\n\n\n<p><strong>Projekti kriitiline<\/strong> tee on tegevuste jada, mis m\u00e4\u00e4rab projekti k\u00f5ige l\u00fchema v\u00f5imaliku kestuse. Kui m\u00f5ni kriitilise tee tegevus hilineb, hilineb kogu projekt.<\/p>\n\n\n\n<p><strong>Projektis v\u00f5ivad esineda erinevad riskid:<\/strong><\/p>\n\n\n\n<ul class=\"wp-block-list\">\n<li>ajarisk \/ \u0432\u0440\u0435\u043c\u0435\u043d\u043d\u044b\u0435<\/li>\n\n\n\n<li>finantsrisk \/ \u0444\u0438\u043d\u0430\u043d\u0441\u043e\u0432\u044b\u0435<\/li>\n\n\n\n<li>tehniline risk \/ \u0442\u0435\u0445\u043d\u0438\u0447\u0435\u0441\u043a\u0438\u0435<\/li>\n\n\n\n<li>personalirisk \/ \u043a\u0430\u0434\u0440\u043e\u0432\u044b\u0435<\/li>\n\n\n\n<li>organisatsiooniline risk \/ \u043e\u0440\u0433\u0430\u043d\u0438\u0437\u0430\u0446\u0438\u043e\u043d\u043d\u044b\u0435<\/li>\n<\/ul>\n\n\n\n<p><strong>Outsourcing<\/strong> t\u00e4hendab teenuse v\u00f5i t\u00f6\u00f6 tellimist v\u00e4liselt ettev\u00f5ttelt, mitte selle tegemist oma t\u00f6\u00f6tajatega.<\/p>\n\n\n\n<p><strong>Crowdsourcing<\/strong> t\u00e4hendab \u00fclesande v\u00f5i probleemi lahendamise andmist suurele hulgale inimestele (nt interneti kaudu).<\/p>\n\n\n\n<p><strong>IT audit<\/strong> on ettev\u00f5tte infos\u00fcsteemide, turvalisuse ja IT-protsesside kontroll ja hindamine.<\/p>\n\n\n\n<p><strong>ERP (Enterprise Resource Planning)<\/strong> on s\u00fcsteem, mis \u00fchendab ettev\u00f5tte peamised protsessid (raamatupidamine, laohaldus, personal, tootmine) \u00fchte s\u00fcsteemi.<\/p>\n\n\n\n<p><strong>ROI<\/strong> n\u00e4itab, kui kasumlik on investeering. See arvutatakse: (kasum \u2013 investeering) \/ investeering.<\/p>\n\n\n\n<p><strong>Tacit<\/strong> teadmus on inimese kogemustel p\u00f5hinev teadmine, mida on raske kirjalikult edasi anda (nt praktilised oskused).<\/p>\n\n\n\n<p><strong>Teadmusjuhtimiss\u00fcsteem <\/strong>aitab organisatsioonil koguda, s\u00e4ilitada ja jagada teadmisi t\u00f6\u00f6tajate vahel.<\/p>\n\n\n\n<p><strong>DBMS<\/strong> on tarkvara, mis v\u00f5imaldab andmeid salvestada, hallata ja t\u00f6\u00f6delda.<\/p>\n\n\n\n<p><strong>Projektijuhtimise t\u00f6\u00f6riist<\/strong> on tarkvara, mis aitab planeerida, j\u00e4lgida ja juhtida projekti (\u00fclesanded, t\u00e4htajad, ressursid).<\/p>\n\n\n\n<hr class=\"wp-block-separator has-alpha-channel-opacity\"\/>\n\n\n\n<h2 class=\"wp-block-heading has-text-align-center\">Quizz<\/h2>\n\n\n<div class = \"hdq_quiz_wrapper\"><a href = \"https:\/\/nikitanikiforov24.thkit.ee\/wp\/?page_id=1336\" rel=\"noamphtml\" class = \"hdq_quiz_start hdq_button button\" role = \"button\">QUIZ START<\/a><\/div>","protected":false},"excerpt":{"rendered":"<p>Projekt \u2013 on mingi tegevus piiratatud ajaga. Projektis pidi olema eesm\u00e4rk, plaan, ressursid \/ \u043d\u0435\u043a\u043e\u0442\u043e\u0440\u0430\u044f \u0434\u0435\u044f\u0442\u0435\u043b\u044c\u043d\u043e\u0441\u0442\u044c \u043e\u0433\u0440\u0430\u043d\u0438\u0447\u0435\u043d\u043d\u0430\u044f \u043f\u043e \u0432\u0440\u0435\u043c\u0435\u043d\u0438! \u0418\u043c\u0435\u0435\u0442 \u0446\u0435\u043b\u044c, \u043f\u043b\u0430\u043d, \u0440\u0435\u0441\u0443\u0440\u0441\u044b. \u0427\u0442\u043e \u0442\u0430\u043a\u043e\u0435 \u043f\u0440\u043e\u0435\u043a\u0442? IT projekt \u00c4ri-projekt Erinevused: eesm\u00e4rgid ja plaan muutuvad projekti k\u00e4igus l\u00e4hte\u00fclesanne on selge ja konkreetne raske hinnata projekti riskid raske hinnata projekti riskid Raske n\u00e4idata kliendile projekti ettekujutus T\u00e4pne [&hellip;]<\/p>\n","protected":false},"author":1,"featured_media":0,"parent":0,"menu_order":0,"comment_status":"closed","ping_status":"closed","template":"","meta":{"footnotes":""},"class_list":["post-1336","page","type-page","status-publish","hentry"],"yoast_head":"<!-- This site is optimized with the Yoast SEO plugin v27.4 - https:\/\/yoast.com\/product\/yoast-seo-wordpress\/ -->\n<title>Projektijuhtimine - Nikita Nikiforov Portfolio<\/title>\n<meta name=\"robots\" content=\"index, follow, max-snippet:-1, max-image-preview:large, max-video-preview:-1\" \/>\n<link rel=\"canonical\" href=\"https:\/\/nikitanikiforov24.thkit.ee\/wp\/?page_id=1336\" \/>\n<meta property=\"og:locale\" content=\"et_EE\" \/>\n<meta property=\"og:type\" content=\"article\" \/>\n<meta property=\"og:title\" content=\"Projektijuhtimine - Nikita Nikiforov Portfolio\" \/>\n<meta property=\"og:description\" content=\"Projekt \u2013 on mingi tegevus piiratatud ajaga. Projektis pidi olema eesm\u00e4rk, plaan, ressursid \/ \u043d\u0435\u043a\u043e\u0442\u043e\u0440\u0430\u044f \u0434\u0435\u044f\u0442\u0435\u043b\u044c\u043d\u043e\u0441\u0442\u044c \u043e\u0433\u0440\u0430\u043d\u0438\u0447\u0435\u043d\u043d\u0430\u044f \u043f\u043e \u0432\u0440\u0435\u043c\u0435\u043d\u0438! \u0418\u043c\u0435\u0435\u0442 \u0446\u0435\u043b\u044c, \u043f\u043b\u0430\u043d, \u0440\u0435\u0441\u0443\u0440\u0441\u044b. \u0427\u0442\u043e \u0442\u0430\u043a\u043e\u0435 \u043f\u0440\u043e\u0435\u043a\u0442? IT projekt \u00c4ri-projekt Erinevused: eesm\u00e4rgid ja plaan muutuvad projekti k\u00e4igus l\u00e4hte\u00fclesanne on selge ja konkreetne raske hinnata projekti riskid raske hinnata projekti riskid Raske n\u00e4idata kliendile projekti ettekujutus T\u00e4pne [&hellip;]\" \/>\n<meta property=\"og:url\" content=\"https:\/\/nikitanikiforov24.thkit.ee\/wp\/?page_id=1336\" \/>\n<meta property=\"og:site_name\" content=\"Nikita Nikiforov Portfolio\" \/>\n<meta property=\"article:modified_time\" content=\"2026-03-18T10:27:12+00:00\" \/>\n<meta property=\"og:image\" content=\"https:\/\/nikitanikiforov24.thkit.ee\/wp\/wp-content\/uploads\/2026\/02\/images-removebg-preview.png\" \/>\n\t<meta property=\"og:image:width\" content=\"288\" \/>\n\t<meta property=\"og:image:height\" content=\"175\" \/>\n\t<meta property=\"og:image:type\" content=\"image\/png\" \/>\n<meta name=\"twitter:card\" content=\"summary_large_image\" \/>\n<meta name=\"twitter:label1\" content=\"Est. reading time\" \/>\n\t<meta name=\"twitter:data1\" content=\"3 minutit\" \/>\n<script type=\"application\/ld+json\" class=\"yoast-schema-graph\">{\"@context\":\"https:\\\/\\\/schema.org\",\"@graph\":[{\"@type\":\"WebPage\",\"@id\":\"https:\\\/\\\/nikitanikiforov24.thkit.ee\\\/wp\\\/?page_id=1336\",\"url\":\"https:\\\/\\\/nikitanikiforov24.thkit.ee\\\/wp\\\/?page_id=1336\",\"name\":\"Projektijuhtimine - Nikita Nikiforov Portfolio\",\"isPartOf\":{\"@id\":\"https:\\\/\\\/nikitanikiforov24.thkit.ee\\\/wp\\\/#website\"},\"primaryImageOfPage\":{\"@id\":\"https:\\\/\\\/nikitanikiforov24.thkit.ee\\\/wp\\\/?page_id=1336#primaryimage\"},\"image\":{\"@id\":\"https:\\\/\\\/nikitanikiforov24.thkit.ee\\\/wp\\\/?page_id=1336#primaryimage\"},\"thumbnailUrl\":\"https:\\\/\\\/nikitanikiforov24.thkit.ee\\\/wp\\\/wp-content\\\/uploads\\\/2026\\\/02\\\/images-removebg-preview.png\",\"datePublished\":\"2026-02-18T11:46:01+00:00\",\"dateModified\":\"2026-03-18T10:27:12+00:00\",\"breadcrumb\":{\"@id\":\"https:\\\/\\\/nikitanikiforov24.thkit.ee\\\/wp\\\/?page_id=1336#breadcrumb\"},\"inLanguage\":\"et\",\"potentialAction\":[{\"@type\":\"ReadAction\",\"target\":[\"https:\\\/\\\/nikitanikiforov24.thkit.ee\\\/wp\\\/?page_id=1336\"]}]},{\"@type\":\"ImageObject\",\"inLanguage\":\"et\",\"@id\":\"https:\\\/\\\/nikitanikiforov24.thkit.ee\\\/wp\\\/?page_id=1336#primaryimage\",\"url\":\"https:\\\/\\\/nikitanikiforov24.thkit.ee\\\/wp\\\/wp-content\\\/uploads\\\/2026\\\/02\\\/images-removebg-preview.png\",\"contentUrl\":\"https:\\\/\\\/nikitanikiforov24.thkit.ee\\\/wp\\\/wp-content\\\/uploads\\\/2026\\\/02\\\/images-removebg-preview.png\",\"width\":288,\"height\":175},{\"@type\":\"BreadcrumbList\",\"@id\":\"https:\\\/\\\/nikitanikiforov24.thkit.ee\\\/wp\\\/?page_id=1336#breadcrumb\",\"itemListElement\":[{\"@type\":\"ListItem\",\"position\":1,\"name\":\"Home\",\"item\":\"https:\\\/\\\/nikitanikiforov24.thkit.ee\\\/wp\\\/\"},{\"@type\":\"ListItem\",\"position\":2,\"name\":\"Projektijuhtimine\"}]},{\"@type\":\"WebSite\",\"@id\":\"https:\\\/\\\/nikitanikiforov24.thkit.ee\\\/wp\\\/#website\",\"url\":\"https:\\\/\\\/nikitanikiforov24.thkit.ee\\\/wp\\\/\",\"name\":\"Nikita Nikiforov Portfolio\",\"description\":\"Noorem Tarkvarendaja\",\"publisher\":{\"@id\":\"https:\\\/\\\/nikitanikiforov24.thkit.ee\\\/wp\\\/#organization\"},\"potentialAction\":[{\"@type\":\"SearchAction\",\"target\":{\"@type\":\"EntryPoint\",\"urlTemplate\":\"https:\\\/\\\/nikitanikiforov24.thkit.ee\\\/wp\\\/?s={search_term_string}\"},\"query-input\":{\"@type\":\"PropertyValueSpecification\",\"valueRequired\":true,\"valueName\":\"search_term_string\"}}],\"inLanguage\":\"et\"},{\"@type\":\"Organization\",\"@id\":\"https:\\\/\\\/nikitanikiforov24.thkit.ee\\\/wp\\\/#organization\",\"name\":\"Nikita Nikiforov Portfolio\",\"url\":\"https:\\\/\\\/nikitanikiforov24.thkit.ee\\\/wp\\\/\",\"logo\":{\"@type\":\"ImageObject\",\"inLanguage\":\"et\",\"@id\":\"https:\\\/\\\/nikitanikiforov24.thkit.ee\\\/wp\\\/#\\\/schema\\\/logo\\\/image\\\/\",\"url\":\"https:\\\/\\\/nikitanikiforov24.thkit.ee\\\/wp\\\/wp-content\\\/uploads\\\/2025\\\/10\\\/0ce66b2c514f64099fc903d1deea8e5c-150x137-removebg-preview.png\",\"contentUrl\":\"https:\\\/\\\/nikitanikiforov24.thkit.ee\\\/wp\\\/wp-content\\\/uploads\\\/2025\\\/10\\\/0ce66b2c514f64099fc903d1deea8e5c-150x137-removebg-preview.png\",\"width\":150,\"height\":137,\"caption\":\"Nikita Nikiforov Portfolio\"},\"image\":{\"@id\":\"https:\\\/\\\/nikitanikiforov24.thkit.ee\\\/wp\\\/#\\\/schema\\\/logo\\\/image\\\/\"}}]}<\/script>\n<!-- \/ Yoast SEO plugin. -->","yoast_head_json":{"title":"Projektijuhtimine - Nikita Nikiforov Portfolio","robots":{"index":"index","follow":"follow","max-snippet":"max-snippet:-1","max-image-preview":"max-image-preview:large","max-video-preview":"max-video-preview:-1"},"canonical":"https:\/\/nikitanikiforov24.thkit.ee\/wp\/?page_id=1336","og_locale":"et_EE","og_type":"article","og_title":"Projektijuhtimine - Nikita Nikiforov Portfolio","og_description":"Projekt \u2013 on mingi tegevus piiratatud ajaga. Projektis pidi olema eesm\u00e4rk, plaan, ressursid \/ \u043d\u0435\u043a\u043e\u0442\u043e\u0440\u0430\u044f \u0434\u0435\u044f\u0442\u0435\u043b\u044c\u043d\u043e\u0441\u0442\u044c \u043e\u0433\u0440\u0430\u043d\u0438\u0447\u0435\u043d\u043d\u0430\u044f \u043f\u043e \u0432\u0440\u0435\u043c\u0435\u043d\u0438! \u0418\u043c\u0435\u0435\u0442 \u0446\u0435\u043b\u044c, \u043f\u043b\u0430\u043d, \u0440\u0435\u0441\u0443\u0440\u0441\u044b. \u0427\u0442\u043e \u0442\u0430\u043a\u043e\u0435 \u043f\u0440\u043e\u0435\u043a\u0442? IT projekt \u00c4ri-projekt Erinevused: eesm\u00e4rgid ja plaan muutuvad projekti k\u00e4igus l\u00e4hte\u00fclesanne on selge ja konkreetne raske hinnata projekti riskid raske hinnata projekti riskid Raske n\u00e4idata kliendile projekti ettekujutus T\u00e4pne [&hellip;]","og_url":"https:\/\/nikitanikiforov24.thkit.ee\/wp\/?page_id=1336","og_site_name":"Nikita Nikiforov Portfolio","article_modified_time":"2026-03-18T10:27:12+00:00","og_image":[{"width":288,"height":175,"url":"https:\/\/nikitanikiforov24.thkit.ee\/wp\/wp-content\/uploads\/2026\/02\/images-removebg-preview.png","type":"image\/png"}],"twitter_card":"summary_large_image","twitter_misc":{"Est. reading time":"3 minutit"},"schema":{"@context":"https:\/\/schema.org","@graph":[{"@type":"WebPage","@id":"https:\/\/nikitanikiforov24.thkit.ee\/wp\/?page_id=1336","url":"https:\/\/nikitanikiforov24.thkit.ee\/wp\/?page_id=1336","name":"Projektijuhtimine - Nikita Nikiforov Portfolio","isPartOf":{"@id":"https:\/\/nikitanikiforov24.thkit.ee\/wp\/#website"},"primaryImageOfPage":{"@id":"https:\/\/nikitanikiforov24.thkit.ee\/wp\/?page_id=1336#primaryimage"},"image":{"@id":"https:\/\/nikitanikiforov24.thkit.ee\/wp\/?page_id=1336#primaryimage"},"thumbnailUrl":"https:\/\/nikitanikiforov24.thkit.ee\/wp\/wp-content\/uploads\/2026\/02\/images-removebg-preview.png","datePublished":"2026-02-18T11:46:01+00:00","dateModified":"2026-03-18T10:27:12+00:00","breadcrumb":{"@id":"https:\/\/nikitanikiforov24.thkit.ee\/wp\/?page_id=1336#breadcrumb"},"inLanguage":"et","potentialAction":[{"@type":"ReadAction","target":["https:\/\/nikitanikiforov24.thkit.ee\/wp\/?page_id=1336"]}]},{"@type":"ImageObject","inLanguage":"et","@id":"https:\/\/nikitanikiforov24.thkit.ee\/wp\/?page_id=1336#primaryimage","url":"https:\/\/nikitanikiforov24.thkit.ee\/wp\/wp-content\/uploads\/2026\/02\/images-removebg-preview.png","contentUrl":"https:\/\/nikitanikiforov24.thkit.ee\/wp\/wp-content\/uploads\/2026\/02\/images-removebg-preview.png","width":288,"height":175},{"@type":"BreadcrumbList","@id":"https:\/\/nikitanikiforov24.thkit.ee\/wp\/?page_id=1336#breadcrumb","itemListElement":[{"@type":"ListItem","position":1,"name":"Home","item":"https:\/\/nikitanikiforov24.thkit.ee\/wp\/"},{"@type":"ListItem","position":2,"name":"Projektijuhtimine"}]},{"@type":"WebSite","@id":"https:\/\/nikitanikiforov24.thkit.ee\/wp\/#website","url":"https:\/\/nikitanikiforov24.thkit.ee\/wp\/","name":"Nikita Nikiforov Portfolio","description":"Noorem Tarkvarendaja","publisher":{"@id":"https:\/\/nikitanikiforov24.thkit.ee\/wp\/#organization"},"potentialAction":[{"@type":"SearchAction","target":{"@type":"EntryPoint","urlTemplate":"https:\/\/nikitanikiforov24.thkit.ee\/wp\/?s={search_term_string}"},"query-input":{"@type":"PropertyValueSpecification","valueRequired":true,"valueName":"search_term_string"}}],"inLanguage":"et"},{"@type":"Organization","@id":"https:\/\/nikitanikiforov24.thkit.ee\/wp\/#organization","name":"Nikita Nikiforov Portfolio","url":"https:\/\/nikitanikiforov24.thkit.ee\/wp\/","logo":{"@type":"ImageObject","inLanguage":"et","@id":"https:\/\/nikitanikiforov24.thkit.ee\/wp\/#\/schema\/logo\/image\/","url":"https:\/\/nikitanikiforov24.thkit.ee\/wp\/wp-content\/uploads\/2025\/10\/0ce66b2c514f64099fc903d1deea8e5c-150x137-removebg-preview.png","contentUrl":"https:\/\/nikitanikiforov24.thkit.ee\/wp\/wp-content\/uploads\/2025\/10\/0ce66b2c514f64099fc903d1deea8e5c-150x137-removebg-preview.png","width":150,"height":137,"caption":"Nikita Nikiforov Portfolio"},"image":{"@id":"https:\/\/nikitanikiforov24.thkit.ee\/wp\/#\/schema\/logo\/image\/"}}]}},"_links":{"self":[{"href":"https:\/\/nikitanikiforov24.thkit.ee\/wp\/index.php?rest_route=\/wp\/v2\/pages\/1336","targetHints":{"allow":["GET"]}}],"collection":[{"href":"https:\/\/nikitanikiforov24.thkit.ee\/wp\/index.php?rest_route=\/wp\/v2\/pages"}],"about":[{"href":"https:\/\/nikitanikiforov24.thkit.ee\/wp\/index.php?rest_route=\/wp\/v2\/types\/page"}],"author":[{"embeddable":true,"href":"https:\/\/nikitanikiforov24.thkit.ee\/wp\/index.php?rest_route=\/wp\/v2\/users\/1"}],"replies":[{"embeddable":true,"href":"https:\/\/nikitanikiforov24.thkit.ee\/wp\/index.php?rest_route=%2Fwp%2Fv2%2Fcomments&post=1336"}],"version-history":[{"count":3,"href":"https:\/\/nikitanikiforov24.thkit.ee\/wp\/index.php?rest_route=\/wp\/v2\/pages\/1336\/revisions"}],"predecessor-version":[{"id":1521,"href":"https:\/\/nikitanikiforov24.thkit.ee\/wp\/index.php?rest_route=\/wp\/v2\/pages\/1336\/revisions\/1521"}],"wp:attachment":[{"href":"https:\/\/nikitanikiforov24.thkit.ee\/wp\/index.php?rest_route=%2Fwp%2Fv2%2Fmedia&parent=1336"}],"curies":[{"name":"wp","href":"https:\/\/api.w.org\/{rel}","templated":true}]}}