{"id":1385,"date":"2026-02-26T11:22:48","date_gmt":"2026-02-26T09:22:48","guid":{"rendered":"https:\/\/nikitanikiforov24.thkit.ee\/wp\/?page_id=1385"},"modified":"2026-02-26T14:05:14","modified_gmt":"2026-02-26T12:05:14","slug":"web-design-responsive-vs-adaptive-web-design","status":"publish","type":"page","link":"https:\/\/nikitanikiforov24.thkit.ee\/wp\/?page_id=1385","title":{"rendered":"Web Design. Responsive vs Adaptive Web design."},"content":{"rendered":"\n<figure class=\"wp-block-table\"><table class=\"has-fixed-layout\"><tbody><tr><td><strong>Omadus<\/strong><\/td><td><strong>Responsive Web Design<\/strong><\/td><td><strong>Adaptive Web Design<\/strong><\/td><\/tr><tr><td>P\u00f5him\u00f5te<\/td><td>Disain, mis kohandub igasuguse ekraani suurusega<\/td><td>Disain, millel on mitu mallid konkreetsetele seadmetele<\/td><\/tr><tr><td>Paindlikkus<\/td><td>Kasutab protsente<\/td><td>Kasutab piksleid<\/td><\/tr><tr><td>Keerukus<\/td><td>\u00dcks variant k\u00f5igiks elujuhtudeks, kuid raske on loogikat m\u00f5ista.<\/td><td>Tuleb joonistada ja teha mitu eraldi varianti erinevate seadmete jaoks.<\/td><\/tr><\/tbody><\/table><\/figure>\n\n\n\n<h2 class=\"wp-block-heading\">Koodi n\u00e4ited<\/h2>\n\n\n\n<p><strong>Responsive:<\/strong><\/p>\n\n\n<div class=\"wp-block-syntaxhighlighter-code \"><pre class=\"brush: css; title: ; notranslate\" title=\"\">\n.container {\n  width: 80%;\n}\n<\/pre><\/div>\n\n\n<p><strong>Adaptive<\/strong>:<\/p>\n\n\n<div class=\"wp-block-syntaxhighlighter-code \"><pre class=\"brush: css; title: ; notranslate\" title=\"\">\n@media (width: 768px) {\n  .container {\n    width: 700px;\n  }\n}\n<\/pre><\/div>\n\n\n<h2 class=\"wp-block-heading\">Kokkuv\u00f5te<\/h2>\n\n\n\n<p>Ma arvan, et responsiivne disain on parem kui adaptiivne, sest pead ainult \u00fcks kord pead murdma ja p\u00e4rast seda on k\u00f5ik ilus. Ei pea istuma ja k\u00f5iki seadmeid kohandama, mille t\u00f5ttu tuleb regulaarselt mingi aja j\u00e4rel koodi \u00fcmber kirjutada v\u00f5i juurde kirjutada.<\/p>\n\n\n\n<h2 class=\"wp-block-heading\">Leht uuendatud vastavalt responsive disainile<\/h2>\n\n\n\n<p><a href=\"https:\/\/nikitanikiforov24.thkit.ee\/index.html\">https:\/\/nikitanikiforov24.thkit.ee\/index.html<\/a><\/p>\n\n\n\n<h3 class=\"wp-block-heading\">Kontroll brauseris<\/h3>\n\n\n\n<ul id=\"yui_3_17_2_1_1772101579308_330\" class=\"wp-block-list\">\n<li>Mobiil (nt iPhone)<\/li>\n<\/ul>\n\n\n\n<figure class=\"wp-block-image size-full\"><img loading=\"lazy\" decoding=\"async\" width=\"660\" height=\"922\" src=\"https:\/\/nikitanikiforov24.thkit.ee\/wp\/wp-content\/uploads\/2026\/02\/FE94FE29-26E5-4320-86B0-3757935380E0.png\" alt=\"\" class=\"wp-image-1401\" srcset=\"https:\/\/nikitanikiforov24.thkit.ee\/wp\/wp-content\/uploads\/2026\/02\/FE94FE29-26E5-4320-86B0-3757935380E0.png 660w, https:\/\/nikitanikiforov24.thkit.ee\/wp\/wp-content\/uploads\/2026\/02\/FE94FE29-26E5-4320-86B0-3757935380E0-215x300.png 215w, https:\/\/nikitanikiforov24.thkit.ee\/wp\/wp-content\/uploads\/2026\/02\/FE94FE29-26E5-4320-86B0-3757935380E0-107x150.png 107w\" sizes=\"auto, (max-width: 660px) 100vw, 660px\" \/><\/figure>\n\n\n\n<ul id=\"yui_3_17_2_1_1772101579308_330\" class=\"wp-block-list\">\n<li>Tahvelarvuti<\/li>\n<\/ul>\n\n\n\n<figure class=\"wp-block-image size-full\"><img loading=\"lazy\" decoding=\"async\" width=\"795\" height=\"948\" src=\"https:\/\/nikitanikiforov24.thkit.ee\/wp\/wp-content\/uploads\/2026\/02\/A6FF30B6-250C-4DD7-BFE6-96B7B711BD7D.png\" alt=\"\" class=\"wp-image-1398\" srcset=\"https:\/\/nikitanikiforov24.thkit.ee\/wp\/wp-content\/uploads\/2026\/02\/A6FF30B6-250C-4DD7-BFE6-96B7B711BD7D.png 795w, https:\/\/nikitanikiforov24.thkit.ee\/wp\/wp-content\/uploads\/2026\/02\/A6FF30B6-250C-4DD7-BFE6-96B7B711BD7D-252x300.png 252w, https:\/\/nikitanikiforov24.thkit.ee\/wp\/wp-content\/uploads\/2026\/02\/A6FF30B6-250C-4DD7-BFE6-96B7B711BD7D-768x916.png 768w, https:\/\/nikitanikiforov24.thkit.ee\/wp\/wp-content\/uploads\/2026\/02\/A6FF30B6-250C-4DD7-BFE6-96B7B711BD7D-126x150.png 126w\" sizes=\"auto, (max-width: 795px) 100vw, 795px\" \/><\/figure>\n\n\n\n<ul id=\"yui_3_17_2_1_1772101579308_330\" class=\"wp-block-list\">\n<li>Desktop (t\u00e4isekraan)<\/li>\n<\/ul>\n\n\n\n<figure class=\"wp-block-image size-large\"><img loading=\"lazy\" decoding=\"async\" width=\"1024\" height=\"507\" src=\"https:\/\/nikitanikiforov24.thkit.ee\/wp\/wp-content\/uploads\/2026\/02\/9A6704A2-0CD4-42DE-8AF6-3B7C8CB65A94-1024x507.png\" alt=\"\" class=\"wp-image-1394\" srcset=\"https:\/\/nikitanikiforov24.thkit.ee\/wp\/wp-content\/uploads\/2026\/02\/9A6704A2-0CD4-42DE-8AF6-3B7C8CB65A94-1024x507.png 1024w, https:\/\/nikitanikiforov24.thkit.ee\/wp\/wp-content\/uploads\/2026\/02\/9A6704A2-0CD4-42DE-8AF6-3B7C8CB65A94-300x149.png 300w, https:\/\/nikitanikiforov24.thkit.ee\/wp\/wp-content\/uploads\/2026\/02\/9A6704A2-0CD4-42DE-8AF6-3B7C8CB65A94-768x380.png 768w, https:\/\/nikitanikiforov24.thkit.ee\/wp\/wp-content\/uploads\/2026\/02\/9A6704A2-0CD4-42DE-8AF6-3B7C8CB65A94-150x74.png 150w, https:\/\/nikitanikiforov24.thkit.ee\/wp\/wp-content\/uploads\/2026\/02\/9A6704A2-0CD4-42DE-8AF6-3B7C8CB65A94-1536x761.png 1536w, https:\/\/nikitanikiforov24.thkit.ee\/wp\/wp-content\/uploads\/2026\/02\/9A6704A2-0CD4-42DE-8AF6-3B7C8CB65A94.png 1920w\" sizes=\"auto, (max-width: 1024px) 100vw, 1024px\" \/><\/figure>\n","protected":false},"excerpt":{"rendered":"<p>Omadus Responsive Web Design Adaptive Web Design P\u00f5him\u00f5te Disain, mis kohandub igasuguse ekraani suurusega Disain, millel on mitu mallid konkreetsetele seadmetele Paindlikkus Kasutab protsente Kasutab piksleid Keerukus \u00dcks variant k\u00f5igiks elujuhtudeks, kuid raske on loogikat m\u00f5ista. Tuleb joonistada ja teha mitu eraldi varianti erinevate seadmete jaoks. Koodi n\u00e4ited Responsive: Adaptive: Kokkuv\u00f5te Ma arvan, et responsiivne [&hellip;]<\/p>\n","protected":false},"author":1,"featured_media":0,"parent":0,"menu_order":0,"comment_status":"closed","ping_status":"closed","template":"","meta":{"footnotes":""},"class_list":["post-1385","page","type-page","status-publish","hentry"],"yoast_head":"<!-- This site is optimized with the Yoast SEO plugin v27.4 - https:\/\/yoast.com\/product\/yoast-seo-wordpress\/ -->\n<title>Web Design. Responsive vs Adaptive Web design. - Nikita Nikiforov Portfolio<\/title>\n<meta name=\"robots\" content=\"index, follow, max-snippet:-1, max-image-preview:large, max-video-preview:-1\" \/>\n<link rel=\"canonical\" href=\"https:\/\/nikitanikiforov24.thkit.ee\/wp\/?page_id=1385\" \/>\n<meta property=\"og:locale\" content=\"et_EE\" \/>\n<meta property=\"og:type\" content=\"article\" \/>\n<meta property=\"og:title\" content=\"Web Design. Responsive vs Adaptive Web design. - Nikita Nikiforov Portfolio\" \/>\n<meta property=\"og:description\" content=\"Omadus Responsive Web Design Adaptive Web Design P\u00f5him\u00f5te Disain, mis kohandub igasuguse ekraani suurusega Disain, millel on mitu mallid konkreetsetele seadmetele Paindlikkus Kasutab protsente Kasutab piksleid Keerukus \u00dcks variant k\u00f5igiks elujuhtudeks, kuid raske on loogikat m\u00f5ista. Tuleb joonistada ja teha mitu eraldi varianti erinevate seadmete jaoks. Koodi n\u00e4ited Responsive: Adaptive: Kokkuv\u00f5te Ma arvan, et responsiivne [&hellip;]\" \/>\n<meta property=\"og:url\" content=\"https:\/\/nikitanikiforov24.thkit.ee\/wp\/?page_id=1385\" \/>\n<meta property=\"og:site_name\" content=\"Nikita Nikiforov Portfolio\" \/>\n<meta property=\"article:modified_time\" content=\"2026-02-26T12:05:14+00:00\" \/>\n<meta property=\"og:image\" content=\"https:\/\/nikitanikiforov24.thkit.ee\/wp\/wp-content\/uploads\/2026\/02\/FE94FE29-26E5-4320-86B0-3757935380E0.png\" \/>\n\t<meta property=\"og:image:width\" content=\"660\" \/>\n\t<meta property=\"og:image:height\" content=\"922\" \/>\n\t<meta property=\"og:image:type\" content=\"image\/png\" \/>\n<meta name=\"twitter:card\" content=\"summary_large_image\" \/>\n<meta name=\"twitter:label1\" content=\"Est. reading time\" \/>\n\t<meta name=\"twitter:data1\" content=\"2 minutit\" \/>\n<script type=\"application\/ld+json\" class=\"yoast-schema-graph\">{\"@context\":\"https:\\\/\\\/schema.org\",\"@graph\":[{\"@type\":\"WebPage\",\"@id\":\"https:\\\/\\\/nikitanikiforov24.thkit.ee\\\/wp\\\/?page_id=1385\",\"url\":\"https:\\\/\\\/nikitanikiforov24.thkit.ee\\\/wp\\\/?page_id=1385\",\"name\":\"Web Design. Responsive vs Adaptive Web design. - Nikita Nikiforov Portfolio\",\"isPartOf\":{\"@id\":\"https:\\\/\\\/nikitanikiforov24.thkit.ee\\\/wp\\\/#website\"},\"primaryImageOfPage\":{\"@id\":\"https:\\\/\\\/nikitanikiforov24.thkit.ee\\\/wp\\\/?page_id=1385#primaryimage\"},\"image\":{\"@id\":\"https:\\\/\\\/nikitanikiforov24.thkit.ee\\\/wp\\\/?page_id=1385#primaryimage\"},\"thumbnailUrl\":\"https:\\\/\\\/nikitanikiforov24.thkit.ee\\\/wp\\\/wp-content\\\/uploads\\\/2026\\\/02\\\/FE94FE29-26E5-4320-86B0-3757935380E0.png\",\"datePublished\":\"2026-02-26T09:22:48+00:00\",\"dateModified\":\"2026-02-26T12:05:14+00:00\",\"breadcrumb\":{\"@id\":\"https:\\\/\\\/nikitanikiforov24.thkit.ee\\\/wp\\\/?page_id=1385#breadcrumb\"},\"inLanguage\":\"et\",\"potentialAction\":[{\"@type\":\"ReadAction\",\"target\":[\"https:\\\/\\\/nikitanikiforov24.thkit.ee\\\/wp\\\/?page_id=1385\"]}]},{\"@type\":\"ImageObject\",\"inLanguage\":\"et\",\"@id\":\"https:\\\/\\\/nikitanikiforov24.thkit.ee\\\/wp\\\/?page_id=1385#primaryimage\",\"url\":\"https:\\\/\\\/nikitanikiforov24.thkit.ee\\\/wp\\\/wp-content\\\/uploads\\\/2026\\\/02\\\/FE94FE29-26E5-4320-86B0-3757935380E0.png\",\"contentUrl\":\"https:\\\/\\\/nikitanikiforov24.thkit.ee\\\/wp\\\/wp-content\\\/uploads\\\/2026\\\/02\\\/FE94FE29-26E5-4320-86B0-3757935380E0.png\",\"width\":660,\"height\":922},{\"@type\":\"BreadcrumbList\",\"@id\":\"https:\\\/\\\/nikitanikiforov24.thkit.ee\\\/wp\\\/?page_id=1385#breadcrumb\",\"itemListElement\":[{\"@type\":\"ListItem\",\"position\":1,\"name\":\"Home\",\"item\":\"https:\\\/\\\/nikitanikiforov24.thkit.ee\\\/wp\\\/\"},{\"@type\":\"ListItem\",\"position\":2,\"name\":\"Web Design. Responsive vs Adaptive Web design.\"}]},{\"@type\":\"WebSite\",\"@id\":\"https:\\\/\\\/nikitanikiforov24.thkit.ee\\\/wp\\\/#website\",\"url\":\"https:\\\/\\\/nikitanikiforov24.thkit.ee\\\/wp\\\/\",\"name\":\"Nikita Nikiforov Portfolio\",\"description\":\"Noorem Tarkvarendaja\",\"publisher\":{\"@id\":\"https:\\\/\\\/nikitanikiforov24.thkit.ee\\\/wp\\\/#organization\"},\"potentialAction\":[{\"@type\":\"SearchAction\",\"target\":{\"@type\":\"EntryPoint\",\"urlTemplate\":\"https:\\\/\\\/nikitanikiforov24.thkit.ee\\\/wp\\\/?s={search_term_string}\"},\"query-input\":{\"@type\":\"PropertyValueSpecification\",\"valueRequired\":true,\"valueName\":\"search_term_string\"}}],\"inLanguage\":\"et\"},{\"@type\":\"Organization\",\"@id\":\"https:\\\/\\\/nikitanikiforov24.thkit.ee\\\/wp\\\/#organization\",\"name\":\"Nikita Nikiforov Portfolio\",\"url\":\"https:\\\/\\\/nikitanikiforov24.thkit.ee\\\/wp\\\/\",\"logo\":{\"@type\":\"ImageObject\",\"inLanguage\":\"et\",\"@id\":\"https:\\\/\\\/nikitanikiforov24.thkit.ee\\\/wp\\\/#\\\/schema\\\/logo\\\/image\\\/\",\"url\":\"https:\\\/\\\/nikitanikiforov24.thkit.ee\\\/wp\\\/wp-content\\\/uploads\\\/2025\\\/10\\\/0ce66b2c514f64099fc903d1deea8e5c-150x137-removebg-preview.png\",\"contentUrl\":\"https:\\\/\\\/nikitanikiforov24.thkit.ee\\\/wp\\\/wp-content\\\/uploads\\\/2025\\\/10\\\/0ce66b2c514f64099fc903d1deea8e5c-150x137-removebg-preview.png\",\"width\":150,\"height\":137,\"caption\":\"Nikita Nikiforov Portfolio\"},\"image\":{\"@id\":\"https:\\\/\\\/nikitanikiforov24.thkit.ee\\\/wp\\\/#\\\/schema\\\/logo\\\/image\\\/\"}}]}<\/script>\n<!-- \/ Yoast SEO plugin. -->","yoast_head_json":{"title":"Web Design. Responsive vs Adaptive Web design. - Nikita Nikiforov Portfolio","robots":{"index":"index","follow":"follow","max-snippet":"max-snippet:-1","max-image-preview":"max-image-preview:large","max-video-preview":"max-video-preview:-1"},"canonical":"https:\/\/nikitanikiforov24.thkit.ee\/wp\/?page_id=1385","og_locale":"et_EE","og_type":"article","og_title":"Web Design. Responsive vs Adaptive Web design. - Nikita Nikiforov Portfolio","og_description":"Omadus Responsive Web Design Adaptive Web Design P\u00f5him\u00f5te Disain, mis kohandub igasuguse ekraani suurusega Disain, millel on mitu mallid konkreetsetele seadmetele Paindlikkus Kasutab protsente Kasutab piksleid Keerukus \u00dcks variant k\u00f5igiks elujuhtudeks, kuid raske on loogikat m\u00f5ista. Tuleb joonistada ja teha mitu eraldi varianti erinevate seadmete jaoks. Koodi n\u00e4ited Responsive: Adaptive: Kokkuv\u00f5te Ma arvan, et responsiivne [&hellip;]","og_url":"https:\/\/nikitanikiforov24.thkit.ee\/wp\/?page_id=1385","og_site_name":"Nikita Nikiforov Portfolio","article_modified_time":"2026-02-26T12:05:14+00:00","og_image":[{"width":660,"height":922,"url":"https:\/\/nikitanikiforov24.thkit.ee\/wp\/wp-content\/uploads\/2026\/02\/FE94FE29-26E5-4320-86B0-3757935380E0.png","type":"image\/png"}],"twitter_card":"summary_large_image","twitter_misc":{"Est. reading time":"2 minutit"},"schema":{"@context":"https:\/\/schema.org","@graph":[{"@type":"WebPage","@id":"https:\/\/nikitanikiforov24.thkit.ee\/wp\/?page_id=1385","url":"https:\/\/nikitanikiforov24.thkit.ee\/wp\/?page_id=1385","name":"Web Design. Responsive vs Adaptive Web design. - Nikita Nikiforov Portfolio","isPartOf":{"@id":"https:\/\/nikitanikiforov24.thkit.ee\/wp\/#website"},"primaryImageOfPage":{"@id":"https:\/\/nikitanikiforov24.thkit.ee\/wp\/?page_id=1385#primaryimage"},"image":{"@id":"https:\/\/nikitanikiforov24.thkit.ee\/wp\/?page_id=1385#primaryimage"},"thumbnailUrl":"https:\/\/nikitanikiforov24.thkit.ee\/wp\/wp-content\/uploads\/2026\/02\/FE94FE29-26E5-4320-86B0-3757935380E0.png","datePublished":"2026-02-26T09:22:48+00:00","dateModified":"2026-02-26T12:05:14+00:00","breadcrumb":{"@id":"https:\/\/nikitanikiforov24.thkit.ee\/wp\/?page_id=1385#breadcrumb"},"inLanguage":"et","potentialAction":[{"@type":"ReadAction","target":["https:\/\/nikitanikiforov24.thkit.ee\/wp\/?page_id=1385"]}]},{"@type":"ImageObject","inLanguage":"et","@id":"https:\/\/nikitanikiforov24.thkit.ee\/wp\/?page_id=1385#primaryimage","url":"https:\/\/nikitanikiforov24.thkit.ee\/wp\/wp-content\/uploads\/2026\/02\/FE94FE29-26E5-4320-86B0-3757935380E0.png","contentUrl":"https:\/\/nikitanikiforov24.thkit.ee\/wp\/wp-content\/uploads\/2026\/02\/FE94FE29-26E5-4320-86B0-3757935380E0.png","width":660,"height":922},{"@type":"BreadcrumbList","@id":"https:\/\/nikitanikiforov24.thkit.ee\/wp\/?page_id=1385#breadcrumb","itemListElement":[{"@type":"ListItem","position":1,"name":"Home","item":"https:\/\/nikitanikiforov24.thkit.ee\/wp\/"},{"@type":"ListItem","position":2,"name":"Web Design. Responsive vs Adaptive Web design."}]},{"@type":"WebSite","@id":"https:\/\/nikitanikiforov24.thkit.ee\/wp\/#website","url":"https:\/\/nikitanikiforov24.thkit.ee\/wp\/","name":"Nikita Nikiforov Portfolio","description":"Noorem Tarkvarendaja","publisher":{"@id":"https:\/\/nikitanikiforov24.thkit.ee\/wp\/#organization"},"potentialAction":[{"@type":"SearchAction","target":{"@type":"EntryPoint","urlTemplate":"https:\/\/nikitanikiforov24.thkit.ee\/wp\/?s={search_term_string}"},"query-input":{"@type":"PropertyValueSpecification","valueRequired":true,"valueName":"search_term_string"}}],"inLanguage":"et"},{"@type":"Organization","@id":"https:\/\/nikitanikiforov24.thkit.ee\/wp\/#organization","name":"Nikita Nikiforov Portfolio","url":"https:\/\/nikitanikiforov24.thkit.ee\/wp\/","logo":{"@type":"ImageObject","inLanguage":"et","@id":"https:\/\/nikitanikiforov24.thkit.ee\/wp\/#\/schema\/logo\/image\/","url":"https:\/\/nikitanikiforov24.thkit.ee\/wp\/wp-content\/uploads\/2025\/10\/0ce66b2c514f64099fc903d1deea8e5c-150x137-removebg-preview.png","contentUrl":"https:\/\/nikitanikiforov24.thkit.ee\/wp\/wp-content\/uploads\/2025\/10\/0ce66b2c514f64099fc903d1deea8e5c-150x137-removebg-preview.png","width":150,"height":137,"caption":"Nikita Nikiforov Portfolio"},"image":{"@id":"https:\/\/nikitanikiforov24.thkit.ee\/wp\/#\/schema\/logo\/image\/"}}]}},"_links":{"self":[{"href":"https:\/\/nikitanikiforov24.thkit.ee\/wp\/index.php?rest_route=\/wp\/v2\/pages\/1385","targetHints":{"allow":["GET"]}}],"collection":[{"href":"https:\/\/nikitanikiforov24.thkit.ee\/wp\/index.php?rest_route=\/wp\/v2\/pages"}],"about":[{"href":"https:\/\/nikitanikiforov24.thkit.ee\/wp\/index.php?rest_route=\/wp\/v2\/types\/page"}],"author":[{"embeddable":true,"href":"https:\/\/nikitanikiforov24.thkit.ee\/wp\/index.php?rest_route=\/wp\/v2\/users\/1"}],"replies":[{"embeddable":true,"href":"https:\/\/nikitanikiforov24.thkit.ee\/wp\/index.php?rest_route=%2Fwp%2Fv2%2Fcomments&post=1385"}],"version-history":[{"count":6,"href":"https:\/\/nikitanikiforov24.thkit.ee\/wp\/index.php?rest_route=\/wp\/v2\/pages\/1385\/revisions"}],"predecessor-version":[{"id":1402,"href":"https:\/\/nikitanikiforov24.thkit.ee\/wp\/index.php?rest_route=\/wp\/v2\/pages\/1385\/revisions\/1402"}],"wp:attachment":[{"href":"https:\/\/nikitanikiforov24.thkit.ee\/wp\/index.php?rest_route=%2Fwp%2Fv2%2Fmedia&parent=1385"}],"curies":[{"name":"wp","href":"https:\/\/api.w.org\/{rel}","templated":true}]}}