{"id":1437,"date":"2026-03-09T10:47:53","date_gmt":"2026-03-09T08:47:53","guid":{"rendered":"https:\/\/nikitanikiforov24.thkit.ee\/wp\/?page_id=1437"},"modified":"2026-03-16T10:59:31","modified_gmt":"2026-03-16T08:59:31","slug":"uml-skeemid","status":"publish","type":"page","link":"https:\/\/nikitanikiforov24.thkit.ee\/wp\/?page_id=1437","title":{"rendered":"UML skeemid"},"content":{"rendered":"\n<p>UML (Unified Modeling Language) \u2013 modeleerimiskeel<\/p>\n\n\n\n<h3 class=\"wp-block-heading\">UML skeemide t\u00fc\u00fcbid \/ \u0422\u0438\u043f\u044b UML-\u0434\u0438\u0430\u0433\u0440\u0430\u043c\u043c<\/h3>\n\n\n\n<ol start=\"1\" class=\"wp-block-list\">\n<li>Andmebaasiskeem (ERD) \u2014 \u0434\u0438\u0430\u0433\u0440\u0430\u043c\u043c\u0430 \u0431\u0430\u0437 \u0434\u0430\u043d\u043d\u044b\u0445 (\u0441\u0445\u0435\u043c\u0430 \u0434\u0430\u043d\u043d\u044b\u0445)<\/li>\n\n\n\n<li>Kasutuslooskeem \u2014 \u0434\u0438\u0430\u0433\u0440\u0430\u043c\u043c\u0430 \u043f\u0440\u0435\u0446\u0435\u0434\u0435\u043d\u0442\u043e\u0432 (\u0432\u0430\u0440\u0438\u0430\u043d\u0442\u043e\u0432 \u0438\u0441\u043f\u043e\u043b\u044c\u0437\u043e\u0432\u0430\u043d\u0438\u044f)<\/li>\n\n\n\n<li>Klassiskeem \u2014 \u0434\u0438\u0430\u0433\u0440\u0430\u043c\u043c\u0430 \u043a\u043b\u0430\u0441\u0441\u043e\u0432<\/li>\n\n\n\n<li>Objektiskeem \u2014 \u0434\u0438\u0430\u0433\u0440\u0430\u043c\u043c\u0430 \u043e\u0431\u044a\u0435\u043a\u0442\u043e\u0432<\/li>\n\n\n\n<li>Jadaskeem \u2014 \u0434\u0438\u0430\u0433\u0440\u0430\u043c\u043c\u0430 \u043f\u043e\u0441\u043b\u0435\u0434\u043e\u0432\u0430\u0442\u0435\u043b\u044c\u043d\u043e\u0441\u0442\u0435\u0439<\/li>\n\n\n\n<li>Koost\u00f6\u00f6skeem (suhtlusskeem) \u2014 \u0434\u0438\u0430\u0433\u0440\u0430\u043c\u043c\u0430 \u0432\u0437\u0430\u0438\u043c\u043e\u0434\u0435\u0439\u0441\u0442\u0432\u0438\u044f <\/li>\n\n\n\n<li>Olekuskeem \u2014 \u0434\u0438\u0430\u0433\u0440\u0430\u043c\u043c\u0430 \u0441\u043e\u0441\u0442\u043e\u044f\u043d\u0438\u0439<\/li>\n\n\n\n<li>Tegevusskeem \u2014 \u0434\u0438\u0430\u0433\u0440\u0430\u043c\u043c\u0430 \u0430\u043a\u0442\u0438\u0432\u043d\u043e\u0441\u0442\u0438<\/li>\n\n\n\n<li>Paigaldusskeem (levitusskeem) \u2014 \u0434\u0438\u0430\u0433\u0440\u0430\u043c\u043c\u0430 \u0440\u0430\u0437\u0432\u0435\u0440\u0442\u044b\u0432\u0430\u043d\u0438\u044f<\/li>\n<\/ol>\n\n\n\n<hr class=\"wp-block-separator has-alpha-channel-opacity\"\/>\n\n\n\n<h3 class=\"wp-block-heading\">Kirjeldused<\/h3>\n\n\n\n<ul class=\"wp-block-list\">\n<li><strong><a href=\"https:\/\/nikitanikiforov24.thkit.ee\/wp\/?page_id=1438\" type=\"link\" id=\"https:\/\/nikitanikiforov24.thkit.ee\/wp\/?page_id=1438\">Kasutuslooskeem (Use case diagram \/ \u0434\u0438\u0430\u0433\u0440\u0430\u043c\u043c\u0430 \u043f\u0440\u0435\u0446\u0435\u0434\u0435\u043d\u0442\u043e\u0432):<\/a><\/strong> Kasutuslooskeeme kasutatakse s\u00fcsteemi moodustavate t\u00e4htsaimate elementide ja protsesside m\u00e4\u00e4ramiseks. Primaarelemente nimetatakse \u201caktoriteks\u201dning protsesse \u201ckasutuslugudeks\u201d. Kasutuslooskeem n\u00e4itab, millised aktorid suhtlevad iga kasutususlooga.<\/li>\n\n\n\n<li><strong>Klassiskeem (Class diagram \/ \u0434\u0438\u0430\u0433\u0440\u0430\u043c\u043c\u0430 \u043a\u043b\u0430\u0441\u0441\u043e\u0432):<\/strong> Klassiskeemi kasutatakse n\u00f6. kasutuslooskeemi viimistlemiseks ning \u00fcksikasjaliku s\u00fcsteemidisaini m\u00e4\u00e4ramiseks. Klassiskeem liigitab kasutuslooskeemil m\u00e4\u00e4ratud aktorid omavahel seotud klasside kogumiks. Klassidevaheline suhe v\u00f5i assotsiatsioon v\u00f5ib olla kas \u201con\u201d v\u00f5i \u201comab\u201d t\u00fc\u00fcpi. Iga klassiskeemil toodud klass on v\u00f5imeline pakkuma teatud funktsionaalsust. Neid nimetatakse klassi meetoditeks. Lisaks sellele on igal klassil olemas rida atribuute mis m\u00e4\u00e4ravad klassi \u00fcheselt.<\/li>\n\n\n\n<li><strong>Objektiskeem (Object diagram \/ \u0434\u0438\u0430\u0433\u0440\u0430\u043c\u043c\u0430 \u043e\u0431\u044a\u0435\u043a\u0442\u043e\u0432):<\/strong> objektskeem on teatud t\u00fc\u00fcpi klassiskeem. Objekt esitab klassi olekut teatud ajahetkel s\u00fcsteemi t\u00f6\u00f6 k\u00e4igus. Objektiskeem esitab s\u00fcsteemi erinevate klasside olekuid ning nendevahelisi relatsioone v\u00f5i assotsiatsioone teatud ajahetkel.<\/li>\n\n\n\n<li><strong><a href=\"https:\/\/nikitanikiforov24.thkit.ee\/wp\/?page_id=1472\" type=\"link\" id=\"https:\/\/nikitanikiforov24.thkit.ee\/wp\/?page_id=1472\">Olekuskeem (State Diagram \/ \u0434\u0438\u0430\u0433\u0440\u0430\u043c\u043c\u0430 \u0441\u043e\u0441\u0442\u043e\u044f\u043d\u0438\u0439):<\/a><\/strong> nagu ka nimi \u00fctleb n\u00e4itab olekuskeem erinevaid olekuid, mida l\u00e4bivad s\u00fcsteemis olevad objektid oma eluts\u00fckli jooksul. S\u00fcsteemis olevad objektid muudavad oma olekut vastavalt s\u00fcsteemis toimuvatele s\u00fcndmustele. Lisaks sellele n\u00e4itab olekuskeem ka objekti oleku \u00fcleminekut algolekust l\u00f5ppolekusse vastavalt s\u00fcsteemi m\u00f5jutavatele s\u00fcndmustele.<\/li>\n\n\n\n<li><strong><a href=\"https:\/\/nikitanikiforov24.thkit.ee\/wp\/?page_id=1446\" type=\"link\" id=\"https:\/\/nikitanikiforov24.thkit.ee\/wp\/?page_id=1446\">Tegevusskeem (Activity diagram \/ \u0434\u0438\u0430\u0433\u0440\u0430\u043c\u043c\u0430 \u0430\u043a\u0442\u0438\u0432\u043d\u043e\u0441\u0442\u0438):<\/a><\/strong> protsesside kulgemist s\u00fcsteemis kirjeldatakse tegevusskeemi abil. Sarnaselt olekuskeemile koosneb ka tegevusskeem toimingutest, tegevustest, \u00fcleminekutest, alg- ja l\u00f5ppolekust ning t\u00f5kisetingimustest.<\/li>\n\n\n\n<li><strong>Jadaskeem (Sequence diagram \/ \u0434\u0438\u0430\u0433\u0440\u0430\u043c\u043c\u0430 \u043f\u043e\u0441\u043b\u0435\u0434\u043e\u0432\u0430\u0442\u0435\u043b\u044c\u043d\u043e\u0441\u0442\u0435\u0439):<\/strong> jadaskeem esitab s\u00fcsteemi objektide omavahelist suhtlemist. Jadaskeemi oluliseks omaduseks on selle ajaline j\u00e4rjestus. S.o. esitatakse samm-sammult t\u00e4pne objektide vaheline interaktsioon. Erinevad objektid jadaskeemil suhtlevad omavahel \u201cs\u00f5numite\u201d edastamise kaudu.<\/li>\n\n\n\n<li><strong>Koost\u00f6\u00f6skeem (Collaboration diagram \/ \u0434\u0438\u0430\u0433\u0440\u0430\u043c\u043c\u0430 \u0432\u0437\u0430\u0438\u043c\u043e\u0434\u0435\u0439\u0441\u0442\u0432\u0438\u044f):<\/strong> koost\u00f6\u00f6skeem grupeerib erinevate objektide vahelise interaktsiooni. Interaktsioonid esitatakse nummerdatuna, mis lubab j\u00e4lgida niiden toimumise j\u00e4rjekorda. Koost\u00f6\u00f6skeem lubab kindlaks teha k\u00f5ikv\u00f5imalikud interaktsioonid mis igat objekti teistega seovad.<\/li>\n\n\n\n<li><strong>Komponentskeem (Component diagram \/ \u0434\u0438\u0430\u0433\u0440\u0430\u043c\u043c\u0430 \u043a\u043e\u043c\u043f\u043e\u043d\u0435\u043d\u0442\u043e\u0432):<\/strong> komponentskeemi abil kujutatakse k\u00f5rgtaseme osi, millest s\u00fcsteem koosneb. See skeem esitab millised komponendid s\u00fcsteemi moodustavad ning kuidas nad omavahel seotud on.<\/li>\n\n\n\n<li><strong>Levitusskeem (Deployment diagram \/ \u0434\u0438\u0430\u0433\u0440\u0430\u043c\u043c\u0430 \u0440\u0430\u0437\u0432\u0435\u0440\u0442\u044b\u0432\u0430\u043d\u0438\u044f):<\/strong> levitusskeemi abil kujutatakse rakenduse k\u00e4itusaegeseid elemente.<\/li>\n\n\n\n<li><strong><a href=\"https:\/\/nikitanikiforov24.thkit.ee\/wp\/?page_id=1461\" type=\"link\" id=\"https:\/\/nikitanikiforov24.thkit.ee\/wp\/?page_id=1461\">Olemi \u2013 suhteskeem (Database diagram\/\u0434\u0438\u0430\u0433\u0440\u0430\u043c\u043c\u0430 \u0431\u0430\u0437 \u0434\u0430\u043d\u043d\u044b\u0445 )<\/a><\/strong><\/li>\n<\/ul>\n\n\n\n<h2 class=\"wp-block-heading\">Mobiilirakenduse plaan<\/h2>\n\n\n\n<figure data-wp-context=\"{&quot;imageId&quot;:&quot;69ee057a63bd6&quot;}\" data-wp-interactive=\"core\/image\" data-wp-key=\"69ee057a63bd6\" class=\"wp-block-image wp-lightbox-container\"><img loading=\"lazy\" decoding=\"async\" width=\"1024\" height=\"576\" data-wp-class--hide=\"state.isContentHidden\" data-wp-class--show=\"state.isContentVisible\" data-wp-init=\"callbacks.setButtonStyles\" data-wp-on--click=\"actions.showLightbox\" data-wp-on--load=\"callbacks.setButtonStyles\" data-wp-on-window--resize=\"callbacks.setButtonStyles\" src=\"https:\/\/nikitanikiforov24.thkit.ee\/wp\/wp-content\/uploads\/2026\/03\/pilt-2-1024x576.png\" alt=\"\" class=\"wp-image-1499\" srcset=\"https:\/\/nikitanikiforov24.thkit.ee\/wp\/wp-content\/uploads\/2026\/03\/pilt-2-1024x576.png 1024w, https:\/\/nikitanikiforov24.thkit.ee\/wp\/wp-content\/uploads\/2026\/03\/pilt-2-300x169.png 300w, https:\/\/nikitanikiforov24.thkit.ee\/wp\/wp-content\/uploads\/2026\/03\/pilt-2-768x432.png 768w, https:\/\/nikitanikiforov24.thkit.ee\/wp\/wp-content\/uploads\/2026\/03\/pilt-2-150x84.png 150w, https:\/\/nikitanikiforov24.thkit.ee\/wp\/wp-content\/uploads\/2026\/03\/pilt-2-1536x864.png 1536w, https:\/\/nikitanikiforov24.thkit.ee\/wp\/wp-content\/uploads\/2026\/03\/pilt-2.png 1920w\" sizes=\"auto, (max-width: 1024px) 100vw, 1024px\" \/><button\n\t\t\tclass=\"lightbox-trigger\"\n\t\t\ttype=\"button\"\n\t\t\taria-haspopup=\"dialog\"\n\t\t\taria-label=\"Enlarge\"\n\t\t\tdata-wp-init=\"callbacks.initTriggerButton\"\n\t\t\tdata-wp-on--click=\"actions.showLightbox\"\n\t\t\tdata-wp-style--right=\"state.imageButtonRight\"\n\t\t\tdata-wp-style--top=\"state.imageButtonTop\"\n\t\t>\n\t\t\t<svg xmlns=\"http:\/\/www.w3.org\/2000\/svg\" width=\"12\" height=\"12\" fill=\"none\" viewBox=\"0 0 12 12\">\n\t\t\t\t<path fill=\"#fff\" d=\"M2 0a2 2 0 0 0-2 2v2h1.5V2a.5.5 0 0 1 .5-.5h2V0H2Zm2 10.5H2a.5.5 0 0 1-.5-.5V8H0v2a2 2 0 0 0 2 2h2v-1.5ZM8 12v-1.5h2a.5.5 0 0 0 .5-.5V8H12v2a2 2 0 0 1-2 2H8Zm2-12a2 2 0 0 1 2 2v2h-1.5V2a.5.5 0 0 0-.5-.5H8V0h2Z\" \/>\n\t\t\t<\/svg>\n\t\t<\/button><\/figure>\n\n\n\n<figure data-wp-context=\"{&quot;imageId&quot;:&quot;69ee057a64203&quot;}\" data-wp-interactive=\"core\/image\" data-wp-key=\"69ee057a64203\" class=\"wp-block-image size-large wp-lightbox-container\"><img loading=\"lazy\" decoding=\"async\" width=\"1024\" height=\"576\" data-wp-class--hide=\"state.isContentHidden\" data-wp-class--show=\"state.isContentVisible\" data-wp-init=\"callbacks.setButtonStyles\" data-wp-on--click=\"actions.showLightbox\" data-wp-on--load=\"callbacks.setButtonStyles\" data-wp-on-window--resize=\"callbacks.setButtonStyles\" src=\"https:\/\/nikitanikiforov24.thkit.ee\/wp\/wp-content\/uploads\/2026\/03\/pilt-3-1024x576.png\" alt=\"\" class=\"wp-image-1500\" srcset=\"https:\/\/nikitanikiforov24.thkit.ee\/wp\/wp-content\/uploads\/2026\/03\/pilt-3-1024x576.png 1024w, https:\/\/nikitanikiforov24.thkit.ee\/wp\/wp-content\/uploads\/2026\/03\/pilt-3-300x169.png 300w, https:\/\/nikitanikiforov24.thkit.ee\/wp\/wp-content\/uploads\/2026\/03\/pilt-3-768x432.png 768w, https:\/\/nikitanikiforov24.thkit.ee\/wp\/wp-content\/uploads\/2026\/03\/pilt-3-150x84.png 150w, https:\/\/nikitanikiforov24.thkit.ee\/wp\/wp-content\/uploads\/2026\/03\/pilt-3-1536x864.png 1536w, https:\/\/nikitanikiforov24.thkit.ee\/wp\/wp-content\/uploads\/2026\/03\/pilt-3.png 1920w\" sizes=\"auto, (max-width: 1024px) 100vw, 1024px\" \/><button\n\t\t\tclass=\"lightbox-trigger\"\n\t\t\ttype=\"button\"\n\t\t\taria-haspopup=\"dialog\"\n\t\t\taria-label=\"Enlarge\"\n\t\t\tdata-wp-init=\"callbacks.initTriggerButton\"\n\t\t\tdata-wp-on--click=\"actions.showLightbox\"\n\t\t\tdata-wp-style--right=\"state.imageButtonRight\"\n\t\t\tdata-wp-style--top=\"state.imageButtonTop\"\n\t\t>\n\t\t\t<svg xmlns=\"http:\/\/www.w3.org\/2000\/svg\" width=\"12\" height=\"12\" fill=\"none\" viewBox=\"0 0 12 12\">\n\t\t\t\t<path fill=\"#fff\" d=\"M2 0a2 2 0 0 0-2 2v2h1.5V2a.5.5 0 0 1 .5-.5h2V0H2Zm2 10.5H2a.5.5 0 0 1-.5-.5V8H0v2a2 2 0 0 0 2 2h2v-1.5ZM8 12v-1.5h2a.5.5 0 0 0 .5-.5V8H12v2a2 2 0 0 1-2 2H8Zm2-12a2 2 0 0 1 2 2v2h-1.5V2a.5.5 0 0 0-.5-.5H8V0h2Z\" \/>\n\t\t\t<\/svg>\n\t\t<\/button><\/figure>\n\n\n\n<p><strong>Peamised ekraanid:<\/strong><\/p>\n\n\n\n<p><strong>Sisselogimine:<\/strong> L\u00fchike sisselogimisvorm (e-post, parool) koos silmatorkava lilla nupuga \u201eLogi sisse\u201d.<\/p>\n\n\n\n<p><strong>Avaleht:<\/strong> Isikup\u00e4rastatud tervitus, sooduspakkumiste plokid (\u201eTasuta kohv\u201d, \u201e2 \u00fche hinnaga\u201d) ja kategooriate\/toodete raster ikoonide ja fotodega.<\/p>\n\n\n\n<p><strong>Profiili men\u00fc\u00fc:<\/strong> Teave kasutaja kohta, jaotised \u201eMinu tellimused\u201d (teavitustega), \u201eSooduspakkumised\u201d, seaded ja v\u00e4ljumisnupp.<\/p>\n\n\n\n<p><strong>Toote kaart (Toote vaatamine):<\/strong> Suur cappuccino eelvaade, suuruse valik (V\u00e4ike, Keskmine, Suur) ja tellimisnupp \u201eTellida\u201c.<\/p>\n","protected":false},"excerpt":{"rendered":"<p>UML (Unified Modeling Language) \u2013 modeleerimiskeel UML skeemide t\u00fc\u00fcbid \/ \u0422\u0438\u043f\u044b UML-\u0434\u0438\u0430\u0433\u0440\u0430\u043c\u043c Kirjeldused Mobiilirakenduse plaan Peamised ekraanid: Sisselogimine: L\u00fchike sisselogimisvorm (e-post, parool) koos silmatorkava lilla nupuga \u201eLogi sisse\u201d. Avaleht: Isikup\u00e4rastatud tervitus, sooduspakkumiste plokid (\u201eTasuta kohv\u201d, \u201e2 \u00fche hinnaga\u201d) ja kategooriate\/toodete raster ikoonide ja fotodega. Profiili men\u00fc\u00fc: Teave kasutaja kohta, jaotised \u201eMinu tellimused\u201d (teavitustega), \u201eSooduspakkumised\u201d, seaded [&hellip;]<\/p>\n","protected":false},"author":1,"featured_media":0,"parent":0,"menu_order":0,"comment_status":"closed","ping_status":"closed","template":"","meta":{"footnotes":""},"class_list":["post-1437","page","type-page","status-publish","hentry"],"yoast_head":"<!-- This site is optimized with the Yoast SEO plugin v27.4 - https:\/\/yoast.com\/product\/yoast-seo-wordpress\/ -->\n<title>UML skeemid - Nikita Nikiforov Portfolio<\/title>\n<meta name=\"robots\" content=\"index, follow, max-snippet:-1, max-image-preview:large, max-video-preview:-1\" \/>\n<link rel=\"canonical\" href=\"https:\/\/nikitanikiforov24.thkit.ee\/wp\/?page_id=1437\" \/>\n<meta property=\"og:locale\" content=\"et_EE\" \/>\n<meta property=\"og:type\" content=\"article\" \/>\n<meta property=\"og:title\" content=\"UML skeemid - Nikita Nikiforov Portfolio\" \/>\n<meta property=\"og:description\" content=\"UML (Unified Modeling Language) \u2013 modeleerimiskeel UML skeemide t\u00fc\u00fcbid \/ \u0422\u0438\u043f\u044b UML-\u0434\u0438\u0430\u0433\u0440\u0430\u043c\u043c Kirjeldused Mobiilirakenduse plaan Peamised ekraanid: Sisselogimine: L\u00fchike sisselogimisvorm (e-post, parool) koos silmatorkava lilla nupuga \u201eLogi sisse\u201d. Avaleht: Isikup\u00e4rastatud tervitus, sooduspakkumiste plokid (\u201eTasuta kohv\u201d, \u201e2 \u00fche hinnaga\u201d) ja kategooriate\/toodete raster ikoonide ja fotodega. Profiili men\u00fc\u00fc: Teave kasutaja kohta, jaotised \u201eMinu tellimused\u201d (teavitustega), \u201eSooduspakkumised\u201d, seaded [&hellip;]\" \/>\n<meta property=\"og:url\" content=\"https:\/\/nikitanikiforov24.thkit.ee\/wp\/?page_id=1437\" \/>\n<meta property=\"og:site_name\" content=\"Nikita Nikiforov Portfolio\" \/>\n<meta property=\"article:modified_time\" content=\"2026-03-16T08:59:31+00:00\" \/>\n<meta property=\"og:image\" content=\"https:\/\/nikitanikiforov24.thkit.ee\/wp\/wp-content\/uploads\/2026\/03\/pilt-2.png\" \/>\n\t<meta property=\"og:image:width\" content=\"1920\" \/>\n\t<meta property=\"og:image:height\" content=\"1080\" \/>\n\t<meta property=\"og:image:type\" content=\"image\/png\" \/>\n<meta name=\"twitter:card\" content=\"summary_large_image\" \/>\n<meta name=\"twitter:label1\" content=\"Est. reading time\" \/>\n\t<meta name=\"twitter:data1\" content=\"3 minutit\" \/>\n<script type=\"application\/ld+json\" class=\"yoast-schema-graph\">{\"@context\":\"https:\\\/\\\/schema.org\",\"@graph\":[{\"@type\":\"WebPage\",\"@id\":\"https:\\\/\\\/nikitanikiforov24.thkit.ee\\\/wp\\\/?page_id=1437\",\"url\":\"https:\\\/\\\/nikitanikiforov24.thkit.ee\\\/wp\\\/?page_id=1437\",\"name\":\"UML skeemid - Nikita Nikiforov Portfolio\",\"isPartOf\":{\"@id\":\"https:\\\/\\\/nikitanikiforov24.thkit.ee\\\/wp\\\/#website\"},\"primaryImageOfPage\":{\"@id\":\"https:\\\/\\\/nikitanikiforov24.thkit.ee\\\/wp\\\/?page_id=1437#primaryimage\"},\"image\":{\"@id\":\"https:\\\/\\\/nikitanikiforov24.thkit.ee\\\/wp\\\/?page_id=1437#primaryimage\"},\"thumbnailUrl\":\"https:\\\/\\\/nikitanikiforov24.thkit.ee\\\/wp\\\/wp-content\\\/uploads\\\/2026\\\/03\\\/pilt-2-1024x576.png\",\"datePublished\":\"2026-03-09T08:47:53+00:00\",\"dateModified\":\"2026-03-16T08:59:31+00:00\",\"breadcrumb\":{\"@id\":\"https:\\\/\\\/nikitanikiforov24.thkit.ee\\\/wp\\\/?page_id=1437#breadcrumb\"},\"inLanguage\":\"et\",\"potentialAction\":[{\"@type\":\"ReadAction\",\"target\":[\"https:\\\/\\\/nikitanikiforov24.thkit.ee\\\/wp\\\/?page_id=1437\"]}]},{\"@type\":\"ImageObject\",\"inLanguage\":\"et\",\"@id\":\"https:\\\/\\\/nikitanikiforov24.thkit.ee\\\/wp\\\/?page_id=1437#primaryimage\",\"url\":\"https:\\\/\\\/nikitanikiforov24.thkit.ee\\\/wp\\\/wp-content\\\/uploads\\\/2026\\\/03\\\/pilt-2.png\",\"contentUrl\":\"https:\\\/\\\/nikitanikiforov24.thkit.ee\\\/wp\\\/wp-content\\\/uploads\\\/2026\\\/03\\\/pilt-2.png\",\"width\":1920,\"height\":1080},{\"@type\":\"BreadcrumbList\",\"@id\":\"https:\\\/\\\/nikitanikiforov24.thkit.ee\\\/wp\\\/?page_id=1437#breadcrumb\",\"itemListElement\":[{\"@type\":\"ListItem\",\"position\":1,\"name\":\"Home\",\"item\":\"https:\\\/\\\/nikitanikiforov24.thkit.ee\\\/wp\\\/\"},{\"@type\":\"ListItem\",\"position\":2,\"name\":\"UML skeemid\"}]},{\"@type\":\"WebSite\",\"@id\":\"https:\\\/\\\/nikitanikiforov24.thkit.ee\\\/wp\\\/#website\",\"url\":\"https:\\\/\\\/nikitanikiforov24.thkit.ee\\\/wp\\\/\",\"name\":\"Nikita Nikiforov Portfolio\",\"description\":\"Noorem Tarkvarendaja\",\"publisher\":{\"@id\":\"https:\\\/\\\/nikitanikiforov24.thkit.ee\\\/wp\\\/#organization\"},\"potentialAction\":[{\"@type\":\"SearchAction\",\"target\":{\"@type\":\"EntryPoint\",\"urlTemplate\":\"https:\\\/\\\/nikitanikiforov24.thkit.ee\\\/wp\\\/?s={search_term_string}\"},\"query-input\":{\"@type\":\"PropertyValueSpecification\",\"valueRequired\":true,\"valueName\":\"search_term_string\"}}],\"inLanguage\":\"et\"},{\"@type\":\"Organization\",\"@id\":\"https:\\\/\\\/nikitanikiforov24.thkit.ee\\\/wp\\\/#organization\",\"name\":\"Nikita Nikiforov Portfolio\",\"url\":\"https:\\\/\\\/nikitanikiforov24.thkit.ee\\\/wp\\\/\",\"logo\":{\"@type\":\"ImageObject\",\"inLanguage\":\"et\",\"@id\":\"https:\\\/\\\/nikitanikiforov24.thkit.ee\\\/wp\\\/#\\\/schema\\\/logo\\\/image\\\/\",\"url\":\"https:\\\/\\\/nikitanikiforov24.thkit.ee\\\/wp\\\/wp-content\\\/uploads\\\/2025\\\/10\\\/0ce66b2c514f64099fc903d1deea8e5c-150x137-removebg-preview.png\",\"contentUrl\":\"https:\\\/\\\/nikitanikiforov24.thkit.ee\\\/wp\\\/wp-content\\\/uploads\\\/2025\\\/10\\\/0ce66b2c514f64099fc903d1deea8e5c-150x137-removebg-preview.png\",\"width\":150,\"height\":137,\"caption\":\"Nikita Nikiforov Portfolio\"},\"image\":{\"@id\":\"https:\\\/\\\/nikitanikiforov24.thkit.ee\\\/wp\\\/#\\\/schema\\\/logo\\\/image\\\/\"}}]}<\/script>\n<!-- \/ Yoast SEO plugin. -->","yoast_head_json":{"title":"UML skeemid - Nikita Nikiforov Portfolio","robots":{"index":"index","follow":"follow","max-snippet":"max-snippet:-1","max-image-preview":"max-image-preview:large","max-video-preview":"max-video-preview:-1"},"canonical":"https:\/\/nikitanikiforov24.thkit.ee\/wp\/?page_id=1437","og_locale":"et_EE","og_type":"article","og_title":"UML skeemid - Nikita Nikiforov Portfolio","og_description":"UML (Unified Modeling Language) \u2013 modeleerimiskeel UML skeemide t\u00fc\u00fcbid \/ \u0422\u0438\u043f\u044b UML-\u0434\u0438\u0430\u0433\u0440\u0430\u043c\u043c Kirjeldused Mobiilirakenduse plaan Peamised ekraanid: Sisselogimine: L\u00fchike sisselogimisvorm (e-post, parool) koos silmatorkava lilla nupuga \u201eLogi sisse\u201d. Avaleht: Isikup\u00e4rastatud tervitus, sooduspakkumiste plokid (\u201eTasuta kohv\u201d, \u201e2 \u00fche hinnaga\u201d) ja kategooriate\/toodete raster ikoonide ja fotodega. Profiili men\u00fc\u00fc: Teave kasutaja kohta, jaotised \u201eMinu tellimused\u201d (teavitustega), \u201eSooduspakkumised\u201d, seaded [&hellip;]","og_url":"https:\/\/nikitanikiforov24.thkit.ee\/wp\/?page_id=1437","og_site_name":"Nikita Nikiforov Portfolio","article_modified_time":"2026-03-16T08:59:31+00:00","og_image":[{"width":1920,"height":1080,"url":"https:\/\/nikitanikiforov24.thkit.ee\/wp\/wp-content\/uploads\/2026\/03\/pilt-2.png","type":"image\/png"}],"twitter_card":"summary_large_image","twitter_misc":{"Est. reading time":"3 minutit"},"schema":{"@context":"https:\/\/schema.org","@graph":[{"@type":"WebPage","@id":"https:\/\/nikitanikiforov24.thkit.ee\/wp\/?page_id=1437","url":"https:\/\/nikitanikiforov24.thkit.ee\/wp\/?page_id=1437","name":"UML skeemid - Nikita Nikiforov Portfolio","isPartOf":{"@id":"https:\/\/nikitanikiforov24.thkit.ee\/wp\/#website"},"primaryImageOfPage":{"@id":"https:\/\/nikitanikiforov24.thkit.ee\/wp\/?page_id=1437#primaryimage"},"image":{"@id":"https:\/\/nikitanikiforov24.thkit.ee\/wp\/?page_id=1437#primaryimage"},"thumbnailUrl":"https:\/\/nikitanikiforov24.thkit.ee\/wp\/wp-content\/uploads\/2026\/03\/pilt-2-1024x576.png","datePublished":"2026-03-09T08:47:53+00:00","dateModified":"2026-03-16T08:59:31+00:00","breadcrumb":{"@id":"https:\/\/nikitanikiforov24.thkit.ee\/wp\/?page_id=1437#breadcrumb"},"inLanguage":"et","potentialAction":[{"@type":"ReadAction","target":["https:\/\/nikitanikiforov24.thkit.ee\/wp\/?page_id=1437"]}]},{"@type":"ImageObject","inLanguage":"et","@id":"https:\/\/nikitanikiforov24.thkit.ee\/wp\/?page_id=1437#primaryimage","url":"https:\/\/nikitanikiforov24.thkit.ee\/wp\/wp-content\/uploads\/2026\/03\/pilt-2.png","contentUrl":"https:\/\/nikitanikiforov24.thkit.ee\/wp\/wp-content\/uploads\/2026\/03\/pilt-2.png","width":1920,"height":1080},{"@type":"BreadcrumbList","@id":"https:\/\/nikitanikiforov24.thkit.ee\/wp\/?page_id=1437#breadcrumb","itemListElement":[{"@type":"ListItem","position":1,"name":"Home","item":"https:\/\/nikitanikiforov24.thkit.ee\/wp\/"},{"@type":"ListItem","position":2,"name":"UML skeemid"}]},{"@type":"WebSite","@id":"https:\/\/nikitanikiforov24.thkit.ee\/wp\/#website","url":"https:\/\/nikitanikiforov24.thkit.ee\/wp\/","name":"Nikita Nikiforov Portfolio","description":"Noorem Tarkvarendaja","publisher":{"@id":"https:\/\/nikitanikiforov24.thkit.ee\/wp\/#organization"},"potentialAction":[{"@type":"SearchAction","target":{"@type":"EntryPoint","urlTemplate":"https:\/\/nikitanikiforov24.thkit.ee\/wp\/?s={search_term_string}"},"query-input":{"@type":"PropertyValueSpecification","valueRequired":true,"valueName":"search_term_string"}}],"inLanguage":"et"},{"@type":"Organization","@id":"https:\/\/nikitanikiforov24.thkit.ee\/wp\/#organization","name":"Nikita Nikiforov Portfolio","url":"https:\/\/nikitanikiforov24.thkit.ee\/wp\/","logo":{"@type":"ImageObject","inLanguage":"et","@id":"https:\/\/nikitanikiforov24.thkit.ee\/wp\/#\/schema\/logo\/image\/","url":"https:\/\/nikitanikiforov24.thkit.ee\/wp\/wp-content\/uploads\/2025\/10\/0ce66b2c514f64099fc903d1deea8e5c-150x137-removebg-preview.png","contentUrl":"https:\/\/nikitanikiforov24.thkit.ee\/wp\/wp-content\/uploads\/2025\/10\/0ce66b2c514f64099fc903d1deea8e5c-150x137-removebg-preview.png","width":150,"height":137,"caption":"Nikita Nikiforov Portfolio"},"image":{"@id":"https:\/\/nikitanikiforov24.thkit.ee\/wp\/#\/schema\/logo\/image\/"}}]}},"_links":{"self":[{"href":"https:\/\/nikitanikiforov24.thkit.ee\/wp\/index.php?rest_route=\/wp\/v2\/pages\/1437","targetHints":{"allow":["GET"]}}],"collection":[{"href":"https:\/\/nikitanikiforov24.thkit.ee\/wp\/index.php?rest_route=\/wp\/v2\/pages"}],"about":[{"href":"https:\/\/nikitanikiforov24.thkit.ee\/wp\/index.php?rest_route=\/wp\/v2\/types\/page"}],"author":[{"embeddable":true,"href":"https:\/\/nikitanikiforov24.thkit.ee\/wp\/index.php?rest_route=\/wp\/v2\/users\/1"}],"replies":[{"embeddable":true,"href":"https:\/\/nikitanikiforov24.thkit.ee\/wp\/index.php?rest_route=%2Fwp%2Fv2%2Fcomments&post=1437"}],"version-history":[{"count":8,"href":"https:\/\/nikitanikiforov24.thkit.ee\/wp\/index.php?rest_route=\/wp\/v2\/pages\/1437\/revisions"}],"predecessor-version":[{"id":1503,"href":"https:\/\/nikitanikiforov24.thkit.ee\/wp\/index.php?rest_route=\/wp\/v2\/pages\/1437\/revisions\/1503"}],"wp:attachment":[{"href":"https:\/\/nikitanikiforov24.thkit.ee\/wp\/index.php?rest_route=%2Fwp%2Fv2%2Fmedia&parent=1437"}],"curies":[{"name":"wp","href":"https:\/\/api.w.org\/{rel}","templated":true}]}}