{"id":1446,"date":"2026-03-11T10:58:27","date_gmt":"2026-03-11T08:58:27","guid":{"rendered":"https:\/\/nikitanikiforov24.thkit.ee\/wp\/?page_id=1446"},"modified":"2026-03-12T10:54:01","modified_gmt":"2026-03-12T08:54:01","slug":"tegevusskeem-activity-diagram","status":"publish","type":"page","link":"https:\/\/nikitanikiforov24.thkit.ee\/wp\/?page_id=1446","title":{"rendered":"Tegevusskeem (Activity diagram)"},"content":{"rendered":"\n<p><strong>Tegevusskeem (Activity diagram)<\/strong> kirjeldab protsessi samm-sammulist kulgemist koos rollide jaotuse ja valikukohtadega.<\/p>\n\n\n\n<h2 class=\"wp-block-heading\">Kujud<\/h2>\n\n\n\n<figure class=\"wp-block-image aligncenter size-full\"><img loading=\"lazy\" decoding=\"async\" width=\"255\" height=\"479\" src=\"https:\/\/nikitanikiforov24.thkit.ee\/wp\/wp-content\/uploads\/2026\/03\/F59876DF-CEC8-47D9-82FF-72E65285579F.png\" alt=\"\" class=\"wp-image-1455\" srcset=\"https:\/\/nikitanikiforov24.thkit.ee\/wp\/wp-content\/uploads\/2026\/03\/F59876DF-CEC8-47D9-82FF-72E65285579F.png 255w, https:\/\/nikitanikiforov24.thkit.ee\/wp\/wp-content\/uploads\/2026\/03\/F59876DF-CEC8-47D9-82FF-72E65285579F-160x300.png 160w, https:\/\/nikitanikiforov24.thkit.ee\/wp\/wp-content\/uploads\/2026\/03\/F59876DF-CEC8-47D9-82FF-72E65285579F-80x150.png 80w\" sizes=\"auto, (max-width: 255px) 100vw, 255px\" \/><\/figure>\n\n\n\n<p><strong>Swimlane (rada)<\/strong> = vertikaalne veerg<\/p>\n\n\n\n<p><strong>Alguspunkt (algus)<\/strong> = start. Must punkt<\/p>\n\n\n\n<p><strong>Tegevus (tegevus)<\/strong> = protsessi etapp<\/p>\n\n\n\n<p><strong>Otsustuskoht (romb)<\/strong> = valik<\/p>\n\n\n\n<p><strong>L\u00f5pp-punkt (l\u00f5pp)<\/strong> = fini\u0161. Punkt ringis<\/p>\n\n\n\n<h3 class=\"wp-block-heading\">N\u00e4ide p\u00f5hineb \u201eKohvik andmebaas\u201c<\/h3>\n\n\n\n<figure data-wp-context=\"{&quot;imageId&quot;:&quot;69ee1c963a2fa&quot;}\" data-wp-interactive=\"core\/image\" data-wp-key=\"69ee1c963a2fa\" class=\"wp-block-image wp-lightbox-container\"><img loading=\"lazy\" decoding=\"async\" width=\"1024\" height=\"758\" data-wp-class--hide=\"state.isContentHidden\" data-wp-class--show=\"state.isContentVisible\" data-wp-init=\"callbacks.setButtonStyles\" data-wp-on--click=\"actions.showLightbox\" data-wp-on--load=\"callbacks.setButtonStyles\" data-wp-on-window--resize=\"callbacks.setButtonStyles\" src=\"https:\/\/nikitanikiforov24.thkit.ee\/wp\/wp-content\/uploads\/2026\/03\/Drawing1-4-1024x758.png\" alt=\"\" class=\"wp-image-1459\" srcset=\"https:\/\/nikitanikiforov24.thkit.ee\/wp\/wp-content\/uploads\/2026\/03\/Drawing1-4-1024x758.png 1024w, https:\/\/nikitanikiforov24.thkit.ee\/wp\/wp-content\/uploads\/2026\/03\/Drawing1-4-300x222.png 300w, https:\/\/nikitanikiforov24.thkit.ee\/wp\/wp-content\/uploads\/2026\/03\/Drawing1-4-768x569.png 768w, https:\/\/nikitanikiforov24.thkit.ee\/wp\/wp-content\/uploads\/2026\/03\/Drawing1-4-150x111.png 150w, https:\/\/nikitanikiforov24.thkit.ee\/wp\/wp-content\/uploads\/2026\/03\/Drawing1-4.png 1076w\" sizes=\"auto, (max-width: 1024px) 100vw, 1024px\" \/><button\n\t\t\tclass=\"lightbox-trigger\"\n\t\t\ttype=\"button\"\n\t\t\taria-haspopup=\"dialog\"\n\t\t\taria-label=\"Enlarge\"\n\t\t\tdata-wp-init=\"callbacks.initTriggerButton\"\n\t\t\tdata-wp-on--click=\"actions.showLightbox\"\n\t\t\tdata-wp-style--right=\"state.imageButtonRight\"\n\t\t\tdata-wp-style--top=\"state.imageButtonTop\"\n\t\t>\n\t\t\t<svg xmlns=\"http:\/\/www.w3.org\/2000\/svg\" width=\"12\" height=\"12\" fill=\"none\" viewBox=\"0 0 12 12\">\n\t\t\t\t<path fill=\"#fff\" d=\"M2 0a2 2 0 0 0-2 2v2h1.5V2a.5.5 0 0 1 .5-.5h2V0H2Zm2 10.5H2a.5.5 0 0 1-.5-.5V8H0v2a2 2 0 0 0 2 2h2v-1.5ZM8 12v-1.5h2a.5.5 0 0 0 .5-.5V8H12v2a2 2 0 0 1-2 2H8Zm2-12a2 2 0 0 1 2 2v2h-1.5V2a.5.5 0 0 0-.5-.5H8V0h2Z\" \/>\n\t\t\t<\/svg>\n\t\t<\/button><\/figure>\n","protected":false},"excerpt":{"rendered":"<p>Tegevusskeem (Activity diagram) kirjeldab protsessi samm-sammulist kulgemist koos rollide jaotuse ja valikukohtadega. Kujud Swimlane (rada) = vertikaalne veerg Alguspunkt (algus) = start. Must punkt Tegevus (tegevus) = protsessi etapp Otsustuskoht (romb) = valik L\u00f5pp-punkt (l\u00f5pp) = fini\u0161. Punkt ringis N\u00e4ide p\u00f5hineb \u201eKohvik andmebaas\u201c<\/p>\n","protected":false},"author":1,"featured_media":1459,"parent":0,"menu_order":0,"comment_status":"closed","ping_status":"closed","template":"","meta":{"footnotes":""},"class_list":["post-1446","page","type-page","status-publish","has-post-thumbnail","hentry"],"yoast_head":"<!-- This site is optimized with the Yoast SEO plugin v27.4 - https:\/\/yoast.com\/product\/yoast-seo-wordpress\/ -->\n<title>Tegevusskeem (Activity diagram) - Nikita Nikiforov Portfolio<\/title>\n<meta name=\"robots\" content=\"index, follow, max-snippet:-1, max-image-preview:large, max-video-preview:-1\" \/>\n<link rel=\"canonical\" href=\"https:\/\/nikitanikiforov24.thkit.ee\/wp\/?page_id=1446\" \/>\n<meta property=\"og:locale\" content=\"et_EE\" \/>\n<meta property=\"og:type\" content=\"article\" \/>\n<meta property=\"og:title\" content=\"Tegevusskeem (Activity diagram) - Nikita Nikiforov Portfolio\" \/>\n<meta property=\"og:description\" content=\"Tegevusskeem (Activity diagram) kirjeldab protsessi samm-sammulist kulgemist koos rollide jaotuse ja valikukohtadega. Kujud Swimlane (rada) = vertikaalne veerg Alguspunkt (algus) = start. Must punkt Tegevus (tegevus) = protsessi etapp Otsustuskoht (romb) = valik L\u00f5pp-punkt (l\u00f5pp) = fini\u0161. Punkt ringis N\u00e4ide p\u00f5hineb \u201eKohvik andmebaas\u201c\" \/>\n<meta property=\"og:url\" content=\"https:\/\/nikitanikiforov24.thkit.ee\/wp\/?page_id=1446\" \/>\n<meta property=\"og:site_name\" content=\"Nikita Nikiforov Portfolio\" \/>\n<meta property=\"article:modified_time\" content=\"2026-03-12T08:54:01+00:00\" \/>\n<meta property=\"og:image\" content=\"https:\/\/nikitanikiforov24.thkit.ee\/wp\/wp-content\/uploads\/2026\/03\/Drawing1-4.png\" \/>\n\t<meta property=\"og:image:width\" content=\"1076\" \/>\n\t<meta property=\"og:image:height\" content=\"797\" \/>\n\t<meta property=\"og:image:type\" content=\"image\/png\" \/>\n<meta name=\"twitter:card\" content=\"summary_large_image\" \/>\n<meta name=\"twitter:label1\" content=\"Est. reading time\" \/>\n\t<meta name=\"twitter:data1\" content=\"1 minut\" \/>\n<script type=\"application\/ld+json\" class=\"yoast-schema-graph\">{\"@context\":\"https:\\\/\\\/schema.org\",\"@graph\":[{\"@type\":\"WebPage\",\"@id\":\"https:\\\/\\\/nikitanikiforov24.thkit.ee\\\/wp\\\/?page_id=1446\",\"url\":\"https:\\\/\\\/nikitanikiforov24.thkit.ee\\\/wp\\\/?page_id=1446\",\"name\":\"Tegevusskeem (Activity diagram) - Nikita Nikiforov Portfolio\",\"isPartOf\":{\"@id\":\"https:\\\/\\\/nikitanikiforov24.thkit.ee\\\/wp\\\/#website\"},\"primaryImageOfPage\":{\"@id\":\"https:\\\/\\\/nikitanikiforov24.thkit.ee\\\/wp\\\/?page_id=1446#primaryimage\"},\"image\":{\"@id\":\"https:\\\/\\\/nikitanikiforov24.thkit.ee\\\/wp\\\/?page_id=1446#primaryimage\"},\"thumbnailUrl\":\"https:\\\/\\\/nikitanikiforov24.thkit.ee\\\/wp\\\/wp-content\\\/uploads\\\/2026\\\/03\\\/Drawing1-4.png\",\"datePublished\":\"2026-03-11T08:58:27+00:00\",\"dateModified\":\"2026-03-12T08:54:01+00:00\",\"breadcrumb\":{\"@id\":\"https:\\\/\\\/nikitanikiforov24.thkit.ee\\\/wp\\\/?page_id=1446#breadcrumb\"},\"inLanguage\":\"et\",\"potentialAction\":[{\"@type\":\"ReadAction\",\"target\":[\"https:\\\/\\\/nikitanikiforov24.thkit.ee\\\/wp\\\/?page_id=1446\"]}]},{\"@type\":\"ImageObject\",\"inLanguage\":\"et\",\"@id\":\"https:\\\/\\\/nikitanikiforov24.thkit.ee\\\/wp\\\/?page_id=1446#primaryimage\",\"url\":\"https:\\\/\\\/nikitanikiforov24.thkit.ee\\\/wp\\\/wp-content\\\/uploads\\\/2026\\\/03\\\/Drawing1-4.png\",\"contentUrl\":\"https:\\\/\\\/nikitanikiforov24.thkit.ee\\\/wp\\\/wp-content\\\/uploads\\\/2026\\\/03\\\/Drawing1-4.png\",\"width\":1076,\"height\":797},{\"@type\":\"BreadcrumbList\",\"@id\":\"https:\\\/\\\/nikitanikiforov24.thkit.ee\\\/wp\\\/?page_id=1446#breadcrumb\",\"itemListElement\":[{\"@type\":\"ListItem\",\"position\":1,\"name\":\"Home\",\"item\":\"https:\\\/\\\/nikitanikiforov24.thkit.ee\\\/wp\\\/\"},{\"@type\":\"ListItem\",\"position\":2,\"name\":\"Tegevusskeem (Activity diagram)\"}]},{\"@type\":\"WebSite\",\"@id\":\"https:\\\/\\\/nikitanikiforov24.thkit.ee\\\/wp\\\/#website\",\"url\":\"https:\\\/\\\/nikitanikiforov24.thkit.ee\\\/wp\\\/\",\"name\":\"Nikita Nikiforov Portfolio\",\"description\":\"Noorem Tarkvarendaja\",\"publisher\":{\"@id\":\"https:\\\/\\\/nikitanikiforov24.thkit.ee\\\/wp\\\/#organization\"},\"potentialAction\":[{\"@type\":\"SearchAction\",\"target\":{\"@type\":\"EntryPoint\",\"urlTemplate\":\"https:\\\/\\\/nikitanikiforov24.thkit.ee\\\/wp\\\/?s={search_term_string}\"},\"query-input\":{\"@type\":\"PropertyValueSpecification\",\"valueRequired\":true,\"valueName\":\"search_term_string\"}}],\"inLanguage\":\"et\"},{\"@type\":\"Organization\",\"@id\":\"https:\\\/\\\/nikitanikiforov24.thkit.ee\\\/wp\\\/#organization\",\"name\":\"Nikita Nikiforov Portfolio\",\"url\":\"https:\\\/\\\/nikitanikiforov24.thkit.ee\\\/wp\\\/\",\"logo\":{\"@type\":\"ImageObject\",\"inLanguage\":\"et\",\"@id\":\"https:\\\/\\\/nikitanikiforov24.thkit.ee\\\/wp\\\/#\\\/schema\\\/logo\\\/image\\\/\",\"url\":\"https:\\\/\\\/nikitanikiforov24.thkit.ee\\\/wp\\\/wp-content\\\/uploads\\\/2025\\\/10\\\/0ce66b2c514f64099fc903d1deea8e5c-150x137-removebg-preview.png\",\"contentUrl\":\"https:\\\/\\\/nikitanikiforov24.thkit.ee\\\/wp\\\/wp-content\\\/uploads\\\/2025\\\/10\\\/0ce66b2c514f64099fc903d1deea8e5c-150x137-removebg-preview.png\",\"width\":150,\"height\":137,\"caption\":\"Nikita Nikiforov Portfolio\"},\"image\":{\"@id\":\"https:\\\/\\\/nikitanikiforov24.thkit.ee\\\/wp\\\/#\\\/schema\\\/logo\\\/image\\\/\"}}]}<\/script>\n<!-- \/ Yoast SEO plugin. -->","yoast_head_json":{"title":"Tegevusskeem (Activity diagram) - Nikita Nikiforov Portfolio","robots":{"index":"index","follow":"follow","max-snippet":"max-snippet:-1","max-image-preview":"max-image-preview:large","max-video-preview":"max-video-preview:-1"},"canonical":"https:\/\/nikitanikiforov24.thkit.ee\/wp\/?page_id=1446","og_locale":"et_EE","og_type":"article","og_title":"Tegevusskeem (Activity diagram) - Nikita Nikiforov Portfolio","og_description":"Tegevusskeem (Activity diagram) kirjeldab protsessi samm-sammulist kulgemist koos rollide jaotuse ja valikukohtadega. Kujud Swimlane (rada) = vertikaalne veerg Alguspunkt (algus) = start. Must punkt Tegevus (tegevus) = protsessi etapp Otsustuskoht (romb) = valik L\u00f5pp-punkt (l\u00f5pp) = fini\u0161. Punkt ringis N\u00e4ide p\u00f5hineb \u201eKohvik andmebaas\u201c","og_url":"https:\/\/nikitanikiforov24.thkit.ee\/wp\/?page_id=1446","og_site_name":"Nikita Nikiforov Portfolio","article_modified_time":"2026-03-12T08:54:01+00:00","og_image":[{"width":1076,"height":797,"url":"https:\/\/nikitanikiforov24.thkit.ee\/wp\/wp-content\/uploads\/2026\/03\/Drawing1-4.png","type":"image\/png"}],"twitter_card":"summary_large_image","twitter_misc":{"Est. reading time":"1 minut"},"schema":{"@context":"https:\/\/schema.org","@graph":[{"@type":"WebPage","@id":"https:\/\/nikitanikiforov24.thkit.ee\/wp\/?page_id=1446","url":"https:\/\/nikitanikiforov24.thkit.ee\/wp\/?page_id=1446","name":"Tegevusskeem (Activity diagram) - Nikita Nikiforov Portfolio","isPartOf":{"@id":"https:\/\/nikitanikiforov24.thkit.ee\/wp\/#website"},"primaryImageOfPage":{"@id":"https:\/\/nikitanikiforov24.thkit.ee\/wp\/?page_id=1446#primaryimage"},"image":{"@id":"https:\/\/nikitanikiforov24.thkit.ee\/wp\/?page_id=1446#primaryimage"},"thumbnailUrl":"https:\/\/nikitanikiforov24.thkit.ee\/wp\/wp-content\/uploads\/2026\/03\/Drawing1-4.png","datePublished":"2026-03-11T08:58:27+00:00","dateModified":"2026-03-12T08:54:01+00:00","breadcrumb":{"@id":"https:\/\/nikitanikiforov24.thkit.ee\/wp\/?page_id=1446#breadcrumb"},"inLanguage":"et","potentialAction":[{"@type":"ReadAction","target":["https:\/\/nikitanikiforov24.thkit.ee\/wp\/?page_id=1446"]}]},{"@type":"ImageObject","inLanguage":"et","@id":"https:\/\/nikitanikiforov24.thkit.ee\/wp\/?page_id=1446#primaryimage","url":"https:\/\/nikitanikiforov24.thkit.ee\/wp\/wp-content\/uploads\/2026\/03\/Drawing1-4.png","contentUrl":"https:\/\/nikitanikiforov24.thkit.ee\/wp\/wp-content\/uploads\/2026\/03\/Drawing1-4.png","width":1076,"height":797},{"@type":"BreadcrumbList","@id":"https:\/\/nikitanikiforov24.thkit.ee\/wp\/?page_id=1446#breadcrumb","itemListElement":[{"@type":"ListItem","position":1,"name":"Home","item":"https:\/\/nikitanikiforov24.thkit.ee\/wp\/"},{"@type":"ListItem","position":2,"name":"Tegevusskeem (Activity diagram)"}]},{"@type":"WebSite","@id":"https:\/\/nikitanikiforov24.thkit.ee\/wp\/#website","url":"https:\/\/nikitanikiforov24.thkit.ee\/wp\/","name":"Nikita Nikiforov Portfolio","description":"Noorem Tarkvarendaja","publisher":{"@id":"https:\/\/nikitanikiforov24.thkit.ee\/wp\/#organization"},"potentialAction":[{"@type":"SearchAction","target":{"@type":"EntryPoint","urlTemplate":"https:\/\/nikitanikiforov24.thkit.ee\/wp\/?s={search_term_string}"},"query-input":{"@type":"PropertyValueSpecification","valueRequired":true,"valueName":"search_term_string"}}],"inLanguage":"et"},{"@type":"Organization","@id":"https:\/\/nikitanikiforov24.thkit.ee\/wp\/#organization","name":"Nikita Nikiforov Portfolio","url":"https:\/\/nikitanikiforov24.thkit.ee\/wp\/","logo":{"@type":"ImageObject","inLanguage":"et","@id":"https:\/\/nikitanikiforov24.thkit.ee\/wp\/#\/schema\/logo\/image\/","url":"https:\/\/nikitanikiforov24.thkit.ee\/wp\/wp-content\/uploads\/2025\/10\/0ce66b2c514f64099fc903d1deea8e5c-150x137-removebg-preview.png","contentUrl":"https:\/\/nikitanikiforov24.thkit.ee\/wp\/wp-content\/uploads\/2025\/10\/0ce66b2c514f64099fc903d1deea8e5c-150x137-removebg-preview.png","width":150,"height":137,"caption":"Nikita Nikiforov Portfolio"},"image":{"@id":"https:\/\/nikitanikiforov24.thkit.ee\/wp\/#\/schema\/logo\/image\/"}}]}},"_links":{"self":[{"href":"https:\/\/nikitanikiforov24.thkit.ee\/wp\/index.php?rest_route=\/wp\/v2\/pages\/1446","targetHints":{"allow":["GET"]}}],"collection":[{"href":"https:\/\/nikitanikiforov24.thkit.ee\/wp\/index.php?rest_route=\/wp\/v2\/pages"}],"about":[{"href":"https:\/\/nikitanikiforov24.thkit.ee\/wp\/index.php?rest_route=\/wp\/v2\/types\/page"}],"author":[{"embeddable":true,"href":"https:\/\/nikitanikiforov24.thkit.ee\/wp\/index.php?rest_route=\/wp\/v2\/users\/1"}],"replies":[{"embeddable":true,"href":"https:\/\/nikitanikiforov24.thkit.ee\/wp\/index.php?rest_route=%2Fwp%2Fv2%2Fcomments&post=1446"}],"version-history":[{"count":7,"href":"https:\/\/nikitanikiforov24.thkit.ee\/wp\/index.php?rest_route=\/wp\/v2\/pages\/1446\/revisions"}],"predecessor-version":[{"id":1493,"href":"https:\/\/nikitanikiforov24.thkit.ee\/wp\/index.php?rest_route=\/wp\/v2\/pages\/1446\/revisions\/1493"}],"wp:featuredmedia":[{"embeddable":true,"href":"https:\/\/nikitanikiforov24.thkit.ee\/wp\/index.php?rest_route=\/wp\/v2\/media\/1459"}],"wp:attachment":[{"href":"https:\/\/nikitanikiforov24.thkit.ee\/wp\/index.php?rest_route=%2Fwp%2Fv2%2Fmedia&parent=1446"}],"curies":[{"name":"wp","href":"https:\/\/api.w.org\/{rel}","templated":true}]}}