{"id":367,"date":"2025-02-28T11:48:15","date_gmt":"2025-02-28T09:48:15","guid":{"rendered":"https:\/\/nikiforovnikitaportfolio.wordpress.com\/?page_id=367"},"modified":"2025-10-28T18:57:50","modified_gmt":"2025-10-28T16:57:50","slug":"foorum-kasutajate-loomine","status":"publish","type":"page","link":"https:\/\/nikitanikiforov24.thkit.ee\/wp\/?page_id=367","title":{"rendered":"Foorum Kasutajate loomine"},"content":{"rendered":"\n<p><strong>\u00dclesanne<\/strong><\/p>\n\n\n\n<p>AB nimi &#8211; internetipood<\/p>\n\n\n\n<p>Millise tabeli on vaja luua? &#8211; Arvutid( arvutiId ,arvutiNimi, arvutiAasta, arvutiHind)<\/p>\n\n\n\n<p>Milline on selle andmebaasi tabeli kasutaja kasutajanimi ja parool? &#8211; AdminNimi&nbsp; parool:Admin<\/p>\n\n\n\n<p>Millised \u00f5igused peaks kasutajal olema loodud tabeli suhtes &#8211; select, update (arvutiNimi, arvutiHind)<\/p>\n\n\n\n<p id=\"yui_3_17_2_1_1740734450835_386\">Milliseid tegevusi tuleks kontrollida? &#8211; update hind ja update uue nimi ja p\u00e4rast select<\/p>\n\n\n\n<ol class=\"wp-block-list\">\n<li><strong>Andmebaasi ja tabeli loomine<\/strong><\/li>\n<\/ol>\n\n\n<div class=\"wp-block-syntaxhighlighter-code \"><pre class=\"brush: sql; title: ; notranslate\" title=\"\">\nCREATE TABLE Arvutid(\n\narvutiId INT PRIMARY KEY IDENTITY(1,1)\n\n,arvutiNimi VARCHAR(150)\n\n,arvutiAasta DATE\n\n,arvutiHind decimal(5,1))\n<\/pre><\/div>\n\n\n<figure class=\"wp-block-image size-large\"><img decoding=\"async\" src=\"https:\/\/nikiforovnikitaportfolio.wordpress.com\/wp-content\/uploads\/2025\/02\/pilt-7.png?w=390\" alt=\"\" class=\"wp-image-368\" \/><\/figure>\n\n\n\n<ol class=\"wp-block-list\">\n<li><strong>Lisan paar arvutid<\/strong><\/li>\n<\/ol>\n\n\n\n<figure class=\"wp-block-image size-large\"><img decoding=\"async\" src=\"https:\/\/nikiforovnikitaportfolio.wordpress.com\/wp-content\/uploads\/2025\/02\/pilt-8.png?w=217\" alt=\"\" class=\"wp-image-370\" \/><\/figure>\n\n\n\n<ul class=\"wp-block-list\">\n<li><strong>Uus login<\/strong><\/li>\n<\/ul>\n\n\n\n<figure class=\"wp-block-image size-large\"><img decoding=\"async\" src=\"https:\/\/nikiforovnikitaportfolio.wordpress.com\/wp-content\/uploads\/2025\/02\/pilt-9.png?w=345\" alt=\"\" class=\"wp-image-371\" \/><\/figure>\n\n\n\n<ul class=\"wp-block-list\">\n<li><strong>Uute kasutaja loomine ja \u00fchendame andmebaasi internetipood (User)<\/strong><\/li>\n<\/ul>\n\n\n\n<figure class=\"wp-block-image size-large\"><img decoding=\"async\" src=\"https:\/\/nikiforovnikitaportfolio.wordpress.com\/wp-content\/uploads\/2025\/02\/pilt-10.png?w=406\" alt=\"\" class=\"wp-image-372\" \/><\/figure>\n\n\n\n<ul class=\"wp-block-list\">\n<li><strong>Anname \u00f5igused kasutajale (User)<\/strong><\/li>\n<\/ul>\n\n\n\n<figure class=\"wp-block-image size-large\"><img decoding=\"async\" src=\"https:\/\/nikiforovnikitaportfolio.wordpress.com\/wp-content\/uploads\/2025\/02\/pilt-11.png?w=317\" alt=\"\" class=\"wp-image-374\" \/><\/figure>\n\n\n\n<ul class=\"wp-block-list\">\n<li><strong>Annan kasutajale \u00f5igus kasutada funktsioonid &nbsp;UPDATE ja SELECT<\/strong><\/li>\n<\/ul>\n\n\n<div class=\"wp-block-syntaxhighlighter-code \"><pre class=\"brush: sql; title: ; notranslate\" title=\"\">\ngrant update on Arvutid (arvutiNimi, arvutiHind) to AdNikita\n\ngrant select on arvutid(arvutiNimi, arvutiHind) to AdNikita\n<\/pre><\/div>\n\n\n<figure class=\"wp-block-image size-large\"><img decoding=\"async\" src=\"https:\/\/nikiforovnikitaportfolio.wordpress.com\/wp-content\/uploads\/2025\/02\/pilt-12.png?w=605\" alt=\"\" class=\"wp-image-375\" \/><\/figure>\n\n\n\n<p><strong>Logi sisse uue kasutajana<\/strong><\/p>\n\n\n\n<figure class=\"wp-block-image size-large\"><img decoding=\"async\" src=\"https:\/\/nikiforovnikitaportfolio.wordpress.com\/wp-content\/uploads\/2025\/02\/pilt-15.png?w=474\" alt=\"\" class=\"wp-image-380\" \/><\/figure>\n\n\n\n<ul class=\"wp-block-list\">\n<li><strong>Uuendan andmed kasutajana AdNikita<\/strong><\/li>\n<\/ul>\n\n\n<div class=\"wp-block-syntaxhighlighter-code \"><pre class=\"brush: sql; title: ; notranslate\" title=\"\">\nUPDATE Arvutid SET arvutiHind = 1000.99\n\nUPDATE Arvutid SET arvutiNimi = &#039;Chips&#039;\n\nSELECT arvutiNimi, arvutiHind FROM Arvutid\n<\/pre><\/div>\n\n\n<figure class=\"wp-block-image size-large\"><img decoding=\"async\" src=\"https:\/\/nikiforovnikitaportfolio.wordpress.com\/wp-content\/uploads\/2025\/02\/pilt-13.png?w=111\" alt=\"\" class=\"wp-image-376\" \/><\/figure>\n\n\n\n<ul class=\"wp-block-list\">\n<li><strong>Proovin tabeli kustutada<\/strong><\/li>\n<\/ul>\n\n\n<div class=\"wp-block-syntaxhighlighter-code \"><pre class=\"brush: sql; title: ; notranslate\" title=\"\">\nDROP TABLE Arvutid\n<\/pre><\/div>\n\n\n<figure class=\"wp-block-image size-large\"><img decoding=\"async\" src=\"https:\/\/nikiforovnikitaportfolio.wordpress.com\/wp-content\/uploads\/2025\/02\/pilt-14.png?w=605\" alt=\"\" class=\"wp-image-377\" \/><\/figure>\n\n\n\n<p><strong>Kasutaja on loodud korrektselt<\/strong><\/p>\n\n\n\n<hr class=\"wp-block-separator has-alpha-channel-opacity\" \/>\n\n\n\n<p><strong>XAMPP<\/strong><\/p>\n\n\n\n<p>Uue kasutaja loomine<\/p>\n\n\n\n<figure class=\"wp-block-image size-large\"><img decoding=\"async\" src=\"https:\/\/nikiforovnikitaportfolio.wordpress.com\/wp-content\/uploads\/2025\/02\/pilt-16.png?w=913\" alt=\"\" class=\"wp-image-382\" \/><\/figure>\n\n\n\n<p>Annan uuele kasutajale load<\/p>\n\n\n\n<figure class=\"wp-block-image size-large\"><img decoding=\"async\" src=\"https:\/\/nikiforovnikitaportfolio.wordpress.com\/wp-content\/uploads\/2025\/02\/pilt-17.png?w=1024\" alt=\"\" class=\"wp-image-383\" \/><\/figure>\n\n\n\n<p>Login sisse uue kasutajana<\/p>\n\n\n\n<figure class=\"wp-block-image size-large\"><img decoding=\"async\" src=\"https:\/\/nikiforovnikitaportfolio.wordpress.com\/wp-content\/uploads\/2025\/02\/pilt-18.png?w=469\" alt=\"\" class=\"wp-image-385\" \/><\/figure>\n\n\n\n<p>Kontrollin, kas tegin k\u00f5ik \u00f5igesti<\/p>\n\n\n\n<figure class=\"wp-block-image size-large\"><img decoding=\"async\" src=\"https:\/\/nikiforovnikitaportfolio.wordpress.com\/wp-content\/uploads\/2025\/02\/pilt-19.png?w=410\" alt=\"\" class=\"wp-image-387\" \/><\/figure>\n\n\n\n<figure class=\"wp-block-image size-large\"><img decoding=\"async\" src=\"https:\/\/nikiforovnikitaportfolio.wordpress.com\/wp-content\/uploads\/2025\/02\/pilt-20.png?w=149\" alt=\"\" class=\"wp-image-389\" \/><\/figure>\n\n\n\n<p>P\u00fc\u00fcan teha midagi, millele ma juurdep\u00e4\u00e4su ei andnud.<\/p>\n\n\n\n<figure class=\"wp-block-image size-large\"><img decoding=\"async\" src=\"https:\/\/nikiforovnikitaportfolio.wordpress.com\/wp-content\/uploads\/2025\/02\/pilt-21.png?w=872\" alt=\"\" class=\"wp-image-390\" \/><\/figure>\n","protected":false},"excerpt":{"rendered":"<p>\u00dclesanne AB nimi &#8211; internetipood Millise tabeli on vaja luua? &#8211; Arvutid( arvutiId ,arvutiNimi, arvutiAasta, arvutiHind) Milline on selle andmebaasi tabeli kasutaja kasutajanimi ja parool? &#8211; AdminNimi&nbsp; parool:Admin Millised \u00f5igused peaks kasutajal olema loodud tabeli suhtes &#8211; select, update (arvutiNimi, arvutiHind) Milliseid tegevusi tuleks kontrollida? &#8211; update hind ja update uue nimi ja p\u00e4rast select [&hellip;]<\/p>\n","protected":false},"author":1,"featured_media":0,"parent":0,"menu_order":0,"comment_status":"closed","ping_status":"closed","template":"","meta":{"footnotes":""},"class_list":["post-367","page","type-page","status-publish","hentry"],"yoast_head":"<!-- This site is optimized with the Yoast SEO plugin v27.4 - https:\/\/yoast.com\/product\/yoast-seo-wordpress\/ -->\n<title>Foorum Kasutajate loomine - Nikita Nikiforov Portfolio<\/title>\n<meta name=\"robots\" content=\"index, follow, max-snippet:-1, max-image-preview:large, max-video-preview:-1\" \/>\n<link rel=\"canonical\" href=\"https:\/\/nikitanikiforov24.thkit.ee\/wp\/?page_id=367\" \/>\n<meta property=\"og:locale\" content=\"et_EE\" \/>\n<meta property=\"og:type\" content=\"article\" \/>\n<meta property=\"og:title\" content=\"Foorum Kasutajate loomine - Nikita Nikiforov Portfolio\" \/>\n<meta property=\"og:description\" content=\"\u00dclesanne AB nimi &#8211; internetipood Millise tabeli on vaja luua? &#8211; Arvutid( arvutiId ,arvutiNimi, arvutiAasta, arvutiHind) Milline on selle andmebaasi tabeli kasutaja kasutajanimi ja parool? &#8211; AdminNimi&nbsp; parool:Admin Millised \u00f5igused peaks kasutajal olema loodud tabeli suhtes &#8211; select, update (arvutiNimi, arvutiHind) Milliseid tegevusi tuleks kontrollida? &#8211; update hind ja update uue nimi ja p\u00e4rast select [&hellip;]\" \/>\n<meta property=\"og:url\" content=\"https:\/\/nikitanikiforov24.thkit.ee\/wp\/?page_id=367\" \/>\n<meta property=\"og:site_name\" content=\"Nikita Nikiforov Portfolio\" \/>\n<meta property=\"article:modified_time\" content=\"2025-10-28T16:57:50+00:00\" \/>\n<meta property=\"og:image\" content=\"https:\/\/nikiforovnikitaportfolio.wordpress.com\/wp-content\/uploads\/2025\/02\/pilt-7.png?w=390\" \/>\n<meta name=\"twitter:card\" content=\"summary_large_image\" \/>\n<meta name=\"twitter:label1\" content=\"Est. reading time\" \/>\n\t<meta name=\"twitter:data1\" content=\"1 minut\" \/>\n<script type=\"application\/ld+json\" class=\"yoast-schema-graph\">{\"@context\":\"https:\\\/\\\/schema.org\",\"@graph\":[{\"@type\":\"WebPage\",\"@id\":\"https:\\\/\\\/nikitanikiforov24.thkit.ee\\\/wp\\\/?page_id=367\",\"url\":\"https:\\\/\\\/nikitanikiforov24.thkit.ee\\\/wp\\\/?page_id=367\",\"name\":\"Foorum Kasutajate loomine - Nikita Nikiforov Portfolio\",\"isPartOf\":{\"@id\":\"https:\\\/\\\/nikitanikiforov24.thkit.ee\\\/wp\\\/#website\"},\"primaryImageOfPage\":{\"@id\":\"https:\\\/\\\/nikitanikiforov24.thkit.ee\\\/wp\\\/?page_id=367#primaryimage\"},\"image\":{\"@id\":\"https:\\\/\\\/nikitanikiforov24.thkit.ee\\\/wp\\\/?page_id=367#primaryimage\"},\"thumbnailUrl\":\"https:\\\/\\\/nikiforovnikitaportfolio.wordpress.com\\\/wp-content\\\/uploads\\\/2025\\\/02\\\/pilt-7.png?w=390\",\"datePublished\":\"2025-02-28T09:48:15+00:00\",\"dateModified\":\"2025-10-28T16:57:50+00:00\",\"breadcrumb\":{\"@id\":\"https:\\\/\\\/nikitanikiforov24.thkit.ee\\\/wp\\\/?page_id=367#breadcrumb\"},\"inLanguage\":\"et\",\"potentialAction\":[{\"@type\":\"ReadAction\",\"target\":[\"https:\\\/\\\/nikitanikiforov24.thkit.ee\\\/wp\\\/?page_id=367\"]}]},{\"@type\":\"ImageObject\",\"inLanguage\":\"et\",\"@id\":\"https:\\\/\\\/nikitanikiforov24.thkit.ee\\\/wp\\\/?page_id=367#primaryimage\",\"url\":\"https:\\\/\\\/nikiforovnikitaportfolio.wordpress.com\\\/wp-content\\\/uploads\\\/2025\\\/02\\\/pilt-7.png?w=390\",\"contentUrl\":\"https:\\\/\\\/nikiforovnikitaportfolio.wordpress.com\\\/wp-content\\\/uploads\\\/2025\\\/02\\\/pilt-7.png?w=390\"},{\"@type\":\"BreadcrumbList\",\"@id\":\"https:\\\/\\\/nikitanikiforov24.thkit.ee\\\/wp\\\/?page_id=367#breadcrumb\",\"itemListElement\":[{\"@type\":\"ListItem\",\"position\":1,\"name\":\"Home\",\"item\":\"https:\\\/\\\/nikitanikiforov24.thkit.ee\\\/wp\\\/\"},{\"@type\":\"ListItem\",\"position\":2,\"name\":\"Foorum Kasutajate loomine\"}]},{\"@type\":\"WebSite\",\"@id\":\"https:\\\/\\\/nikitanikiforov24.thkit.ee\\\/wp\\\/#website\",\"url\":\"https:\\\/\\\/nikitanikiforov24.thkit.ee\\\/wp\\\/\",\"name\":\"Nikita Nikiforov Portfolio\",\"description\":\"Noorem Tarkvarendaja\",\"publisher\":{\"@id\":\"https:\\\/\\\/nikitanikiforov24.thkit.ee\\\/wp\\\/#organization\"},\"potentialAction\":[{\"@type\":\"SearchAction\",\"target\":{\"@type\":\"EntryPoint\",\"urlTemplate\":\"https:\\\/\\\/nikitanikiforov24.thkit.ee\\\/wp\\\/?s={search_term_string}\"},\"query-input\":{\"@type\":\"PropertyValueSpecification\",\"valueRequired\":true,\"valueName\":\"search_term_string\"}}],\"inLanguage\":\"et\"},{\"@type\":\"Organization\",\"@id\":\"https:\\\/\\\/nikitanikiforov24.thkit.ee\\\/wp\\\/#organization\",\"name\":\"Nikita Nikiforov Portfolio\",\"url\":\"https:\\\/\\\/nikitanikiforov24.thkit.ee\\\/wp\\\/\",\"logo\":{\"@type\":\"ImageObject\",\"inLanguage\":\"et\",\"@id\":\"https:\\\/\\\/nikitanikiforov24.thkit.ee\\\/wp\\\/#\\\/schema\\\/logo\\\/image\\\/\",\"url\":\"https:\\\/\\\/nikitanikiforov24.thkit.ee\\\/wp\\\/wp-content\\\/uploads\\\/2025\\\/10\\\/0ce66b2c514f64099fc903d1deea8e5c-150x137-removebg-preview.png\",\"contentUrl\":\"https:\\\/\\\/nikitanikiforov24.thkit.ee\\\/wp\\\/wp-content\\\/uploads\\\/2025\\\/10\\\/0ce66b2c514f64099fc903d1deea8e5c-150x137-removebg-preview.png\",\"width\":150,\"height\":137,\"caption\":\"Nikita Nikiforov Portfolio\"},\"image\":{\"@id\":\"https:\\\/\\\/nikitanikiforov24.thkit.ee\\\/wp\\\/#\\\/schema\\\/logo\\\/image\\\/\"}}]}<\/script>\n<!-- \/ Yoast SEO plugin. -->","yoast_head_json":{"title":"Foorum Kasutajate loomine - Nikita Nikiforov Portfolio","robots":{"index":"index","follow":"follow","max-snippet":"max-snippet:-1","max-image-preview":"max-image-preview:large","max-video-preview":"max-video-preview:-1"},"canonical":"https:\/\/nikitanikiforov24.thkit.ee\/wp\/?page_id=367","og_locale":"et_EE","og_type":"article","og_title":"Foorum Kasutajate loomine - Nikita Nikiforov Portfolio","og_description":"\u00dclesanne AB nimi &#8211; internetipood Millise tabeli on vaja luua? &#8211; Arvutid( arvutiId ,arvutiNimi, arvutiAasta, arvutiHind) Milline on selle andmebaasi tabeli kasutaja kasutajanimi ja parool? &#8211; AdminNimi&nbsp; parool:Admin Millised \u00f5igused peaks kasutajal olema loodud tabeli suhtes &#8211; select, update (arvutiNimi, arvutiHind) Milliseid tegevusi tuleks kontrollida? &#8211; update hind ja update uue nimi ja p\u00e4rast select [&hellip;]","og_url":"https:\/\/nikitanikiforov24.thkit.ee\/wp\/?page_id=367","og_site_name":"Nikita Nikiforov Portfolio","article_modified_time":"2025-10-28T16:57:50+00:00","og_image":[{"url":"https:\/\/nikiforovnikitaportfolio.wordpress.com\/wp-content\/uploads\/2025\/02\/pilt-7.png?w=390","type":"","width":"","height":""}],"twitter_card":"summary_large_image","twitter_misc":{"Est. reading time":"1 minut"},"schema":{"@context":"https:\/\/schema.org","@graph":[{"@type":"WebPage","@id":"https:\/\/nikitanikiforov24.thkit.ee\/wp\/?page_id=367","url":"https:\/\/nikitanikiforov24.thkit.ee\/wp\/?page_id=367","name":"Foorum Kasutajate loomine - Nikita Nikiforov Portfolio","isPartOf":{"@id":"https:\/\/nikitanikiforov24.thkit.ee\/wp\/#website"},"primaryImageOfPage":{"@id":"https:\/\/nikitanikiforov24.thkit.ee\/wp\/?page_id=367#primaryimage"},"image":{"@id":"https:\/\/nikitanikiforov24.thkit.ee\/wp\/?page_id=367#primaryimage"},"thumbnailUrl":"https:\/\/nikiforovnikitaportfolio.wordpress.com\/wp-content\/uploads\/2025\/02\/pilt-7.png?w=390","datePublished":"2025-02-28T09:48:15+00:00","dateModified":"2025-10-28T16:57:50+00:00","breadcrumb":{"@id":"https:\/\/nikitanikiforov24.thkit.ee\/wp\/?page_id=367#breadcrumb"},"inLanguage":"et","potentialAction":[{"@type":"ReadAction","target":["https:\/\/nikitanikiforov24.thkit.ee\/wp\/?page_id=367"]}]},{"@type":"ImageObject","inLanguage":"et","@id":"https:\/\/nikitanikiforov24.thkit.ee\/wp\/?page_id=367#primaryimage","url":"https:\/\/nikiforovnikitaportfolio.wordpress.com\/wp-content\/uploads\/2025\/02\/pilt-7.png?w=390","contentUrl":"https:\/\/nikiforovnikitaportfolio.wordpress.com\/wp-content\/uploads\/2025\/02\/pilt-7.png?w=390"},{"@type":"BreadcrumbList","@id":"https:\/\/nikitanikiforov24.thkit.ee\/wp\/?page_id=367#breadcrumb","itemListElement":[{"@type":"ListItem","position":1,"name":"Home","item":"https:\/\/nikitanikiforov24.thkit.ee\/wp\/"},{"@type":"ListItem","position":2,"name":"Foorum Kasutajate loomine"}]},{"@type":"WebSite","@id":"https:\/\/nikitanikiforov24.thkit.ee\/wp\/#website","url":"https:\/\/nikitanikiforov24.thkit.ee\/wp\/","name":"Nikita Nikiforov Portfolio","description":"Noorem Tarkvarendaja","publisher":{"@id":"https:\/\/nikitanikiforov24.thkit.ee\/wp\/#organization"},"potentialAction":[{"@type":"SearchAction","target":{"@type":"EntryPoint","urlTemplate":"https:\/\/nikitanikiforov24.thkit.ee\/wp\/?s={search_term_string}"},"query-input":{"@type":"PropertyValueSpecification","valueRequired":true,"valueName":"search_term_string"}}],"inLanguage":"et"},{"@type":"Organization","@id":"https:\/\/nikitanikiforov24.thkit.ee\/wp\/#organization","name":"Nikita Nikiforov Portfolio","url":"https:\/\/nikitanikiforov24.thkit.ee\/wp\/","logo":{"@type":"ImageObject","inLanguage":"et","@id":"https:\/\/nikitanikiforov24.thkit.ee\/wp\/#\/schema\/logo\/image\/","url":"https:\/\/nikitanikiforov24.thkit.ee\/wp\/wp-content\/uploads\/2025\/10\/0ce66b2c514f64099fc903d1deea8e5c-150x137-removebg-preview.png","contentUrl":"https:\/\/nikitanikiforov24.thkit.ee\/wp\/wp-content\/uploads\/2025\/10\/0ce66b2c514f64099fc903d1deea8e5c-150x137-removebg-preview.png","width":150,"height":137,"caption":"Nikita Nikiforov Portfolio"},"image":{"@id":"https:\/\/nikitanikiforov24.thkit.ee\/wp\/#\/schema\/logo\/image\/"}}]}},"_links":{"self":[{"href":"https:\/\/nikitanikiforov24.thkit.ee\/wp\/index.php?rest_route=\/wp\/v2\/pages\/367","targetHints":{"allow":["GET"]}}],"collection":[{"href":"https:\/\/nikitanikiforov24.thkit.ee\/wp\/index.php?rest_route=\/wp\/v2\/pages"}],"about":[{"href":"https:\/\/nikitanikiforov24.thkit.ee\/wp\/index.php?rest_route=\/wp\/v2\/types\/page"}],"author":[{"embeddable":true,"href":"https:\/\/nikitanikiforov24.thkit.ee\/wp\/index.php?rest_route=\/wp\/v2\/users\/1"}],"replies":[{"embeddable":true,"href":"https:\/\/nikitanikiforov24.thkit.ee\/wp\/index.php?rest_route=%2Fwp%2Fv2%2Fcomments&post=367"}],"version-history":[{"count":1,"href":"https:\/\/nikitanikiforov24.thkit.ee\/wp\/index.php?rest_route=\/wp\/v2\/pages\/367\/revisions"}],"predecessor-version":[{"id":1113,"href":"https:\/\/nikitanikiforov24.thkit.ee\/wp\/index.php?rest_route=\/wp\/v2\/pages\/367\/revisions\/1113"}],"wp:attachment":[{"href":"https:\/\/nikitanikiforov24.thkit.ee\/wp\/index.php?rest_route=%2Fwp%2Fv2%2Fmedia&parent=367"}],"curies":[{"name":"wp","href":"https:\/\/api.w.org\/{rel}","templated":true}]}}