{"id":395,"date":"2025-03-04T15:03:55","date_gmt":"2025-03-04T13:03:55","guid":{"rendered":"https:\/\/nikiforovnikitaportfolio.wordpress.com\/?page_id=395"},"modified":"2025-10-28T18:58:03","modified_gmt":"2025-10-28T16:58:03","slug":"ms-access-andmebaas-zoo-loomaaed","status":"publish","type":"page","link":"https:\/\/nikitanikiforov24.thkit.ee\/wp\/?page_id=395","title":{"rendered":"MS Access: andmebaas zoo (loomaaed)"},"content":{"rendered":"<div class=\"wp-block-syntaxhighlighter-code \"><pre class=\"brush: sql; title: ; notranslate\" title=\"\">\nSELECT * FROM loom\n\nWHERE loomNimi Like &#039;k*&#039; AND varv =&#039;valge&#039;\n<\/pre><\/div>\n\n\n<p><strong>N\u00e4itab tulemust, kui nime esimene t\u00e4ht on K, ja selle v\u00e4rvi<\/strong><\/p>\n\n\n\n<figure class=\"wp-block-image size-large\"><img decoding=\"async\" src=\"https:\/\/nikiforovnikitaportfolio.wordpress.com\/wp-content\/uploads\/2025\/03\/pilt.png?w=770\" alt=\"\" class=\"wp-image-397\" \/><\/figure>\n\n\n<div class=\"wp-block-syntaxhighlighter-code \"><pre class=\"brush: sql; title: ; notranslate\" title=\"\">\nSELECT eesnimi, perenimi, toitNimi FROM tootaja, toit\n\nWHERE toit.tootajaID=tootaja.tootajaID AND toitNimi=&#039;puuots&#039;\n<\/pre><\/div>\n\n\n<p><strong>N\u00e4itab selle inimese ees- ja perekonnanime, kelle toidunimi on puuots<\/strong><\/p>\n\n\n\n<figure class=\"wp-block-image size-large is-resized\"><img decoding=\"async\" src=\"https:\/\/nikiforovnikitaportfolio.wordpress.com\/wp-content\/uploads\/2025\/03\/pilt-1.png?w=304\" alt=\"\" class=\"wp-image-399\" style=\"width:620px;height:auto\" \/><\/figure>\n\n\n<div class=\"wp-block-syntaxhighlighter-code \"><pre class=\"brush: sql; title: ; notranslate\" title=\"\">\nSELECT toitNimi FROM  toit\n\nWHERE  toitNimi=&#039;puuots&#039; OR hind &gt;100\n<\/pre><\/div>\n\n\n<p><strong>See kood kuvab roogade nimed, mida nimetatakse &#8220;puutosteks&#8221; v\u00f5i mille hind on suurem kui 100.<\/strong><\/p>\n\n\n\n<figure class=\"wp-block-image size-large\"><img decoding=\"async\" src=\"https:\/\/nikiforovnikitaportfolio.wordpress.com\/wp-content\/uploads\/2025\/03\/pilt-2.png?w=472\" alt=\"\" class=\"wp-image-401\" \/><\/figure>\n\n\n<div class=\"wp-block-syntaxhighlighter-code \"><pre class=\"brush: sql; title: ; notranslate\" title=\"\">\nSELECT * \nFROM tootaja\nWHERE perenimi = &#039;White&#039; AND mobile = &#039;222222222&#039;\n<\/pre><\/div>\n\n\n<p><strong>See kood kuvab k\u00f5ik t\u00f6\u00f6tajad perekonnanimega &#8220;Valge&#8221; ja mobiiltelefoni numbriga &#8220;222222222&#8221;.<\/strong><\/p>\n\n\n\n<figure class=\"wp-block-image size-large\"><img decoding=\"async\" src=\"https:\/\/nikiforovnikitaportfolio.wordpress.com\/wp-content\/uploads\/2025\/03\/pilt-3.png?w=587\" alt=\"\" class=\"wp-image-402\" \/><\/figure>\n\n\n<div class=\"wp-block-syntaxhighlighter-code \"><pre class=\"brush: sql; title: ; notranslate\" title=\"\">\nSELECT * FROM toit WHERE tootajaID = 2 AND toiduTyyp BETWEEN 1 AND 2;\n<\/pre><\/div>\n\n\n<p><strong>See kood kuvab k\u00f5ik andmed roogade kohta, mille t\u00f6\u00f6taja ID on 2 ja roa t\u00fc\u00fcp on vahemikus 1 kuni 2.<\/strong><\/p>\n\n\n\n<figure class=\"wp-block-image size-large\"><img decoding=\"async\" src=\"https:\/\/nikiforovnikitaportfolio.wordpress.com\/wp-content\/uploads\/2025\/03\/pilt-4.png?w=582\" alt=\"\" class=\"wp-image-404\" \/><\/figure>\n","protected":false},"excerpt":{"rendered":"<p>N\u00e4itab tulemust, kui nime esimene t\u00e4ht on K, ja selle v\u00e4rvi N\u00e4itab selle inimese ees- ja perekonnanime, kelle toidunimi on puuots See kood kuvab roogade nimed, mida nimetatakse &#8220;puutosteks&#8221; v\u00f5i mille hind on suurem kui 100. See kood kuvab k\u00f5ik t\u00f6\u00f6tajad perekonnanimega &#8220;Valge&#8221; ja mobiiltelefoni numbriga &#8220;222222222&#8221;. See kood kuvab k\u00f5ik andmed roogade kohta, mille [&hellip;]<\/p>\n","protected":false},"author":1,"featured_media":0,"parent":0,"menu_order":0,"comment_status":"closed","ping_status":"closed","template":"","meta":{"footnotes":""},"class_list":["post-395","page","type-page","status-publish","hentry"],"yoast_head":"<!-- This site is optimized with the Yoast SEO plugin v27.4 - https:\/\/yoast.com\/product\/yoast-seo-wordpress\/ -->\n<title>MS Access: andmebaas zoo (loomaaed) - Nikita Nikiforov Portfolio<\/title>\n<meta name=\"robots\" content=\"index, follow, max-snippet:-1, max-image-preview:large, max-video-preview:-1\" \/>\n<link rel=\"canonical\" href=\"https:\/\/nikitanikiforov24.thkit.ee\/wp\/?page_id=395\" \/>\n<meta property=\"og:locale\" content=\"et_EE\" \/>\n<meta property=\"og:type\" content=\"article\" \/>\n<meta property=\"og:title\" content=\"MS Access: andmebaas zoo (loomaaed) - Nikita Nikiforov Portfolio\" \/>\n<meta property=\"og:description\" content=\"N\u00e4itab tulemust, kui nime esimene t\u00e4ht on K, ja selle v\u00e4rvi N\u00e4itab selle inimese ees- ja perekonnanime, kelle toidunimi on puuots See kood kuvab roogade nimed, mida nimetatakse &#8220;puutosteks&#8221; v\u00f5i mille hind on suurem kui 100. See kood kuvab k\u00f5ik t\u00f6\u00f6tajad perekonnanimega &#8220;Valge&#8221; ja mobiiltelefoni numbriga &#8220;222222222&#8221;. See kood kuvab k\u00f5ik andmed roogade kohta, mille [&hellip;]\" \/>\n<meta property=\"og:url\" content=\"https:\/\/nikitanikiforov24.thkit.ee\/wp\/?page_id=395\" \/>\n<meta property=\"og:site_name\" content=\"Nikita Nikiforov Portfolio\" \/>\n<meta property=\"article:modified_time\" content=\"2025-10-28T16:58:03+00:00\" \/>\n<meta property=\"og:image\" content=\"https:\/\/nikiforovnikitaportfolio.wordpress.com\/wp-content\/uploads\/2025\/03\/pilt.png?w=770\" \/>\n<meta name=\"twitter:card\" content=\"summary_large_image\" \/>\n<meta name=\"twitter:label1\" content=\"Est. reading time\" \/>\n\t<meta name=\"twitter:data1\" content=\"1 minut\" \/>\n<script type=\"application\/ld+json\" class=\"yoast-schema-graph\">{\"@context\":\"https:\\\/\\\/schema.org\",\"@graph\":[{\"@type\":\"WebPage\",\"@id\":\"https:\\\/\\\/nikitanikiforov24.thkit.ee\\\/wp\\\/?page_id=395\",\"url\":\"https:\\\/\\\/nikitanikiforov24.thkit.ee\\\/wp\\\/?page_id=395\",\"name\":\"MS Access: andmebaas zoo (loomaaed) - Nikita Nikiforov Portfolio\",\"isPartOf\":{\"@id\":\"https:\\\/\\\/nikitanikiforov24.thkit.ee\\\/wp\\\/#website\"},\"primaryImageOfPage\":{\"@id\":\"https:\\\/\\\/nikitanikiforov24.thkit.ee\\\/wp\\\/?page_id=395#primaryimage\"},\"image\":{\"@id\":\"https:\\\/\\\/nikitanikiforov24.thkit.ee\\\/wp\\\/?page_id=395#primaryimage\"},\"thumbnailUrl\":\"https:\\\/\\\/nikiforovnikitaportfolio.wordpress.com\\\/wp-content\\\/uploads\\\/2025\\\/03\\\/pilt.png?w=770\",\"datePublished\":\"2025-03-04T13:03:55+00:00\",\"dateModified\":\"2025-10-28T16:58:03+00:00\",\"breadcrumb\":{\"@id\":\"https:\\\/\\\/nikitanikiforov24.thkit.ee\\\/wp\\\/?page_id=395#breadcrumb\"},\"inLanguage\":\"et\",\"potentialAction\":[{\"@type\":\"ReadAction\",\"target\":[\"https:\\\/\\\/nikitanikiforov24.thkit.ee\\\/wp\\\/?page_id=395\"]}]},{\"@type\":\"ImageObject\",\"inLanguage\":\"et\",\"@id\":\"https:\\\/\\\/nikitanikiforov24.thkit.ee\\\/wp\\\/?page_id=395#primaryimage\",\"url\":\"https:\\\/\\\/nikiforovnikitaportfolio.wordpress.com\\\/wp-content\\\/uploads\\\/2025\\\/03\\\/pilt.png?w=770\",\"contentUrl\":\"https:\\\/\\\/nikiforovnikitaportfolio.wordpress.com\\\/wp-content\\\/uploads\\\/2025\\\/03\\\/pilt.png?w=770\"},{\"@type\":\"BreadcrumbList\",\"@id\":\"https:\\\/\\\/nikitanikiforov24.thkit.ee\\\/wp\\\/?page_id=395#breadcrumb\",\"itemListElement\":[{\"@type\":\"ListItem\",\"position\":1,\"name\":\"Home\",\"item\":\"https:\\\/\\\/nikitanikiforov24.thkit.ee\\\/wp\\\/\"},{\"@type\":\"ListItem\",\"position\":2,\"name\":\"MS Access: andmebaas zoo (loomaaed)\"}]},{\"@type\":\"WebSite\",\"@id\":\"https:\\\/\\\/nikitanikiforov24.thkit.ee\\\/wp\\\/#website\",\"url\":\"https:\\\/\\\/nikitanikiforov24.thkit.ee\\\/wp\\\/\",\"name\":\"Nikita Nikiforov Portfolio\",\"description\":\"Noorem Tarkvarendaja\",\"publisher\":{\"@id\":\"https:\\\/\\\/nikitanikiforov24.thkit.ee\\\/wp\\\/#organization\"},\"potentialAction\":[{\"@type\":\"SearchAction\",\"target\":{\"@type\":\"EntryPoint\",\"urlTemplate\":\"https:\\\/\\\/nikitanikiforov24.thkit.ee\\\/wp\\\/?s={search_term_string}\"},\"query-input\":{\"@type\":\"PropertyValueSpecification\",\"valueRequired\":true,\"valueName\":\"search_term_string\"}}],\"inLanguage\":\"et\"},{\"@type\":\"Organization\",\"@id\":\"https:\\\/\\\/nikitanikiforov24.thkit.ee\\\/wp\\\/#organization\",\"name\":\"Nikita Nikiforov Portfolio\",\"url\":\"https:\\\/\\\/nikitanikiforov24.thkit.ee\\\/wp\\\/\",\"logo\":{\"@type\":\"ImageObject\",\"inLanguage\":\"et\",\"@id\":\"https:\\\/\\\/nikitanikiforov24.thkit.ee\\\/wp\\\/#\\\/schema\\\/logo\\\/image\\\/\",\"url\":\"https:\\\/\\\/nikitanikiforov24.thkit.ee\\\/wp\\\/wp-content\\\/uploads\\\/2025\\\/10\\\/0ce66b2c514f64099fc903d1deea8e5c-150x137-removebg-preview.png\",\"contentUrl\":\"https:\\\/\\\/nikitanikiforov24.thkit.ee\\\/wp\\\/wp-content\\\/uploads\\\/2025\\\/10\\\/0ce66b2c514f64099fc903d1deea8e5c-150x137-removebg-preview.png\",\"width\":150,\"height\":137,\"caption\":\"Nikita Nikiforov Portfolio\"},\"image\":{\"@id\":\"https:\\\/\\\/nikitanikiforov24.thkit.ee\\\/wp\\\/#\\\/schema\\\/logo\\\/image\\\/\"}}]}<\/script>\n<!-- \/ Yoast SEO plugin. -->","yoast_head_json":{"title":"MS Access: andmebaas zoo (loomaaed) - Nikita Nikiforov Portfolio","robots":{"index":"index","follow":"follow","max-snippet":"max-snippet:-1","max-image-preview":"max-image-preview:large","max-video-preview":"max-video-preview:-1"},"canonical":"https:\/\/nikitanikiforov24.thkit.ee\/wp\/?page_id=395","og_locale":"et_EE","og_type":"article","og_title":"MS Access: andmebaas zoo (loomaaed) - Nikita Nikiforov Portfolio","og_description":"N\u00e4itab tulemust, kui nime esimene t\u00e4ht on K, ja selle v\u00e4rvi N\u00e4itab selle inimese ees- ja perekonnanime, kelle toidunimi on puuots See kood kuvab roogade nimed, mida nimetatakse &#8220;puutosteks&#8221; v\u00f5i mille hind on suurem kui 100. See kood kuvab k\u00f5ik t\u00f6\u00f6tajad perekonnanimega &#8220;Valge&#8221; ja mobiiltelefoni numbriga &#8220;222222222&#8221;. See kood kuvab k\u00f5ik andmed roogade kohta, mille [&hellip;]","og_url":"https:\/\/nikitanikiforov24.thkit.ee\/wp\/?page_id=395","og_site_name":"Nikita Nikiforov Portfolio","article_modified_time":"2025-10-28T16:58:03+00:00","og_image":[{"url":"https:\/\/nikiforovnikitaportfolio.wordpress.com\/wp-content\/uploads\/2025\/03\/pilt.png?w=770","type":"","width":"","height":""}],"twitter_card":"summary_large_image","twitter_misc":{"Est. reading time":"1 minut"},"schema":{"@context":"https:\/\/schema.org","@graph":[{"@type":"WebPage","@id":"https:\/\/nikitanikiforov24.thkit.ee\/wp\/?page_id=395","url":"https:\/\/nikitanikiforov24.thkit.ee\/wp\/?page_id=395","name":"MS Access: andmebaas zoo (loomaaed) - Nikita Nikiforov Portfolio","isPartOf":{"@id":"https:\/\/nikitanikiforov24.thkit.ee\/wp\/#website"},"primaryImageOfPage":{"@id":"https:\/\/nikitanikiforov24.thkit.ee\/wp\/?page_id=395#primaryimage"},"image":{"@id":"https:\/\/nikitanikiforov24.thkit.ee\/wp\/?page_id=395#primaryimage"},"thumbnailUrl":"https:\/\/nikiforovnikitaportfolio.wordpress.com\/wp-content\/uploads\/2025\/03\/pilt.png?w=770","datePublished":"2025-03-04T13:03:55+00:00","dateModified":"2025-10-28T16:58:03+00:00","breadcrumb":{"@id":"https:\/\/nikitanikiforov24.thkit.ee\/wp\/?page_id=395#breadcrumb"},"inLanguage":"et","potentialAction":[{"@type":"ReadAction","target":["https:\/\/nikitanikiforov24.thkit.ee\/wp\/?page_id=395"]}]},{"@type":"ImageObject","inLanguage":"et","@id":"https:\/\/nikitanikiforov24.thkit.ee\/wp\/?page_id=395#primaryimage","url":"https:\/\/nikiforovnikitaportfolio.wordpress.com\/wp-content\/uploads\/2025\/03\/pilt.png?w=770","contentUrl":"https:\/\/nikiforovnikitaportfolio.wordpress.com\/wp-content\/uploads\/2025\/03\/pilt.png?w=770"},{"@type":"BreadcrumbList","@id":"https:\/\/nikitanikiforov24.thkit.ee\/wp\/?page_id=395#breadcrumb","itemListElement":[{"@type":"ListItem","position":1,"name":"Home","item":"https:\/\/nikitanikiforov24.thkit.ee\/wp\/"},{"@type":"ListItem","position":2,"name":"MS Access: andmebaas zoo (loomaaed)"}]},{"@type":"WebSite","@id":"https:\/\/nikitanikiforov24.thkit.ee\/wp\/#website","url":"https:\/\/nikitanikiforov24.thkit.ee\/wp\/","name":"Nikita Nikiforov Portfolio","description":"Noorem Tarkvarendaja","publisher":{"@id":"https:\/\/nikitanikiforov24.thkit.ee\/wp\/#organization"},"potentialAction":[{"@type":"SearchAction","target":{"@type":"EntryPoint","urlTemplate":"https:\/\/nikitanikiforov24.thkit.ee\/wp\/?s={search_term_string}"},"query-input":{"@type":"PropertyValueSpecification","valueRequired":true,"valueName":"search_term_string"}}],"inLanguage":"et"},{"@type":"Organization","@id":"https:\/\/nikitanikiforov24.thkit.ee\/wp\/#organization","name":"Nikita Nikiforov Portfolio","url":"https:\/\/nikitanikiforov24.thkit.ee\/wp\/","logo":{"@type":"ImageObject","inLanguage":"et","@id":"https:\/\/nikitanikiforov24.thkit.ee\/wp\/#\/schema\/logo\/image\/","url":"https:\/\/nikitanikiforov24.thkit.ee\/wp\/wp-content\/uploads\/2025\/10\/0ce66b2c514f64099fc903d1deea8e5c-150x137-removebg-preview.png","contentUrl":"https:\/\/nikitanikiforov24.thkit.ee\/wp\/wp-content\/uploads\/2025\/10\/0ce66b2c514f64099fc903d1deea8e5c-150x137-removebg-preview.png","width":150,"height":137,"caption":"Nikita Nikiforov Portfolio"},"image":{"@id":"https:\/\/nikitanikiforov24.thkit.ee\/wp\/#\/schema\/logo\/image\/"}}]}},"_links":{"self":[{"href":"https:\/\/nikitanikiforov24.thkit.ee\/wp\/index.php?rest_route=\/wp\/v2\/pages\/395","targetHints":{"allow":["GET"]}}],"collection":[{"href":"https:\/\/nikitanikiforov24.thkit.ee\/wp\/index.php?rest_route=\/wp\/v2\/pages"}],"about":[{"href":"https:\/\/nikitanikiforov24.thkit.ee\/wp\/index.php?rest_route=\/wp\/v2\/types\/page"}],"author":[{"embeddable":true,"href":"https:\/\/nikitanikiforov24.thkit.ee\/wp\/index.php?rest_route=\/wp\/v2\/users\/1"}],"replies":[{"embeddable":true,"href":"https:\/\/nikitanikiforov24.thkit.ee\/wp\/index.php?rest_route=%2Fwp%2Fv2%2Fcomments&post=395"}],"version-history":[{"count":1,"href":"https:\/\/nikitanikiforov24.thkit.ee\/wp\/index.php?rest_route=\/wp\/v2\/pages\/395\/revisions"}],"predecessor-version":[{"id":1114,"href":"https:\/\/nikitanikiforov24.thkit.ee\/wp\/index.php?rest_route=\/wp\/v2\/pages\/395\/revisions\/1114"}],"wp:attachment":[{"href":"https:\/\/nikitanikiforov24.thkit.ee\/wp\/index.php?rest_route=%2Fwp%2Fv2%2Fmedia&parent=395"}],"curies":[{"name":"wp","href":"https:\/\/api.w.org\/{rel}","templated":true}]}}