{"id":421,"date":"2025-03-07T13:05:21","date_gmt":"2025-03-07T11:05:21","guid":{"rendered":"https:\/\/nikiforovnikitaportfolio.wordpress.com\/?page_id=421"},"modified":"2025-03-07T13:05:21","modified_gmt":"2025-03-07T11:05:21","slug":"referaat","status":"publish","type":"page","link":"https:\/\/nikitanikiforov24.thkit.ee\/wp\/?page_id=421","title":{"rendered":"Referaat"},"content":{"rendered":"\n<h2 class=\"wp-block-heading\">Pepper robot<\/h2>\n\n\n\n<figure class=\"wp-block-image size-large is-resized\"><img decoding=\"async\" src=\"https:\/\/nikiforovnikitaportfolio.wordpress.com\/wp-content\/uploads\/2025\/03\/sjz27ikyn8erxr4pepper-1.png?w=683\" alt=\"\" class=\"wp-image-445\" style=\"width:263px;height:auto\" \/><\/figure>\n\n\n\n<ol class=\"wp-block-list\">\n<li><strong>Ajalugu<\/strong><br>Pepperi t\u00f6\u00f6tas v\u00e4lja SoftBank Robotics ja seda tutvustati esmakordselt 2014. aastal. See robot oli \u00fcks esimesi, mis oli m\u00f5eldud inimestega suhtlemiseks emotsionaalsete ja intellektuaalsete reaktsioonide kaudu.<\/li>\n\n\n\n<li><strong>T\u00f6\u00f6 printsiip<\/strong><br>Pepperi toiteallikaks on tehisintellekti s\u00fcsteem, mis kasutab loomulikku keelet\u00f6\u00f6tlust ja emotsioonide tuvastamise tehnoloogiaid. See v\u00f5imaldab robotil oma k\u00e4itumise kohandamiseks anal\u00fc\u00fcsida n\u00e4oilmeid, h\u00e4\u00e4le intonatsioone ja \u017eeste.<\/li>\n\n\n\n<li><strong>Roboti loomise eesm\u00e4rk<\/strong><br>Pepperi loomise p\u00f5hieesm\u00e4rk oli pakkuda robot-assistenti, et parandada inimeste ja tehnoloogia vahelist suhtlust. See loodi kasutajate kaaslaseks, abistades hariduses, klienditeeninduses ning tervishoiu- ja sotsiaalhoolekandes.<\/li>\n\n\n\n<li><strong>Kasutamine<\/strong><br>Paprikat kasutatakse erinevates valdkondades:\n<ul class=\"wp-block-list\">\n<li>Haridus<\/li>\n\n\n\n<li>Kaubandus ja turundus<\/li>\n\n\n\n<li>Ravim<\/li>\n\n\n\n<li>Meelelahutus<\/li>\n<\/ul>\n<\/li>\n<\/ol>\n\n\n\n<figure class=\"wp-block-image size-large is-resized\"><img decoding=\"async\" src=\"https:\/\/nikiforovnikitaportfolio.wordpress.com\/wp-content\/uploads\/2025\/03\/untitled.jpg?w=300\" alt=\"\" class=\"wp-image-448\" style=\"width:402px;height:auto\" \/><\/figure>\n\n\n\n<ol class=\"wp-block-list\">\n<li><strong>N\u00e4idis video<\/strong><br><a href=\"https:\/\/www.youtube.com\/watch?v=KzwHOufMT_A\">https:\/\/www.youtube.com\/watch?v=KzwHOufMT_A<\/a><\/li>\n\n\n\n<li><strong>Positiivsed ja negatiivsed momendid<\/strong><br>Positiivsed punktid:\n<ul class=\"wp-block-list\">\n<li>Emotsionaalne interaktsioon, sest Pepper suudab reageerida inimeste emotsioonidele, mis aitab luua rohkem inimeste suhtlust tehnoloogiaga.<\/li>\n\n\n\n<li>Mitmek\u00fclgsus t\u00e4nu sellele, et seda saab kasutada erinevates valdkondades \u2013 alates haridusest kuni klienditeeninduseni.<\/li>\n<\/ul>\n<\/li>\n\n\n\n<li>Negatiivsed punktid:\n<ul class=\"wp-block-list\">\n<li>On t\u00e4iesti v\u00f5imalik, et paljude organisatsioonide jaoks v\u00f5ib roboti hind massilise rakendamise jaoks liiga k\u00f5rgeks osutuda.<\/li>\n\n\n\n<li>See v\u00f5ib sattuda ebameeldivatesse olukordadesse, kuna Papperil on piiratud intelligentsus ja see muudab selle kasutamise rasketes olukordades keeruliseks.<\/li>\n<\/ul>\n<\/li>\n\n\n\n<li><strong>Edasiareng<\/strong><br>Pepper, nagu ka teised robotid, areneb edasi. Edaspidi on oodata t\u00e4iustusi masin\u00f5ppe vallas, mis v\u00f5imaldab robotil emotsioonidele veelgi t\u00e4psemalt reageerida ja isegi kasutaja vajadusi ennustada.<\/li>\n\n\n\n<li><strong>Kokkuv\u00f5tte<\/strong><br>Pepper on huvitav ja paljut\u00f5otav robot inimelu parandamiseks. Kuigi sellel pole erilist m\u00f5tet, on see lahe<\/li>\n<\/ol>\n","protected":false},"excerpt":{"rendered":"<p>Pepper robot<\/p>\n","protected":false},"author":1,"featured_media":0,"parent":0,"menu_order":0,"comment_status":"closed","ping_status":"closed","template":"","meta":{"footnotes":""},"class_list":["post-421","page","type-page","status-publish","hentry"],"yoast_head":"<!-- This site is optimized with the Yoast SEO plugin v27.4 - https:\/\/yoast.com\/product\/yoast-seo-wordpress\/ -->\n<title>Referaat - Nikita Nikiforov Portfolio<\/title>\n<meta name=\"robots\" content=\"index, follow, max-snippet:-1, max-image-preview:large, max-video-preview:-1\" \/>\n<link rel=\"canonical\" href=\"https:\/\/nikitanikiforov24.thkit.ee\/wp\/?page_id=421\" \/>\n<meta property=\"og:locale\" content=\"et_EE\" \/>\n<meta property=\"og:type\" content=\"article\" \/>\n<meta property=\"og:title\" content=\"Referaat - Nikita Nikiforov Portfolio\" \/>\n<meta property=\"og:description\" content=\"Pepper robot\" \/>\n<meta property=\"og:url\" content=\"https:\/\/nikitanikiforov24.thkit.ee\/wp\/?page_id=421\" \/>\n<meta property=\"og:site_name\" content=\"Nikita Nikiforov Portfolio\" \/>\n<meta property=\"og:image\" content=\"https:\/\/nikiforovnikitaportfolio.wordpress.com\/wp-content\/uploads\/2025\/03\/sjz27ikyn8erxr4pepper-1.png?w=683\" \/>\n<meta name=\"twitter:card\" content=\"summary_large_image\" \/>\n<meta name=\"twitter:label1\" content=\"Est. reading time\" \/>\n\t<meta name=\"twitter:data1\" content=\"1 minut\" \/>\n<script type=\"application\/ld+json\" class=\"yoast-schema-graph\">{\"@context\":\"https:\\\/\\\/schema.org\",\"@graph\":[{\"@type\":\"WebPage\",\"@id\":\"https:\\\/\\\/nikitanikiforov24.thkit.ee\\\/wp\\\/?page_id=421\",\"url\":\"https:\\\/\\\/nikitanikiforov24.thkit.ee\\\/wp\\\/?page_id=421\",\"name\":\"Referaat - Nikita Nikiforov Portfolio\",\"isPartOf\":{\"@id\":\"https:\\\/\\\/nikitanikiforov24.thkit.ee\\\/wp\\\/#website\"},\"primaryImageOfPage\":{\"@id\":\"https:\\\/\\\/nikitanikiforov24.thkit.ee\\\/wp\\\/?page_id=421#primaryimage\"},\"image\":{\"@id\":\"https:\\\/\\\/nikitanikiforov24.thkit.ee\\\/wp\\\/?page_id=421#primaryimage\"},\"thumbnailUrl\":\"https:\\\/\\\/nikiforovnikitaportfolio.wordpress.com\\\/wp-content\\\/uploads\\\/2025\\\/03\\\/sjz27ikyn8erxr4pepper-1.png?w=683\",\"datePublished\":\"2025-03-07T11:05:21+00:00\",\"breadcrumb\":{\"@id\":\"https:\\\/\\\/nikitanikiforov24.thkit.ee\\\/wp\\\/?page_id=421#breadcrumb\"},\"inLanguage\":\"et\",\"potentialAction\":[{\"@type\":\"ReadAction\",\"target\":[\"https:\\\/\\\/nikitanikiforov24.thkit.ee\\\/wp\\\/?page_id=421\"]}]},{\"@type\":\"ImageObject\",\"inLanguage\":\"et\",\"@id\":\"https:\\\/\\\/nikitanikiforov24.thkit.ee\\\/wp\\\/?page_id=421#primaryimage\",\"url\":\"https:\\\/\\\/nikiforovnikitaportfolio.wordpress.com\\\/wp-content\\\/uploads\\\/2025\\\/03\\\/sjz27ikyn8erxr4pepper-1.png?w=683\",\"contentUrl\":\"https:\\\/\\\/nikiforovnikitaportfolio.wordpress.com\\\/wp-content\\\/uploads\\\/2025\\\/03\\\/sjz27ikyn8erxr4pepper-1.png?w=683\"},{\"@type\":\"BreadcrumbList\",\"@id\":\"https:\\\/\\\/nikitanikiforov24.thkit.ee\\\/wp\\\/?page_id=421#breadcrumb\",\"itemListElement\":[{\"@type\":\"ListItem\",\"position\":1,\"name\":\"Home\",\"item\":\"https:\\\/\\\/nikitanikiforov24.thkit.ee\\\/wp\\\/\"},{\"@type\":\"ListItem\",\"position\":2,\"name\":\"Referaat\"}]},{\"@type\":\"WebSite\",\"@id\":\"https:\\\/\\\/nikitanikiforov24.thkit.ee\\\/wp\\\/#website\",\"url\":\"https:\\\/\\\/nikitanikiforov24.thkit.ee\\\/wp\\\/\",\"name\":\"Nikita Nikiforov Portfolio\",\"description\":\"Noorem Tarkvarendaja\",\"publisher\":{\"@id\":\"https:\\\/\\\/nikitanikiforov24.thkit.ee\\\/wp\\\/#organization\"},\"potentialAction\":[{\"@type\":\"SearchAction\",\"target\":{\"@type\":\"EntryPoint\",\"urlTemplate\":\"https:\\\/\\\/nikitanikiforov24.thkit.ee\\\/wp\\\/?s={search_term_string}\"},\"query-input\":{\"@type\":\"PropertyValueSpecification\",\"valueRequired\":true,\"valueName\":\"search_term_string\"}}],\"inLanguage\":\"et\"},{\"@type\":\"Organization\",\"@id\":\"https:\\\/\\\/nikitanikiforov24.thkit.ee\\\/wp\\\/#organization\",\"name\":\"Nikita Nikiforov Portfolio\",\"url\":\"https:\\\/\\\/nikitanikiforov24.thkit.ee\\\/wp\\\/\",\"logo\":{\"@type\":\"ImageObject\",\"inLanguage\":\"et\",\"@id\":\"https:\\\/\\\/nikitanikiforov24.thkit.ee\\\/wp\\\/#\\\/schema\\\/logo\\\/image\\\/\",\"url\":\"https:\\\/\\\/nikitanikiforov24.thkit.ee\\\/wp\\\/wp-content\\\/uploads\\\/2025\\\/10\\\/0ce66b2c514f64099fc903d1deea8e5c-150x137-removebg-preview.png\",\"contentUrl\":\"https:\\\/\\\/nikitanikiforov24.thkit.ee\\\/wp\\\/wp-content\\\/uploads\\\/2025\\\/10\\\/0ce66b2c514f64099fc903d1deea8e5c-150x137-removebg-preview.png\",\"width\":150,\"height\":137,\"caption\":\"Nikita Nikiforov Portfolio\"},\"image\":{\"@id\":\"https:\\\/\\\/nikitanikiforov24.thkit.ee\\\/wp\\\/#\\\/schema\\\/logo\\\/image\\\/\"}}]}<\/script>\n<!-- \/ Yoast SEO plugin. -->","yoast_head_json":{"title":"Referaat - Nikita Nikiforov Portfolio","robots":{"index":"index","follow":"follow","max-snippet":"max-snippet:-1","max-image-preview":"max-image-preview:large","max-video-preview":"max-video-preview:-1"},"canonical":"https:\/\/nikitanikiforov24.thkit.ee\/wp\/?page_id=421","og_locale":"et_EE","og_type":"article","og_title":"Referaat - Nikita Nikiforov Portfolio","og_description":"Pepper robot","og_url":"https:\/\/nikitanikiforov24.thkit.ee\/wp\/?page_id=421","og_site_name":"Nikita Nikiforov Portfolio","og_image":[{"url":"https:\/\/nikiforovnikitaportfolio.wordpress.com\/wp-content\/uploads\/2025\/03\/sjz27ikyn8erxr4pepper-1.png?w=683","type":"","width":"","height":""}],"twitter_card":"summary_large_image","twitter_misc":{"Est. reading time":"1 minut"},"schema":{"@context":"https:\/\/schema.org","@graph":[{"@type":"WebPage","@id":"https:\/\/nikitanikiforov24.thkit.ee\/wp\/?page_id=421","url":"https:\/\/nikitanikiforov24.thkit.ee\/wp\/?page_id=421","name":"Referaat - Nikita Nikiforov Portfolio","isPartOf":{"@id":"https:\/\/nikitanikiforov24.thkit.ee\/wp\/#website"},"primaryImageOfPage":{"@id":"https:\/\/nikitanikiforov24.thkit.ee\/wp\/?page_id=421#primaryimage"},"image":{"@id":"https:\/\/nikitanikiforov24.thkit.ee\/wp\/?page_id=421#primaryimage"},"thumbnailUrl":"https:\/\/nikiforovnikitaportfolio.wordpress.com\/wp-content\/uploads\/2025\/03\/sjz27ikyn8erxr4pepper-1.png?w=683","datePublished":"2025-03-07T11:05:21+00:00","breadcrumb":{"@id":"https:\/\/nikitanikiforov24.thkit.ee\/wp\/?page_id=421#breadcrumb"},"inLanguage":"et","potentialAction":[{"@type":"ReadAction","target":["https:\/\/nikitanikiforov24.thkit.ee\/wp\/?page_id=421"]}]},{"@type":"ImageObject","inLanguage":"et","@id":"https:\/\/nikitanikiforov24.thkit.ee\/wp\/?page_id=421#primaryimage","url":"https:\/\/nikiforovnikitaportfolio.wordpress.com\/wp-content\/uploads\/2025\/03\/sjz27ikyn8erxr4pepper-1.png?w=683","contentUrl":"https:\/\/nikiforovnikitaportfolio.wordpress.com\/wp-content\/uploads\/2025\/03\/sjz27ikyn8erxr4pepper-1.png?w=683"},{"@type":"BreadcrumbList","@id":"https:\/\/nikitanikiforov24.thkit.ee\/wp\/?page_id=421#breadcrumb","itemListElement":[{"@type":"ListItem","position":1,"name":"Home","item":"https:\/\/nikitanikiforov24.thkit.ee\/wp\/"},{"@type":"ListItem","position":2,"name":"Referaat"}]},{"@type":"WebSite","@id":"https:\/\/nikitanikiforov24.thkit.ee\/wp\/#website","url":"https:\/\/nikitanikiforov24.thkit.ee\/wp\/","name":"Nikita Nikiforov Portfolio","description":"Noorem Tarkvarendaja","publisher":{"@id":"https:\/\/nikitanikiforov24.thkit.ee\/wp\/#organization"},"potentialAction":[{"@type":"SearchAction","target":{"@type":"EntryPoint","urlTemplate":"https:\/\/nikitanikiforov24.thkit.ee\/wp\/?s={search_term_string}"},"query-input":{"@type":"PropertyValueSpecification","valueRequired":true,"valueName":"search_term_string"}}],"inLanguage":"et"},{"@type":"Organization","@id":"https:\/\/nikitanikiforov24.thkit.ee\/wp\/#organization","name":"Nikita Nikiforov Portfolio","url":"https:\/\/nikitanikiforov24.thkit.ee\/wp\/","logo":{"@type":"ImageObject","inLanguage":"et","@id":"https:\/\/nikitanikiforov24.thkit.ee\/wp\/#\/schema\/logo\/image\/","url":"https:\/\/nikitanikiforov24.thkit.ee\/wp\/wp-content\/uploads\/2025\/10\/0ce66b2c514f64099fc903d1deea8e5c-150x137-removebg-preview.png","contentUrl":"https:\/\/nikitanikiforov24.thkit.ee\/wp\/wp-content\/uploads\/2025\/10\/0ce66b2c514f64099fc903d1deea8e5c-150x137-removebg-preview.png","width":150,"height":137,"caption":"Nikita Nikiforov Portfolio"},"image":{"@id":"https:\/\/nikitanikiforov24.thkit.ee\/wp\/#\/schema\/logo\/image\/"}}]}},"_links":{"self":[{"href":"https:\/\/nikitanikiforov24.thkit.ee\/wp\/index.php?rest_route=\/wp\/v2\/pages\/421","targetHints":{"allow":["GET"]}}],"collection":[{"href":"https:\/\/nikitanikiforov24.thkit.ee\/wp\/index.php?rest_route=\/wp\/v2\/pages"}],"about":[{"href":"https:\/\/nikitanikiforov24.thkit.ee\/wp\/index.php?rest_route=\/wp\/v2\/types\/page"}],"author":[{"embeddable":true,"href":"https:\/\/nikitanikiforov24.thkit.ee\/wp\/index.php?rest_route=\/wp\/v2\/users\/1"}],"replies":[{"embeddable":true,"href":"https:\/\/nikitanikiforov24.thkit.ee\/wp\/index.php?rest_route=%2Fwp%2Fv2%2Fcomments&post=421"}],"version-history":[{"count":0,"href":"https:\/\/nikitanikiforov24.thkit.ee\/wp\/index.php?rest_route=\/wp\/v2\/pages\/421\/revisions"}],"wp:attachment":[{"href":"https:\/\/nikitanikiforov24.thkit.ee\/wp\/index.php?rest_route=%2Fwp%2Fv2%2Fmedia&parent=421"}],"curies":[{"name":"wp","href":"https:\/\/api.w.org\/{rel}","templated":true}]}}