{"id":452,"date":"2025-03-21T13:59:30","date_gmt":"2025-03-21T11:59:30","guid":{"rendered":"https:\/\/nikiforovnikitaportfolio.wordpress.com\/?page_id=452"},"modified":"2025-11-13T14:50:40","modified_gmt":"2025-11-13T12:50:40","slug":"katse-1","status":"publish","type":"page","link":"https:\/\/nikitanikiforov24.thkit.ee\/wp\/?page_id=452","title":{"rendered":"Katse 1. LED ja RGB LED"},"content":{"rendered":"\n<h2 class=\"wp-block-heading\"><strong>Uus funktsioonid<\/strong><\/h2>\n\n\n\n<p>pinMode(RED, OUTPUT) \u2013&nbsp;saab kaks v\u00e4\u00e4rtust, mille edastame talle sulgudes kohe p\u00e4rast funktsiooni nime. Esimene on number-pordi number, teine on s\u00f5na INPUT(sisend) v\u00f5i OUTPUT (v\u00e4ljund).<br>digitalWrite(RED, LOW) \u2013 L\u00fclitage LED v\u00e4lja<br>digitalWrite(RED, HIGH) \u2013 L\u00fclitage valgusdiood sisse<br>delay() \u2013 ootus (sekundites)<br>for() &#8211; ts\u00fckkel, mida kasutatakse toimingu kordamiseks<\/p>\n\n\n\n<h2 class=\"wp-block-heading\"><strong>Kaste 1<\/strong><\/h2>\n\n\n\n<h3 class=\"wp-block-heading\"><strong>T\u00f6\u00f6 protsess<\/strong><\/h3>\n\n\n\n<p><br>LED-lamp s\u00fcttib 1 sekundiks, seej\u00e4rel kustub 1 sekundiks ja kordub l\u00f5putult.<\/p>\n\n\n\n<h3 class=\"wp-block-heading\"><strong>Kasutatud:<\/strong><\/h3>\n\n\n\n<p><br>1x Arduino uno<br>1x LED lamp<br>1x 220 oomi takisti<br>2x Juhtmed<\/p>\n\n\n<div class=\"wp-block-syntaxhighlighter-code \"><pre class=\"brush: cpp; title: ; notranslate\" title=\"\">\nvoid setup()\n{\n  \/\/ pinMode() m\u00e4\u00e4rab t\u00f6\u00f6re\u017eim\n  pinMode(13, OUTPUT);   \/\/ 13-pini number, INPUT\/OUTPUT(Sisend\/V\u00e4ljund).\n}\n\nvoid loop()\n{\n  digitalWrite(13, HIGH);   \/\/ L\u00fclita sisse\n  delay(1000);              \/\/ Ootab 1 sek  \n  digitalWrite(13, LOW);    \/\/ L\u00fclita v\u00e4lja\n  delay(1000);              \/\/ Ootab 1 sek\n}\n<\/pre><\/div>\n\n\n<figure class=\"wp-block-image size-large\"><img decoding=\"async\" src=\"https:\/\/nikiforovnikitaportfolio.wordpress.com\/wp-content\/uploads\/2025\/03\/pilt-8.png?w=933\" alt=\"\" class=\"wp-image-461\"\/><\/figure>\n\n\n\n<p><strong>Kaste 1.2<\/strong><\/p>\n\n\n\n<p><strong>T\u00f6\u00f6 protsess<\/strong><br>Muudab LED-i v\u00e4rvi rgb-s, alustades ja l\u00f5petades punasega<\/p>\n\n\n\n<p><strong>Kasutatud:<\/strong><br>1x Arduino uno<br>1x LED RGB lamp<br>3x 220 oomi takisti<br>5x Juhtmed<\/p>\n\n\n<div class=\"wp-block-syntaxhighlighter-code \"><pre class=\"brush: cpp; title: ; notranslate\" title=\"\">\nconst int RED_PIN = 11;\nconst int GREEN_PIN = 9;\nconst int BLUE_PIN = 10;\nint DISPLAY_TIME = 100;  \/\/ v\u00e4rvimuutuse kiirus\n\nvoid setup()\n{\n  pinMode(RED_PIN, OUTPUT);\n  pinMode(GREEN_PIN, OUTPUT);\n  pinMode(BLUE_PIN, OUTPUT);\n}\n\nvoid loop()\n{\nmainColors();\nshowSpectrum();\n}\n\nvoid mainColors()\n{\n\n\/\/ K\u00f5ik LEDid on v\u00e4lja l\u00fclitatud\n  digitalWrite(RED_PIN, LOW);\n  digitalWrite(GREEN_PIN, LOW);\n  digitalWrite(BLUE_PIN, LOW);\n  delay(1000);\n\n\/\/P\u00f5leb punane\n  digitalWrite(RED_PIN, HIGH);\n  digitalWrite(GREEN_PIN, LOW);\n  digitalWrite(BLUE_PIN, LOW);\n  delay(1000);\n\n\/\/ P\u00f5leb roheline\n  digitalWrite(RED_PIN, LOW);\n  digitalWrite(GREEN_PIN, HIGH);\n  digitalWrite(BLUE_PIN, LOW);\n  delay(1000);\n\n\/\/ Sinine on sisse l\u00fclitatud\n  digitalWrite(RED_PIN, LOW);\n  digitalWrite(GREEN_PIN, LOW);\n  digitalWrite(BLUE_PIN, HIGH);\n  delay(1000);\n\n\/\/ Kollane.\n  digitalWrite(RED_PIN, HIGH);\n  digitalWrite(GREEN_PIN, HIGH);\n  digitalWrite(BLUE_PIN, LOW);\n  delay(1000);\n\n\/\/ Lilla\n  digitalWrite(RED_PIN, LOW);\n  digitalWrite(GREEN_PIN, HIGH);\n  digitalWrite(BLUE_PIN, HIGH);\n  delay(1000);\n\n\/\/Roosa\n  digitalWrite(RED_PIN, HIGH);\n  digitalWrite(GREEN_PIN, LOW);\n  digitalWrite(BLUE_PIN, HIGH);\n  delay(1000);\n\n\/\/Valge ehk k\u00f5ik on sisse l\u00fclitatud\n  digitalWrite(RED_PIN, HIGH);\n  digitalWrite(GREEN_PIN, HIGH);\n  digitalWrite(BLUE_PIN, HIGH);\n  delay(1000);\n}\n\n\/\/ Vikerkaar. \n\nvoid showSpectrum()\n{\n  int x;\n  for (x = 0; x &amp;lt; 768; x++)\n  {\n    showRGB(x);  \/\/ \n    delay(10);   \/\/ paus 0,001 sek\n  }\n}\n\n\/\/ ShowRGB()  p\u00f5hiv\u00e4rvid: \n\/\/ 0 = punane \n\/\/ 255 = roheline\n\/\/ 511 = sinine\n\/\/ 767 = j\u00e4lle punane \n\nvoid showRGB(int color)\n{\n  int redIntensity;\n  int greenIntensity;\n  int blueIntensity;\n  if (color &amp;lt;= 255)                \n  {\n    redIntensity = 255 - color;    \/\/ l\u00fclitakse v\u00e4lja punane\n    greenIntensity = color;        \/\/ l\u00fclitakse sisse roheline\n    blueIntensity = 0;             \/\/ sinine on v\u00e4lja l\u00fclitatud\n  }\n  else if (color &amp;lt;= 511)          \n  {\n    redIntensity = 0;                     \/\/ punane on v\u00e4lja l\u00fclitatud\n    greenIntensity = 255 - (color - 256); \n    blueIntensity = (color - 256);        \n  }\n  else if (color &gt;= 512)             \n  {\n    redIntensity = (color - 512);        \n    greenIntensity = 0;                  \n    blueIntensity = 255 - (color - 512);  \n  }\n  analogWrite(RED_PIN, redIntensity); \/\/ punase LED\u00b4i sujuv \u00fcmberl\u00fclitamine\n  analogWrite(BLUE_PIN, blueIntensity);\n  analogWrite(GREEN_PIN, greenIntensity);\n}\n<\/pre><\/div>\n\n\n<figure class=\"wp-block-image size-large\"><img decoding=\"async\" src=\"https:\/\/nikiforovnikitaportfolio.wordpress.com\/wp-content\/uploads\/2025\/03\/pilt-9.png?w=796\" alt=\"\" class=\"wp-image-462\"\/><\/figure>\n\n\n\n<h2 class=\"wp-block-heading\"><strong>Ulesanne 1. Valgusfoor<\/strong><\/h2>\n\n\n\n<p><strong>Valgusfloor<\/strong> (\u00d5petaja oma)<\/p>\n\n\n\n<p>Punane tuli p\u00f5leb 2 sekundit, seej\u00e4rel l\u00fclitub kollaseks, ootab veidi v\u00e4hem kui 1 sekundit ja l\u00fclitub roheliseks. Roheline tuli p\u00f5leb 2 sekundit, seej\u00e4rel hakkab vilkuma, 1 vilkumine iga poole sekundi j\u00e4rel, kokku 6 vilkumist.<\/p>\n\n\n\n<p>1x Arduino UNO<br>3x LED lamp<br>3x 220 oomi takisti<br>4x Juhtmed<\/p>\n\n\n<div class=\"wp-block-syntaxhighlighter-code \"><pre class=\"brush: cpp; title: ; notranslate\" title=\"\">\nint led_red = 13;\nint led_yellow = 12;\nint led_green = 11;\n\nvoid setup()\n{\n  pinMode(led_red, OUTPUT);\n  pinMode(led_yellow, OUTPUT);\n  pinMode(led_green, OUTPUT);\n}\nvoid loop()\n{\n  digitalWrite(led_red, HIGH);\n  delay(2000);\n  \n  digitalWrite(led_yellow, HIGH);\n  delay(700);\n  \n  digitalWrite(led_red, LOW);\n  \n  digitalWrite(led_yellow, LOW);\n  \n  digitalWrite(led_green, HIGH);\n  delay(2000);\n  \n  for (int i = 0; i&lt;6; i++)\n  { \n    digitalWrite(led_green, LOW);\n    delay(500);\n    digitalWrite(led_green, HIGH);\n    delay(500);\n  }\n  digitalWrite(led_green, LOW);\n  digitalWrite(led_yellow, HIGH);\n  delay(700);\n  digitalWrite(led_yellow, LOW);\n}\n<\/pre><\/div>\n\n\n<figure class=\"wp-block-image size-large\"><img decoding=\"async\" src=\"https:\/\/nikiforovnikitaportfolio.wordpress.com\/wp-content\/uploads\/2025\/03\/pilt-10.png?w=902\" alt=\"\" class=\"wp-image-469\"\/><\/figure>\n\n\n\n<p><strong>Valgusfloor<\/strong> (Minu oma)<\/p>\n\n\n\n<p><strong>T\u00f6\u00f6 kirjeldus<\/strong><br>P\u00e4evase ja \u00f6ise t\u00f6\u00f6re\u017eiimiga valgusfoorid<\/p>\n\n\n\n<p><strong><strong><strong>T\u00f6\u00f6 protsess<\/strong><\/strong><\/strong><\/p>\n\n\n\n<p>Muutujad: punane (led_red), kollane (led_yellow), roheline (led_green), ekstra kollane (led_yellow_day), sinine (led_blue_night).<br>K\u00f5ik v\u00e4ljundviigud on konfigureeritud.<br>Kutsutakse p\u00e4evare\u017eiimi paev() ja night().<br>P\u00e4evare\u017eiimis s\u00fcttib k\u00f5igepealt kollane p\u00e4evane LED, seej\u00e4rel s\u00fcttib 2 sekundiks punane tuli, seej\u00e4rel 0,7 sekundiks kollane tuli. Punane ja kollane l\u00fclituvad v\u00e4lja, roheline tuli s\u00fcttib 2 sekundiks, seej\u00e4rel vilgub 6 korda iga 0,5 sekundi j\u00e4rel. L\u00f5puks l\u00fclitub kollane valgus 0,7 sekundiks sisse, seej\u00e4rel l\u00fclitub v\u00e4lja koos p\u00e4evatulelaternaga.<br>\u00d6\u00f6re\u017eiimis l\u00fclitub sinine LED sisse ja kollane vilgub 12 korda iga 0,5 sekundi j\u00e4rel, seej\u00e4rel l\u00fclitub sinine v\u00e4lja.<\/p>\n\n\n\n<p><strong>Komponendid<\/strong><br>1x Arduino UNO<br>5x LED lamp<br>5x 220 oomi takisti<br>6x Juhtmed<\/p>\n\n\n\n<p><strong>Kohandatud funktsioon<\/strong><\/p>\n\n\n\n<p>paev() &#8211; P\u00e4evane foori funktsioon. Punane, kollane ja roheline LED tuled t\u00f6\u00f6tavad<br>night() &#8211; \u00d6\u00f6re\u017eiimi funktsioon. Vilgub kollaselt <\/p>\n\n\n\n<p><strong>Kood<\/strong><\/p>\n\n\n<div class=\"wp-block-syntaxhighlighter-code \"><pre class=\"brush: cpp; title: ; notranslate\" title=\"\">\nint led_red = 13;\nint led_yellow = 12;\nint led_green = 11;\nint led_yellow_day = 8;\nint led_blue_night = 7;\n \nvoid setup()\n{\n  pinMode(led_red, OUTPUT);\n  pinMode(led_yellow, OUTPUT);\n  pinMode(led_green, OUTPUT);\n  pinMode(led_yellow_day, OUTPUT);\n  pinMode(led_blue_night, OUTPUT);\n}\nvoid loop()\n{\npaev();\npaev();\nnight();\n\n}\nvoid paev()\n{\n  digitalWrite(led_yellow_day, HIGH);\n   \n  digitalWrite(led_red, HIGH);\n  delay(2000);\n   \n  digitalWrite(led_yellow, HIGH);\n  delay(700);\n   \n  digitalWrite(led_red, LOW);\n   \n  digitalWrite(led_yellow, LOW);\n   \n  digitalWrite(led_green, HIGH);\n  delay(2000);\n   \n  for (int i = 0; i&lt;6; i++)\n  { \n    digitalWrite(led_green, LOW);\n    delay(500);\n    digitalWrite(led_green, HIGH);\n    delay(500);\n  }\n  digitalWrite(led_green, LOW);\n  digitalWrite(led_yellow, HIGH);\n  delay(700);\n  digitalWrite(led_yellow, LOW);\n\n  digitalWrite(led_yellow_day, LOW);\n}\n\nvoid night()\n{\n  digitalWrite(led_blue_night, HIGH);\n  \n  for (int i = 0; i&lt;12; i++)\n  { \n    digitalWrite(led_yellow, LOW);\n    delay(500);\n    digitalWrite(led_yellow, HIGH);\n    delay(500);\n  }\n  digitalWrite(led_blue_night, LOW);\n}\n<\/pre><\/div>\n\n\n<p><strong>Skeem<\/strong><\/p>\n\n\n\n<figure class=\"wp-block-image size-large\"><img decoding=\"async\" src=\"https:\/\/nikiforovnikitaportfolio.wordpress.com\/wp-content\/uploads\/2025\/03\/pilt-11.png?w=794\" alt=\"\" class=\"wp-image-481\"\/><\/figure>\n\n\n\n<p><strong>Video<\/strong><\/p>\n\n\n\n<figure class=\"wp-block-embed is-type-video is-provider-youtube wp-block-embed-youtube wp-embed-aspect-4-3 wp-has-aspect-ratio\"><div class=\"wp-block-embed__wrapper\">\n<iframe loading=\"lazy\" title=\"valgusfloor\" width=\"500\" height=\"375\" src=\"https:\/\/www.youtube.com\/embed\/kxqqgM6y-x4?feature=oembed\" frameborder=\"0\" allow=\"accelerometer; autoplay; clipboard-write; encrypted-media; gyroscope; picture-in-picture; web-share\" referrerpolicy=\"strict-origin-when-cross-origin\" allowfullscreen><\/iframe>\n<\/div><\/figure>\n\n\n\n<p><strong>Kasutusv\u00f5imalusi igap\u00e4evaelus.<\/strong><\/p>\n\n\n\n<p>Integreerige see valgustuse juhtimiss\u00fcsteemi, muutes t\u00f6\u00f6re\u017eiimi olenevalt kellaajast.<\/p>\n\n\n\n<p>Allikad:<\/p>\n\n\n\n<p>Arduino Official site ja teine.<\/p>\n\n\n\n<p><\/p>\n","protected":false},"excerpt":{"rendered":"<p>Uus funktsioonid pinMode(RED, OUTPUT) \u2013&nbsp;saab kaks v\u00e4\u00e4rtust, mille edastame talle sulgudes kohe p\u00e4rast funktsiooni nime. Esimene on number-pordi number, teine on s\u00f5na INPUT(sisend) v\u00f5i OUTPUT (v\u00e4ljund).digitalWrite(RED, LOW) \u2013 L\u00fclitage LED v\u00e4ljadigitalWrite(RED, HIGH) \u2013 L\u00fclitage valgusdiood sissedelay() \u2013 ootus (sekundites)for() &#8211; ts\u00fckkel, mida kasutatakse toimingu kordamiseks Kaste 1 T\u00f6\u00f6 protsess LED-lamp s\u00fcttib 1 sekundiks, seej\u00e4rel kustub [&hellip;]<\/p>\n","protected":false},"author":1,"featured_media":0,"parent":0,"menu_order":0,"comment_status":"closed","ping_status":"closed","template":"","meta":{"footnotes":""},"class_list":["post-452","page","type-page","status-publish","hentry"],"yoast_head":"<!-- This site is optimized with the Yoast SEO plugin v27.4 - https:\/\/yoast.com\/product\/yoast-seo-wordpress\/ -->\n<title>Arduino LED ja RGB LED - Nikita Nikiforov Portfolio<\/title>\n<meta name=\"description\" content=\"Selles \u00f5petuses \u00f5pid, kuidas RGB-LEDid t\u00f6\u00f6tavad ja kuidas neid Arduinoga v\u00f5i muudes vooluringides kasutada, et tekitada erinevaid v\u00e4rve....\" \/>\n<meta name=\"robots\" content=\"index, follow, max-snippet:-1, max-image-preview:large, max-video-preview:-1\" \/>\n<link rel=\"canonical\" href=\"https:\/\/nikitanikiforov24.thkit.ee\/wp\/?page_id=452\" \/>\n<meta property=\"og:locale\" content=\"et_EE\" \/>\n<meta property=\"og:type\" content=\"article\" \/>\n<meta property=\"og:title\" content=\"Arduino LED ja RGB LED - Nikita Nikiforov Portfolio\" \/>\n<meta property=\"og:description\" content=\"Selles \u00f5petuses \u00f5pid, kuidas RGB-LEDid t\u00f6\u00f6tavad ja kuidas neid Arduinoga v\u00f5i muudes vooluringides kasutada, et tekitada erinevaid v\u00e4rve....\" \/>\n<meta property=\"og:url\" content=\"https:\/\/nikitanikiforov24.thkit.ee\/wp\/?page_id=452\" \/>\n<meta property=\"og:site_name\" content=\"Nikita Nikiforov Portfolio\" \/>\n<meta property=\"article:modified_time\" content=\"2025-11-13T12:50:40+00:00\" \/>\n<meta property=\"og:image\" content=\"https:\/\/nikiforovnikitaportfolio.wordpress.com\/wp-content\/uploads\/2025\/03\/pilt-8.png?w=933\" \/>\n<meta name=\"twitter:card\" content=\"summary_large_image\" \/>\n<meta name=\"twitter:label1\" content=\"Est. reading time\" \/>\n\t<meta name=\"twitter:data1\" content=\"3 minutit\" \/>\n<script type=\"application\/ld+json\" class=\"yoast-schema-graph\">{\"@context\":\"https:\\\/\\\/schema.org\",\"@graph\":[{\"@type\":\"WebPage\",\"@id\":\"https:\\\/\\\/nikitanikiforov24.thkit.ee\\\/wp\\\/?page_id=452\",\"url\":\"https:\\\/\\\/nikitanikiforov24.thkit.ee\\\/wp\\\/?page_id=452\",\"name\":\"Arduino LED ja RGB LED - Nikita Nikiforov Portfolio\",\"isPartOf\":{\"@id\":\"https:\\\/\\\/nikitanikiforov24.thkit.ee\\\/wp\\\/#website\"},\"primaryImageOfPage\":{\"@id\":\"https:\\\/\\\/nikitanikiforov24.thkit.ee\\\/wp\\\/?page_id=452#primaryimage\"},\"image\":{\"@id\":\"https:\\\/\\\/nikitanikiforov24.thkit.ee\\\/wp\\\/?page_id=452#primaryimage\"},\"thumbnailUrl\":\"https:\\\/\\\/nikiforovnikitaportfolio.wordpress.com\\\/wp-content\\\/uploads\\\/2025\\\/03\\\/pilt-8.png?w=933\",\"datePublished\":\"2025-03-21T11:59:30+00:00\",\"dateModified\":\"2025-11-13T12:50:40+00:00\",\"description\":\"Selles \u00f5petuses \u00f5pid, kuidas RGB-LEDid t\u00f6\u00f6tavad ja kuidas neid Arduinoga v\u00f5i muudes vooluringides kasutada, et tekitada erinevaid v\u00e4rve....\",\"breadcrumb\":{\"@id\":\"https:\\\/\\\/nikitanikiforov24.thkit.ee\\\/wp\\\/?page_id=452#breadcrumb\"},\"inLanguage\":\"et\",\"potentialAction\":[{\"@type\":\"ReadAction\",\"target\":[\"https:\\\/\\\/nikitanikiforov24.thkit.ee\\\/wp\\\/?page_id=452\"]}]},{\"@type\":\"ImageObject\",\"inLanguage\":\"et\",\"@id\":\"https:\\\/\\\/nikitanikiforov24.thkit.ee\\\/wp\\\/?page_id=452#primaryimage\",\"url\":\"https:\\\/\\\/nikiforovnikitaportfolio.wordpress.com\\\/wp-content\\\/uploads\\\/2025\\\/03\\\/pilt-8.png?w=933\",\"contentUrl\":\"https:\\\/\\\/nikiforovnikitaportfolio.wordpress.com\\\/wp-content\\\/uploads\\\/2025\\\/03\\\/pilt-8.png?w=933\"},{\"@type\":\"BreadcrumbList\",\"@id\":\"https:\\\/\\\/nikitanikiforov24.thkit.ee\\\/wp\\\/?page_id=452#breadcrumb\",\"itemListElement\":[{\"@type\":\"ListItem\",\"position\":1,\"name\":\"Home\",\"item\":\"https:\\\/\\\/nikitanikiforov24.thkit.ee\\\/wp\\\/\"},{\"@type\":\"ListItem\",\"position\":2,\"name\":\"Katse 1. LED ja RGB LED\"}]},{\"@type\":\"WebSite\",\"@id\":\"https:\\\/\\\/nikitanikiforov24.thkit.ee\\\/wp\\\/#website\",\"url\":\"https:\\\/\\\/nikitanikiforov24.thkit.ee\\\/wp\\\/\",\"name\":\"Nikita Nikiforov Portfolio\",\"description\":\"Noorem Tarkvarendaja\",\"publisher\":{\"@id\":\"https:\\\/\\\/nikitanikiforov24.thkit.ee\\\/wp\\\/#organization\"},\"potentialAction\":[{\"@type\":\"SearchAction\",\"target\":{\"@type\":\"EntryPoint\",\"urlTemplate\":\"https:\\\/\\\/nikitanikiforov24.thkit.ee\\\/wp\\\/?s={search_term_string}\"},\"query-input\":{\"@type\":\"PropertyValueSpecification\",\"valueRequired\":true,\"valueName\":\"search_term_string\"}}],\"inLanguage\":\"et\"},{\"@type\":\"Organization\",\"@id\":\"https:\\\/\\\/nikitanikiforov24.thkit.ee\\\/wp\\\/#organization\",\"name\":\"Nikita Nikiforov Portfolio\",\"url\":\"https:\\\/\\\/nikitanikiforov24.thkit.ee\\\/wp\\\/\",\"logo\":{\"@type\":\"ImageObject\",\"inLanguage\":\"et\",\"@id\":\"https:\\\/\\\/nikitanikiforov24.thkit.ee\\\/wp\\\/#\\\/schema\\\/logo\\\/image\\\/\",\"url\":\"https:\\\/\\\/nikitanikiforov24.thkit.ee\\\/wp\\\/wp-content\\\/uploads\\\/2025\\\/10\\\/0ce66b2c514f64099fc903d1deea8e5c-150x137-removebg-preview.png\",\"contentUrl\":\"https:\\\/\\\/nikitanikiforov24.thkit.ee\\\/wp\\\/wp-content\\\/uploads\\\/2025\\\/10\\\/0ce66b2c514f64099fc903d1deea8e5c-150x137-removebg-preview.png\",\"width\":150,\"height\":137,\"caption\":\"Nikita Nikiforov Portfolio\"},\"image\":{\"@id\":\"https:\\\/\\\/nikitanikiforov24.thkit.ee\\\/wp\\\/#\\\/schema\\\/logo\\\/image\\\/\"}}]}<\/script>\n<!-- \/ Yoast SEO plugin. -->","yoast_head_json":{"title":"Arduino LED ja RGB LED - Nikita Nikiforov Portfolio","description":"Selles \u00f5petuses \u00f5pid, kuidas RGB-LEDid t\u00f6\u00f6tavad ja kuidas neid Arduinoga v\u00f5i muudes vooluringides kasutada, et tekitada erinevaid v\u00e4rve....","robots":{"index":"index","follow":"follow","max-snippet":"max-snippet:-1","max-image-preview":"max-image-preview:large","max-video-preview":"max-video-preview:-1"},"canonical":"https:\/\/nikitanikiforov24.thkit.ee\/wp\/?page_id=452","og_locale":"et_EE","og_type":"article","og_title":"Arduino LED ja RGB LED - Nikita Nikiforov Portfolio","og_description":"Selles \u00f5petuses \u00f5pid, kuidas RGB-LEDid t\u00f6\u00f6tavad ja kuidas neid Arduinoga v\u00f5i muudes vooluringides kasutada, et tekitada erinevaid v\u00e4rve....","og_url":"https:\/\/nikitanikiforov24.thkit.ee\/wp\/?page_id=452","og_site_name":"Nikita Nikiforov Portfolio","article_modified_time":"2025-11-13T12:50:40+00:00","og_image":[{"url":"https:\/\/nikiforovnikitaportfolio.wordpress.com\/wp-content\/uploads\/2025\/03\/pilt-8.png?w=933","type":"","width":"","height":""}],"twitter_card":"summary_large_image","twitter_misc":{"Est. reading time":"3 minutit"},"schema":{"@context":"https:\/\/schema.org","@graph":[{"@type":"WebPage","@id":"https:\/\/nikitanikiforov24.thkit.ee\/wp\/?page_id=452","url":"https:\/\/nikitanikiforov24.thkit.ee\/wp\/?page_id=452","name":"Arduino LED ja RGB LED - Nikita Nikiforov Portfolio","isPartOf":{"@id":"https:\/\/nikitanikiforov24.thkit.ee\/wp\/#website"},"primaryImageOfPage":{"@id":"https:\/\/nikitanikiforov24.thkit.ee\/wp\/?page_id=452#primaryimage"},"image":{"@id":"https:\/\/nikitanikiforov24.thkit.ee\/wp\/?page_id=452#primaryimage"},"thumbnailUrl":"https:\/\/nikiforovnikitaportfolio.wordpress.com\/wp-content\/uploads\/2025\/03\/pilt-8.png?w=933","datePublished":"2025-03-21T11:59:30+00:00","dateModified":"2025-11-13T12:50:40+00:00","description":"Selles \u00f5petuses \u00f5pid, kuidas RGB-LEDid t\u00f6\u00f6tavad ja kuidas neid Arduinoga v\u00f5i muudes vooluringides kasutada, et tekitada erinevaid v\u00e4rve....","breadcrumb":{"@id":"https:\/\/nikitanikiforov24.thkit.ee\/wp\/?page_id=452#breadcrumb"},"inLanguage":"et","potentialAction":[{"@type":"ReadAction","target":["https:\/\/nikitanikiforov24.thkit.ee\/wp\/?page_id=452"]}]},{"@type":"ImageObject","inLanguage":"et","@id":"https:\/\/nikitanikiforov24.thkit.ee\/wp\/?page_id=452#primaryimage","url":"https:\/\/nikiforovnikitaportfolio.wordpress.com\/wp-content\/uploads\/2025\/03\/pilt-8.png?w=933","contentUrl":"https:\/\/nikiforovnikitaportfolio.wordpress.com\/wp-content\/uploads\/2025\/03\/pilt-8.png?w=933"},{"@type":"BreadcrumbList","@id":"https:\/\/nikitanikiforov24.thkit.ee\/wp\/?page_id=452#breadcrumb","itemListElement":[{"@type":"ListItem","position":1,"name":"Home","item":"https:\/\/nikitanikiforov24.thkit.ee\/wp\/"},{"@type":"ListItem","position":2,"name":"Katse 1. LED ja RGB LED"}]},{"@type":"WebSite","@id":"https:\/\/nikitanikiforov24.thkit.ee\/wp\/#website","url":"https:\/\/nikitanikiforov24.thkit.ee\/wp\/","name":"Nikita Nikiforov Portfolio","description":"Noorem Tarkvarendaja","publisher":{"@id":"https:\/\/nikitanikiforov24.thkit.ee\/wp\/#organization"},"potentialAction":[{"@type":"SearchAction","target":{"@type":"EntryPoint","urlTemplate":"https:\/\/nikitanikiforov24.thkit.ee\/wp\/?s={search_term_string}"},"query-input":{"@type":"PropertyValueSpecification","valueRequired":true,"valueName":"search_term_string"}}],"inLanguage":"et"},{"@type":"Organization","@id":"https:\/\/nikitanikiforov24.thkit.ee\/wp\/#organization","name":"Nikita Nikiforov Portfolio","url":"https:\/\/nikitanikiforov24.thkit.ee\/wp\/","logo":{"@type":"ImageObject","inLanguage":"et","@id":"https:\/\/nikitanikiforov24.thkit.ee\/wp\/#\/schema\/logo\/image\/","url":"https:\/\/nikitanikiforov24.thkit.ee\/wp\/wp-content\/uploads\/2025\/10\/0ce66b2c514f64099fc903d1deea8e5c-150x137-removebg-preview.png","contentUrl":"https:\/\/nikitanikiforov24.thkit.ee\/wp\/wp-content\/uploads\/2025\/10\/0ce66b2c514f64099fc903d1deea8e5c-150x137-removebg-preview.png","width":150,"height":137,"caption":"Nikita Nikiforov Portfolio"},"image":{"@id":"https:\/\/nikitanikiforov24.thkit.ee\/wp\/#\/schema\/logo\/image\/"}}]}},"_links":{"self":[{"href":"https:\/\/nikitanikiforov24.thkit.ee\/wp\/index.php?rest_route=\/wp\/v2\/pages\/452","targetHints":{"allow":["GET"]}}],"collection":[{"href":"https:\/\/nikitanikiforov24.thkit.ee\/wp\/index.php?rest_route=\/wp\/v2\/pages"}],"about":[{"href":"https:\/\/nikitanikiforov24.thkit.ee\/wp\/index.php?rest_route=\/wp\/v2\/types\/page"}],"author":[{"embeddable":true,"href":"https:\/\/nikitanikiforov24.thkit.ee\/wp\/index.php?rest_route=\/wp\/v2\/users\/1"}],"replies":[{"embeddable":true,"href":"https:\/\/nikitanikiforov24.thkit.ee\/wp\/index.php?rest_route=%2Fwp%2Fv2%2Fcomments&post=452"}],"version-history":[{"count":1,"href":"https:\/\/nikitanikiforov24.thkit.ee\/wp\/index.php?rest_route=\/wp\/v2\/pages\/452\/revisions"}],"predecessor-version":[{"id":1149,"href":"https:\/\/nikitanikiforov24.thkit.ee\/wp\/index.php?rest_route=\/wp\/v2\/pages\/452\/revisions\/1149"}],"wp:attachment":[{"href":"https:\/\/nikitanikiforov24.thkit.ee\/wp\/index.php?rest_route=%2Fwp%2Fv2%2Fmedia&parent=452"}],"curies":[{"name":"wp","href":"https:\/\/api.w.org\/{rel}","templated":true}]}}