{"id":501,"date":"2025-04-11T08:51:09","date_gmt":"2025-04-11T05:51:09","guid":{"rendered":"https:\/\/nikiforovnikitaportfolio.wordpress.com\/?page_id=501"},"modified":"2025-10-28T18:58:11","modified_gmt":"2025-10-28T16:58:11","slug":"graafid-infosusteemides-graafiteooria","status":"publish","type":"page","link":"https:\/\/nikitanikiforov24.thkit.ee\/wp\/?page_id=501","title":{"rendered":"Graafid infos\u00fcsteemides graafiteooria"},"content":{"rendered":"\n<figure class=\"wp-block-image size-large\"><img decoding=\"async\" src=\"https:\/\/nikiforovnikitaportfolio.wordpress.com\/wp-content\/uploads\/2025\/04\/pilt.png?w=767\" alt=\"\" class=\"wp-image-502\" \/><\/figure>\n\n\n\n<h2 class=\"wp-block-heading has-text-align-center\"><strong>GRAAFI STRUUKTUUR<\/strong><\/h2>\n\n\n\n<figure class=\"wp-block-image size-large\"><img decoding=\"async\" src=\"https:\/\/nikiforovnikitaportfolio.wordpress.com\/wp-content\/uploads\/2025\/04\/pilt-1.png?w=630\" alt=\"\" class=\"wp-image-504\" \/><\/figure>\n\n\n\n<p>\u0413\u0420\u0410\u0424 \u2014 \u044d\u0442\u043e \u0441\u0442\u0440\u0443\u043a\u0442\u0443\u0440\u0430, \u0438\u043c\u0435\u044e\u0449\u0430\u044f \u0432\u0435\u0440\u0448\u0438\u043d\u044b, \u0441\u043e\u0435\u0434\u0438\u043d\u0435\u043d\u043d\u044b\u0435 \u0434\u0440\u0443\u0433 \u0441 \u0434\u0440\u0443\u0433\u043e\u043c \u0440\u0435\u0431\u0440\u0430\u043c\u0438.<br>\u041d\u0430\u043f\u0440\u0430\u0432\u043b\u0435\u043d\u043d\u044b\u0435 \u0440\u0435\u0431\u0440\u0430 \u2013 \u0434\u0443\u0433\u0430\/\u0434\u0443\u0433\u0438.<br>\u041d\u0435\u043d\u0430\u043f\u0440\u0430\u0432\u043b\u0435\u043d\u043d\u044b\u0435 \u043a\u0440\u0430\u044f<br><strong>Eesti keel<\/strong><br>GRAAF on struktuur, mis omab tippud ja tippud on oma vahel seotud servadega<br>Suunatud servad \u2013 kaar\/ kaared<br>Suunamata servad<\/p>\n\n\n\n<h2 class=\"wp-block-heading\"><strong>Suunamata graaf kui graafi servad on suunamata<\/strong><br>\u041d\u0435\u043e\u0440\u0438\u0435\u043d\u0442\u0438\u0440\u043e\u0432\u0430\u043d\u043d\u044b\u0439 \u0433\u0440\u0430\u0444 \u2014 \u044d\u0442\u043e \u0433\u0440\u0430\u0444, \u0432 \u043a\u043e\u0442\u043e\u0440\u043e\u043c \u0440\u0435\u0431\u0440\u0430 \u043d\u0435\u043e\u0440\u0438\u0435\u043d\u0442\u0438\u0440\u043e\u0432\u0430\u043d\u044b.<\/h2>\n\n\n\n<figure class=\"wp-block-image size-large\"><img decoding=\"async\" src=\"https:\/\/nikiforovnikitaportfolio.wordpress.com\/wp-content\/uploads\/2025\/04\/pilt-2.png?w=647\" alt=\"\" class=\"wp-image-506\" \/><\/figure>\n\n\n\n<figure class=\"wp-block-image size-large\"><img decoding=\"async\" src=\"https:\/\/nikiforovnikitaportfolio.wordpress.com\/wp-content\/uploads\/2025\/04\/pilt-3.png?w=723\" alt=\"\" class=\"wp-image-507\" \/><\/figure>\n\n\n\n<h2 class=\"wp-block-heading\"><strong>2.Suunatud Graaf, graaf kus on k\u00f5ik servad on suunatud<\/strong><br>2.\u041e\u0440\u0438\u0435\u043d\u0442\u0438\u0440\u043e\u0432\u0430\u043d\u043d\u044b\u0439 \u0433\u0440\u0430\u0444, \u0433\u0440\u0430\u0444, \u0432 \u043a\u043e\u0442\u043e\u0440\u043e\u043c \u0432\u0441\u0435 \u0440\u0435\u0431\u0440\u0430 \u043d\u0430\u043f\u0440\u0430\u0432\u043b\u0435\u043d\u044b<\/h2>\n\n\n\n<p>3. SEGAGRAAF \u2013\u0441\u043c\u0435\u0448\u0430\u043d\u043d\u044b\u0439<br>Kui graafil on suunatud ja suunamata servad<br>\u0415\u0441\u043b\u0438 \u0433\u0440\u0430\u0444 \u0438\u043c\u0435\u0435\u0442 \u043d\u0430\u043f\u0440\u0430\u0432\u043b\u0435\u043d\u043d\u044b\u0435 \u0438 \u0441\u043c\u0435\u0448\u0430\u043d\u043d\u044b\u0435 \u0440\u0435\u0431\u0440\u0430<br><\/p>\n\n\n\n<figure class=\"wp-block-image size-large\"><img decoding=\"async\" src=\"https:\/\/nikiforovnikitaportfolio.wordpress.com\/wp-content\/uploads\/2025\/04\/pilt-4.png?w=571\" alt=\"\" class=\"wp-image-509\" \/><\/figure>\n\n\n\n<h2 class=\"wp-block-heading has-text-align-center\"><strong>\u0412\u0437\u0432\u0435\u0448\u0435\u043d\u043d\u044b\u0439 \u0433\u0440\u0430\u0444<\/strong><br>Kaalutud graaf NaabrusMaatriks<\/h2>\n\n\n\n<figure class=\"wp-block-image size-large\"><img decoding=\"async\" src=\"https:\/\/nikiforovnikitaportfolio.wordpress.com\/wp-content\/uploads\/2025\/04\/pilt-6.png?w=744\" alt=\"\" class=\"wp-image-515\" \/><\/figure>\n\n\n\n<figure class=\"wp-block-image size-large\"><img decoding=\"async\" src=\"https:\/\/nikiforovnikitaportfolio.wordpress.com\/wp-content\/uploads\/2025\/04\/pilt-7.png?w=474\" alt=\"\" class=\"wp-image-516\" \/><\/figure>\n\n\n\n<h2 class=\"wp-block-heading has-text-align-center\"><strong>\u0421\u0435\u043c\u0430\u043d\u0442\u0438\u0447\u0435\u0441\u043a\u0430\u044f \u0441\u0435\u0442\u044c<\/strong><br><strong>Semantiline v\u00f5rk<\/strong><\/h2>\n\n\n\n<p>Semantiline v\u00f5rk mis n\u00e4itab tegevused ja s\u00f5ltuvused objektide vahel.<br>Ovaalid=objektid.<br>Nooled v\u00f5i servad n\u00e4itavad s\u00f5ltuvused \/tegevused.<\/p>\n\n\n\n<p>\u0421\u0435\u043c\u0430\u043d\u0442\u0438\u0447\u0435\u0441\u043a\u0430\u044f \u0441\u0435\u0442\u044c, \u043f\u043e\u043a\u0430\u0437\u044b\u0432\u0430\u044e\u0449\u0430\u044f \u0434\u0435\u0439\u0441\u0442\u0432\u0438\u044f \u0438 \u0437\u0430\u0432\u0438\u0441\u0438\u043c\u043e\u0441\u0442\u0438 \u043c\u0435\u0436\u0434\u0443 \u043e\u0431\u044a\u0435\u043a\u0442\u0430\u043c\u0438.<br>\u041e\u0432\u0430\u043b\u044b=\u043e\u0431\u044a\u0435\u043a\u0442\u044b.<br>\u0421\u0442\u0440\u0435\u043b\u043a\u0438 \u0438\u043b\u0438 \u0440\u0435\u0431\u0440\u0430 \u0443\u043a\u0430\u0437\u044b\u0432\u0430\u044e\u0442 \u043d\u0430 \u0437\u0430\u0432\u0438\u0441\u0438\u043c\u043e\u0441\u0442\u0438\/\u0434\u0435\u0439\u0441\u0442\u0432\u0438\u044f.<\/p>\n\n\n\n<figure class=\"wp-block-image size-large\"><img decoding=\"async\" src=\"https:\/\/nikiforovnikitaportfolio.wordpress.com\/wp-content\/uploads\/2025\/04\/pilt-8.png?w=857\" alt=\"\" class=\"wp-image-519\" \/><\/figure>\n\n\n\n<p><\/p>\n","protected":false},"excerpt":{"rendered":"<p>GRAAFI STRUUKTUUR \u0413\u0420\u0410\u0424 \u2014 \u044d\u0442\u043e \u0441\u0442\u0440\u0443\u043a\u0442\u0443\u0440\u0430, \u0438\u043c\u0435\u044e\u0449\u0430\u044f \u0432\u0435\u0440\u0448\u0438\u043d\u044b, \u0441\u043e\u0435\u0434\u0438\u043d\u0435\u043d\u043d\u044b\u0435 \u0434\u0440\u0443\u0433 \u0441 \u0434\u0440\u0443\u0433\u043e\u043c \u0440\u0435\u0431\u0440\u0430\u043c\u0438.\u041d\u0430\u043f\u0440\u0430\u0432\u043b\u0435\u043d\u043d\u044b\u0435 \u0440\u0435\u0431\u0440\u0430 \u2013 \u0434\u0443\u0433\u0430\/\u0434\u0443\u0433\u0438.\u041d\u0435\u043d\u0430\u043f\u0440\u0430\u0432\u043b\u0435\u043d\u043d\u044b\u0435 \u043a\u0440\u0430\u044fEesti keelGRAAF on struktuur, mis omab tippud ja tippud on oma vahel seotud servadegaSuunatud servad \u2013 kaar\/ kaaredSuunamata servad Suunamata graaf kui graafi servad on suunamata\u041d\u0435\u043e\u0440\u0438\u0435\u043d\u0442\u0438\u0440\u043e\u0432\u0430\u043d\u043d\u044b\u0439 \u0433\u0440\u0430\u0444 \u2014 \u044d\u0442\u043e \u0433\u0440\u0430\u0444, \u0432 \u043a\u043e\u0442\u043e\u0440\u043e\u043c \u0440\u0435\u0431\u0440\u0430 \u043d\u0435\u043e\u0440\u0438\u0435\u043d\u0442\u0438\u0440\u043e\u0432\u0430\u043d\u044b. 2.Suunatud Graaf, graaf kus on [&hellip;]<\/p>\n","protected":false},"author":1,"featured_media":0,"parent":0,"menu_order":0,"comment_status":"closed","ping_status":"closed","template":"","meta":{"footnotes":""},"class_list":["post-501","page","type-page","status-publish","hentry"],"yoast_head":"<!-- This site is optimized with the Yoast SEO plugin v27.4 - https:\/\/yoast.com\/product\/yoast-seo-wordpress\/ -->\n<title>Graafid infos\u00fcsteemides graafiteooria - Nikita Nikiforov Portfolio<\/title>\n<meta name=\"robots\" content=\"index, follow, max-snippet:-1, max-image-preview:large, max-video-preview:-1\" \/>\n<link rel=\"canonical\" href=\"https:\/\/nikitanikiforov24.thkit.ee\/wp\/?page_id=501\" \/>\n<meta property=\"og:locale\" content=\"et_EE\" \/>\n<meta property=\"og:type\" content=\"article\" \/>\n<meta property=\"og:title\" content=\"Graafid infos\u00fcsteemides graafiteooria - Nikita Nikiforov Portfolio\" \/>\n<meta property=\"og:description\" content=\"GRAAFI STRUUKTUUR \u0413\u0420\u0410\u0424 \u2014 \u044d\u0442\u043e \u0441\u0442\u0440\u0443\u043a\u0442\u0443\u0440\u0430, \u0438\u043c\u0435\u044e\u0449\u0430\u044f \u0432\u0435\u0440\u0448\u0438\u043d\u044b, \u0441\u043e\u0435\u0434\u0438\u043d\u0435\u043d\u043d\u044b\u0435 \u0434\u0440\u0443\u0433 \u0441 \u0434\u0440\u0443\u0433\u043e\u043c \u0440\u0435\u0431\u0440\u0430\u043c\u0438.\u041d\u0430\u043f\u0440\u0430\u0432\u043b\u0435\u043d\u043d\u044b\u0435 \u0440\u0435\u0431\u0440\u0430 \u2013 \u0434\u0443\u0433\u0430\/\u0434\u0443\u0433\u0438.\u041d\u0435\u043d\u0430\u043f\u0440\u0430\u0432\u043b\u0435\u043d\u043d\u044b\u0435 \u043a\u0440\u0430\u044fEesti keelGRAAF on struktuur, mis omab tippud ja tippud on oma vahel seotud servadegaSuunatud servad \u2013 kaar\/ kaaredSuunamata servad Suunamata graaf kui graafi servad on suunamata\u041d\u0435\u043e\u0440\u0438\u0435\u043d\u0442\u0438\u0440\u043e\u0432\u0430\u043d\u043d\u044b\u0439 \u0433\u0440\u0430\u0444 \u2014 \u044d\u0442\u043e \u0433\u0440\u0430\u0444, \u0432 \u043a\u043e\u0442\u043e\u0440\u043e\u043c \u0440\u0435\u0431\u0440\u0430 \u043d\u0435\u043e\u0440\u0438\u0435\u043d\u0442\u0438\u0440\u043e\u0432\u0430\u043d\u044b. 2.Suunatud Graaf, graaf kus on [&hellip;]\" \/>\n<meta property=\"og:url\" content=\"https:\/\/nikitanikiforov24.thkit.ee\/wp\/?page_id=501\" \/>\n<meta property=\"og:site_name\" content=\"Nikita Nikiforov Portfolio\" \/>\n<meta property=\"article:modified_time\" content=\"2025-10-28T16:58:11+00:00\" \/>\n<meta property=\"og:image\" content=\"https:\/\/nikiforovnikitaportfolio.wordpress.com\/wp-content\/uploads\/2025\/04\/pilt.png?w=767\" \/>\n<meta name=\"twitter:card\" content=\"summary_large_image\" \/>\n<script type=\"application\/ld+json\" class=\"yoast-schema-graph\">{\"@context\":\"https:\\\/\\\/schema.org\",\"@graph\":[{\"@type\":\"WebPage\",\"@id\":\"https:\\\/\\\/nikitanikiforov24.thkit.ee\\\/wp\\\/?page_id=501\",\"url\":\"https:\\\/\\\/nikitanikiforov24.thkit.ee\\\/wp\\\/?page_id=501\",\"name\":\"Graafid infos\u00fcsteemides graafiteooria - Nikita Nikiforov Portfolio\",\"isPartOf\":{\"@id\":\"https:\\\/\\\/nikitanikiforov24.thkit.ee\\\/wp\\\/#website\"},\"primaryImageOfPage\":{\"@id\":\"https:\\\/\\\/nikitanikiforov24.thkit.ee\\\/wp\\\/?page_id=501#primaryimage\"},\"image\":{\"@id\":\"https:\\\/\\\/nikitanikiforov24.thkit.ee\\\/wp\\\/?page_id=501#primaryimage\"},\"thumbnailUrl\":\"https:\\\/\\\/nikiforovnikitaportfolio.wordpress.com\\\/wp-content\\\/uploads\\\/2025\\\/04\\\/pilt.png?w=767\",\"datePublished\":\"2025-04-11T05:51:09+00:00\",\"dateModified\":\"2025-10-28T16:58:11+00:00\",\"breadcrumb\":{\"@id\":\"https:\\\/\\\/nikitanikiforov24.thkit.ee\\\/wp\\\/?page_id=501#breadcrumb\"},\"inLanguage\":\"et\",\"potentialAction\":[{\"@type\":\"ReadAction\",\"target\":[\"https:\\\/\\\/nikitanikiforov24.thkit.ee\\\/wp\\\/?page_id=501\"]}]},{\"@type\":\"ImageObject\",\"inLanguage\":\"et\",\"@id\":\"https:\\\/\\\/nikitanikiforov24.thkit.ee\\\/wp\\\/?page_id=501#primaryimage\",\"url\":\"https:\\\/\\\/nikiforovnikitaportfolio.wordpress.com\\\/wp-content\\\/uploads\\\/2025\\\/04\\\/pilt.png?w=767\",\"contentUrl\":\"https:\\\/\\\/nikiforovnikitaportfolio.wordpress.com\\\/wp-content\\\/uploads\\\/2025\\\/04\\\/pilt.png?w=767\"},{\"@type\":\"BreadcrumbList\",\"@id\":\"https:\\\/\\\/nikitanikiforov24.thkit.ee\\\/wp\\\/?page_id=501#breadcrumb\",\"itemListElement\":[{\"@type\":\"ListItem\",\"position\":1,\"name\":\"Home\",\"item\":\"https:\\\/\\\/nikitanikiforov24.thkit.ee\\\/wp\\\/\"},{\"@type\":\"ListItem\",\"position\":2,\"name\":\"Graafid infos\u00fcsteemides graafiteooria\"}]},{\"@type\":\"WebSite\",\"@id\":\"https:\\\/\\\/nikitanikiforov24.thkit.ee\\\/wp\\\/#website\",\"url\":\"https:\\\/\\\/nikitanikiforov24.thkit.ee\\\/wp\\\/\",\"name\":\"Nikita Nikiforov Portfolio\",\"description\":\"Noorem Tarkvarendaja\",\"publisher\":{\"@id\":\"https:\\\/\\\/nikitanikiforov24.thkit.ee\\\/wp\\\/#organization\"},\"potentialAction\":[{\"@type\":\"SearchAction\",\"target\":{\"@type\":\"EntryPoint\",\"urlTemplate\":\"https:\\\/\\\/nikitanikiforov24.thkit.ee\\\/wp\\\/?s={search_term_string}\"},\"query-input\":{\"@type\":\"PropertyValueSpecification\",\"valueRequired\":true,\"valueName\":\"search_term_string\"}}],\"inLanguage\":\"et\"},{\"@type\":\"Organization\",\"@id\":\"https:\\\/\\\/nikitanikiforov24.thkit.ee\\\/wp\\\/#organization\",\"name\":\"Nikita Nikiforov Portfolio\",\"url\":\"https:\\\/\\\/nikitanikiforov24.thkit.ee\\\/wp\\\/\",\"logo\":{\"@type\":\"ImageObject\",\"inLanguage\":\"et\",\"@id\":\"https:\\\/\\\/nikitanikiforov24.thkit.ee\\\/wp\\\/#\\\/schema\\\/logo\\\/image\\\/\",\"url\":\"https:\\\/\\\/nikitanikiforov24.thkit.ee\\\/wp\\\/wp-content\\\/uploads\\\/2025\\\/10\\\/0ce66b2c514f64099fc903d1deea8e5c-150x137-removebg-preview.png\",\"contentUrl\":\"https:\\\/\\\/nikitanikiforov24.thkit.ee\\\/wp\\\/wp-content\\\/uploads\\\/2025\\\/10\\\/0ce66b2c514f64099fc903d1deea8e5c-150x137-removebg-preview.png\",\"width\":150,\"height\":137,\"caption\":\"Nikita Nikiforov Portfolio\"},\"image\":{\"@id\":\"https:\\\/\\\/nikitanikiforov24.thkit.ee\\\/wp\\\/#\\\/schema\\\/logo\\\/image\\\/\"}}]}<\/script>\n<!-- \/ Yoast SEO plugin. -->","yoast_head_json":{"title":"Graafid infos\u00fcsteemides graafiteooria - Nikita Nikiforov Portfolio","robots":{"index":"index","follow":"follow","max-snippet":"max-snippet:-1","max-image-preview":"max-image-preview:large","max-video-preview":"max-video-preview:-1"},"canonical":"https:\/\/nikitanikiforov24.thkit.ee\/wp\/?page_id=501","og_locale":"et_EE","og_type":"article","og_title":"Graafid infos\u00fcsteemides graafiteooria - Nikita Nikiforov Portfolio","og_description":"GRAAFI STRUUKTUUR \u0413\u0420\u0410\u0424 \u2014 \u044d\u0442\u043e \u0441\u0442\u0440\u0443\u043a\u0442\u0443\u0440\u0430, \u0438\u043c\u0435\u044e\u0449\u0430\u044f \u0432\u0435\u0440\u0448\u0438\u043d\u044b, \u0441\u043e\u0435\u0434\u0438\u043d\u0435\u043d\u043d\u044b\u0435 \u0434\u0440\u0443\u0433 \u0441 \u0434\u0440\u0443\u0433\u043e\u043c \u0440\u0435\u0431\u0440\u0430\u043c\u0438.\u041d\u0430\u043f\u0440\u0430\u0432\u043b\u0435\u043d\u043d\u044b\u0435 \u0440\u0435\u0431\u0440\u0430 \u2013 \u0434\u0443\u0433\u0430\/\u0434\u0443\u0433\u0438.\u041d\u0435\u043d\u0430\u043f\u0440\u0430\u0432\u043b\u0435\u043d\u043d\u044b\u0435 \u043a\u0440\u0430\u044fEesti keelGRAAF on struktuur, mis omab tippud ja tippud on oma vahel seotud servadegaSuunatud servad \u2013 kaar\/ kaaredSuunamata servad Suunamata graaf kui graafi servad on suunamata\u041d\u0435\u043e\u0440\u0438\u0435\u043d\u0442\u0438\u0440\u043e\u0432\u0430\u043d\u043d\u044b\u0439 \u0433\u0440\u0430\u0444 \u2014 \u044d\u0442\u043e \u0433\u0440\u0430\u0444, \u0432 \u043a\u043e\u0442\u043e\u0440\u043e\u043c \u0440\u0435\u0431\u0440\u0430 \u043d\u0435\u043e\u0440\u0438\u0435\u043d\u0442\u0438\u0440\u043e\u0432\u0430\u043d\u044b. 2.Suunatud Graaf, graaf kus on [&hellip;]","og_url":"https:\/\/nikitanikiforov24.thkit.ee\/wp\/?page_id=501","og_site_name":"Nikita Nikiforov Portfolio","article_modified_time":"2025-10-28T16:58:11+00:00","og_image":[{"url":"https:\/\/nikiforovnikitaportfolio.wordpress.com\/wp-content\/uploads\/2025\/04\/pilt.png?w=767","type":"","width":"","height":""}],"twitter_card":"summary_large_image","schema":{"@context":"https:\/\/schema.org","@graph":[{"@type":"WebPage","@id":"https:\/\/nikitanikiforov24.thkit.ee\/wp\/?page_id=501","url":"https:\/\/nikitanikiforov24.thkit.ee\/wp\/?page_id=501","name":"Graafid infos\u00fcsteemides graafiteooria - Nikita Nikiforov Portfolio","isPartOf":{"@id":"https:\/\/nikitanikiforov24.thkit.ee\/wp\/#website"},"primaryImageOfPage":{"@id":"https:\/\/nikitanikiforov24.thkit.ee\/wp\/?page_id=501#primaryimage"},"image":{"@id":"https:\/\/nikitanikiforov24.thkit.ee\/wp\/?page_id=501#primaryimage"},"thumbnailUrl":"https:\/\/nikiforovnikitaportfolio.wordpress.com\/wp-content\/uploads\/2025\/04\/pilt.png?w=767","datePublished":"2025-04-11T05:51:09+00:00","dateModified":"2025-10-28T16:58:11+00:00","breadcrumb":{"@id":"https:\/\/nikitanikiforov24.thkit.ee\/wp\/?page_id=501#breadcrumb"},"inLanguage":"et","potentialAction":[{"@type":"ReadAction","target":["https:\/\/nikitanikiforov24.thkit.ee\/wp\/?page_id=501"]}]},{"@type":"ImageObject","inLanguage":"et","@id":"https:\/\/nikitanikiforov24.thkit.ee\/wp\/?page_id=501#primaryimage","url":"https:\/\/nikiforovnikitaportfolio.wordpress.com\/wp-content\/uploads\/2025\/04\/pilt.png?w=767","contentUrl":"https:\/\/nikiforovnikitaportfolio.wordpress.com\/wp-content\/uploads\/2025\/04\/pilt.png?w=767"},{"@type":"BreadcrumbList","@id":"https:\/\/nikitanikiforov24.thkit.ee\/wp\/?page_id=501#breadcrumb","itemListElement":[{"@type":"ListItem","position":1,"name":"Home","item":"https:\/\/nikitanikiforov24.thkit.ee\/wp\/"},{"@type":"ListItem","position":2,"name":"Graafid infos\u00fcsteemides graafiteooria"}]},{"@type":"WebSite","@id":"https:\/\/nikitanikiforov24.thkit.ee\/wp\/#website","url":"https:\/\/nikitanikiforov24.thkit.ee\/wp\/","name":"Nikita Nikiforov Portfolio","description":"Noorem Tarkvarendaja","publisher":{"@id":"https:\/\/nikitanikiforov24.thkit.ee\/wp\/#organization"},"potentialAction":[{"@type":"SearchAction","target":{"@type":"EntryPoint","urlTemplate":"https:\/\/nikitanikiforov24.thkit.ee\/wp\/?s={search_term_string}"},"query-input":{"@type":"PropertyValueSpecification","valueRequired":true,"valueName":"search_term_string"}}],"inLanguage":"et"},{"@type":"Organization","@id":"https:\/\/nikitanikiforov24.thkit.ee\/wp\/#organization","name":"Nikita Nikiforov Portfolio","url":"https:\/\/nikitanikiforov24.thkit.ee\/wp\/","logo":{"@type":"ImageObject","inLanguage":"et","@id":"https:\/\/nikitanikiforov24.thkit.ee\/wp\/#\/schema\/logo\/image\/","url":"https:\/\/nikitanikiforov24.thkit.ee\/wp\/wp-content\/uploads\/2025\/10\/0ce66b2c514f64099fc903d1deea8e5c-150x137-removebg-preview.png","contentUrl":"https:\/\/nikitanikiforov24.thkit.ee\/wp\/wp-content\/uploads\/2025\/10\/0ce66b2c514f64099fc903d1deea8e5c-150x137-removebg-preview.png","width":150,"height":137,"caption":"Nikita Nikiforov Portfolio"},"image":{"@id":"https:\/\/nikitanikiforov24.thkit.ee\/wp\/#\/schema\/logo\/image\/"}}]}},"_links":{"self":[{"href":"https:\/\/nikitanikiforov24.thkit.ee\/wp\/index.php?rest_route=\/wp\/v2\/pages\/501","targetHints":{"allow":["GET"]}}],"collection":[{"href":"https:\/\/nikitanikiforov24.thkit.ee\/wp\/index.php?rest_route=\/wp\/v2\/pages"}],"about":[{"href":"https:\/\/nikitanikiforov24.thkit.ee\/wp\/index.php?rest_route=\/wp\/v2\/types\/page"}],"author":[{"embeddable":true,"href":"https:\/\/nikitanikiforov24.thkit.ee\/wp\/index.php?rest_route=\/wp\/v2\/users\/1"}],"replies":[{"embeddable":true,"href":"https:\/\/nikitanikiforov24.thkit.ee\/wp\/index.php?rest_route=%2Fwp%2Fv2%2Fcomments&post=501"}],"version-history":[{"count":1,"href":"https:\/\/nikitanikiforov24.thkit.ee\/wp\/index.php?rest_route=\/wp\/v2\/pages\/501\/revisions"}],"predecessor-version":[{"id":1115,"href":"https:\/\/nikitanikiforov24.thkit.ee\/wp\/index.php?rest_route=\/wp\/v2\/pages\/501\/revisions\/1115"}],"wp:attachment":[{"href":"https:\/\/nikitanikiforov24.thkit.ee\/wp\/index.php?rest_route=%2Fwp%2Fv2%2Fmedia&parent=501"}],"curies":[{"name":"wp","href":"https:\/\/api.w.org\/{rel}","templated":true}]}}