{"id":524,"date":"2025-04-11T10:48:13","date_gmt":"2025-04-11T07:48:13","guid":{"rendered":"https:\/\/nikiforovnikitaportfolio.wordpress.com\/?page_id=524"},"modified":"2025-10-30T12:30:32","modified_gmt":"2025-10-30T10:30:32","slug":"join-kospekt","status":"publish","type":"page","link":"https:\/\/nikitanikiforov24.thkit.ee\/wp\/?page_id=524","title":{"rendered":"Join kospekt"},"content":{"rendered":"\n<h2 class=\"wp-block-heading\"><strong>JOIN<\/strong><\/h2>\n\n\n<div class=\"wp-block-syntaxhighlighter-code \"><pre class=\"brush: sql; title: ; notranslate\" title=\"\">\n--seosed - join\n--f\u00fc\u00fcsiline seos - on lisatud Foreign key (constaint - piirang n\u00e4iteks kontrollida diagraam)\n--logiline seos -kui \u00f5igesti kirjutada select joiniga\n\n--JOIN\nSELECT * FROM Employees JOIN Department ON Employees.DepartmentId = Department.Id\n<\/pre><\/div>\n\n\n<figure class=\"wp-block-image size-large\"><img decoding=\"async\" src=\"https:\/\/nikiforovnikitaportfolio.wordpress.com\/wp-content\/uploads\/2025\/04\/pilt-9.png?w=713\" alt=\"\" class=\"wp-image-526\" \/><\/figure>\n\n\n\n<h2 class=\"wp-block-heading\"><strong>INNER JOIN<\/strong><\/h2>\n\n\n<div class=\"wp-block-syntaxhighlighter-code \"><pre class=\"brush: sql; title: ; notranslate\" title=\"\">\n--Kirjutamine lihtsamaks\n--N\u00e4itab k\u00f5ik department kus on olemas v\u00e4\u00e4rtsus\nSELECT e.Name, e.Salary, d.DepartmentName FROM Employees e INNER JOIN Department d ON e.DepartmentId=d.Id\n<\/pre><\/div>\n\n\n<figure class=\"wp-block-image size-large\"><img decoding=\"async\" src=\"https:\/\/nikiforovnikitaportfolio.wordpress.com\/wp-content\/uploads\/2025\/04\/pilt-10.png?w=226\" alt=\"\" class=\"wp-image-528\" \/><\/figure>\n\n\n\n<h2 class=\"wp-block-heading\"><strong>LEFT JOIN<\/strong><\/h2>\n\n\n<div class=\"wp-block-syntaxhighlighter-code \"><pre class=\"brush: sql; title: ; notranslate\" title=\"\">\n--LEFT JOIN\n--n\u00e4itab k\u00f5ike DepartmentName d\nSELECT e.Name, e.Salary, d.DepartmentName FROM Employees e LEFT JOIN Department d ON e.DepartmentId=d.Id\n<\/pre><\/div>\n\n\n<figure class=\"wp-block-image size-large\"><img decoding=\"async\" src=\"https:\/\/nikiforovnikitaportfolio.wordpress.com\/wp-content\/uploads\/2025\/04\/pilt-11.png?w=229\" alt=\"\" class=\"wp-image-530\" \/><\/figure>\n\n\n\n<h2 class=\"wp-block-heading\"><strong>RIGHT JOIN \/ OUTER JOIN<\/strong><\/h2>\n\n\n<div class=\"wp-block-syntaxhighlighter-code \"><pre class=\"brush: sql; title: ; notranslate\" title=\"\">\n--RIGHT JOIN = RIGHT OUTER JOIN\n-- n\u00e4itab DepartmentName, kus Name on null\nSELECT e.Name, e.Salary, d.DepartmentName FROM Employees e RIGHT JOIN Department d ON e.DepartmentId=d.Id\n<\/pre><\/div>\n\n\n<figure class=\"wp-block-image size-large\"><img decoding=\"async\" src=\"https:\/\/nikiforovnikitaportfolio.wordpress.com\/wp-content\/uploads\/2025\/04\/pilt-12.png?w=230\" alt=\"\" class=\"wp-image-535\" \/><\/figure>\n\n\n\n<h2 class=\"wp-block-heading\"><strong>FULL \/ OUTER JOIN<\/strong><\/h2>\n\n\n<div class=\"wp-block-syntaxhighlighter-code \"><pre class=\"brush: sql; title: ; notranslate\" title=\"\">\n--OUTER JOIN == FULL OUTER JOIN\n--N\u00e4itab k\u00f5ik v\u00e4rtused kahest\nSELECT e.Name, e.Salary, d.DepartmentName FROM Employees e FULL OUTER JOIN Department d ON e.DepartmentId=d.Id\n<\/pre><\/div>\n\n\n<figure class=\"wp-block-image size-large\"><img decoding=\"async\" src=\"https:\/\/nikiforovnikitaportfolio.wordpress.com\/wp-content\/uploads\/2025\/04\/pilt-15.png?w=230\" alt=\"\" class=\"wp-image-540\" \/><\/figure>\n\n\n\n<h2 class=\"wp-block-heading\"><strong>CROSS JOIN<\/strong><\/h2>\n\n\n<div class=\"wp-block-syntaxhighlighter-code \"><pre class=\"brush: sql; title: ; notranslate\" title=\"\">\n--Cross JOIN - N\u00e4itab nii, et tabeli v\u00e4\u00e4rtused * 2 tabeli v\u00e4\u00e4rtused\nSELECT Name, Salary, DepartmentName FROM Employees CROSS JOIN Department\n<\/pre><\/div>\n\n\n<figure class=\"wp-block-image size-large\"><img decoding=\"async\" src=\"https:\/\/nikiforovnikitaportfolio.wordpress.com\/wp-content\/uploads\/2025\/04\/pilt-14.png?w=226\" alt=\"\" class=\"wp-image-539\" \/><\/figure>\n\n\n\n<h2 class=\"wp-block-heading\">Harjutused<\/h2>\n\n\n\n<p><strong>teha k\u00f5ik join&#8217;id ja kirjutada mida nad n\u00e4itavad<\/strong><\/p>\n\n\n\n<p><strong>LEFT JOIN<\/strong><br>T\u00f6\u00f6taja nimi ja andmed tema kohta osakonnas, aga kui infot pole siis v\u00e4ljastatakse NULL<\/p>\n\n\n<div class=\"wp-block-syntaxhighlighter-code \"><pre class=\"brush: sql; title: ; notranslate\" title=\"\">\nSELECT Employees.Name, Department.DepartmentName\nFROM Employees\nLEFT JOIN Department\nON Employees.DepartmentId = Department.Id\n<\/pre><\/div>\n\n\n<figure class=\"wp-block-image size-large\"><img decoding=\"async\" src=\"https:\/\/nikiforovnikitaportfolio.wordpress.com\/wp-content\/uploads\/2025\/04\/pilt-16.png?w=182\" alt=\"\" class=\"wp-image-543\" \/><\/figure>\n\n\n\n<p><strong>RIGHT JOIN<\/strong><br>Lohistab v\u00e4\u00e4rtused kahest tabelist, kui vasteid pole, siis NULL<\/p>\n\n\n<div class=\"wp-block-syntaxhighlighter-code \"><pre class=\"brush: sql; title: ; notranslate\" title=\"\">\nSELECT Employees.Name, Manager.ManagerName\nFROM Employees\nRIGHT JOIN Manager\nON Employees.managerId = Manager.Id;\n<\/pre><\/div>\n\n\n<figure class=\"wp-block-image size-large\"><img decoding=\"async\" src=\"https:\/\/nikiforovnikitaportfolio.wordpress.com\/wp-content\/uploads\/2025\/04\/pilt-17.png?w=178\" alt=\"\" class=\"wp-image-545\" \/><\/figure>\n\n\n\n<p><strong>FULL OUTER JOIN<\/strong><\/p>\n\n\n\n<p>\u00dchendage tabelid isegi siis, kui vasteid pole<\/p>\n\n\n<div class=\"wp-block-syntaxhighlighter-code \"><pre class=\"brush: sql; title: ; notranslate\" title=\"\">\nSELECT Employees.Name, Manager.ManagerName\nFROM Employees\nFULL OUTER JOIN Manager\nON Employees.managerId = manager.Id;\n<\/pre><\/div>\n\n\n<figure class=\"wp-block-image size-large\"><img decoding=\"async\" src=\"https:\/\/nikiforovnikitaportfolio.wordpress.com\/wp-content\/uploads\/2025\/04\/pilt-18.png?w=173\" alt=\"\" class=\"wp-image-548\" \/><\/figure>\n\n\n\n<p><strong>CROSS JOIN<\/strong><\/p>\n\n\n\n<p>Korrutab \u00fche tabeli kirjed teise tabeli kirjetega<\/p>\n\n\n<div class=\"wp-block-syntaxhighlighter-code \"><pre class=\"brush: sql; title: ; notranslate\" title=\"\">\nSELECT Employees.Name, Manager.ManagerName\nFROM Employees\nCROSS JOIN Manager;\n<\/pre><\/div>\n\n\n<figure class=\"wp-block-image size-large\"><img decoding=\"async\" src=\"https:\/\/nikiforovnikitaportfolio.wordpress.com\/wp-content\/uploads\/2025\/04\/pilt-19.png?w=166\" alt=\"\" class=\"wp-image-550\" \/><\/figure>\n\n\n\n<h2 class=\"wp-block-heading\">TESTID<\/h2>\n\n\n\n<p><strong>N1<\/strong><\/p>\n\n\n\n<figure class=\"wp-block-image size-large\"><img decoding=\"async\" src=\"https:\/\/nikiforovnikitaportfolio.wordpress.com\/wp-content\/uploads\/2025\/04\/pilt-20.png?w=1024\" alt=\"\" class=\"wp-image-552\" \/><\/figure>\n\n\n\n<p><strong>N2<\/strong><\/p>\n\n\n\n<figure class=\"wp-block-image size-large\"><img decoding=\"async\" src=\"https:\/\/nikiforovnikitaportfolio.wordpress.com\/wp-content\/uploads\/2025\/04\/pilt-21.png?w=1024\" alt=\"\" class=\"wp-image-553\" \/><\/figure>\n\n\n\n<p><strong>N3<\/strong><\/p>\n\n\n\n<figure class=\"wp-block-image size-large\"><img decoding=\"async\" src=\"https:\/\/nikiforovnikitaportfolio.wordpress.com\/wp-content\/uploads\/2025\/04\/pilt-22.png?w=1024\" alt=\"\" class=\"wp-image-555\" \/><\/figure>\n\n\n\n<p><strong>N4<\/strong><\/p>\n\n\n\n<figure class=\"wp-block-image size-large\"><img decoding=\"async\" src=\"https:\/\/nikiforovnikitaportfolio.wordpress.com\/wp-content\/uploads\/2025\/04\/pilt-23.png?w=1024\" alt=\"\" class=\"wp-image-557\" \/><\/figure>\n\n\n\n<p><strong>N5<\/strong><\/p>\n\n\n\n<figure class=\"wp-block-image size-large\"><img decoding=\"async\" src=\"https:\/\/nikiforovnikitaportfolio.wordpress.com\/wp-content\/uploads\/2025\/04\/pilt-24.png?w=1024\" alt=\"\" class=\"wp-image-559\" \/><\/figure>\n","protected":false},"excerpt":{"rendered":"<p>JOIN INNER JOIN LEFT JOIN RIGHT JOIN \/ OUTER JOIN FULL \/ OUTER JOIN CROSS JOIN Harjutused teha k\u00f5ik join&#8217;id ja kirjutada mida nad n\u00e4itavad LEFT JOINT\u00f6\u00f6taja nimi ja andmed tema kohta osakonnas, aga kui infot pole siis v\u00e4ljastatakse NULL RIGHT JOINLohistab v\u00e4\u00e4rtused kahest tabelist, kui vasteid pole, siis NULL FULL OUTER JOIN \u00dchendage tabelid [&hellip;]<\/p>\n","protected":false},"author":1,"featured_media":0,"parent":0,"menu_order":0,"comment_status":"closed","ping_status":"closed","template":"","meta":{"footnotes":""},"class_list":["post-524","page","type-page","status-publish","hentry"],"yoast_head":"<!-- This site is optimized with the Yoast SEO plugin v27.4 - https:\/\/yoast.com\/product\/yoast-seo-wordpress\/ -->\n<title>Join kospekt - Nikita Nikiforov Portfolio<\/title>\n<meta name=\"robots\" content=\"index, follow, max-snippet:-1, max-image-preview:large, max-video-preview:-1\" \/>\n<link rel=\"canonical\" href=\"https:\/\/nikitanikiforov24.thkit.ee\/wp\/?page_id=524\" \/>\n<meta property=\"og:locale\" content=\"et_EE\" \/>\n<meta property=\"og:type\" content=\"article\" \/>\n<meta property=\"og:title\" content=\"Join kospekt - Nikita Nikiforov Portfolio\" \/>\n<meta property=\"og:description\" content=\"JOIN INNER JOIN LEFT JOIN RIGHT JOIN \/ OUTER JOIN FULL \/ OUTER JOIN CROSS JOIN Harjutused teha k\u00f5ik join&#8217;id ja kirjutada mida nad n\u00e4itavad LEFT JOINT\u00f6\u00f6taja nimi ja andmed tema kohta osakonnas, aga kui infot pole siis v\u00e4ljastatakse NULL RIGHT JOINLohistab v\u00e4\u00e4rtused kahest tabelist, kui vasteid pole, siis NULL FULL OUTER JOIN \u00dchendage tabelid [&hellip;]\" \/>\n<meta property=\"og:url\" content=\"https:\/\/nikitanikiforov24.thkit.ee\/wp\/?page_id=524\" \/>\n<meta property=\"og:site_name\" content=\"Nikita Nikiforov Portfolio\" \/>\n<meta property=\"article:modified_time\" content=\"2025-10-30T10:30:32+00:00\" \/>\n<meta property=\"og:image\" content=\"https:\/\/nikiforovnikitaportfolio.wordpress.com\/wp-content\/uploads\/2025\/04\/pilt-9.png?w=713\" \/>\n<meta name=\"twitter:card\" content=\"summary_large_image\" \/>\n<meta name=\"twitter:label1\" content=\"Est. reading time\" \/>\n\t<meta name=\"twitter:data1\" content=\"2 minutit\" \/>\n<script type=\"application\/ld+json\" class=\"yoast-schema-graph\">{\"@context\":\"https:\\\/\\\/schema.org\",\"@graph\":[{\"@type\":\"WebPage\",\"@id\":\"https:\\\/\\\/nikitanikiforov24.thkit.ee\\\/wp\\\/?page_id=524\",\"url\":\"https:\\\/\\\/nikitanikiforov24.thkit.ee\\\/wp\\\/?page_id=524\",\"name\":\"Join kospekt - Nikita Nikiforov Portfolio\",\"isPartOf\":{\"@id\":\"https:\\\/\\\/nikitanikiforov24.thkit.ee\\\/wp\\\/#website\"},\"primaryImageOfPage\":{\"@id\":\"https:\\\/\\\/nikitanikiforov24.thkit.ee\\\/wp\\\/?page_id=524#primaryimage\"},\"image\":{\"@id\":\"https:\\\/\\\/nikitanikiforov24.thkit.ee\\\/wp\\\/?page_id=524#primaryimage\"},\"thumbnailUrl\":\"https:\\\/\\\/nikiforovnikitaportfolio.wordpress.com\\\/wp-content\\\/uploads\\\/2025\\\/04\\\/pilt-9.png?w=713\",\"datePublished\":\"2025-04-11T07:48:13+00:00\",\"dateModified\":\"2025-10-30T10:30:32+00:00\",\"breadcrumb\":{\"@id\":\"https:\\\/\\\/nikitanikiforov24.thkit.ee\\\/wp\\\/?page_id=524#breadcrumb\"},\"inLanguage\":\"et\",\"potentialAction\":[{\"@type\":\"ReadAction\",\"target\":[\"https:\\\/\\\/nikitanikiforov24.thkit.ee\\\/wp\\\/?page_id=524\"]}]},{\"@type\":\"ImageObject\",\"inLanguage\":\"et\",\"@id\":\"https:\\\/\\\/nikitanikiforov24.thkit.ee\\\/wp\\\/?page_id=524#primaryimage\",\"url\":\"https:\\\/\\\/nikiforovnikitaportfolio.wordpress.com\\\/wp-content\\\/uploads\\\/2025\\\/04\\\/pilt-9.png?w=713\",\"contentUrl\":\"https:\\\/\\\/nikiforovnikitaportfolio.wordpress.com\\\/wp-content\\\/uploads\\\/2025\\\/04\\\/pilt-9.png?w=713\"},{\"@type\":\"BreadcrumbList\",\"@id\":\"https:\\\/\\\/nikitanikiforov24.thkit.ee\\\/wp\\\/?page_id=524#breadcrumb\",\"itemListElement\":[{\"@type\":\"ListItem\",\"position\":1,\"name\":\"Home\",\"item\":\"https:\\\/\\\/nikitanikiforov24.thkit.ee\\\/wp\\\/\"},{\"@type\":\"ListItem\",\"position\":2,\"name\":\"Join kospekt\"}]},{\"@type\":\"WebSite\",\"@id\":\"https:\\\/\\\/nikitanikiforov24.thkit.ee\\\/wp\\\/#website\",\"url\":\"https:\\\/\\\/nikitanikiforov24.thkit.ee\\\/wp\\\/\",\"name\":\"Nikita Nikiforov Portfolio\",\"description\":\"Noorem Tarkvarendaja\",\"publisher\":{\"@id\":\"https:\\\/\\\/nikitanikiforov24.thkit.ee\\\/wp\\\/#organization\"},\"potentialAction\":[{\"@type\":\"SearchAction\",\"target\":{\"@type\":\"EntryPoint\",\"urlTemplate\":\"https:\\\/\\\/nikitanikiforov24.thkit.ee\\\/wp\\\/?s={search_term_string}\"},\"query-input\":{\"@type\":\"PropertyValueSpecification\",\"valueRequired\":true,\"valueName\":\"search_term_string\"}}],\"inLanguage\":\"et\"},{\"@type\":\"Organization\",\"@id\":\"https:\\\/\\\/nikitanikiforov24.thkit.ee\\\/wp\\\/#organization\",\"name\":\"Nikita Nikiforov Portfolio\",\"url\":\"https:\\\/\\\/nikitanikiforov24.thkit.ee\\\/wp\\\/\",\"logo\":{\"@type\":\"ImageObject\",\"inLanguage\":\"et\",\"@id\":\"https:\\\/\\\/nikitanikiforov24.thkit.ee\\\/wp\\\/#\\\/schema\\\/logo\\\/image\\\/\",\"url\":\"https:\\\/\\\/nikitanikiforov24.thkit.ee\\\/wp\\\/wp-content\\\/uploads\\\/2025\\\/10\\\/0ce66b2c514f64099fc903d1deea8e5c-150x137-removebg-preview.png\",\"contentUrl\":\"https:\\\/\\\/nikitanikiforov24.thkit.ee\\\/wp\\\/wp-content\\\/uploads\\\/2025\\\/10\\\/0ce66b2c514f64099fc903d1deea8e5c-150x137-removebg-preview.png\",\"width\":150,\"height\":137,\"caption\":\"Nikita Nikiforov Portfolio\"},\"image\":{\"@id\":\"https:\\\/\\\/nikitanikiforov24.thkit.ee\\\/wp\\\/#\\\/schema\\\/logo\\\/image\\\/\"}}]}<\/script>\n<!-- \/ Yoast SEO plugin. -->","yoast_head_json":{"title":"Join kospekt - Nikita Nikiforov Portfolio","robots":{"index":"index","follow":"follow","max-snippet":"max-snippet:-1","max-image-preview":"max-image-preview:large","max-video-preview":"max-video-preview:-1"},"canonical":"https:\/\/nikitanikiforov24.thkit.ee\/wp\/?page_id=524","og_locale":"et_EE","og_type":"article","og_title":"Join kospekt - Nikita Nikiforov Portfolio","og_description":"JOIN INNER JOIN LEFT JOIN RIGHT JOIN \/ OUTER JOIN FULL \/ OUTER JOIN CROSS JOIN Harjutused teha k\u00f5ik join&#8217;id ja kirjutada mida nad n\u00e4itavad LEFT JOINT\u00f6\u00f6taja nimi ja andmed tema kohta osakonnas, aga kui infot pole siis v\u00e4ljastatakse NULL RIGHT JOINLohistab v\u00e4\u00e4rtused kahest tabelist, kui vasteid pole, siis NULL FULL OUTER JOIN \u00dchendage tabelid [&hellip;]","og_url":"https:\/\/nikitanikiforov24.thkit.ee\/wp\/?page_id=524","og_site_name":"Nikita Nikiforov Portfolio","article_modified_time":"2025-10-30T10:30:32+00:00","og_image":[{"url":"https:\/\/nikiforovnikitaportfolio.wordpress.com\/wp-content\/uploads\/2025\/04\/pilt-9.png?w=713","type":"","width":"","height":""}],"twitter_card":"summary_large_image","twitter_misc":{"Est. reading time":"2 minutit"},"schema":{"@context":"https:\/\/schema.org","@graph":[{"@type":"WebPage","@id":"https:\/\/nikitanikiforov24.thkit.ee\/wp\/?page_id=524","url":"https:\/\/nikitanikiforov24.thkit.ee\/wp\/?page_id=524","name":"Join kospekt - Nikita Nikiforov Portfolio","isPartOf":{"@id":"https:\/\/nikitanikiforov24.thkit.ee\/wp\/#website"},"primaryImageOfPage":{"@id":"https:\/\/nikitanikiforov24.thkit.ee\/wp\/?page_id=524#primaryimage"},"image":{"@id":"https:\/\/nikitanikiforov24.thkit.ee\/wp\/?page_id=524#primaryimage"},"thumbnailUrl":"https:\/\/nikiforovnikitaportfolio.wordpress.com\/wp-content\/uploads\/2025\/04\/pilt-9.png?w=713","datePublished":"2025-04-11T07:48:13+00:00","dateModified":"2025-10-30T10:30:32+00:00","breadcrumb":{"@id":"https:\/\/nikitanikiforov24.thkit.ee\/wp\/?page_id=524#breadcrumb"},"inLanguage":"et","potentialAction":[{"@type":"ReadAction","target":["https:\/\/nikitanikiforov24.thkit.ee\/wp\/?page_id=524"]}]},{"@type":"ImageObject","inLanguage":"et","@id":"https:\/\/nikitanikiforov24.thkit.ee\/wp\/?page_id=524#primaryimage","url":"https:\/\/nikiforovnikitaportfolio.wordpress.com\/wp-content\/uploads\/2025\/04\/pilt-9.png?w=713","contentUrl":"https:\/\/nikiforovnikitaportfolio.wordpress.com\/wp-content\/uploads\/2025\/04\/pilt-9.png?w=713"},{"@type":"BreadcrumbList","@id":"https:\/\/nikitanikiforov24.thkit.ee\/wp\/?page_id=524#breadcrumb","itemListElement":[{"@type":"ListItem","position":1,"name":"Home","item":"https:\/\/nikitanikiforov24.thkit.ee\/wp\/"},{"@type":"ListItem","position":2,"name":"Join kospekt"}]},{"@type":"WebSite","@id":"https:\/\/nikitanikiforov24.thkit.ee\/wp\/#website","url":"https:\/\/nikitanikiforov24.thkit.ee\/wp\/","name":"Nikita Nikiforov Portfolio","description":"Noorem Tarkvarendaja","publisher":{"@id":"https:\/\/nikitanikiforov24.thkit.ee\/wp\/#organization"},"potentialAction":[{"@type":"SearchAction","target":{"@type":"EntryPoint","urlTemplate":"https:\/\/nikitanikiforov24.thkit.ee\/wp\/?s={search_term_string}"},"query-input":{"@type":"PropertyValueSpecification","valueRequired":true,"valueName":"search_term_string"}}],"inLanguage":"et"},{"@type":"Organization","@id":"https:\/\/nikitanikiforov24.thkit.ee\/wp\/#organization","name":"Nikita Nikiforov Portfolio","url":"https:\/\/nikitanikiforov24.thkit.ee\/wp\/","logo":{"@type":"ImageObject","inLanguage":"et","@id":"https:\/\/nikitanikiforov24.thkit.ee\/wp\/#\/schema\/logo\/image\/","url":"https:\/\/nikitanikiforov24.thkit.ee\/wp\/wp-content\/uploads\/2025\/10\/0ce66b2c514f64099fc903d1deea8e5c-150x137-removebg-preview.png","contentUrl":"https:\/\/nikitanikiforov24.thkit.ee\/wp\/wp-content\/uploads\/2025\/10\/0ce66b2c514f64099fc903d1deea8e5c-150x137-removebg-preview.png","width":150,"height":137,"caption":"Nikita Nikiforov Portfolio"},"image":{"@id":"https:\/\/nikitanikiforov24.thkit.ee\/wp\/#\/schema\/logo\/image\/"}}]}},"_links":{"self":[{"href":"https:\/\/nikitanikiforov24.thkit.ee\/wp\/index.php?rest_route=\/wp\/v2\/pages\/524","targetHints":{"allow":["GET"]}}],"collection":[{"href":"https:\/\/nikitanikiforov24.thkit.ee\/wp\/index.php?rest_route=\/wp\/v2\/pages"}],"about":[{"href":"https:\/\/nikitanikiforov24.thkit.ee\/wp\/index.php?rest_route=\/wp\/v2\/types\/page"}],"author":[{"embeddable":true,"href":"https:\/\/nikitanikiforov24.thkit.ee\/wp\/index.php?rest_route=\/wp\/v2\/users\/1"}],"replies":[{"embeddable":true,"href":"https:\/\/nikitanikiforov24.thkit.ee\/wp\/index.php?rest_route=%2Fwp%2Fv2%2Fcomments&post=524"}],"version-history":[{"count":1,"href":"https:\/\/nikitanikiforov24.thkit.ee\/wp\/index.php?rest_route=\/wp\/v2\/pages\/524\/revisions"}],"predecessor-version":[{"id":1121,"href":"https:\/\/nikitanikiforov24.thkit.ee\/wp\/index.php?rest_route=\/wp\/v2\/pages\/524\/revisions\/1121"}],"wp:attachment":[{"href":"https:\/\/nikitanikiforov24.thkit.ee\/wp\/index.php?rest_route=%2Fwp%2Fv2%2Fmedia&parent=524"}],"curies":[{"name":"wp","href":"https:\/\/api.w.org\/{rel}","templated":true}]}}