{"id":561,"date":"2025-04-11T13:50:24","date_gmt":"2025-04-11T10:50:24","guid":{"rendered":"https:\/\/nikiforovnikitaportfolio.wordpress.com\/?page_id=561"},"modified":"2025-11-13T14:55:33","modified_gmt":"2025-11-13T12:55:33","slug":"katse-2-potentsiomeetri","status":"publish","type":"page","link":"https:\/\/nikitanikiforov24.thkit.ee\/wp\/?page_id=561","title":{"rendered":"Katse 2. Potentsiomeetri."},"content":{"rendered":"\n<h2 class=\"wp-block-heading\"><strong>Uus funktsioonid<\/strong><\/h2>\n\n\n\n<pre id=\"yui_3_17_2_1_1744365452578_491\" class=\"wp-block-preformatted\">map() - kasutatakse v\u00e4\u00e4rtuste vahemiku muutmiseks. See v\u00f5imaldab teil liigutada \u00fcht v\u00e4\u00e4rtust \u00fchest vahemikust teise.<br><strong>map(value, fromLow, fromHigh, toLow, toHigh)<\/strong><br>constrain() - piirab v\u00e4\u00e4rtust teatud vahemikku. Kui v\u00e4\u00e4rtus on v\u00e4ljaspool vahemikku, m\u00e4\u00e4ratakse see l\u00e4hima piirini.<br><strong>constrain(x, a, b)<\/strong><br>x - the number to constrain<br>a - the lower end of the range.<br>b - the upper end of the range.<br>Random(): - genereerib juhusliku t\u00e4isarvu. Saate m\u00e4\u00e4rata numbrivahemiku, millest valitakse juhuslik v\u00e4\u00e4rtus.<br><strong>random(min, max);<\/strong><\/pre>\n\n\n\n<h2 class=\"wp-block-heading\"><strong>Potentsiomeetri kasutamine<\/strong><\/h2>\n\n\n\n<p><strong>T\u00f6\u00f6 protsess<\/strong>:<br>Loeb andurilt analoogv\u00e4\u00e4rtust, teisendab selle pingeks, juhib LED-i vilkumist viitega<\/p>\n\n\n\n<p><strong>Kasutatud:<\/strong><br>1x Arduino uno<br>1x LED lamp<br>1x Potentsiomeetri<br>1x 330 oomi takisti<br>7x Juhtmed<\/p>\n\n\n\n<p><strong>Kood:<\/strong><\/p>\n\n\n<div class=\"wp-block-syntaxhighlighter-code \"><pre class=\"brush: cpp; title: ; notranslate\" title=\"\">\nint sensorPin = 0;    \t  \n\nint ledPin = 13;                           \t\t\t  \n\nint sensorValue = 0;  \t\t\t\t\t  \n\nvoid setup()\n\n{       \n\n  pinMode(ledPin, OUTPUT);  \n\n  Serial.begin(9600);\n\n}\n\nvoid loop() {          \t\t\t\t\t   \n\n  sensorValue = analogRead(sensorPin); \/\/   loeb analoog sisendi v\u00e4\u00e4rtust ja saadab tagasi t\u00e4isarvu vahemikus 0 kuni 1023. See t\u00e4hendab 10 bitilist t\u00e4psust (2^10 = 1024).\t\t  \n\n  digitalWrite(ledPin, HIGH);         \n\n  delay(sensorValue);                 \n\n  digitalWrite(ledPin, LOW);              \n\n  delay(sensorValue);  \n\n  float voltage = sensorValue * (5.0 \/ 1023.0); \/\/ konverteerime v\u00e4\u00e4rtuse (0 - 1023)  ja tagastab (0 - 5V):\n\n  Serial.println(voltage);   \/\/ Saadud tulemused kirjutame Serial Monitori.         \n\n}\n<\/pre><\/div>\n\n\n<p><strong>Foto:<\/strong><\/p>\n\n\n\n<figure class=\"wp-block-image size-large\"><img decoding=\"async\" src=\"https:\/\/nikiforovnikitaportfolio.wordpress.com\/wp-content\/uploads\/2025\/04\/pilt-25.png?w=790\" alt=\"\" class=\"wp-image-562\"\/><\/figure>\n\n\n\n<p><strong>Minu n\u00e4idis<\/strong><\/p>\n\n\n\n<p><strong>T\u00f6\u00f6 protsess:<\/strong><br>Keeramisel muudab see RGB v\u00e4rvi alates punasest ja l\u00f5petades punasega<\/p>\n\n\n\n<p><strong>Kasutatud : <\/strong><br>1x Arduino uno<br>1x LED RGB lamp<br>1x Potentsiomeetri<br>3x 220 oomi takisti<br>9x Juhtmed<\/p>\n\n\n\n<p><strong>Kood:<\/strong><\/p>\n\n\n<div class=\"wp-block-syntaxhighlighter-code \"><pre class=\"brush: cpp; title: ; notranslate\" title=\"\">\nconst int RED_PIN = 11;\nconst int GREEN_PIN = 9;\nconst int BLUE_PIN = 10;\nconst int POT_PIN = A0;\n\nvoid setup() {\n  pinMode(RED_PIN, OUTPUT);\n  pinMode(GREEN_PIN, OUTPUT);\n  pinMode(BLUE_PIN, OUTPUT);\n  Serial.begin(9600);\n}\n\nvoid loop() {\n  int potValue = analogRead(POT_PIN);\n  \n  int redValue = map(potValue, 0, 341, 0, 255);\n  int greenValue = map(potValue, 342, 682, 0, 255);\n  int blueValue = map(potValue, 683, 1023, 0, 255);\n\n  redValue = constrain(redValue, 0, 255);\n  greenValue = constrain(greenValue, 0, 255);\n  blueValue = constrain(blueValue, 0, 255);\n\n  analogWrite(RED_PIN, redValue);\n  analogWrite(GREEN_PIN, greenValue);\n  analogWrite(BLUE_PIN, blueValue);\n\n  Serial.print(&quot;Red: &quot;);\n  Serial.print(redValue);\n  Serial.print(&quot; Green: &quot;);\n  Serial.print(greenValue);\n  Serial.print(&quot; Blue: &quot;);\n  Serial.println(blueValue);\n\n  delay(50);  \n}\n\n<\/pre><\/div>\n\n\n<p><strong>Foto: <\/strong><\/p>\n\n\n\n<figure class=\"wp-block-image size-large\"><img decoding=\"async\" src=\"https:\/\/nikiforovnikitaportfolio.wordpress.com\/wp-content\/uploads\/2025\/04\/pilt-26.png?w=633\" alt=\"\" class=\"wp-image-569\"\/><\/figure>\n\n\n\n<h2 class=\"wp-block-heading\">Valguskett<\/h2>\n\n\n\n<p><strong>T\u00f6\u00f6 protsess<\/strong>:<br>Esimene re\u017eiim (jooksev valgus): \u00dcks LED s\u00fcttib, seej\u00e4rel kustub ja j\u00e4rgmine LED s\u00fcttib. See protsess kordub ringikujuliselt, kuni te muudate potentsiomeetri asendit, et l\u00fclituda teise re\u017eiimi.<\/p>\n\n\n\n<p>Teine re\u017eiim (liikuv muster): Kaks LED-i l\u00fclitatakse sisse (\u00fcks ringluse alguses ja teine l\u00f5pus). Need l\u00fclituvad v\u00e4lja ja kaks j\u00e4rgmist k\u00f5rvuti asetsevat LED-i s\u00fcttivad, liikudes \u00fcksteise poole. See j\u00e4tkub l\u00e4bi vooluringi.<\/p>\n\n\n\n<p>Kolmas re\u017eiim (vilkuv k\u00f5ik): K\u00f5ik valgusdioodid l\u00fclituvad sisse ja vilguvad korraga.<\/p>\n\n\n\n<p><strong>Funktsioonid<\/strong><br>runningLight() &#8211; l\u00fclitab valgusdioodid \u00fckshaaval sisse ja v\u00e4lja.<br>blinkingAll() &#8211; paneb k\u00f5ik LEDid korraga vilkuma.<br>movingPattern() &#8211; l\u00fclitab LEDid m\u00f5lemast otsast sisse, liigutades neid \u00fcksteise poole.<\/p>\n\n\n\n<p><strong>Kasutatud : <\/strong><br>1x Arduino uno<br>8x LED lamp<br>1x Potentsiomeetri<br>8x 220 oomi takisti<br>13x Juhtmed<\/p>\n\n\n\n<p><strong>Kood:<\/strong><\/p>\n\n\n<div class=\"wp-block-syntaxhighlighter-code \"><pre class=\"brush: cpp; title: ; notranslate\" title=\"\">\nint red1 = 13;\nint green1 = 12;\nint yellow1 = 11;\nint blue1 = 10;\nint red2 = 9;\nint blue2 = 8;\nint green3 = 7;\nint red3 = 6;\nint blue3 = 5;\nint SensorPin = 0;\n\nint ledint&#x5B;] = { 13, 12, 11, 10, 9, 8, 7, 6, 5 };\nconst int potPin = A0;\n\nvoid setup() {\n  for (int i = 0; i &lt; 9; i++) {\n    pinMode(ledint&#x5B;i], OUTPUT);\n  }\n}\n\nvoid loop() {\n  int potValue = analogRead(potPin);\n  int effect = map(potValue, 0, 1023, 0, 2);\n\n  switch (effect) {\n    case 0:\n      runningLight();\n      break;\n    case 1:\n      blinkingAll();\n      break;\n    case 2:\n      movingPattern();\n      break;\n  }\n}\n\nvoid runningLight() {\n  for (int i = 0; i &lt; 9; i++) {\n    digitalWrite(ledint&#x5B;i], HIGH);\n    delay(200);\n    digitalWrite(ledint&#x5B;i], LOW);\n    delay(200);\n  }\n}\n\nvoid blinkingAll() {\n  for (int i = 0; i &lt; 3; i++) {\n    for (int j = 0; j &lt; 9; j++) {\n      digitalWrite(ledint&#x5B;j], HIGH);\n    }\n    delay(500);\n    for (int j = 0; j &lt; 9; j++) {\n      digitalWrite(ledint&#x5B;j], LOW);\n    }\n    delay(500);\n  }\n}\n\nvoid movingPattern() {\n  for (int i = 0; i &lt; 5; i++) {\n    digitalWrite(ledint&#x5B;i], HIGH);\n    digitalWrite(ledint&#x5B;8 - i], HIGH);\n    delay(300);\n    digitalWrite(ledint&#x5B;i], LOW);\n    digitalWrite(ledint&#x5B;8 - i], LOW);\n    delay(300);\n  }\n}\n\n<\/pre><\/div>\n\n\n<p><strong>Foto:<\/strong><\/p>\n\n\n\n<figure class=\"wp-block-image size-large\"><img decoding=\"async\" src=\"https:\/\/nikiforovnikitaportfolio.wordpress.com\/wp-content\/uploads\/2025\/04\/pilt-27.png?w=642\" alt=\"\" class=\"wp-image-574\"\/><\/figure>\n\n\n\n<p><strong>Video : <\/strong><\/p>\n\n\n\n<figure class=\"wp-block-embed is-type-video is-provider-youtube wp-block-embed-youtube wp-embed-aspect-16-9 wp-has-aspect-ratio\"><div class=\"wp-block-embed__wrapper\">\n<iframe loading=\"lazy\" title=\"2\" width=\"500\" height=\"281\" src=\"https:\/\/www.youtube.com\/embed\/LTedzk0mAp4?feature=oembed\" frameborder=\"0\" allow=\"accelerometer; autoplay; clipboard-write; encrypted-media; gyroscope; picture-in-picture; web-share\" referrerpolicy=\"strict-origin-when-cross-origin\" allowfullscreen><\/iframe>\n<\/div><\/figure>\n\n\n\n<p><br><\/p>\n","protected":false},"excerpt":{"rendered":"<p>Uus funktsioonid map() &#8211; kasutatakse v\u00e4\u00e4rtuste vahemiku muutmiseks. See v\u00f5imaldab teil liigutada \u00fcht v\u00e4\u00e4rtust \u00fchest vahemikust teise.map(value, fromLow, fromHigh, toLow, toHigh)constrain() &#8211; piirab v\u00e4\u00e4rtust teatud vahemikku. Kui v\u00e4\u00e4rtus on v\u00e4ljaspool vahemikku, m\u00e4\u00e4ratakse see l\u00e4hima piirini.constrain(x, a, b)x &#8211; the number to constraina &#8211; the lower end of the range.b &#8211; the upper end of the [&hellip;]<\/p>\n","protected":false},"author":1,"featured_media":0,"parent":0,"menu_order":0,"comment_status":"closed","ping_status":"closed","template":"","meta":{"footnotes":""},"class_list":["post-561","page","type-page","status-publish","hentry"],"yoast_head":"<!-- This site is optimized with the Yoast SEO plugin v27.4 - https:\/\/yoast.com\/product\/yoast-seo-wordpress\/ -->\n<title>Arduibo Potentsiomeetri - Nikita Nikiforov Portfolio. Arduino Konspekt. Robootika.<\/title>\n<meta name=\"description\" content=\"\u00d5ppime, kuidas lugeda potentsiomeetrit, mis on p\u00f6\u00f6rleva muutuva takisti t\u00fc\u00fcp, kasutades Arduino analoogsisendit! \u00dchendame vooluringi .......\" \/>\n<meta name=\"robots\" content=\"index, follow, max-snippet:-1, max-image-preview:large, max-video-preview:-1\" \/>\n<link rel=\"canonical\" href=\"https:\/\/nikitanikiforov24.thkit.ee\/wp\/?page_id=561\" \/>\n<meta property=\"og:locale\" content=\"et_EE\" \/>\n<meta property=\"og:type\" content=\"article\" \/>\n<meta property=\"og:title\" content=\"Arduibo Potentsiomeetri - Nikita Nikiforov Portfolio. Arduino Konspekt. Robootika.\" \/>\n<meta property=\"og:description\" content=\"\u00d5ppime, kuidas lugeda potentsiomeetrit, mis on p\u00f6\u00f6rleva muutuva takisti t\u00fc\u00fcp, kasutades Arduino analoogsisendit! \u00dchendame vooluringi .......\" \/>\n<meta property=\"og:url\" content=\"https:\/\/nikitanikiforov24.thkit.ee\/wp\/?page_id=561\" \/>\n<meta property=\"og:site_name\" content=\"Nikita Nikiforov Portfolio\" \/>\n<meta property=\"article:modified_time\" content=\"2025-11-13T12:55:33+00:00\" \/>\n<meta property=\"og:image\" content=\"https:\/\/nikiforovnikitaportfolio.wordpress.com\/wp-content\/uploads\/2025\/04\/pilt-25.png?w=790\" \/>\n<meta name=\"twitter:card\" content=\"summary_large_image\" \/>\n<meta name=\"twitter:label1\" content=\"Est. reading time\" \/>\n\t<meta name=\"twitter:data1\" content=\"2 minutit\" \/>\n<script type=\"application\/ld+json\" class=\"yoast-schema-graph\">{\"@context\":\"https:\\\/\\\/schema.org\",\"@graph\":[{\"@type\":\"WebPage\",\"@id\":\"https:\\\/\\\/nikitanikiforov24.thkit.ee\\\/wp\\\/?page_id=561\",\"url\":\"https:\\\/\\\/nikitanikiforov24.thkit.ee\\\/wp\\\/?page_id=561\",\"name\":\"Arduibo Potentsiomeetri - Nikita Nikiforov Portfolio. Arduino Konspekt. Robootika.\",\"isPartOf\":{\"@id\":\"https:\\\/\\\/nikitanikiforov24.thkit.ee\\\/wp\\\/#website\"},\"primaryImageOfPage\":{\"@id\":\"https:\\\/\\\/nikitanikiforov24.thkit.ee\\\/wp\\\/?page_id=561#primaryimage\"},\"image\":{\"@id\":\"https:\\\/\\\/nikitanikiforov24.thkit.ee\\\/wp\\\/?page_id=561#primaryimage\"},\"thumbnailUrl\":\"https:\\\/\\\/nikiforovnikitaportfolio.wordpress.com\\\/wp-content\\\/uploads\\\/2025\\\/04\\\/pilt-25.png?w=790\",\"datePublished\":\"2025-04-11T10:50:24+00:00\",\"dateModified\":\"2025-11-13T12:55:33+00:00\",\"description\":\"\u00d5ppime, kuidas lugeda potentsiomeetrit, mis on p\u00f6\u00f6rleva muutuva takisti t\u00fc\u00fcp, kasutades Arduino analoogsisendit! \u00dchendame vooluringi .......\",\"breadcrumb\":{\"@id\":\"https:\\\/\\\/nikitanikiforov24.thkit.ee\\\/wp\\\/?page_id=561#breadcrumb\"},\"inLanguage\":\"et\",\"potentialAction\":[{\"@type\":\"ReadAction\",\"target\":[\"https:\\\/\\\/nikitanikiforov24.thkit.ee\\\/wp\\\/?page_id=561\"]}]},{\"@type\":\"ImageObject\",\"inLanguage\":\"et\",\"@id\":\"https:\\\/\\\/nikitanikiforov24.thkit.ee\\\/wp\\\/?page_id=561#primaryimage\",\"url\":\"https:\\\/\\\/nikiforovnikitaportfolio.wordpress.com\\\/wp-content\\\/uploads\\\/2025\\\/04\\\/pilt-25.png?w=790\",\"contentUrl\":\"https:\\\/\\\/nikiforovnikitaportfolio.wordpress.com\\\/wp-content\\\/uploads\\\/2025\\\/04\\\/pilt-25.png?w=790\"},{\"@type\":\"BreadcrumbList\",\"@id\":\"https:\\\/\\\/nikitanikiforov24.thkit.ee\\\/wp\\\/?page_id=561#breadcrumb\",\"itemListElement\":[{\"@type\":\"ListItem\",\"position\":1,\"name\":\"Home\",\"item\":\"https:\\\/\\\/nikitanikiforov24.thkit.ee\\\/wp\\\/\"},{\"@type\":\"ListItem\",\"position\":2,\"name\":\"Katse 2. Potentsiomeetri.\"}]},{\"@type\":\"WebSite\",\"@id\":\"https:\\\/\\\/nikitanikiforov24.thkit.ee\\\/wp\\\/#website\",\"url\":\"https:\\\/\\\/nikitanikiforov24.thkit.ee\\\/wp\\\/\",\"name\":\"Nikita Nikiforov Portfolio\",\"description\":\"Noorem Tarkvarendaja\",\"publisher\":{\"@id\":\"https:\\\/\\\/nikitanikiforov24.thkit.ee\\\/wp\\\/#organization\"},\"potentialAction\":[{\"@type\":\"SearchAction\",\"target\":{\"@type\":\"EntryPoint\",\"urlTemplate\":\"https:\\\/\\\/nikitanikiforov24.thkit.ee\\\/wp\\\/?s={search_term_string}\"},\"query-input\":{\"@type\":\"PropertyValueSpecification\",\"valueRequired\":true,\"valueName\":\"search_term_string\"}}],\"inLanguage\":\"et\"},{\"@type\":\"Organization\",\"@id\":\"https:\\\/\\\/nikitanikiforov24.thkit.ee\\\/wp\\\/#organization\",\"name\":\"Nikita Nikiforov Portfolio\",\"url\":\"https:\\\/\\\/nikitanikiforov24.thkit.ee\\\/wp\\\/\",\"logo\":{\"@type\":\"ImageObject\",\"inLanguage\":\"et\",\"@id\":\"https:\\\/\\\/nikitanikiforov24.thkit.ee\\\/wp\\\/#\\\/schema\\\/logo\\\/image\\\/\",\"url\":\"https:\\\/\\\/nikitanikiforov24.thkit.ee\\\/wp\\\/wp-content\\\/uploads\\\/2025\\\/10\\\/0ce66b2c514f64099fc903d1deea8e5c-150x137-removebg-preview.png\",\"contentUrl\":\"https:\\\/\\\/nikitanikiforov24.thkit.ee\\\/wp\\\/wp-content\\\/uploads\\\/2025\\\/10\\\/0ce66b2c514f64099fc903d1deea8e5c-150x137-removebg-preview.png\",\"width\":150,\"height\":137,\"caption\":\"Nikita Nikiforov Portfolio\"},\"image\":{\"@id\":\"https:\\\/\\\/nikitanikiforov24.thkit.ee\\\/wp\\\/#\\\/schema\\\/logo\\\/image\\\/\"}}]}<\/script>\n<!-- \/ Yoast SEO plugin. -->","yoast_head_json":{"title":"Arduibo Potentsiomeetri - Nikita Nikiforov Portfolio. Arduino Konspekt. Robootika.","description":"\u00d5ppime, kuidas lugeda potentsiomeetrit, mis on p\u00f6\u00f6rleva muutuva takisti t\u00fc\u00fcp, kasutades Arduino analoogsisendit! \u00dchendame vooluringi .......","robots":{"index":"index","follow":"follow","max-snippet":"max-snippet:-1","max-image-preview":"max-image-preview:large","max-video-preview":"max-video-preview:-1"},"canonical":"https:\/\/nikitanikiforov24.thkit.ee\/wp\/?page_id=561","og_locale":"et_EE","og_type":"article","og_title":"Arduibo Potentsiomeetri - Nikita Nikiforov Portfolio. Arduino Konspekt. Robootika.","og_description":"\u00d5ppime, kuidas lugeda potentsiomeetrit, mis on p\u00f6\u00f6rleva muutuva takisti t\u00fc\u00fcp, kasutades Arduino analoogsisendit! \u00dchendame vooluringi .......","og_url":"https:\/\/nikitanikiforov24.thkit.ee\/wp\/?page_id=561","og_site_name":"Nikita Nikiforov Portfolio","article_modified_time":"2025-11-13T12:55:33+00:00","og_image":[{"url":"https:\/\/nikiforovnikitaportfolio.wordpress.com\/wp-content\/uploads\/2025\/04\/pilt-25.png?w=790","type":"","width":"","height":""}],"twitter_card":"summary_large_image","twitter_misc":{"Est. reading time":"2 minutit"},"schema":{"@context":"https:\/\/schema.org","@graph":[{"@type":"WebPage","@id":"https:\/\/nikitanikiforov24.thkit.ee\/wp\/?page_id=561","url":"https:\/\/nikitanikiforov24.thkit.ee\/wp\/?page_id=561","name":"Arduibo Potentsiomeetri - Nikita Nikiforov Portfolio. Arduino Konspekt. Robootika.","isPartOf":{"@id":"https:\/\/nikitanikiforov24.thkit.ee\/wp\/#website"},"primaryImageOfPage":{"@id":"https:\/\/nikitanikiforov24.thkit.ee\/wp\/?page_id=561#primaryimage"},"image":{"@id":"https:\/\/nikitanikiforov24.thkit.ee\/wp\/?page_id=561#primaryimage"},"thumbnailUrl":"https:\/\/nikiforovnikitaportfolio.wordpress.com\/wp-content\/uploads\/2025\/04\/pilt-25.png?w=790","datePublished":"2025-04-11T10:50:24+00:00","dateModified":"2025-11-13T12:55:33+00:00","description":"\u00d5ppime, kuidas lugeda potentsiomeetrit, mis on p\u00f6\u00f6rleva muutuva takisti t\u00fc\u00fcp, kasutades Arduino analoogsisendit! \u00dchendame vooluringi .......","breadcrumb":{"@id":"https:\/\/nikitanikiforov24.thkit.ee\/wp\/?page_id=561#breadcrumb"},"inLanguage":"et","potentialAction":[{"@type":"ReadAction","target":["https:\/\/nikitanikiforov24.thkit.ee\/wp\/?page_id=561"]}]},{"@type":"ImageObject","inLanguage":"et","@id":"https:\/\/nikitanikiforov24.thkit.ee\/wp\/?page_id=561#primaryimage","url":"https:\/\/nikiforovnikitaportfolio.wordpress.com\/wp-content\/uploads\/2025\/04\/pilt-25.png?w=790","contentUrl":"https:\/\/nikiforovnikitaportfolio.wordpress.com\/wp-content\/uploads\/2025\/04\/pilt-25.png?w=790"},{"@type":"BreadcrumbList","@id":"https:\/\/nikitanikiforov24.thkit.ee\/wp\/?page_id=561#breadcrumb","itemListElement":[{"@type":"ListItem","position":1,"name":"Home","item":"https:\/\/nikitanikiforov24.thkit.ee\/wp\/"},{"@type":"ListItem","position":2,"name":"Katse 2. Potentsiomeetri."}]},{"@type":"WebSite","@id":"https:\/\/nikitanikiforov24.thkit.ee\/wp\/#website","url":"https:\/\/nikitanikiforov24.thkit.ee\/wp\/","name":"Nikita Nikiforov Portfolio","description":"Noorem Tarkvarendaja","publisher":{"@id":"https:\/\/nikitanikiforov24.thkit.ee\/wp\/#organization"},"potentialAction":[{"@type":"SearchAction","target":{"@type":"EntryPoint","urlTemplate":"https:\/\/nikitanikiforov24.thkit.ee\/wp\/?s={search_term_string}"},"query-input":{"@type":"PropertyValueSpecification","valueRequired":true,"valueName":"search_term_string"}}],"inLanguage":"et"},{"@type":"Organization","@id":"https:\/\/nikitanikiforov24.thkit.ee\/wp\/#organization","name":"Nikita Nikiforov Portfolio","url":"https:\/\/nikitanikiforov24.thkit.ee\/wp\/","logo":{"@type":"ImageObject","inLanguage":"et","@id":"https:\/\/nikitanikiforov24.thkit.ee\/wp\/#\/schema\/logo\/image\/","url":"https:\/\/nikitanikiforov24.thkit.ee\/wp\/wp-content\/uploads\/2025\/10\/0ce66b2c514f64099fc903d1deea8e5c-150x137-removebg-preview.png","contentUrl":"https:\/\/nikitanikiforov24.thkit.ee\/wp\/wp-content\/uploads\/2025\/10\/0ce66b2c514f64099fc903d1deea8e5c-150x137-removebg-preview.png","width":150,"height":137,"caption":"Nikita Nikiforov Portfolio"},"image":{"@id":"https:\/\/nikitanikiforov24.thkit.ee\/wp\/#\/schema\/logo\/image\/"}}]}},"_links":{"self":[{"href":"https:\/\/nikitanikiforov24.thkit.ee\/wp\/index.php?rest_route=\/wp\/v2\/pages\/561","targetHints":{"allow":["GET"]}}],"collection":[{"href":"https:\/\/nikitanikiforov24.thkit.ee\/wp\/index.php?rest_route=\/wp\/v2\/pages"}],"about":[{"href":"https:\/\/nikitanikiforov24.thkit.ee\/wp\/index.php?rest_route=\/wp\/v2\/types\/page"}],"author":[{"embeddable":true,"href":"https:\/\/nikitanikiforov24.thkit.ee\/wp\/index.php?rest_route=\/wp\/v2\/users\/1"}],"replies":[{"embeddable":true,"href":"https:\/\/nikitanikiforov24.thkit.ee\/wp\/index.php?rest_route=%2Fwp%2Fv2%2Fcomments&post=561"}],"version-history":[{"count":1,"href":"https:\/\/nikitanikiforov24.thkit.ee\/wp\/index.php?rest_route=\/wp\/v2\/pages\/561\/revisions"}],"predecessor-version":[{"id":1151,"href":"https:\/\/nikitanikiforov24.thkit.ee\/wp\/index.php?rest_route=\/wp\/v2\/pages\/561\/revisions\/1151"}],"wp:attachment":[{"href":"https:\/\/nikitanikiforov24.thkit.ee\/wp\/index.php?rest_route=%2Fwp%2Fv2%2Fmedia&parent=561"}],"curies":[{"name":"wp","href":"https:\/\/api.w.org\/{rel}","templated":true}]}}