{"id":610,"date":"2025-04-25T12:44:06","date_gmt":"2025-04-25T09:44:06","guid":{"rendered":"https:\/\/nikiforovnikitaportfolio.wordpress.com\/?page_id=610"},"modified":"2025-11-13T15:00:40","modified_gmt":"2025-11-13T13:00:40","slug":"katse-4-temperatuuri-andur-servo-mootor","status":"publish","type":"page","link":"https:\/\/nikitanikiforov24.thkit.ee\/wp\/?page_id=610","title":{"rendered":"Katse 4. Temperatuuri andur, Servo mootor"},"content":{"rendered":"\n<h2 class=\"wp-block-heading\"><strong>Katse temperatuur<\/strong><\/h2>\n\n\n\n<h3 class=\"wp-block-heading\"><strong>T\u00f6\u00f6 protsess:<\/strong><\/h3>\n\n\n\n<p>P\u00e4rast koodi k\u00e4ivitamist hakkab temperatuuriandur temperatuuri m\u00f5\u00f5tma ja v\u00e4ljastab selle temperatuuri konsooli.<\/p>\n\n\n\n<p><strong>Kasutatud:<\/strong><br>1x Arduino uno<br>1x Temperatuuri andur<br>4x Juhtmed<\/p>\n\n\n\n<p><strong>Kood:<\/strong><\/p>\n\n\n<div class=\"wp-block-syntaxhighlighter-code \"><pre class=\"brush: cpp; title: ; notranslate\" title=\"\">\nconst int temperaturePin = 0;\n\nvoid setup()\n{\nSerial.begin(9600);\n}\n\nvoid loop()\n{\n  float voltage, degreesC, degreesF;\n  \/\/ kasutame analogRead(), mis tagastab sisendi v\u00e4\u00e4rtused vahemikul 0 ... 1023.\n  \/\/ koostasime getVoltage() funktsioon, mis tagastab pingev\u00e4\u00e4rtus  0 ... 5,\n\n  voltage = getVoltage(temperaturePin);\n  degreesC = (voltage - 0.5) * 100.0;\n  \/\/ degreesC = voltage * 100.0;\n  degreesF = degreesC * (9.0\/5.0) + 32.0;\n  Serial.print(&quot;voltage: &quot;);\n  Serial.print(voltage);\n  Serial.print(&quot; deg C: &quot;);\n  Serial.print(degreesC);\n  Serial.print(&quot; deg F: &quot;);\n  Serial.println(degreesF);\n\n\n  \/\/Ekraanil ilmub j\u00e4rgmine tekst: &quot;voltage: 0.73 deg C: 22.75 deg F: 72.96&quot;\n  delay(1000); \/\/ ootame 1 sek\n}\nfloat getVoltage(int pin)\n  {\n  return (analogRead(pin) * 0.004882814);\n  \/\/ teisendame pinge vahemikust 0,0 ... 5,0 V, vahemikku 0 \u0434\u043e 1023.\n}\n<\/pre><\/div>\n\n\n<p><strong>Foto:<\/strong><\/p>\n\n\n\n<figure class=\"wp-block-image size-large\"><img decoding=\"async\" src=\"https:\/\/nikiforovnikitaportfolio.wordpress.com\/wp-content\/uploads\/2025\/04\/pilt-32.png?w=1024\" alt=\"\" class=\"wp-image-613\"\/><\/figure>\n\n\n\n<h2 class=\"wp-block-heading\">Katse servo<\/h2>\n\n\n\n<p><strong>T\u00f6\u00f6 protses:<\/strong><\/p>\n\n\n\n<p>P\u00e4rast koodi k\u00e4ivitamist alustab servo p\u00f6\u00f6rlemist 90 kraadi juures p\u00e4rast sekundit 180 kraadi juures ja teise sekundi p\u00e4rast 0 kraadi juures ja nii edasi loop&#8217;is.<\/p>\n\n\n\n<p><strong>Kasutatud:<\/strong><\/p>\n\n\n\n<p>1x Arduino uno<br>1x Servo<br>8x Juhtmed<\/p>\n\n\n\n<p><strong>Kood:<\/strong><\/p>\n\n\n<div class=\"wp-block-syntaxhighlighter-code \"><pre class=\"brush: cpp; title: ; notranslate\" title=\"\">\n#include &lt;Servo.h&gt;\n\/\/ nii teavitame Arduino IDE-t vajadusest kasutada Servo.h teeki (\u043f\u043e\u0434\u043a\u043b\u044e\u0447\u0430\u0435\u043c \u0434\u043e\u043f\u043e\u043b\u043d\u0438\u0442\u0435\u043b\u044c\u043d\u0443\u044e \u0431\u0438\u0431\u043b\u0438\u043e\u0442\u0435\u043a\u0443)\n\/\/ \u041a\u0430\u043a \u0442\u043e\u043b\u044c\u043a\u043e \u0432\u044b &quot;\u043f\u043e\u0434\u043a\u043b\u044e\u0447\u0430\u0435\u0442\u0435&quot; \u0431\u0438\u0431\u043b\u0438\u043e\u0442\u0435\u043a\u0443, \u0442\u0430\u043a \u0441\u0440\u0430\u0437\u0443 \u043f\u043e\u043b\u0443\u0447\u0430\u0435\u0442\u0435 \u0434\u043e\u0441\u0442\u0443\u043f \u043a \u044d\u0442\u0438\u043c \u0444\u0443\u043d\u043a\u0446\u0438\u044f\u043c. \u0412\u044b \u043c\u043e\u0436\u0435\u0442\u0435 \u043d\u0430\u0439\u0442\u0438 \u0441\u043f\u0438\u0441\u043e\u043a \u0444\u0443\u043d\u043a\u0446\u0438\u0439 \u0432 \u0431\u0438\u0431\u043b\u0438\u043e\u0442\u0435\u043a\u0435\n\/\/ \u0441\u0435\u0440\u0432\u043e\u043f\u0440\u0438\u0432\u043e\u0434\u0430 \u0432: http:\/\/arduino.cc\/en\/Reference\/Servo. \u0411\u043e\u043b\u044c\u0448\u0438\u043d\u0441\u0442\u0432\u043e \u0431\u0438\u0431\u043b\u0438\u043e\u0442\u0435\u043a \u0434\u043e\u0441\u0442\u0443\u043f\u043d\u043e \u0438\u0437 \u043c\u0435\u043d\u044e &quot;\u0424\u0430\u0439\u043b \/ \u043f\u0440\u0438\u043c\u0435\u0440\u044b&quot;.\n\nServo servo1; \/\/ Peame looma servo objekti nimega servo1 (\u043e\u0431\u044a\u0435\u043a\u0442 \u0443\u043f\u0440\u0430\u0432\u043b\u0435\u043d\u0438\u044f \u0441\u0435\u0440\u0432\u043e\u043f\u0440\u0438\u0432\u043e\u0434\u043e\u043c)\n\nvoid setup()\n{\n  \/\/ \u0421\u0435\u0439\u0447\u0430\u0441 \u043c\u044b \u043f\u0440\u0438\u043a\u0440\u0435\u043f\u0438\u043c (attach) \u043e\u0431\u044a\u0435\u043a\u0442 servo1 \u043a \u0446\u0438\u0444\u0440\u043e\u0432\u043e\u043c\u0443 \u043f\u0438\u043d\u0443 9. \u0415\u0441\u043b\u0438 \u0432\u044b \u0441\u043e\u0431\u0438\u0440\u0430\u0435\u0442\u0435\u0441\u044c \u0443\u043f\u0440\u0430\u0432\u043b\u044f\u0442\u044c \u0431\u043e\u043b\u0435\u0435 \u0447\u0435\u043c \u043e\u0434\u043d\u0438\u043c\n  \/\/ \u0441\u0435\u0440\u0432\u043e\u043f\u0440\u0438\u0432\u043e\u0434\u043e\u043c, \u0412\u044b \u0434\u043e\u043b\u0436\u043d\u044b \u043f\u0440\u0438\u043a\u0440\u0435\u043f\u0438\u0442\u044c \u043a\u0430\u0436\u0434\u044b\u0439 \u043d\u043e\u0432\u044b\u0439 \u043e\u0431\u044a\u0435\u043a\u0442 \u0441\u0435\u0440\u0432\u043e \u043a \u0441\u0432\u043e\u0435\u043c\u0443, \u043e\u0442\u0434\u0435\u043b\u044c\u043d\u043e\u043c\u0443 \u043f\u043e\u0440\u0442\u0443, \u043f\u0440\u0438\u0447\u0435\u043c \u044d\u0442\u043e \u043f\u043e\u0440\u0442 \u0434\u043e\u043b\u0436\u0435\u043d \u0431\u044b\u0442\u044c \u0446\u0438\u0444\u0440\u043e\u0432\u044b\u043c.\n  servo1.attach(13); \/\/\u00fctleme Arduinole, et infosuhtlus servo-objektiga servo k\u00e4ib l\u00e4bi klemmi number 9. Tegu on digitaal-klemmiga--PWM digitaalne osa! Kontrollime, kas skeemil kasutame sama klemmi.\n}\nvoid loop() {\n  int position;\n\n  servo1.write(90); \/\/p\u00f6\u00f6ramise nurk =90\n  delay(1000); \n  servo1.write(180); \/\/p\u00f6\u00f6ramise nurk =180\n  delay(1000);\n  servo1.write(0); \/\/p\u00f6\u00f6ramise nurk =0\n  delay(1000);\n\n  \/\/ servo positsiooni muutmine v\u00e4ike kiirusega p\u00e4risuunas:\n  for(position = 0; position &lt; 180; position += 2){\n    servo1.write(position); \/\/ positsiooni muutmine\n    delay(20);\n  }\n\n\/\/ servo positsiooni muutmine v\u00e4ike kiirusega vastup\u00e4eva:\n  for(position = 180; position &gt;= 0; position -= 1) { \n    servo1.write(position); \/\/ positsiooni muutmine\n    delay(20); \n  }\n}\n\n<\/pre><\/div>\n\n\n<p><strong>Foto:<\/strong><\/p>\n\n\n\n<figure class=\"wp-block-image size-large\"><img decoding=\"async\" src=\"https:\/\/nikiforovnikitaportfolio.wordpress.com\/wp-content\/uploads\/2025\/04\/pilt-33.png?w=978\" alt=\"\" class=\"wp-image-618\"\/><\/figure>\n\n\n\n<h2 class=\"wp-block-heading\">Temperatuuritundlik servol\u00fclitus<\/h2>\n\n\n\n<p><strong>T\u00f6\u00f6 protses:<\/strong><\/p>\n\n\n\n<p>See kood juhib servomootorit ja kahte LED-tuld vastavalt temperatuuri ja valguse tasemele. Kui temperatuur on alla 25\u202f\u00b0C, p\u00f6\u00f6rdub servomootor 0 kraadi peale, vastasel juhul 180 kraadi peale. Kui ruumis on pime, s\u00fcttib sinine LED, kui on valge \u2014 roheline LED.<\/p>\n\n\n\n<p><strong>Kasutatud:<\/strong><\/p>\n\n\n\n<p>1x Arduino uno<br>1x Servo<br>1x Temperatuuri andur<br>2x LED lamp<br>2x 330 oomi takisti<br>1x 10000 oomi takisti<br>16x Juhtmed<\/p>\n\n\n\n<p><strong>Kood:<\/strong><\/p>\n\n\n<div class=\"wp-block-syntaxhighlighter-code \"><pre class=\"brush: cpp; title: ; notranslate\" title=\"\">\n#include &lt;Servo.h&gt;\n\nconst int greenled = 13;\nconst int blueled = 12;\nconst int ldr = A0;\nconst int temp = A1;\n\nServo servoMotor;\n\nint currentAngle = 90;\n\nvoid setup() {\n  Serial.begin(9600);\n  pinMode(greenLedPin, OUTPUT);\n  pinMode(blueLedPin, OUTPUT);\n  servoMotor.attach(11);\n\n  servoMotor.write(currentAngle);\n  delay(1000);\n}\n\nvoid loop() {\n  int tempReading = analogRead(tempPin);\n  float voltage = tempReading * (5.0 \/ 1023.0);\n  float temperature = (voltage - 0.5) * 100.0;\n  \n  int targetAngle;\n  if (temperature &lt; 25) {\n    targetAngle = 0;\n  } else {\n    targetAngle = 180;\n  } \n  \n  if (currentAngle &lt; targetAngle) {\n    currentAngle = min(targetAngle, currentAngle++);\n  } else if (currentAngle &gt; targetAngle) {\n    currentAngle = max(targetAngle, currentAngle--);\n  }\n  \n  servoMotor.write(currentAngle);\n  \n  int lightLevel = analogRead(ldrPin);\n  if (lightLevel &lt; 500) {\n    digitalWrite(greenLedPin, HIGH);\n    digitalWrite(blueLedPin, LOW);\n  } else {\n    digitalWrite(greenLedPin, LOW);\n    digitalWrite(blueLedPin, HIGH);\n  }\n  \n  Serial.print(&quot;Temperatuur: &quot;);\n  Serial.print(temperature);\n  Serial.print(&quot; \u00b0C, Valgustugevus: &quot;);\n  Serial.println(lightLevel);\n  \n  delay(10);\n}\n<\/pre><\/div>\n\n\n<p><strong>Foto:<\/strong><\/p>\n\n\n\n<figure class=\"wp-block-image size-large\"><img decoding=\"async\" src=\"https:\/\/nikiforovnikitaportfolio.wordpress.com\/wp-content\/uploads\/2025\/05\/image.png?w=1024\" alt=\"\" class=\"wp-image-644\"\/><\/figure>\n\n\n\n<p><strong>Video:<\/strong><\/p>\n\n\n\n<figure class=\"wp-block-embed is-type-video is-provider-youtube wp-block-embed-youtube wp-embed-aspect-16-9 wp-has-aspect-ratio\"><div class=\"wp-block-embed__wrapper\">\n<iframe loading=\"lazy\" title=\"3 \u043c\u0430\u044f 2025\u202f\u0433.\" width=\"422\" height=\"750\" src=\"https:\/\/www.youtube.com\/embed\/TSehVSNyJt8?feature=oembed\" frameborder=\"0\" allow=\"accelerometer; autoplay; clipboard-write; encrypted-media; gyroscope; picture-in-picture; web-share\" referrerpolicy=\"strict-origin-when-cross-origin\" allowfullscreen><\/iframe>\n<\/div><\/figure>\n\n\n\n<p><\/p>\n","protected":false},"excerpt":{"rendered":"<p>Katse temperatuur T\u00f6\u00f6 protsess: P\u00e4rast koodi k\u00e4ivitamist hakkab temperatuuriandur temperatuuri m\u00f5\u00f5tma ja v\u00e4ljastab selle temperatuuri konsooli. Kasutatud:1x Arduino uno1x Temperatuuri andur4x Juhtmed Kood: Foto: Katse servo T\u00f6\u00f6 protses: P\u00e4rast koodi k\u00e4ivitamist alustab servo p\u00f6\u00f6rlemist 90 kraadi juures p\u00e4rast sekundit 180 kraadi juures ja teise sekundi p\u00e4rast 0 kraadi juures ja nii edasi loop&#8217;is. Kasutatud: 1x [&hellip;]<\/p>\n","protected":false},"author":1,"featured_media":0,"parent":0,"menu_order":0,"comment_status":"closed","ping_status":"closed","template":"","meta":{"footnotes":""},"class_list":["post-610","page","type-page","status-publish","hentry"],"yoast_head":"<!-- This site is optimized with the Yoast SEO plugin v27.4 - https:\/\/yoast.com\/product\/yoast-seo-wordpress\/ -->\n<title>Arduino Temperatuuri andur, Servo mootor - Nikita Nikiforov Portfolio. Arduino konspekt.<\/title>\n<meta name=\"description\" content=\"Mootor k\u00e4ivitub, kui temperatuuriandur soojeneb ja jahtub, tuli s\u00fcttib, kui tuli kustub, ja kustub, kui tuli uuesti s\u00fcttib. Rakendus .......\" \/>\n<meta name=\"robots\" content=\"index, follow, max-snippet:-1, max-image-preview:large, max-video-preview:-1\" \/>\n<link rel=\"canonical\" href=\"https:\/\/nikitanikiforov24.thkit.ee\/wp\/?page_id=610\" \/>\n<meta property=\"og:locale\" content=\"et_EE\" \/>\n<meta property=\"og:type\" content=\"article\" \/>\n<meta property=\"og:title\" content=\"Arduino Temperatuuri andur, Servo mootor - Nikita Nikiforov Portfolio. Arduino konspekt.\" \/>\n<meta property=\"og:description\" content=\"Mootor k\u00e4ivitub, kui temperatuuriandur soojeneb ja jahtub, tuli s\u00fcttib, kui tuli kustub, ja kustub, kui tuli uuesti s\u00fcttib. Rakendus .......\" \/>\n<meta property=\"og:url\" content=\"https:\/\/nikitanikiforov24.thkit.ee\/wp\/?page_id=610\" \/>\n<meta property=\"og:site_name\" content=\"Nikita Nikiforov Portfolio\" \/>\n<meta property=\"article:modified_time\" content=\"2025-11-13T13:00:40+00:00\" \/>\n<meta property=\"og:image\" content=\"https:\/\/nikiforovnikitaportfolio.wordpress.com\/wp-content\/uploads\/2025\/04\/pilt-32.png?w=1024\" \/>\n<meta name=\"twitter:card\" content=\"summary_large_image\" \/>\n<meta name=\"twitter:label1\" content=\"Est. reading time\" \/>\n\t<meta name=\"twitter:data1\" content=\"2 minutit\" \/>\n<script type=\"application\/ld+json\" class=\"yoast-schema-graph\">{\"@context\":\"https:\\\/\\\/schema.org\",\"@graph\":[{\"@type\":\"WebPage\",\"@id\":\"https:\\\/\\\/nikitanikiforov24.thkit.ee\\\/wp\\\/?page_id=610\",\"url\":\"https:\\\/\\\/nikitanikiforov24.thkit.ee\\\/wp\\\/?page_id=610\",\"name\":\"Arduino Temperatuuri andur, Servo mootor - Nikita Nikiforov Portfolio. Arduino konspekt.\",\"isPartOf\":{\"@id\":\"https:\\\/\\\/nikitanikiforov24.thkit.ee\\\/wp\\\/#website\"},\"primaryImageOfPage\":{\"@id\":\"https:\\\/\\\/nikitanikiforov24.thkit.ee\\\/wp\\\/?page_id=610#primaryimage\"},\"image\":{\"@id\":\"https:\\\/\\\/nikitanikiforov24.thkit.ee\\\/wp\\\/?page_id=610#primaryimage\"},\"thumbnailUrl\":\"https:\\\/\\\/nikiforovnikitaportfolio.wordpress.com\\\/wp-content\\\/uploads\\\/2025\\\/04\\\/pilt-32.png?w=1024\",\"datePublished\":\"2025-04-25T09:44:06+00:00\",\"dateModified\":\"2025-11-13T13:00:40+00:00\",\"description\":\"Mootor k\u00e4ivitub, kui temperatuuriandur soojeneb ja jahtub, tuli s\u00fcttib, kui tuli kustub, ja kustub, kui tuli uuesti s\u00fcttib. Rakendus .......\",\"breadcrumb\":{\"@id\":\"https:\\\/\\\/nikitanikiforov24.thkit.ee\\\/wp\\\/?page_id=610#breadcrumb\"},\"inLanguage\":\"et\",\"potentialAction\":[{\"@type\":\"ReadAction\",\"target\":[\"https:\\\/\\\/nikitanikiforov24.thkit.ee\\\/wp\\\/?page_id=610\"]}]},{\"@type\":\"ImageObject\",\"inLanguage\":\"et\",\"@id\":\"https:\\\/\\\/nikitanikiforov24.thkit.ee\\\/wp\\\/?page_id=610#primaryimage\",\"url\":\"https:\\\/\\\/nikiforovnikitaportfolio.wordpress.com\\\/wp-content\\\/uploads\\\/2025\\\/04\\\/pilt-32.png?w=1024\",\"contentUrl\":\"https:\\\/\\\/nikiforovnikitaportfolio.wordpress.com\\\/wp-content\\\/uploads\\\/2025\\\/04\\\/pilt-32.png?w=1024\"},{\"@type\":\"BreadcrumbList\",\"@id\":\"https:\\\/\\\/nikitanikiforov24.thkit.ee\\\/wp\\\/?page_id=610#breadcrumb\",\"itemListElement\":[{\"@type\":\"ListItem\",\"position\":1,\"name\":\"Home\",\"item\":\"https:\\\/\\\/nikitanikiforov24.thkit.ee\\\/wp\\\/\"},{\"@type\":\"ListItem\",\"position\":2,\"name\":\"Katse 4. Temperatuuri andur, Servo mootor\"}]},{\"@type\":\"WebSite\",\"@id\":\"https:\\\/\\\/nikitanikiforov24.thkit.ee\\\/wp\\\/#website\",\"url\":\"https:\\\/\\\/nikitanikiforov24.thkit.ee\\\/wp\\\/\",\"name\":\"Nikita Nikiforov Portfolio\",\"description\":\"Noorem Tarkvarendaja\",\"publisher\":{\"@id\":\"https:\\\/\\\/nikitanikiforov24.thkit.ee\\\/wp\\\/#organization\"},\"potentialAction\":[{\"@type\":\"SearchAction\",\"target\":{\"@type\":\"EntryPoint\",\"urlTemplate\":\"https:\\\/\\\/nikitanikiforov24.thkit.ee\\\/wp\\\/?s={search_term_string}\"},\"query-input\":{\"@type\":\"PropertyValueSpecification\",\"valueRequired\":true,\"valueName\":\"search_term_string\"}}],\"inLanguage\":\"et\"},{\"@type\":\"Organization\",\"@id\":\"https:\\\/\\\/nikitanikiforov24.thkit.ee\\\/wp\\\/#organization\",\"name\":\"Nikita Nikiforov Portfolio\",\"url\":\"https:\\\/\\\/nikitanikiforov24.thkit.ee\\\/wp\\\/\",\"logo\":{\"@type\":\"ImageObject\",\"inLanguage\":\"et\",\"@id\":\"https:\\\/\\\/nikitanikiforov24.thkit.ee\\\/wp\\\/#\\\/schema\\\/logo\\\/image\\\/\",\"url\":\"https:\\\/\\\/nikitanikiforov24.thkit.ee\\\/wp\\\/wp-content\\\/uploads\\\/2025\\\/10\\\/0ce66b2c514f64099fc903d1deea8e5c-150x137-removebg-preview.png\",\"contentUrl\":\"https:\\\/\\\/nikitanikiforov24.thkit.ee\\\/wp\\\/wp-content\\\/uploads\\\/2025\\\/10\\\/0ce66b2c514f64099fc903d1deea8e5c-150x137-removebg-preview.png\",\"width\":150,\"height\":137,\"caption\":\"Nikita Nikiforov Portfolio\"},\"image\":{\"@id\":\"https:\\\/\\\/nikitanikiforov24.thkit.ee\\\/wp\\\/#\\\/schema\\\/logo\\\/image\\\/\"}}]}<\/script>\n<!-- \/ Yoast SEO plugin. -->","yoast_head_json":{"title":"Arduino Temperatuuri andur, Servo mootor - Nikita Nikiforov Portfolio. Arduino konspekt.","description":"Mootor k\u00e4ivitub, kui temperatuuriandur soojeneb ja jahtub, tuli s\u00fcttib, kui tuli kustub, ja kustub, kui tuli uuesti s\u00fcttib. Rakendus .......","robots":{"index":"index","follow":"follow","max-snippet":"max-snippet:-1","max-image-preview":"max-image-preview:large","max-video-preview":"max-video-preview:-1"},"canonical":"https:\/\/nikitanikiforov24.thkit.ee\/wp\/?page_id=610","og_locale":"et_EE","og_type":"article","og_title":"Arduino Temperatuuri andur, Servo mootor - Nikita Nikiforov Portfolio. Arduino konspekt.","og_description":"Mootor k\u00e4ivitub, kui temperatuuriandur soojeneb ja jahtub, tuli s\u00fcttib, kui tuli kustub, ja kustub, kui tuli uuesti s\u00fcttib. Rakendus .......","og_url":"https:\/\/nikitanikiforov24.thkit.ee\/wp\/?page_id=610","og_site_name":"Nikita Nikiforov Portfolio","article_modified_time":"2025-11-13T13:00:40+00:00","og_image":[{"url":"https:\/\/nikiforovnikitaportfolio.wordpress.com\/wp-content\/uploads\/2025\/04\/pilt-32.png?w=1024","type":"","width":"","height":""}],"twitter_card":"summary_large_image","twitter_misc":{"Est. reading time":"2 minutit"},"schema":{"@context":"https:\/\/schema.org","@graph":[{"@type":"WebPage","@id":"https:\/\/nikitanikiforov24.thkit.ee\/wp\/?page_id=610","url":"https:\/\/nikitanikiforov24.thkit.ee\/wp\/?page_id=610","name":"Arduino Temperatuuri andur, Servo mootor - Nikita Nikiforov Portfolio. Arduino konspekt.","isPartOf":{"@id":"https:\/\/nikitanikiforov24.thkit.ee\/wp\/#website"},"primaryImageOfPage":{"@id":"https:\/\/nikitanikiforov24.thkit.ee\/wp\/?page_id=610#primaryimage"},"image":{"@id":"https:\/\/nikitanikiforov24.thkit.ee\/wp\/?page_id=610#primaryimage"},"thumbnailUrl":"https:\/\/nikiforovnikitaportfolio.wordpress.com\/wp-content\/uploads\/2025\/04\/pilt-32.png?w=1024","datePublished":"2025-04-25T09:44:06+00:00","dateModified":"2025-11-13T13:00:40+00:00","description":"Mootor k\u00e4ivitub, kui temperatuuriandur soojeneb ja jahtub, tuli s\u00fcttib, kui tuli kustub, ja kustub, kui tuli uuesti s\u00fcttib. Rakendus .......","breadcrumb":{"@id":"https:\/\/nikitanikiforov24.thkit.ee\/wp\/?page_id=610#breadcrumb"},"inLanguage":"et","potentialAction":[{"@type":"ReadAction","target":["https:\/\/nikitanikiforov24.thkit.ee\/wp\/?page_id=610"]}]},{"@type":"ImageObject","inLanguage":"et","@id":"https:\/\/nikitanikiforov24.thkit.ee\/wp\/?page_id=610#primaryimage","url":"https:\/\/nikiforovnikitaportfolio.wordpress.com\/wp-content\/uploads\/2025\/04\/pilt-32.png?w=1024","contentUrl":"https:\/\/nikiforovnikitaportfolio.wordpress.com\/wp-content\/uploads\/2025\/04\/pilt-32.png?w=1024"},{"@type":"BreadcrumbList","@id":"https:\/\/nikitanikiforov24.thkit.ee\/wp\/?page_id=610#breadcrumb","itemListElement":[{"@type":"ListItem","position":1,"name":"Home","item":"https:\/\/nikitanikiforov24.thkit.ee\/wp\/"},{"@type":"ListItem","position":2,"name":"Katse 4. Temperatuuri andur, Servo mootor"}]},{"@type":"WebSite","@id":"https:\/\/nikitanikiforov24.thkit.ee\/wp\/#website","url":"https:\/\/nikitanikiforov24.thkit.ee\/wp\/","name":"Nikita Nikiforov Portfolio","description":"Noorem Tarkvarendaja","publisher":{"@id":"https:\/\/nikitanikiforov24.thkit.ee\/wp\/#organization"},"potentialAction":[{"@type":"SearchAction","target":{"@type":"EntryPoint","urlTemplate":"https:\/\/nikitanikiforov24.thkit.ee\/wp\/?s={search_term_string}"},"query-input":{"@type":"PropertyValueSpecification","valueRequired":true,"valueName":"search_term_string"}}],"inLanguage":"et"},{"@type":"Organization","@id":"https:\/\/nikitanikiforov24.thkit.ee\/wp\/#organization","name":"Nikita Nikiforov Portfolio","url":"https:\/\/nikitanikiforov24.thkit.ee\/wp\/","logo":{"@type":"ImageObject","inLanguage":"et","@id":"https:\/\/nikitanikiforov24.thkit.ee\/wp\/#\/schema\/logo\/image\/","url":"https:\/\/nikitanikiforov24.thkit.ee\/wp\/wp-content\/uploads\/2025\/10\/0ce66b2c514f64099fc903d1deea8e5c-150x137-removebg-preview.png","contentUrl":"https:\/\/nikitanikiforov24.thkit.ee\/wp\/wp-content\/uploads\/2025\/10\/0ce66b2c514f64099fc903d1deea8e5c-150x137-removebg-preview.png","width":150,"height":137,"caption":"Nikita Nikiforov Portfolio"},"image":{"@id":"https:\/\/nikitanikiforov24.thkit.ee\/wp\/#\/schema\/logo\/image\/"}}]}},"_links":{"self":[{"href":"https:\/\/nikitanikiforov24.thkit.ee\/wp\/index.php?rest_route=\/wp\/v2\/pages\/610","targetHints":{"allow":["GET"]}}],"collection":[{"href":"https:\/\/nikitanikiforov24.thkit.ee\/wp\/index.php?rest_route=\/wp\/v2\/pages"}],"about":[{"href":"https:\/\/nikitanikiforov24.thkit.ee\/wp\/index.php?rest_route=\/wp\/v2\/types\/page"}],"author":[{"embeddable":true,"href":"https:\/\/nikitanikiforov24.thkit.ee\/wp\/index.php?rest_route=\/wp\/v2\/users\/1"}],"replies":[{"embeddable":true,"href":"https:\/\/nikitanikiforov24.thkit.ee\/wp\/index.php?rest_route=%2Fwp%2Fv2%2Fcomments&post=610"}],"version-history":[{"count":1,"href":"https:\/\/nikitanikiforov24.thkit.ee\/wp\/index.php?rest_route=\/wp\/v2\/pages\/610\/revisions"}],"predecessor-version":[{"id":1155,"href":"https:\/\/nikitanikiforov24.thkit.ee\/wp\/index.php?rest_route=\/wp\/v2\/pages\/610\/revisions\/1155"}],"wp:attachment":[{"href":"https:\/\/nikitanikiforov24.thkit.ee\/wp\/index.php?rest_route=%2Fwp%2Fv2%2Fmedia&parent=610"}],"curies":[{"name":"wp","href":"https:\/\/api.w.org\/{rel}","templated":true}]}}