{"id":641,"date":"2025-05-02T15:15:57","date_gmt":"2025-05-02T12:15:57","guid":{"rendered":"https:\/\/nikiforovnikitaportfolio.wordpress.com\/?page_id=641"},"modified":"2025-11-13T15:02:10","modified_gmt":"2025-11-13T13:02:10","slug":"5-lcd-ekraan","status":"publish","type":"page","link":"https:\/\/nikitanikiforov24.thkit.ee\/wp\/?page_id=641","title":{"rendered":"5 LCD ekraan"},"content":{"rendered":"\n<h2 class=\"wp-block-heading\"><strong>Uus funktsioonid:<\/strong><\/h2>\n\n\n\n<p><br><strong>#include &lt;LiquidCrystal.h><\/strong> &#8211; raamatukogu LCD-ekraani juhtimiseks<br><strong>lcd.setCursor(2, 0)<\/strong> &#8211; seab kursori LCD-ekraanil positsioonile (2, 0), st esimese rea 3. veergu.<br><strong>lcd.write(n)<\/strong> &#8211; Kuvab n-koodiga t\u00e4hem\u00e4rgi (antud juhul on tegemist kassi kujutisega, mis oli eelnevalt kohandatud t\u00e4hem\u00e4rgina defineeritud).<br><strong>milles()<\/strong> &#8211; kirjeldatud allpool<\/p>\n\n\n\n<h3 class=\"wp-block-heading\"><strong>T\u00f6\u00f6 protses<\/strong>: <\/h3>\n\n\n\n<p>See kood juhib LCD-ekraani, mis n\u00e4itab graafilisi s\u00fcmboleid. See loob mitmeid kohandatud s\u00fcmboleid (naeratavad n\u00e4od, kass, t\u00fcdruk, t\u00fcdruk, t\u00fcdruk, poiss ja s\u00fcda). Loop() kuvab k\u00f5igepealt kassi ja t\u00fcdrukut, seej\u00e4rel poissi, kelle k\u00e4ed on \u00fclespoole t\u00f5stetud, seej\u00e4rel 10 naeratusn\u00e4gu ja taas poissi, kelle k\u00e4ed on alla t\u00f5stetud. Seej\u00e4rel kuvatakse loopiga s\u00fcdameid, mis liiguvad vasakult paremale. Kogu protsessiga kaasnevad viivitused, et s\u00fcmbolid oleksid ekraanil n\u00e4htavad.<\/p>\n\n\n\n<p><strong>Kasutatud:<\/strong><\/p>\n\n\n\n<p>1x LCD ekraan<br>1x Potentsiomeeter<br>16x Juhtmed<br>1x 330 takisti<\/p>\n\n\n\n<p><strong>Kood:<\/strong><\/p>\n\n\n<div class=\"wp-block-syntaxhighlighter-code \"><pre class=\"brush: cpp; title: ; notranslate\" title=\"\">\n\/\/ lisame LiquidCrystal library\n#include &lt;LiquidCrystal.h&gt;\n\n\/\/ m\u00e4\u00e4rame, milliste digitaalpesadega ekraan \u00fchendatud on\nLiquidCrystal lcd(12, 11, 5, 4, 3, 2);\n\n\/\/ loome eris\u00fcmbolid\nbyte smiley&#x5B;8] = {\n  0b00000, 0b00000, 0b01010, 0b00000, 0b00000, 0b10001, 0b01110, 0b00000\n};\n\nbyte armsDown&#x5B;8] = {\n  0b00100, 0b01010, 0b00100, 0b00100, 0b01110, 0b10101, 0b00100, 0b01010\n};\n\nbyte armsUp&#x5B;8] = {\n  0b00100, 0b01010, 0b00100, 0b10101, 0b01110, 0b00100, 0b00100, 0b01010\n};\n\nbyte kass&#x5B;8] = {\n  0b00000, 0b00000, 0b00000, 0b10000, 0b10011, 0b11111, 0b01110, 0b01010\n};\n\nbyte tydruk&#x5B;8] = {\n  0b00100, 0b01010, 0b00100, 0b11111, 0b00100, 0b00100, 0b01110, 0b11111\n};\n\nbyte v2ikesyda&#x5B;8] = {\n  0b00000, 0b00000, 0b00000, 0b11011, 0b11111, 0b11111, 0b01110, 0b00100\n};\n\nvoid setup() {\n  \/\/ algv\u00e4\u00e4rtustatakse LCD ekraani read ja veerud\n  lcd.begin(16, 2);\n\n  \/\/ defineerime eris\u00fcmbolid\n  lcd.createChar(1, smiley);\n  lcd.createChar(3, armsDown);\n  lcd.createChar(4, armsUp);\n  lcd.createChar(5, kass);\n  lcd.createChar(6, tydruk);\n  lcd.createChar(7, v2ikesyda);\n}\n\nvoid loop() {\n  \/\/ koht kuhu hakkame joonistama - 3. veerg, esimene rida\n  lcd.setCursor(2, 0);\n\n  \/\/ joonistame kassi\n  lcd.write(5);\n\n  \/\/ ja t\u00fcdruku\n  lcd.write(6);\n\n  \/\/ muudame kursori asukohta: 2. rida 14. veerg\n  lcd.setCursor(13, 1);\n\n  \/\/ joonistame poisi\n  lcd.write(3);\n\n  delay(400);\n\n  \/\/ muudame kursori asukohta: 1. rida 5. veerg\n  lcd.setCursor(4, 0);\n\n  \/\/ joonistame for ts\u00fckli abil v\u00e4ikese pausiga 10 smaili\n  for (int koht = 0; koht &lt; 10; koht++) {\n    lcd.write(1);\n    delay(400);\n  }\n\n  lcd.setCursor(13, 1);\n  lcd.write(4);\n\n  \/\/ loobime s\u00fcdameid\n  for (int koht = 13; koht &gt;= 4; koht--) {\n    lcd.setCursor(koht, 0);\n    lcd.write(7);\n    delay(400);\n  }\n\n  delay(400);\n}\n<\/pre><\/div>\n\n\n<p><strong>Foto:<\/strong><\/p>\n\n\n\n<figure class=\"wp-block-image size-large\"><img decoding=\"async\" src=\"https:\/\/nikiforovnikitaportfolio.wordpress.com\/wp-content\/uploads\/2025\/05\/pilt-1.png?w=1024\" alt=\"\" class=\"wp-image-655\"\/><\/figure>\n\n\n\n<p><strong>Uus funktsioon :<\/strong><br>milles() &#8211; m\u00f5\u00f5dab aega millisekundites alates Arduino sissel\u00fclitamisest.<\/p>\n\n\n\n<p><strong>T\u00f6\u00f6 protses:<\/strong><br>Funktsioon <strong>millis()<\/strong> saab millisekundite arvu, mis on m\u00f6\u00f6dunud Arduino sissel\u00fclitamisest alates. Muutuja <strong>previousMillis<\/strong> salvestab aja, mil LED viimati sisse v\u00f5i v\u00e4lja l\u00fclitati. string <strong>digitalWrite(ledPin, !digitalRead(ledPin))<\/strong> kontrollib LED-i praegust olekut (sisse, kui see oli v\u00e4lja l\u00fclitatud ja vastupidi).<\/p>\n\n\n\n<p><strong>Kasutatud<\/strong>:<br>1x LED lamp<br>1x 220om takisti<br>3x Juhtmed<\/p>\n\n\n\n<p><strong>Kood:<\/strong><\/p>\n\n\n<div class=\"wp-block-syntaxhighlighter-code \"><pre class=\"brush: cpp; title: ; notranslate\" title=\"\">\n&#039;const int ledPin = 13;\n\nunsigned long previousMillis = 0;  \nconst long interval = 1000; \/\/(1000 \u043c\u0438\u043b\u043b\u0438\u0441\u0435\u043a\u0443\u043d\u0434)\n\nvoid setup() {\n  pinMode(ledPin, OUTPUT);\n}\n\nvoid loop() {\n  unsigned long currentMillis = millis();\n  if (currentMillis - previousMillis &gt;= interval) {\n    previousMillis = currentMillis;\n\n    digitalWrite(ledPin, !digitalRead(ledPin));\n  }\n}\n<\/pre><\/div>\n\n\n<p><strong>Foto:<\/strong><\/p>\n\n\n\n<figure class=\"wp-block-image size-large\"><img decoding=\"async\" src=\"https:\/\/nikiforovnikitaportfolio.wordpress.com\/wp-content\/uploads\/2025\/05\/pilt-3.png?w=1024\" alt=\"\" class=\"wp-image-663\"\/><\/figure>\n\n\n\n<h2 class=\"wp-block-heading\">Interaktiivne infoekraan &#8220;Ilmajaam&#8221;<\/h2>\n\n\n\n<p><strong>T\u00f6\u00f6 protsess:<\/strong><\/p>\n\n\n\n<p>Kood juhib LCD-ekraani, n\u00e4itab temperatuuri ja valgustugevust. See loeb andurilt temperatuuri ja arvutab selle Celsiuse ja Fahrenheiti j\u00e4rgi, mis vahetuvad iga sekundiga. Valguse tase loetakse ja kuvatakse luksides. Iga 10 sekundi j\u00e4rel ilmub ekraanile naeratav n\u00e4gu: naeratav, kui temperatuur on \u00fcle 25 \u00b0C, ja kurb, kui alla selle.<\/p>\n\n\n\n<p><strong>Kasutatud:<\/strong><\/p>\n\n\n\n<p>1x LCD Ekraan<br>1x Temperatuuri Sensor<br>1x Photoresistor<br>1x Potentsiometer<br>1x 220 Oom Takisti<br>1x 10K Oom Takisti<br>21x Juhtmed<\/p>\n\n\n\n<p><strong>Kood:<\/strong><\/p>\n\n\n<div class=\"wp-block-syntaxhighlighter-code \"><pre class=\"brush: cpp; title: ; notranslate\" title=\"\">\n#include &lt;LiquidCrystal.h&gt;\n\nLiquidCrystal lcd(12, 11, 5, 4, 3, 2);\n\nconst int tempPin = A1;\nconst int lightPin = A0;\n\nfloat temperature;\nfloat voltage;\nfloat degreesF;\nint lightLevel;\n\nunsigned long previousMillis = 0;\nconst long interval = 1000;\nunsigned long emojiMillis = 0;\nconst long emojiInterval = 10000;\nunsigned long lastEmojiShowTime = 0;\nunsigned long lastDegreeSwitch = 0;\nbool fDegrees = false;\n\nvoid setup() {\n  lcd.begin(16, 2);\n  pinMode(tempPin, INPUT);\n  pinMode(lightPin, INPUT);\n}\n\nvoid loop() {\n  unsigned long currentMillis = millis();\n\n  if (currentMillis - previousMillis &gt;= interval) {\n    previousMillis = currentMillis;\n\n    lightLevel = analogRead(lightPin);\n    voltage = getVoltage(tempPin);\n    temperature = (voltage - 0.5) * 100.0;\n    degreesF = temperature * (9.0\/5.0) + 32.0;\n\n    lcd.clear();\n    lcd.setCursor(0, 0);\n    lcd.print(&quot;Temp: &quot;);\n    if (currentMillis - lastDegreeSwitch &gt; 500) {\n      lastDegreeSwitch = currentMillis;\n      fDegrees = !fDegrees;\n    }\n    if (fDegrees) {\n      lcd.print(degreesF, 1);\n      lcd.print(&quot; F&quot;);\n    }\n    else {\n      lcd.print(temperature, 1);\n      lcd.print(&quot; C&quot;);\n    }\n\n    lcd.setCursor(0, 1);\n    lcd.print(&quot;Light: &quot;);\n    lcd.print(1023-lightLevel);\n    lcd.print(&quot; lx&quot;);\n  }\n\n  if (currentMillis - lastEmojiShowTime &gt;= emojiInterval) {\n    lastEmojiShowTime = currentMillis;\n\n    lcd.clear();\n    lcd.setCursor(6, 0);\n    if (temperature &gt; 25) {\n      lcd.print(&quot;:)&quot;);\n    } else {\n      lcd.print(&quot;:(&quot;);\n    }\n\n    delay(1000);\n  }\n}\n\nfloat getVoltage(int pin)\n{\n  return (analogRead(pin) * 0.004882814);\n}\n<\/pre><\/div>\n\n\n<p><strong>Foto:<\/strong><\/p>\n\n\n\n<figure class=\"wp-block-image size-large\"><img decoding=\"async\" src=\"https:\/\/nikiforovnikitaportfolio.wordpress.com\/wp-content\/uploads\/2025\/05\/pilt-5.png?w=1024\" alt=\"\" class=\"wp-image-678\"\/><\/figure>\n\n\n\n<p><strong>Video:<\/strong><\/p>\n\n\n\n<figure class=\"wp-block-embed is-type-video is-provider-youtube wp-block-embed-youtube wp-embed-aspect-16-9 wp-has-aspect-ratio\"><div class=\"wp-block-embed__wrapper\">\n<iframe loading=\"lazy\" title=\"9 \u043c\u0430\u044f 2025\u202f\u0433.\" width=\"422\" height=\"750\" src=\"https:\/\/www.youtube.com\/embed\/VzZVGA1qi_E?feature=oembed\" frameborder=\"0\" allow=\"accelerometer; autoplay; clipboard-write; encrypted-media; gyroscope; picture-in-picture; web-share\" referrerpolicy=\"strict-origin-when-cross-origin\" allowfullscreen><\/iframe>\n<\/div><\/figure>\n\n\n\n<p><\/p>\n\n\n\n<p><\/p>\n\n\n\n<p><\/p>\n\n\n\n<p><\/p>\n\n\n\n<p><\/p>\n","protected":false},"excerpt":{"rendered":"<p>Uus funktsioonid: #include &lt;LiquidCrystal.h> &#8211; raamatukogu LCD-ekraani juhtimisekslcd.setCursor(2, 0) &#8211; seab kursori LCD-ekraanil positsioonile (2, 0), st esimese rea 3. veergu.lcd.write(n) &#8211; Kuvab n-koodiga t\u00e4hem\u00e4rgi (antud juhul on tegemist kassi kujutisega, mis oli eelnevalt kohandatud t\u00e4hem\u00e4rgina defineeritud).milles() &#8211; kirjeldatud allpool T\u00f6\u00f6 protses: See kood juhib LCD-ekraani, mis n\u00e4itab graafilisi s\u00fcmboleid. See loob mitmeid kohandatud s\u00fcmboleid [&hellip;]<\/p>\n","protected":false},"author":1,"featured_media":0,"parent":0,"menu_order":0,"comment_status":"closed","ping_status":"closed","template":"","meta":{"footnotes":""},"class_list":["post-641","page","type-page","status-publish","hentry"],"yoast_head":"<!-- This site is optimized with the Yoast SEO plugin v27.4 - https:\/\/yoast.com\/product\/yoast-seo-wordpress\/ -->\n<title>LCD Ekraan - Nikita Nikiforov Portfolio. Arduino konpekt. Robootika<\/title>\n<meta name=\"description\" content=\"#include - raamatukogu LCD-ekraani juhtimisekslcd.setCursor(2, 0) - seab kursori LCD-ekraanil positsioonile (2, 0), st esimese rea 3..........\" \/>\n<meta name=\"robots\" content=\"index, follow, max-snippet:-1, max-image-preview:large, max-video-preview:-1\" \/>\n<link rel=\"canonical\" href=\"https:\/\/nikitanikiforov24.thkit.ee\/wp\/?page_id=641\" \/>\n<meta property=\"og:locale\" content=\"et_EE\" \/>\n<meta property=\"og:type\" content=\"article\" \/>\n<meta property=\"og:title\" content=\"LCD Ekraan - Nikita Nikiforov Portfolio. Arduino konpekt. Robootika\" \/>\n<meta property=\"og:description\" content=\"#include - raamatukogu LCD-ekraani juhtimisekslcd.setCursor(2, 0) - seab kursori LCD-ekraanil positsioonile (2, 0), st esimese rea 3..........\" \/>\n<meta property=\"og:url\" content=\"https:\/\/nikitanikiforov24.thkit.ee\/wp\/?page_id=641\" \/>\n<meta property=\"og:site_name\" content=\"Nikita Nikiforov Portfolio\" \/>\n<meta property=\"article:modified_time\" content=\"2025-11-13T13:02:10+00:00\" \/>\n<meta property=\"og:image\" content=\"https:\/\/nikiforovnikitaportfolio.wordpress.com\/wp-content\/uploads\/2025\/05\/pilt-1.png?w=1024\" \/>\n<meta name=\"twitter:card\" content=\"summary_large_image\" \/>\n<meta name=\"twitter:label1\" content=\"Est. reading time\" \/>\n\t<meta name=\"twitter:data1\" content=\"2 minutit\" \/>\n<script type=\"application\/ld+json\" class=\"yoast-schema-graph\">{\"@context\":\"https:\\\/\\\/schema.org\",\"@graph\":[{\"@type\":\"WebPage\",\"@id\":\"https:\\\/\\\/nikitanikiforov24.thkit.ee\\\/wp\\\/?page_id=641\",\"url\":\"https:\\\/\\\/nikitanikiforov24.thkit.ee\\\/wp\\\/?page_id=641\",\"name\":\"LCD Ekraan - Nikita Nikiforov Portfolio. Arduino konpekt. Robootika\",\"isPartOf\":{\"@id\":\"https:\\\/\\\/nikitanikiforov24.thkit.ee\\\/wp\\\/#website\"},\"primaryImageOfPage\":{\"@id\":\"https:\\\/\\\/nikitanikiforov24.thkit.ee\\\/wp\\\/?page_id=641#primaryimage\"},\"image\":{\"@id\":\"https:\\\/\\\/nikitanikiforov24.thkit.ee\\\/wp\\\/?page_id=641#primaryimage\"},\"thumbnailUrl\":\"https:\\\/\\\/nikiforovnikitaportfolio.wordpress.com\\\/wp-content\\\/uploads\\\/2025\\\/05\\\/pilt-1.png?w=1024\",\"datePublished\":\"2025-05-02T12:15:57+00:00\",\"dateModified\":\"2025-11-13T13:02:10+00:00\",\"description\":\"#include - raamatukogu LCD-ekraani juhtimisekslcd.setCursor(2, 0) - seab kursori LCD-ekraanil positsioonile (2, 0), st esimese rea 3..........\",\"breadcrumb\":{\"@id\":\"https:\\\/\\\/nikitanikiforov24.thkit.ee\\\/wp\\\/?page_id=641#breadcrumb\"},\"inLanguage\":\"et\",\"potentialAction\":[{\"@type\":\"ReadAction\",\"target\":[\"https:\\\/\\\/nikitanikiforov24.thkit.ee\\\/wp\\\/?page_id=641\"]}]},{\"@type\":\"ImageObject\",\"inLanguage\":\"et\",\"@id\":\"https:\\\/\\\/nikitanikiforov24.thkit.ee\\\/wp\\\/?page_id=641#primaryimage\",\"url\":\"https:\\\/\\\/nikiforovnikitaportfolio.wordpress.com\\\/wp-content\\\/uploads\\\/2025\\\/05\\\/pilt-1.png?w=1024\",\"contentUrl\":\"https:\\\/\\\/nikiforovnikitaportfolio.wordpress.com\\\/wp-content\\\/uploads\\\/2025\\\/05\\\/pilt-1.png?w=1024\"},{\"@type\":\"BreadcrumbList\",\"@id\":\"https:\\\/\\\/nikitanikiforov24.thkit.ee\\\/wp\\\/?page_id=641#breadcrumb\",\"itemListElement\":[{\"@type\":\"ListItem\",\"position\":1,\"name\":\"Home\",\"item\":\"https:\\\/\\\/nikitanikiforov24.thkit.ee\\\/wp\\\/\"},{\"@type\":\"ListItem\",\"position\":2,\"name\":\"5 LCD ekraan\"}]},{\"@type\":\"WebSite\",\"@id\":\"https:\\\/\\\/nikitanikiforov24.thkit.ee\\\/wp\\\/#website\",\"url\":\"https:\\\/\\\/nikitanikiforov24.thkit.ee\\\/wp\\\/\",\"name\":\"Nikita Nikiforov Portfolio\",\"description\":\"Noorem Tarkvarendaja\",\"publisher\":{\"@id\":\"https:\\\/\\\/nikitanikiforov24.thkit.ee\\\/wp\\\/#organization\"},\"potentialAction\":[{\"@type\":\"SearchAction\",\"target\":{\"@type\":\"EntryPoint\",\"urlTemplate\":\"https:\\\/\\\/nikitanikiforov24.thkit.ee\\\/wp\\\/?s={search_term_string}\"},\"query-input\":{\"@type\":\"PropertyValueSpecification\",\"valueRequired\":true,\"valueName\":\"search_term_string\"}}],\"inLanguage\":\"et\"},{\"@type\":\"Organization\",\"@id\":\"https:\\\/\\\/nikitanikiforov24.thkit.ee\\\/wp\\\/#organization\",\"name\":\"Nikita Nikiforov Portfolio\",\"url\":\"https:\\\/\\\/nikitanikiforov24.thkit.ee\\\/wp\\\/\",\"logo\":{\"@type\":\"ImageObject\",\"inLanguage\":\"et\",\"@id\":\"https:\\\/\\\/nikitanikiforov24.thkit.ee\\\/wp\\\/#\\\/schema\\\/logo\\\/image\\\/\",\"url\":\"https:\\\/\\\/nikitanikiforov24.thkit.ee\\\/wp\\\/wp-content\\\/uploads\\\/2025\\\/10\\\/0ce66b2c514f64099fc903d1deea8e5c-150x137-removebg-preview.png\",\"contentUrl\":\"https:\\\/\\\/nikitanikiforov24.thkit.ee\\\/wp\\\/wp-content\\\/uploads\\\/2025\\\/10\\\/0ce66b2c514f64099fc903d1deea8e5c-150x137-removebg-preview.png\",\"width\":150,\"height\":137,\"caption\":\"Nikita Nikiforov Portfolio\"},\"image\":{\"@id\":\"https:\\\/\\\/nikitanikiforov24.thkit.ee\\\/wp\\\/#\\\/schema\\\/logo\\\/image\\\/\"}}]}<\/script>\n<!-- \/ Yoast SEO plugin. -->","yoast_head_json":{"title":"LCD Ekraan - Nikita Nikiforov Portfolio. Arduino konpekt. Robootika","description":"#include - raamatukogu LCD-ekraani juhtimisekslcd.setCursor(2, 0) - seab kursori LCD-ekraanil positsioonile (2, 0), st esimese rea 3..........","robots":{"index":"index","follow":"follow","max-snippet":"max-snippet:-1","max-image-preview":"max-image-preview:large","max-video-preview":"max-video-preview:-1"},"canonical":"https:\/\/nikitanikiforov24.thkit.ee\/wp\/?page_id=641","og_locale":"et_EE","og_type":"article","og_title":"LCD Ekraan - Nikita Nikiforov Portfolio. Arduino konpekt. Robootika","og_description":"#include - raamatukogu LCD-ekraani juhtimisekslcd.setCursor(2, 0) - seab kursori LCD-ekraanil positsioonile (2, 0), st esimese rea 3..........","og_url":"https:\/\/nikitanikiforov24.thkit.ee\/wp\/?page_id=641","og_site_name":"Nikita Nikiforov Portfolio","article_modified_time":"2025-11-13T13:02:10+00:00","og_image":[{"url":"https:\/\/nikiforovnikitaportfolio.wordpress.com\/wp-content\/uploads\/2025\/05\/pilt-1.png?w=1024","type":"","width":"","height":""}],"twitter_card":"summary_large_image","twitter_misc":{"Est. reading time":"2 minutit"},"schema":{"@context":"https:\/\/schema.org","@graph":[{"@type":"WebPage","@id":"https:\/\/nikitanikiforov24.thkit.ee\/wp\/?page_id=641","url":"https:\/\/nikitanikiforov24.thkit.ee\/wp\/?page_id=641","name":"LCD Ekraan - Nikita Nikiforov Portfolio. Arduino konpekt. Robootika","isPartOf":{"@id":"https:\/\/nikitanikiforov24.thkit.ee\/wp\/#website"},"primaryImageOfPage":{"@id":"https:\/\/nikitanikiforov24.thkit.ee\/wp\/?page_id=641#primaryimage"},"image":{"@id":"https:\/\/nikitanikiforov24.thkit.ee\/wp\/?page_id=641#primaryimage"},"thumbnailUrl":"https:\/\/nikiforovnikitaportfolio.wordpress.com\/wp-content\/uploads\/2025\/05\/pilt-1.png?w=1024","datePublished":"2025-05-02T12:15:57+00:00","dateModified":"2025-11-13T13:02:10+00:00","description":"#include - raamatukogu LCD-ekraani juhtimisekslcd.setCursor(2, 0) - seab kursori LCD-ekraanil positsioonile (2, 0), st esimese rea 3..........","breadcrumb":{"@id":"https:\/\/nikitanikiforov24.thkit.ee\/wp\/?page_id=641#breadcrumb"},"inLanguage":"et","potentialAction":[{"@type":"ReadAction","target":["https:\/\/nikitanikiforov24.thkit.ee\/wp\/?page_id=641"]}]},{"@type":"ImageObject","inLanguage":"et","@id":"https:\/\/nikitanikiforov24.thkit.ee\/wp\/?page_id=641#primaryimage","url":"https:\/\/nikiforovnikitaportfolio.wordpress.com\/wp-content\/uploads\/2025\/05\/pilt-1.png?w=1024","contentUrl":"https:\/\/nikiforovnikitaportfolio.wordpress.com\/wp-content\/uploads\/2025\/05\/pilt-1.png?w=1024"},{"@type":"BreadcrumbList","@id":"https:\/\/nikitanikiforov24.thkit.ee\/wp\/?page_id=641#breadcrumb","itemListElement":[{"@type":"ListItem","position":1,"name":"Home","item":"https:\/\/nikitanikiforov24.thkit.ee\/wp\/"},{"@type":"ListItem","position":2,"name":"5 LCD ekraan"}]},{"@type":"WebSite","@id":"https:\/\/nikitanikiforov24.thkit.ee\/wp\/#website","url":"https:\/\/nikitanikiforov24.thkit.ee\/wp\/","name":"Nikita Nikiforov Portfolio","description":"Noorem Tarkvarendaja","publisher":{"@id":"https:\/\/nikitanikiforov24.thkit.ee\/wp\/#organization"},"potentialAction":[{"@type":"SearchAction","target":{"@type":"EntryPoint","urlTemplate":"https:\/\/nikitanikiforov24.thkit.ee\/wp\/?s={search_term_string}"},"query-input":{"@type":"PropertyValueSpecification","valueRequired":true,"valueName":"search_term_string"}}],"inLanguage":"et"},{"@type":"Organization","@id":"https:\/\/nikitanikiforov24.thkit.ee\/wp\/#organization","name":"Nikita Nikiforov Portfolio","url":"https:\/\/nikitanikiforov24.thkit.ee\/wp\/","logo":{"@type":"ImageObject","inLanguage":"et","@id":"https:\/\/nikitanikiforov24.thkit.ee\/wp\/#\/schema\/logo\/image\/","url":"https:\/\/nikitanikiforov24.thkit.ee\/wp\/wp-content\/uploads\/2025\/10\/0ce66b2c514f64099fc903d1deea8e5c-150x137-removebg-preview.png","contentUrl":"https:\/\/nikitanikiforov24.thkit.ee\/wp\/wp-content\/uploads\/2025\/10\/0ce66b2c514f64099fc903d1deea8e5c-150x137-removebg-preview.png","width":150,"height":137,"caption":"Nikita Nikiforov Portfolio"},"image":{"@id":"https:\/\/nikitanikiforov24.thkit.ee\/wp\/#\/schema\/logo\/image\/"}}]}},"_links":{"self":[{"href":"https:\/\/nikitanikiforov24.thkit.ee\/wp\/index.php?rest_route=\/wp\/v2\/pages\/641","targetHints":{"allow":["GET"]}}],"collection":[{"href":"https:\/\/nikitanikiforov24.thkit.ee\/wp\/index.php?rest_route=\/wp\/v2\/pages"}],"about":[{"href":"https:\/\/nikitanikiforov24.thkit.ee\/wp\/index.php?rest_route=\/wp\/v2\/types\/page"}],"author":[{"embeddable":true,"href":"https:\/\/nikitanikiforov24.thkit.ee\/wp\/index.php?rest_route=\/wp\/v2\/users\/1"}],"replies":[{"embeddable":true,"href":"https:\/\/nikitanikiforov24.thkit.ee\/wp\/index.php?rest_route=%2Fwp%2Fv2%2Fcomments&post=641"}],"version-history":[{"count":1,"href":"https:\/\/nikitanikiforov24.thkit.ee\/wp\/index.php?rest_route=\/wp\/v2\/pages\/641\/revisions"}],"predecessor-version":[{"id":1157,"href":"https:\/\/nikitanikiforov24.thkit.ee\/wp\/index.php?rest_route=\/wp\/v2\/pages\/641\/revisions\/1157"}],"wp:attachment":[{"href":"https:\/\/nikitanikiforov24.thkit.ee\/wp\/index.php?rest_route=%2Fwp%2Fv2%2Fmedia&parent=641"}],"curies":[{"name":"wp","href":"https:\/\/api.w.org\/{rel}","templated":true}]}}