{"id":669,"date":"2025-05-09T12:44:36","date_gmt":"2025-05-09T09:44:36","guid":{"rendered":"https:\/\/nikiforovnikitaportfolio.wordpress.com\/?page_id=669"},"modified":"2025-11-13T15:03:22","modified_gmt":"2025-11-13T13:03:22","slug":"kaste-6-buzzer","status":"publish","type":"page","link":"https:\/\/nikitanikiforov24.thkit.ee\/wp\/?page_id=669","title":{"rendered":"Kaste 6. Buzzer"},"content":{"rendered":"\n<p><strong>T\u00f6\u00f6 protsess:<\/strong><\/p>\n\n\n\n<p>Kood juhib buzzer, mis m\u00e4ngib meloodiat antud nootide p\u00f5hjal. Noodid ja nende r\u00fctm on m\u00e4\u00e4ratletud <strong>notes<\/strong> \u0438 <strong>beats<\/strong> massiividega.<\/p>\n\n\n\n<p><strong>Kasutatud:<\/strong><\/p>\n\n\n\n<p>1x Arduino UNO<br>1x Buzzer<br>4x Juhtmed<\/p>\n\n\n\n<p><strong>Kood:<\/strong><\/p>\n\n\n<div class=\"wp-block-syntaxhighlighter-code \"><pre class=\"brush: cpp; title: ; notranslate\" title=\"\">\nconst int buzzerPin = 13;\n\/\/ pikkus on nootide ja pausite koguste summa\nconst int songLength = 18;\nchar notes&#x5B;] = &quot;cdfda ag cdfdg gf &quot;; \/\/ t\u00e4hed on noodid ja t\u00fchik on paus\n\/\/ R\u00fctmi seadistamine.\nint beats&#x5B;] = {1,1,1,1,1,1,4,4,2,1,1,1,1,1,1,4,4,2};\n\/\/ &quot;tempo&quot; meloodia kiirus. Kui v\u00e4iksem tempo_ siis suurem kiirus.\nint tempo = 150;\n\nvoid setup() \n{\n  pinMode(buzzerPin, OUTPUT);\n}\n\nvoid loop() \n{\n  int i, duration;\n  for (i = 0; i &lt; songLength; i++)\n  {\n    duration = beats&#x5B;i] * tempo; \n    if (notes&#x5B;i] == &#039; &#039;)          \/\/ kui noot puudub\n    {\n      delay(duration);          \n    }\n    else                         \n\n    {\n      tone(buzzerPin, frequency(notes&#x5B;i]), duration);\n      delay(duration);          \n    }\n    delay(tempo\/10);              \/\/ v\u00e4ike paus nootide vahel\n  }\n  while(true){}\n}\nint frequency(char note) \n{\n  int i;\n  const int numNotes = 8;  \/\/ nootide kogus\n  char names&#x5B;] = { &#039;c&#039;, &#039;d&#039;, &#039;e&#039;, &#039;f&#039;, &#039;g&#039;, &#039;a&#039;, &#039;b&#039;, &#039;C&#039; };\n  int frequencies&#x5B;] = {262, 294, 330, 349, 392, 440, 494, 523};\n  \/\/ kui noot on olemas, siis tagastame selle tiheduse \n  for (i = 0; i &lt; numNotes; i++)  \n  {\n    if (names&#x5B;i] == note)       \n    {\n      return(frequencies&#x5B;i]);    \n    }\n  }\n  return(0); \n}\n<\/pre><\/div>\n\n\n<p><strong>Foto:<\/strong><\/p>\n\n\n\n<figure class=\"wp-block-image size-large\"><img decoding=\"async\" src=\"https:\/\/nikiforovnikitaportfolio.wordpress.com\/wp-content\/uploads\/2025\/05\/pilt-4.png?w=802\" alt=\"\" class=\"wp-image-673\" \/><\/figure>\n\n\n\n<h2 class=\"wp-block-heading\">Niiskuse- ja temperatuuriandur<\/h2>\n\n\n\n<p><strong>T\u00f6\u00f6 protsess:<\/strong><\/p>\n\n\n\n<p>DHT11 v\u00f5i DHT22 on temperatuuri ja niiskuse andur Arduino jaoks, see loeb andmeid andurilt ja kuvab need jadamonitoril.<\/p>\n\n\n\n<p><strong>Kasutatud:<\/strong><\/p>\n\n\n\n<p>DHT11 v\u00f5i DHT22 temperatuuri- ja \u00f5huniiskuse andur<br>Arduino UNO<br>DHT sensor library by Adafruit<\/p>\n\n\n\n<p><strong>Foto:<\/strong><\/p>\n\n\n\n<figure class=\"wp-block-image size-full\"><img decoding=\"async\" src=\"https:\/\/nikiforovnikitaportfolio.wordpress.com\/wp-content\/uploads\/2025\/05\/pilt-1-1.png\" alt=\"\" class=\"wp-image-685\" \/><\/figure>\n\n\n\n<h2 class=\"wp-block-heading\">V\u00e4ike Alarm S\u00fcsteem<\/h2>\n\n\n\n<p><strong>T\u00f6\u00f6 protsess:<\/strong><\/p>\n\n\n\n<p>Kood m\u00f5\u00f5dab andurite abil temperatuuri, valgustaset ja niiskust, kuvab andmed LCD-ekraanil ja aktiveerib helisignaali, kui temperatuur on liiga k\u00f5rge v\u00f5i valgustase liiga madal. Samuti muudab kuvatavat temperatuuri Celsiuse ja Fahrenheiti vahel ning kuvab ekraanil naeratava n\u00e4o s\u00f5ltuvalt temperatuurist (kurb, kui temperatuur on alla 25, ja \u00f5nnelik, kui \u00fcle 25).<\/p>\n\n\n\n<p><strong>Kasutatud:<\/strong><br>1x Arduino UNO<br>1x Fototaksis<br>1x Temperatuuriandur<br>1x LED 16&#215;2<br>1x Buzzer<br>1x Niiskusandur (joonisel pinnase niiskusandur)<br>1x Potentsiomeeter<br>1x 220om taksi<br>1x 10K om taksi<br>27x Juhtmed<\/p>\n\n\n\n<p><strong>Kood:<\/strong><\/p>\n\n\n<div class=\"wp-block-syntaxhighlighter-code \"><pre class=\"brush: cpp; title: ; notranslate\" title=\"\">\n#include &lt;LiquidCrystal.h&gt;\n\nLiquidCrystal lcd(12, 11, 5, 4, 3, 2);\n\nconst int tempPin = A1;\nconst int lightPin = A0;\nconst int humidityPin = A2;\nconst int buzzerPin = 8;\n\nfloat temperature;\nfloat voltage;\nfloat degreesF;\nint lightLevel;\nint humidityLevel;\n\nunsigned long previousMillis = 0;\nconst long interval = 1000;\nunsigned long lastEmojiShowTime = 0;\nconst long emojiInterval = 10000;\nunsigned long lastDegreeSwitch = 0;\nbool fDegrees = false;\nbool potato = true;\nbool lemon = false;\nbool minecraft_end = false;\nbool dog = true;\n\nbool danger = false;\nbool lastDangerState = false;\n\nvoid setup() {\n  lcd.begin(16, 2);\n  pinMode(tempPin, INPUT);\n  pinMode(lightPin, INPUT);\n  pinMode(humidityPin, INPUT);\n  pinMode(buzzerPin, OUTPUT);\n}\n\nvoid loop() {\n  unsigned long currentMillis = millis();\n\n  if (currentMillis - previousMillis &gt;= interval) {\n    previousMillis = currentMillis;\n\n    lightLevel = analogRead(lightPin);\n    voltage = getVoltage(tempPin);\n    temperature = (voltage - 0.5) * 100.0;\n    degreesF = temperature * (9.0 \/ 5.0) + 32.0;\n    humidityLevel = analogRead(humidityPin);\n\n    danger = false;\n    if (temperature &gt; 30 || lightLevel &lt; 100) {\n      danger = true;\n    }\n\n    lcd.clear();\n    lcd.setCursor(0, 0);\n    lcd.print(&quot;Temp: &quot;);\n    if (currentMillis - lastDegreeSwitch &gt; 500) {\n      lastDegreeSwitch = currentMillis;\n      fDegrees = !fDegrees;\n    }\n    if (fDegrees) {\n      lcd.print(degreesF, 1);\n      lcd.print(&quot; F&quot;);\n    } else {\n      lcd.print(temperature, 1);\n      lcd.print(&quot; C&quot;);\n    }\n\n    lcd.setCursor(0, 1);\n    lcd.print(&quot;L:&quot;);\n    lcd.print(1023 - lightLevel);\n    lcd.print(&quot; H:&quot;);\n    lcd.print(humidityLevel \/ 10);\n\n    if (danger &amp;&amp; !lastDangerState) {\n      playAlarm();\n    }\n\n    lastDangerState = danger;\n  }\n}\n\nfloat getVoltage(int pin) {\n  return (analogRead(pin) * 0.004882814);\n}\n\nvoid playAlarm() {\n  for (int i = 0; i &lt; 3; i++) {\n    tone(buzzerPin, 1000, 200);\n    delay(250);\n  }\n  noTone(buzzerPin);\n}\n<\/pre><\/div>\n\n\n<p><strong>Foto:<\/strong><\/p>\n\n\n\n<figure class=\"wp-block-image size-large\"><img decoding=\"async\" src=\"https:\/\/nikiforovnikitaportfolio.wordpress.com\/wp-content\/uploads\/2025\/05\/nimetu.jpg?w=1024\" alt=\"\" class=\"wp-image-696\" \/><\/figure>\n\n\n\n<p><strong>Video:<\/strong><\/p>\n\n\n\n<figure class=\"wp-block-embed is-type-video is-provider-youtube wp-block-embed-youtube wp-embed-aspect-16-9 wp-has-aspect-ratio\"><div class=\"wp-block-embed__wrapper\">\n<div class=\"embed-youtube\"><iframe loading=\"lazy\" title=\"6\" width=\"500\" height=\"281\" src=\"https:\/\/www.youtube.com\/embed\/UVi_m9QV9rQ?feature=oembed\" frameborder=\"0\" allow=\"accelerometer; autoplay; clipboard-write; encrypted-media; gyroscope; picture-in-picture; web-share\" referrerpolicy=\"strict-origin-when-cross-origin\" allowfullscreen><\/iframe><\/div>\n<\/div><\/figure>\n","protected":false},"excerpt":{"rendered":"<p>T\u00f6\u00f6 protsess: Kood juhib buzzer, mis m\u00e4ngib meloodiat antud nootide p\u00f5hjal. Noodid ja nende r\u00fctm on m\u00e4\u00e4ratletud notes \u0438 beats massiividega. Kasutatud: 1x Arduino UNO1x Buzzer4x Juhtmed Kood: Foto: Niiskuse- ja temperatuuriandur T\u00f6\u00f6 protsess: DHT11 v\u00f5i DHT22 on temperatuuri ja niiskuse andur Arduino jaoks, see loeb andmeid andurilt ja kuvab need jadamonitoril. Kasutatud: DHT11 v\u00f5i [&hellip;]<\/p>\n","protected":false},"author":1,"featured_media":0,"parent":0,"menu_order":0,"comment_status":"closed","ping_status":"closed","template":"","meta":{"footnotes":""},"class_list":["post-669","page","type-page","status-publish","hentry"],"yoast_head":"<!-- This site is optimized with the Yoast SEO plugin v27.4 - https:\/\/yoast.com\/product\/yoast-seo-wordpress\/ -->\n<title>Arduino Buzzer - Nikita Nikiforov Portfolio. Arduino konspekt. Robootika.<\/title>\n<meta name=\"description\" content=\"Kood juhib buzzer, mis m\u00e4ngib meloodiat antud nootide p\u00f5hjal. Noodid ja nende r\u00fctm on m\u00e4\u00e4ratletud notes \u0438 beats massiividega..................\" \/>\n<meta name=\"robots\" content=\"index, follow, max-snippet:-1, max-image-preview:large, max-video-preview:-1\" \/>\n<link rel=\"canonical\" href=\"https:\/\/nikitanikiforov24.thkit.ee\/wp\/?page_id=669\" \/>\n<meta property=\"og:locale\" content=\"et_EE\" \/>\n<meta property=\"og:type\" content=\"article\" \/>\n<meta property=\"og:title\" content=\"Arduino Buzzer - Nikita Nikiforov Portfolio. Arduino konspekt. Robootika.\" \/>\n<meta property=\"og:description\" content=\"Kood juhib buzzer, mis m\u00e4ngib meloodiat antud nootide p\u00f5hjal. Noodid ja nende r\u00fctm on m\u00e4\u00e4ratletud notes \u0438 beats massiividega..................\" \/>\n<meta property=\"og:url\" content=\"https:\/\/nikitanikiforov24.thkit.ee\/wp\/?page_id=669\" \/>\n<meta property=\"og:site_name\" content=\"Nikita Nikiforov Portfolio\" \/>\n<meta property=\"article:modified_time\" content=\"2025-11-13T13:03:22+00:00\" \/>\n<meta property=\"og:image\" content=\"https:\/\/nikiforovnikitaportfolio.wordpress.com\/wp-content\/uploads\/2025\/05\/pilt-4.png?w=802\" \/>\n<meta name=\"twitter:card\" content=\"summary_large_image\" \/>\n<meta name=\"twitter:label1\" content=\"Est. reading time\" \/>\n\t<meta name=\"twitter:data1\" content=\"2 minutit\" \/>\n<script type=\"application\/ld+json\" class=\"yoast-schema-graph\">{\"@context\":\"https:\\\/\\\/schema.org\",\"@graph\":[{\"@type\":\"WebPage\",\"@id\":\"https:\\\/\\\/nikitanikiforov24.thkit.ee\\\/wp\\\/?page_id=669\",\"url\":\"https:\\\/\\\/nikitanikiforov24.thkit.ee\\\/wp\\\/?page_id=669\",\"name\":\"Arduino Buzzer - Nikita Nikiforov Portfolio. Arduino konspekt. Robootika.\",\"isPartOf\":{\"@id\":\"https:\\\/\\\/nikitanikiforov24.thkit.ee\\\/wp\\\/#website\"},\"primaryImageOfPage\":{\"@id\":\"https:\\\/\\\/nikitanikiforov24.thkit.ee\\\/wp\\\/?page_id=669#primaryimage\"},\"image\":{\"@id\":\"https:\\\/\\\/nikitanikiforov24.thkit.ee\\\/wp\\\/?page_id=669#primaryimage\"},\"thumbnailUrl\":\"https:\\\/\\\/nikiforovnikitaportfolio.wordpress.com\\\/wp-content\\\/uploads\\\/2025\\\/05\\\/pilt-4.png?w=802\",\"datePublished\":\"2025-05-09T09:44:36+00:00\",\"dateModified\":\"2025-11-13T13:03:22+00:00\",\"description\":\"Kood juhib buzzer, mis m\u00e4ngib meloodiat antud nootide p\u00f5hjal. Noodid ja nende r\u00fctm on m\u00e4\u00e4ratletud notes \u0438 beats massiividega..................\",\"breadcrumb\":{\"@id\":\"https:\\\/\\\/nikitanikiforov24.thkit.ee\\\/wp\\\/?page_id=669#breadcrumb\"},\"inLanguage\":\"et\",\"potentialAction\":[{\"@type\":\"ReadAction\",\"target\":[\"https:\\\/\\\/nikitanikiforov24.thkit.ee\\\/wp\\\/?page_id=669\"]}]},{\"@type\":\"ImageObject\",\"inLanguage\":\"et\",\"@id\":\"https:\\\/\\\/nikitanikiforov24.thkit.ee\\\/wp\\\/?page_id=669#primaryimage\",\"url\":\"https:\\\/\\\/nikiforovnikitaportfolio.wordpress.com\\\/wp-content\\\/uploads\\\/2025\\\/05\\\/pilt-4.png?w=802\",\"contentUrl\":\"https:\\\/\\\/nikiforovnikitaportfolio.wordpress.com\\\/wp-content\\\/uploads\\\/2025\\\/05\\\/pilt-4.png?w=802\"},{\"@type\":\"BreadcrumbList\",\"@id\":\"https:\\\/\\\/nikitanikiforov24.thkit.ee\\\/wp\\\/?page_id=669#breadcrumb\",\"itemListElement\":[{\"@type\":\"ListItem\",\"position\":1,\"name\":\"Home\",\"item\":\"https:\\\/\\\/nikitanikiforov24.thkit.ee\\\/wp\\\/\"},{\"@type\":\"ListItem\",\"position\":2,\"name\":\"Kaste 6. Buzzer\"}]},{\"@type\":\"WebSite\",\"@id\":\"https:\\\/\\\/nikitanikiforov24.thkit.ee\\\/wp\\\/#website\",\"url\":\"https:\\\/\\\/nikitanikiforov24.thkit.ee\\\/wp\\\/\",\"name\":\"Nikita Nikiforov Portfolio\",\"description\":\"Noorem Tarkvarendaja\",\"publisher\":{\"@id\":\"https:\\\/\\\/nikitanikiforov24.thkit.ee\\\/wp\\\/#organization\"},\"potentialAction\":[{\"@type\":\"SearchAction\",\"target\":{\"@type\":\"EntryPoint\",\"urlTemplate\":\"https:\\\/\\\/nikitanikiforov24.thkit.ee\\\/wp\\\/?s={search_term_string}\"},\"query-input\":{\"@type\":\"PropertyValueSpecification\",\"valueRequired\":true,\"valueName\":\"search_term_string\"}}],\"inLanguage\":\"et\"},{\"@type\":\"Organization\",\"@id\":\"https:\\\/\\\/nikitanikiforov24.thkit.ee\\\/wp\\\/#organization\",\"name\":\"Nikita Nikiforov Portfolio\",\"url\":\"https:\\\/\\\/nikitanikiforov24.thkit.ee\\\/wp\\\/\",\"logo\":{\"@type\":\"ImageObject\",\"inLanguage\":\"et\",\"@id\":\"https:\\\/\\\/nikitanikiforov24.thkit.ee\\\/wp\\\/#\\\/schema\\\/logo\\\/image\\\/\",\"url\":\"https:\\\/\\\/nikitanikiforov24.thkit.ee\\\/wp\\\/wp-content\\\/uploads\\\/2025\\\/10\\\/0ce66b2c514f64099fc903d1deea8e5c-150x137-removebg-preview.png\",\"contentUrl\":\"https:\\\/\\\/nikitanikiforov24.thkit.ee\\\/wp\\\/wp-content\\\/uploads\\\/2025\\\/10\\\/0ce66b2c514f64099fc903d1deea8e5c-150x137-removebg-preview.png\",\"width\":150,\"height\":137,\"caption\":\"Nikita Nikiforov Portfolio\"},\"image\":{\"@id\":\"https:\\\/\\\/nikitanikiforov24.thkit.ee\\\/wp\\\/#\\\/schema\\\/logo\\\/image\\\/\"}}]}<\/script>\n<!-- \/ Yoast SEO plugin. -->","yoast_head_json":{"title":"Arduino Buzzer - Nikita Nikiforov Portfolio. Arduino konspekt. Robootika.","description":"Kood juhib buzzer, mis m\u00e4ngib meloodiat antud nootide p\u00f5hjal. Noodid ja nende r\u00fctm on m\u00e4\u00e4ratletud notes \u0438 beats massiividega..................","robots":{"index":"index","follow":"follow","max-snippet":"max-snippet:-1","max-image-preview":"max-image-preview:large","max-video-preview":"max-video-preview:-1"},"canonical":"https:\/\/nikitanikiforov24.thkit.ee\/wp\/?page_id=669","og_locale":"et_EE","og_type":"article","og_title":"Arduino Buzzer - Nikita Nikiforov Portfolio. Arduino konspekt. Robootika.","og_description":"Kood juhib buzzer, mis m\u00e4ngib meloodiat antud nootide p\u00f5hjal. Noodid ja nende r\u00fctm on m\u00e4\u00e4ratletud notes \u0438 beats massiividega..................","og_url":"https:\/\/nikitanikiforov24.thkit.ee\/wp\/?page_id=669","og_site_name":"Nikita Nikiforov Portfolio","article_modified_time":"2025-11-13T13:03:22+00:00","og_image":[{"url":"https:\/\/nikiforovnikitaportfolio.wordpress.com\/wp-content\/uploads\/2025\/05\/pilt-4.png?w=802","type":"","width":"","height":""}],"twitter_card":"summary_large_image","twitter_misc":{"Est. reading time":"2 minutit"},"schema":{"@context":"https:\/\/schema.org","@graph":[{"@type":"WebPage","@id":"https:\/\/nikitanikiforov24.thkit.ee\/wp\/?page_id=669","url":"https:\/\/nikitanikiforov24.thkit.ee\/wp\/?page_id=669","name":"Arduino Buzzer - Nikita Nikiforov Portfolio. Arduino konspekt. Robootika.","isPartOf":{"@id":"https:\/\/nikitanikiforov24.thkit.ee\/wp\/#website"},"primaryImageOfPage":{"@id":"https:\/\/nikitanikiforov24.thkit.ee\/wp\/?page_id=669#primaryimage"},"image":{"@id":"https:\/\/nikitanikiforov24.thkit.ee\/wp\/?page_id=669#primaryimage"},"thumbnailUrl":"https:\/\/nikiforovnikitaportfolio.wordpress.com\/wp-content\/uploads\/2025\/05\/pilt-4.png?w=802","datePublished":"2025-05-09T09:44:36+00:00","dateModified":"2025-11-13T13:03:22+00:00","description":"Kood juhib buzzer, mis m\u00e4ngib meloodiat antud nootide p\u00f5hjal. Noodid ja nende r\u00fctm on m\u00e4\u00e4ratletud notes \u0438 beats massiividega..................","breadcrumb":{"@id":"https:\/\/nikitanikiforov24.thkit.ee\/wp\/?page_id=669#breadcrumb"},"inLanguage":"et","potentialAction":[{"@type":"ReadAction","target":["https:\/\/nikitanikiforov24.thkit.ee\/wp\/?page_id=669"]}]},{"@type":"ImageObject","inLanguage":"et","@id":"https:\/\/nikitanikiforov24.thkit.ee\/wp\/?page_id=669#primaryimage","url":"https:\/\/nikiforovnikitaportfolio.wordpress.com\/wp-content\/uploads\/2025\/05\/pilt-4.png?w=802","contentUrl":"https:\/\/nikiforovnikitaportfolio.wordpress.com\/wp-content\/uploads\/2025\/05\/pilt-4.png?w=802"},{"@type":"BreadcrumbList","@id":"https:\/\/nikitanikiforov24.thkit.ee\/wp\/?page_id=669#breadcrumb","itemListElement":[{"@type":"ListItem","position":1,"name":"Home","item":"https:\/\/nikitanikiforov24.thkit.ee\/wp\/"},{"@type":"ListItem","position":2,"name":"Kaste 6. Buzzer"}]},{"@type":"WebSite","@id":"https:\/\/nikitanikiforov24.thkit.ee\/wp\/#website","url":"https:\/\/nikitanikiforov24.thkit.ee\/wp\/","name":"Nikita Nikiforov Portfolio","description":"Noorem Tarkvarendaja","publisher":{"@id":"https:\/\/nikitanikiforov24.thkit.ee\/wp\/#organization"},"potentialAction":[{"@type":"SearchAction","target":{"@type":"EntryPoint","urlTemplate":"https:\/\/nikitanikiforov24.thkit.ee\/wp\/?s={search_term_string}"},"query-input":{"@type":"PropertyValueSpecification","valueRequired":true,"valueName":"search_term_string"}}],"inLanguage":"et"},{"@type":"Organization","@id":"https:\/\/nikitanikiforov24.thkit.ee\/wp\/#organization","name":"Nikita Nikiforov Portfolio","url":"https:\/\/nikitanikiforov24.thkit.ee\/wp\/","logo":{"@type":"ImageObject","inLanguage":"et","@id":"https:\/\/nikitanikiforov24.thkit.ee\/wp\/#\/schema\/logo\/image\/","url":"https:\/\/nikitanikiforov24.thkit.ee\/wp\/wp-content\/uploads\/2025\/10\/0ce66b2c514f64099fc903d1deea8e5c-150x137-removebg-preview.png","contentUrl":"https:\/\/nikitanikiforov24.thkit.ee\/wp\/wp-content\/uploads\/2025\/10\/0ce66b2c514f64099fc903d1deea8e5c-150x137-removebg-preview.png","width":150,"height":137,"caption":"Nikita Nikiforov Portfolio"},"image":{"@id":"https:\/\/nikitanikiforov24.thkit.ee\/wp\/#\/schema\/logo\/image\/"}}]}},"_links":{"self":[{"href":"https:\/\/nikitanikiforov24.thkit.ee\/wp\/index.php?rest_route=\/wp\/v2\/pages\/669","targetHints":{"allow":["GET"]}}],"collection":[{"href":"https:\/\/nikitanikiforov24.thkit.ee\/wp\/index.php?rest_route=\/wp\/v2\/pages"}],"about":[{"href":"https:\/\/nikitanikiforov24.thkit.ee\/wp\/index.php?rest_route=\/wp\/v2\/types\/page"}],"author":[{"embeddable":true,"href":"https:\/\/nikitanikiforov24.thkit.ee\/wp\/index.php?rest_route=\/wp\/v2\/users\/1"}],"replies":[{"embeddable":true,"href":"https:\/\/nikitanikiforov24.thkit.ee\/wp\/index.php?rest_route=%2Fwp%2Fv2%2Fcomments&post=669"}],"version-history":[{"count":1,"href":"https:\/\/nikitanikiforov24.thkit.ee\/wp\/index.php?rest_route=\/wp\/v2\/pages\/669\/revisions"}],"predecessor-version":[{"id":1158,"href":"https:\/\/nikitanikiforov24.thkit.ee\/wp\/index.php?rest_route=\/wp\/v2\/pages\/669\/revisions\/1158"}],"wp:attachment":[{"href":"https:\/\/nikitanikiforov24.thkit.ee\/wp\/index.php?rest_route=%2Fwp%2Fv2%2Fmedia&parent=669"}],"curies":[{"name":"wp","href":"https:\/\/api.w.org\/{rel}","templated":true}]}}