{"id":772,"date":"2025-05-29T11:27:26","date_gmt":"2025-05-29T08:27:26","guid":{"rendered":"https:\/\/nikiforovnikitaportfolio.wordpress.com\/?page_id=772"},"modified":"2025-10-30T12:31:46","modified_gmt":"2025-10-30T10:31:46","slug":"mongo-db","status":"publish","type":"page","link":"https:\/\/nikitanikiforov24.thkit.ee\/wp\/?page_id=772","title":{"rendered":"Mongo DB"},"content":{"rendered":"\n<h2 class=\"wp-block-heading\">\u00dchendage andmebaasiga (meie puhul mongo)<\/h2>\n\n\n\n<figure class=\"wp-block-image size-large\"><img decoding=\"async\" src=\"https:\/\/nikiforovnikitaportfolio.wordpress.com\/wp-content\/uploads\/2025\/05\/pilt-23.png?w=222\" alt=\"\" class=\"wp-image-774\" \/><\/figure>\n\n\n<div class=\"wp-block-syntaxhighlighter-code \"><pre class=\"brush: sql; title: ; notranslate\" title=\"\">\n--\u0414\u043b\u044f \u043f\u043e\u043a\u0430\u0437\u0430\nshow databases\n\n--\u0414\u043b\u044f \u043f\u0435\u0440\u0435\u043a\u043b\u044e\u0447\u0435\u043d\u0438\u044f \u043d\u0430 \u0434\u0440\u0443\u0433\u0443\u044e \u0431\u0430\u0437\u0443 \u0434\u0430\u043d\u043d\u044b\u0445\nuse \u043d\u0430\u0437\u0432\u0430\u043d\u0438\u0435 \u0442\u0430\u0431\u043b\u0438\u0446\u044b\n<\/pre><\/div>\n\n\n<h2 class=\"wp-block-heading\">Looge ja kustutage tabel<\/h2>\n\n\n\n<figure class=\"wp-block-image size-large\"><img decoding=\"async\" src=\"https:\/\/nikiforovnikitaportfolio.wordpress.com\/wp-content\/uploads\/2025\/05\/pilt-24.png?w=254\" alt=\"\" class=\"wp-image-775\" \/><\/figure>\n\n\n<div class=\"wp-block-syntaxhighlighter-code \"><pre class=\"brush: sql; title: ; notranslate\" title=\"\">\n--\u0414\u043b\u044f \u0441\u043e\u0437\u0434\u0430\u043d\u0438\u044f\ndb.createCollection(&quot;\u043d\u0430\u0437\u0432\u0430\u043d\u0438\u0435&quot;)\n\n--\u0414\u043b\u044f \u0443\u0434\u0430\u043b\u0435\u043d\u0438\u044f\ndb.dropDatabase(); \n<\/pre><\/div>\n\n\n<h2 class=\"wp-block-heading\">Tabeli t\u00e4itmine<\/h2>\n\n\n\n<figure class=\"wp-block-image size-large\"><img decoding=\"async\" src=\"https:\/\/nikiforovnikitaportfolio.wordpress.com\/wp-content\/uploads\/2025\/05\/pilt-25.png?w=786\" alt=\"\" class=\"wp-image-778\" \/><\/figure>\n\n\n<div class=\"wp-block-syntaxhighlighter-code \"><pre class=\"brush: plain; title: ; notranslate\" title=\"\">\ndb.\u043d\u0430\u0437\u0432\u0430\u043d\u0438\u0435 \u0442\u0430\u0431\u043b\u0438\u0446\u044b.insert({ \u0434\u0430\u043d\u043d\u044b\u0435:\u0434\u0430\u043d\u043d\u044b\u0435 })\n<\/pre><\/div>\n\n\n<h2 class=\"wp-block-heading\">Mitme kasutaja lisamine<\/h2>\n\n\n\n<figure class=\"wp-block-image size-large\"><img decoding=\"async\" src=\"https:\/\/nikiforovnikitaportfolio.wordpress.com\/wp-content\/uploads\/2025\/05\/pilt-26.png?w=707\" alt=\"\" class=\"wp-image-780\" \/><\/figure>\n\n\n<div class=\"wp-block-syntaxhighlighter-code \"><pre class=\"brush: plain; title: ; notranslate\" title=\"\">\ndb.users.insertMany(&#x5B;{name: &quot;vasya&quot;, age:12},{name:&quot;qwee&quot;, age:1},{name:&quot;hfg&quot;, age:4}])\n<\/pre><\/div>\n\n\n<h2 class=\"wp-block-heading\">$lt, $gt, $lte, $gte, $ne, v\u00e4iksem, suurem v\u00f5i v\u00f5rdne, mitte v\u00f5rdne<\/h2>\n\n\n\n<figure class=\"wp-block-image size-large\"><img decoding=\"async\" src=\"https:\/\/nikiforovnikitaportfolio.wordpress.com\/wp-content\/uploads\/2025\/05\/pilt-27.png?w=392\" alt=\"\" class=\"wp-image-783\" \/><\/figure>\n\n\n<div class=\"wp-block-syntaxhighlighter-code \"><pre class=\"brush: sql; title: ; notranslate\" title=\"\">\ndb.users.find({age:{$lt:10}})\n<\/pre><\/div>\n\n\n<p>$lt &#8211; v\u00e4hem<\/p>\n\n\n\n<p>$gt &#8211; rohkem<\/p>\n\n\n\n<p>$lte &#8211; v\u00e4iksem v\u00f5i v\u00f5rdne<\/p>\n\n\n\n<p>$gte &#8211; suurem v\u00f5i v\u00f5rdne<\/p>\n\n\n\n<p>$ne &#8211; ei ole v\u00f5rdne<\/p>\n\n\n\n<h2 class=\"wp-block-heading\">Sorteerimine<\/h2>\n\n\n\n<figure class=\"wp-block-image size-large\"><img decoding=\"async\" src=\"https:\/\/nikiforovnikitaportfolio.wordpress.com\/wp-content\/uploads\/2025\/05\/pilt-28.png?w=383\" alt=\"\" class=\"wp-image-785\" \/><\/figure>\n\n\n<div class=\"wp-block-syntaxhighlighter-code \"><pre class=\"brush: sql; title: ; notranslate\" title=\"\">\ndb.users.find().sort({ &quot;age&quot;: 1 })\n<\/pre><\/div>\n\n\n<figure class=\"wp-block-image size-large\"><img decoding=\"async\" src=\"https:\/\/nikiforovnikitaportfolio.wordpress.com\/wp-content\/uploads\/2025\/05\/pilt-29.png?w=401\" alt=\"\" class=\"wp-image-786\" \/><\/figure>\n\n\n<div class=\"wp-block-syntaxhighlighter-code \"><pre class=\"brush: sql; title: ; notranslate\" title=\"\">\ndb.users.find().sort({ &quot;age&quot;: -1 })\n<\/pre><\/div>\n\n\n<h2 class=\"wp-block-heading\">Saadud dokumentide arvu piirangud<\/h2>\n\n\n\n<figure class=\"wp-block-image size-large\"><img decoding=\"async\" src=\"https:\/\/nikiforovnikitaportfolio.wordpress.com\/wp-content\/uploads\/2025\/05\/pilt-30.png?w=397\" alt=\"\" class=\"wp-image-788\" \/><\/figure>\n\n\n<div class=\"wp-block-syntaxhighlighter-code \"><pre class=\"brush: sql; title: ; notranslate\" title=\"\">\ndb.users.find().limit(\u0447\u0438\u0441\u043b\u043e)\n<\/pre><\/div>\n\n\n<h2 class=\"wp-block-heading\">$set, et uuendada dokumente kollektsioonis<\/h2>\n\n\n\n<figure class=\"wp-block-image size-large\"><img decoding=\"async\" src=\"https:\/\/nikiforovnikitaportfolio.wordpress.com\/wp-content\/uploads\/2025\/05\/pilt-31.png?w=380\" alt=\"\" class=\"wp-image-790\" \/><\/figure>\n\n\n<div class=\"wp-block-syntaxhighlighter-code \"><pre class=\"brush: sql; title: ; notranslate\" title=\"\">\ndb.users.updateMany(\n  { &quot;name&quot;: &quot;qwe&quot; },\n  { &quot;$set&quot;: { &quot;age&quot;: 150 } }\n)\n<\/pre><\/div>\n\n\n<h2 class=\"wp-block-heading\">$rename dokumendi v\u00e4lja \u00fcmbernimetamiseks<\/h2>\n\n\n\n<figure class=\"wp-block-image size-large\"><img decoding=\"async\" src=\"https:\/\/nikiforovnikitaportfolio.wordpress.com\/wp-content\/uploads\/2025\/05\/pilt-33.png?w=415\" alt=\"\" class=\"wp-image-797\" \/><\/figure>\n\n\n<div class=\"wp-block-syntaxhighlighter-code \"><pre class=\"brush: sql; title: ; notranslate\" title=\"\">\ndb.users.updateOne(\n  { &quot;_id&quot;: ObjectId(&quot;68381513167756e4307ed7c3&quot;) },\n  { &quot;$set&quot;: { &quot;name&quot;: &quot;ewq&quot; } }\n)\n<\/pre><\/div>\n\n\n<h2 class=\"wp-block-heading\">Dokumendi kustutamine kollektsioonist<\/h2>\n\n\n\n<figure class=\"wp-block-image size-large\"><img decoding=\"async\" src=\"https:\/\/nikiforovnikitaportfolio.wordpress.com\/wp-content\/uploads\/2025\/05\/pilt-34.png?w=386\" alt=\"\" class=\"wp-image-798\" \/><\/figure>\n\n\n<div class=\"wp-block-syntaxhighlighter-code \"><pre class=\"brush: sql; title: ; notranslate\" title=\"\">\ndb.users.deleteOne({ name: &#039;vasya&#039; })\n<\/pre><\/div>\n\n\n<h2 class=\"wp-block-heading\">Mitu taotlust<\/h2>\n\n\n\n<figure class=\"wp-block-image size-large\"><img decoding=\"async\" src=\"https:\/\/nikiforovnikitaportfolio.wordpress.com\/wp-content\/uploads\/2025\/05\/pilt-35.png?w=424\" alt=\"\" class=\"wp-image-800\" \/><\/figure>\n\n\n<div class=\"wp-block-syntaxhighlighter-code \"><pre class=\"brush: sql; title: ; notranslate\" title=\"\">\ndb.users.bulkWrite(&#x5B;\n  { \n    insertOne: { \n      document: { &quot;name&quot;: &quot;nastya&quot;, &quot;age&quot;: 18 } \n    } \n  },\n  { \n    deleteOne: { \n      filter: { &quot;name&quot;: &quot;petya&quot; } \n    } \n  }\n])\n\n<\/pre><\/div>","protected":false},"excerpt":{"rendered":"<p>\u00dchendage andmebaasiga (meie puhul mongo) Looge ja kustutage tabel Tabeli t\u00e4itmine Mitme kasutaja lisamine $lt, $gt, $lte, $gte, $ne, v\u00e4iksem, suurem v\u00f5i v\u00f5rdne, mitte v\u00f5rdne $lt &#8211; v\u00e4hem $gt &#8211; rohkem $lte &#8211; v\u00e4iksem v\u00f5i v\u00f5rdne $gte &#8211; suurem v\u00f5i v\u00f5rdne $ne &#8211; ei ole v\u00f5rdne Sorteerimine Saadud dokumentide arvu piirangud $set, et uuendada dokumente [&hellip;]<\/p>\n","protected":false},"author":1,"featured_media":0,"parent":0,"menu_order":0,"comment_status":"closed","ping_status":"closed","template":"","meta":{"footnotes":""},"class_list":["post-772","page","type-page","status-publish","hentry"],"yoast_head":"<!-- This site is optimized with the Yoast SEO plugin v27.4 - https:\/\/yoast.com\/product\/yoast-seo-wordpress\/ -->\n<title>Mongo DB - Nikita Nikiforov Portfolio<\/title>\n<meta name=\"robots\" content=\"index, follow, max-snippet:-1, max-image-preview:large, max-video-preview:-1\" \/>\n<link rel=\"canonical\" href=\"https:\/\/nikitanikiforov24.thkit.ee\/wp\/?page_id=772\" \/>\n<meta property=\"og:locale\" content=\"et_EE\" \/>\n<meta property=\"og:type\" content=\"article\" \/>\n<meta property=\"og:title\" content=\"Mongo DB - Nikita Nikiforov Portfolio\" \/>\n<meta property=\"og:description\" content=\"\u00dchendage andmebaasiga (meie puhul mongo) Looge ja kustutage tabel Tabeli t\u00e4itmine Mitme kasutaja lisamine $lt, $gt, $lte, $gte, $ne, v\u00e4iksem, suurem v\u00f5i v\u00f5rdne, mitte v\u00f5rdne $lt &#8211; v\u00e4hem $gt &#8211; rohkem $lte &#8211; v\u00e4iksem v\u00f5i v\u00f5rdne $gte &#8211; suurem v\u00f5i v\u00f5rdne $ne &#8211; ei ole v\u00f5rdne Sorteerimine Saadud dokumentide arvu piirangud $set, et uuendada dokumente [&hellip;]\" \/>\n<meta property=\"og:url\" content=\"https:\/\/nikitanikiforov24.thkit.ee\/wp\/?page_id=772\" \/>\n<meta property=\"og:site_name\" content=\"Nikita Nikiforov Portfolio\" \/>\n<meta property=\"article:modified_time\" content=\"2025-10-30T10:31:46+00:00\" \/>\n<meta property=\"og:image\" content=\"https:\/\/nikiforovnikitaportfolio.wordpress.com\/wp-content\/uploads\/2025\/05\/pilt-23.png?w=222\" \/>\n<meta name=\"twitter:card\" content=\"summary_large_image\" \/>\n<meta name=\"twitter:label1\" content=\"Est. reading time\" \/>\n\t<meta name=\"twitter:data1\" content=\"1 minut\" \/>\n<script type=\"application\/ld+json\" class=\"yoast-schema-graph\">{\"@context\":\"https:\\\/\\\/schema.org\",\"@graph\":[{\"@type\":\"WebPage\",\"@id\":\"https:\\\/\\\/nikitanikiforov24.thkit.ee\\\/wp\\\/?page_id=772\",\"url\":\"https:\\\/\\\/nikitanikiforov24.thkit.ee\\\/wp\\\/?page_id=772\",\"name\":\"Mongo DB - Nikita Nikiforov Portfolio\",\"isPartOf\":{\"@id\":\"https:\\\/\\\/nikitanikiforov24.thkit.ee\\\/wp\\\/#website\"},\"primaryImageOfPage\":{\"@id\":\"https:\\\/\\\/nikitanikiforov24.thkit.ee\\\/wp\\\/?page_id=772#primaryimage\"},\"image\":{\"@id\":\"https:\\\/\\\/nikitanikiforov24.thkit.ee\\\/wp\\\/?page_id=772#primaryimage\"},\"thumbnailUrl\":\"https:\\\/\\\/nikiforovnikitaportfolio.wordpress.com\\\/wp-content\\\/uploads\\\/2025\\\/05\\\/pilt-23.png?w=222\",\"datePublished\":\"2025-05-29T08:27:26+00:00\",\"dateModified\":\"2025-10-30T10:31:46+00:00\",\"breadcrumb\":{\"@id\":\"https:\\\/\\\/nikitanikiforov24.thkit.ee\\\/wp\\\/?page_id=772#breadcrumb\"},\"inLanguage\":\"et\",\"potentialAction\":[{\"@type\":\"ReadAction\",\"target\":[\"https:\\\/\\\/nikitanikiforov24.thkit.ee\\\/wp\\\/?page_id=772\"]}]},{\"@type\":\"ImageObject\",\"inLanguage\":\"et\",\"@id\":\"https:\\\/\\\/nikitanikiforov24.thkit.ee\\\/wp\\\/?page_id=772#primaryimage\",\"url\":\"https:\\\/\\\/nikiforovnikitaportfolio.wordpress.com\\\/wp-content\\\/uploads\\\/2025\\\/05\\\/pilt-23.png?w=222\",\"contentUrl\":\"https:\\\/\\\/nikiforovnikitaportfolio.wordpress.com\\\/wp-content\\\/uploads\\\/2025\\\/05\\\/pilt-23.png?w=222\"},{\"@type\":\"BreadcrumbList\",\"@id\":\"https:\\\/\\\/nikitanikiforov24.thkit.ee\\\/wp\\\/?page_id=772#breadcrumb\",\"itemListElement\":[{\"@type\":\"ListItem\",\"position\":1,\"name\":\"Home\",\"item\":\"https:\\\/\\\/nikitanikiforov24.thkit.ee\\\/wp\\\/\"},{\"@type\":\"ListItem\",\"position\":2,\"name\":\"Mongo DB\"}]},{\"@type\":\"WebSite\",\"@id\":\"https:\\\/\\\/nikitanikiforov24.thkit.ee\\\/wp\\\/#website\",\"url\":\"https:\\\/\\\/nikitanikiforov24.thkit.ee\\\/wp\\\/\",\"name\":\"Nikita Nikiforov Portfolio\",\"description\":\"Noorem Tarkvarendaja\",\"publisher\":{\"@id\":\"https:\\\/\\\/nikitanikiforov24.thkit.ee\\\/wp\\\/#organization\"},\"potentialAction\":[{\"@type\":\"SearchAction\",\"target\":{\"@type\":\"EntryPoint\",\"urlTemplate\":\"https:\\\/\\\/nikitanikiforov24.thkit.ee\\\/wp\\\/?s={search_term_string}\"},\"query-input\":{\"@type\":\"PropertyValueSpecification\",\"valueRequired\":true,\"valueName\":\"search_term_string\"}}],\"inLanguage\":\"et\"},{\"@type\":\"Organization\",\"@id\":\"https:\\\/\\\/nikitanikiforov24.thkit.ee\\\/wp\\\/#organization\",\"name\":\"Nikita Nikiforov Portfolio\",\"url\":\"https:\\\/\\\/nikitanikiforov24.thkit.ee\\\/wp\\\/\",\"logo\":{\"@type\":\"ImageObject\",\"inLanguage\":\"et\",\"@id\":\"https:\\\/\\\/nikitanikiforov24.thkit.ee\\\/wp\\\/#\\\/schema\\\/logo\\\/image\\\/\",\"url\":\"https:\\\/\\\/nikitanikiforov24.thkit.ee\\\/wp\\\/wp-content\\\/uploads\\\/2025\\\/10\\\/0ce66b2c514f64099fc903d1deea8e5c-150x137-removebg-preview.png\",\"contentUrl\":\"https:\\\/\\\/nikitanikiforov24.thkit.ee\\\/wp\\\/wp-content\\\/uploads\\\/2025\\\/10\\\/0ce66b2c514f64099fc903d1deea8e5c-150x137-removebg-preview.png\",\"width\":150,\"height\":137,\"caption\":\"Nikita Nikiforov Portfolio\"},\"image\":{\"@id\":\"https:\\\/\\\/nikitanikiforov24.thkit.ee\\\/wp\\\/#\\\/schema\\\/logo\\\/image\\\/\"}}]}<\/script>\n<!-- \/ Yoast SEO plugin. -->","yoast_head_json":{"title":"Mongo DB - Nikita Nikiforov Portfolio","robots":{"index":"index","follow":"follow","max-snippet":"max-snippet:-1","max-image-preview":"max-image-preview:large","max-video-preview":"max-video-preview:-1"},"canonical":"https:\/\/nikitanikiforov24.thkit.ee\/wp\/?page_id=772","og_locale":"et_EE","og_type":"article","og_title":"Mongo DB - Nikita Nikiforov Portfolio","og_description":"\u00dchendage andmebaasiga (meie puhul mongo) Looge ja kustutage tabel Tabeli t\u00e4itmine Mitme kasutaja lisamine $lt, $gt, $lte, $gte, $ne, v\u00e4iksem, suurem v\u00f5i v\u00f5rdne, mitte v\u00f5rdne $lt &#8211; v\u00e4hem $gt &#8211; rohkem $lte &#8211; v\u00e4iksem v\u00f5i v\u00f5rdne $gte &#8211; suurem v\u00f5i v\u00f5rdne $ne &#8211; ei ole v\u00f5rdne Sorteerimine Saadud dokumentide arvu piirangud $set, et uuendada dokumente [&hellip;]","og_url":"https:\/\/nikitanikiforov24.thkit.ee\/wp\/?page_id=772","og_site_name":"Nikita Nikiforov Portfolio","article_modified_time":"2025-10-30T10:31:46+00:00","og_image":[{"url":"https:\/\/nikiforovnikitaportfolio.wordpress.com\/wp-content\/uploads\/2025\/05\/pilt-23.png?w=222","type":"","width":"","height":""}],"twitter_card":"summary_large_image","twitter_misc":{"Est. reading time":"1 minut"},"schema":{"@context":"https:\/\/schema.org","@graph":[{"@type":"WebPage","@id":"https:\/\/nikitanikiforov24.thkit.ee\/wp\/?page_id=772","url":"https:\/\/nikitanikiforov24.thkit.ee\/wp\/?page_id=772","name":"Mongo DB - Nikita Nikiforov Portfolio","isPartOf":{"@id":"https:\/\/nikitanikiforov24.thkit.ee\/wp\/#website"},"primaryImageOfPage":{"@id":"https:\/\/nikitanikiforov24.thkit.ee\/wp\/?page_id=772#primaryimage"},"image":{"@id":"https:\/\/nikitanikiforov24.thkit.ee\/wp\/?page_id=772#primaryimage"},"thumbnailUrl":"https:\/\/nikiforovnikitaportfolio.wordpress.com\/wp-content\/uploads\/2025\/05\/pilt-23.png?w=222","datePublished":"2025-05-29T08:27:26+00:00","dateModified":"2025-10-30T10:31:46+00:00","breadcrumb":{"@id":"https:\/\/nikitanikiforov24.thkit.ee\/wp\/?page_id=772#breadcrumb"},"inLanguage":"et","potentialAction":[{"@type":"ReadAction","target":["https:\/\/nikitanikiforov24.thkit.ee\/wp\/?page_id=772"]}]},{"@type":"ImageObject","inLanguage":"et","@id":"https:\/\/nikitanikiforov24.thkit.ee\/wp\/?page_id=772#primaryimage","url":"https:\/\/nikiforovnikitaportfolio.wordpress.com\/wp-content\/uploads\/2025\/05\/pilt-23.png?w=222","contentUrl":"https:\/\/nikiforovnikitaportfolio.wordpress.com\/wp-content\/uploads\/2025\/05\/pilt-23.png?w=222"},{"@type":"BreadcrumbList","@id":"https:\/\/nikitanikiforov24.thkit.ee\/wp\/?page_id=772#breadcrumb","itemListElement":[{"@type":"ListItem","position":1,"name":"Home","item":"https:\/\/nikitanikiforov24.thkit.ee\/wp\/"},{"@type":"ListItem","position":2,"name":"Mongo DB"}]},{"@type":"WebSite","@id":"https:\/\/nikitanikiforov24.thkit.ee\/wp\/#website","url":"https:\/\/nikitanikiforov24.thkit.ee\/wp\/","name":"Nikita Nikiforov Portfolio","description":"Noorem Tarkvarendaja","publisher":{"@id":"https:\/\/nikitanikiforov24.thkit.ee\/wp\/#organization"},"potentialAction":[{"@type":"SearchAction","target":{"@type":"EntryPoint","urlTemplate":"https:\/\/nikitanikiforov24.thkit.ee\/wp\/?s={search_term_string}"},"query-input":{"@type":"PropertyValueSpecification","valueRequired":true,"valueName":"search_term_string"}}],"inLanguage":"et"},{"@type":"Organization","@id":"https:\/\/nikitanikiforov24.thkit.ee\/wp\/#organization","name":"Nikita Nikiforov Portfolio","url":"https:\/\/nikitanikiforov24.thkit.ee\/wp\/","logo":{"@type":"ImageObject","inLanguage":"et","@id":"https:\/\/nikitanikiforov24.thkit.ee\/wp\/#\/schema\/logo\/image\/","url":"https:\/\/nikitanikiforov24.thkit.ee\/wp\/wp-content\/uploads\/2025\/10\/0ce66b2c514f64099fc903d1deea8e5c-150x137-removebg-preview.png","contentUrl":"https:\/\/nikitanikiforov24.thkit.ee\/wp\/wp-content\/uploads\/2025\/10\/0ce66b2c514f64099fc903d1deea8e5c-150x137-removebg-preview.png","width":150,"height":137,"caption":"Nikita Nikiforov Portfolio"},"image":{"@id":"https:\/\/nikitanikiforov24.thkit.ee\/wp\/#\/schema\/logo\/image\/"}}]}},"_links":{"self":[{"href":"https:\/\/nikitanikiforov24.thkit.ee\/wp\/index.php?rest_route=\/wp\/v2\/pages\/772","targetHints":{"allow":["GET"]}}],"collection":[{"href":"https:\/\/nikitanikiforov24.thkit.ee\/wp\/index.php?rest_route=\/wp\/v2\/pages"}],"about":[{"href":"https:\/\/nikitanikiforov24.thkit.ee\/wp\/index.php?rest_route=\/wp\/v2\/types\/page"}],"author":[{"embeddable":true,"href":"https:\/\/nikitanikiforov24.thkit.ee\/wp\/index.php?rest_route=\/wp\/v2\/users\/1"}],"replies":[{"embeddable":true,"href":"https:\/\/nikitanikiforov24.thkit.ee\/wp\/index.php?rest_route=%2Fwp%2Fv2%2Fcomments&post=772"}],"version-history":[{"count":1,"href":"https:\/\/nikitanikiforov24.thkit.ee\/wp\/index.php?rest_route=\/wp\/v2\/pages\/772\/revisions"}],"predecessor-version":[{"id":1125,"href":"https:\/\/nikitanikiforov24.thkit.ee\/wp\/index.php?rest_route=\/wp\/v2\/pages\/772\/revisions\/1125"}],"wp:attachment":[{"href":"https:\/\/nikitanikiforov24.thkit.ee\/wp\/index.php?rest_route=%2Fwp%2Fv2%2Fmedia&parent=772"}],"curies":[{"name":"wp","href":"https:\/\/api.w.org\/{rel}","templated":true}]}}