{"id":83,"date":"2024-11-05T09:10:51","date_gmt":"2024-11-05T07:10:51","guid":{"rendered":"https:\/\/nikiforovnikitaportfolio.wordpress.com\/?page_id=83"},"modified":"2025-10-28T16:29:57","modified_gmt":"2025-10-28T14:29:57","slug":"sonastik","status":"publish","type":"page","link":"https:\/\/nikitanikiforov24.thkit.ee\/wp\/?page_id=83","title":{"rendered":"S\u00f5nastik"},"content":{"rendered":"\n<div class=\"wp-block-group alignfull has-global-padding is-content-justification-center is-layout-constrained wp-container-core-group-is-layout-df757ecc wp-block-group-is-layout-constrained\" style=\"margin-top:0;margin-bottom:0;padding-top:calc( 0.5 * var(--wp--style--root--padding-right, var(--wp--custom--gap--horizontal)));padding-right:var(--wp--style--root--padding-right, var(--wp--custom--gap--horizontal));padding-bottom:calc( 0.5 * var(--wp--style--root--padding-right, var(--wp--custom--gap--horizontal)));padding-left:var(--wp--style--root--padding-left, var(--wp--custom--gap--horizontal))\">\n<div class=\"wp-block-group alignfull has-global-padding is-layout-constrained wp-container-core-group-is-layout-1ed161f3 wp-block-group-is-layout-constrained\" style=\"margin-top:var(--wp--preset--spacing--30);margin-bottom:var(--wp--preset--spacing--30);padding-top:var(--wp--preset--spacing--10);padding-right:var(--wp--preset--spacing--40);padding-bottom:var(--wp--preset--spacing--10);padding-left:var(--wp--preset--spacing--40)\">\n<p>Programmeerimine &#8211; \u041f\u0440\u043e\u0433\u0440\u0430\u043c\u043c\u0438\u0440\u043e\u0432\u0430\u043d\u0438\u0435<br>Objektorienteeritud programmeerimine &#8211; \u041e\u041e\u041f<br>Andmet\u00fc\u00fcp\/Andmet\u00fc\u00fcbid &#8211; \u0422\u0438\u043f\/\u0422\u0438\u043f\u044b \u0434\u0430\u043d\u043d\u044b\u0445<br>Programmeerimiskeel &#8211; \u042f\u0437\u044b\u043a \u043f\u0440\u043e\u0433\u0440\u0430\u043c\u043c\u0438\u0440\u043e\u0432\u0430\u043d\u0438\u044f<br>Programm &#8211; \u041f\u0440\u043e\u0433\u0440\u0430\u043c\u043c\u0430<br>Sissejuhatus &#8211; \u0412\u0432\u0435\u0434\u0435\u043d\u0438\u0435<br>Plokk programmeerimine &#8211; \u0411\u043b\u043e\u0447\u043d\u043e\u0435 \u043f\u0440\u043e\u0433\u0440\u0430\u043c\u043c\u0438\u0440\u043e\u0432\u0430\u043d\u0438\u0435<br>Andmebass &#8211; \u0411\u0430\u0437\u0430 \u0434\u0430\u043d\u043d\u044b\u0445<br>Kiirus &#8211; \u0441\u043a\u043e\u0440\u043e\u0441\u0442\u044c<br>Liikumise suund &#8211; \u043d\u0430\u043f\u0440\u0430\u0432\u043b\u0435\u043d\u0438\u0435 \u0434\u0432\u0438\u0436\u0435\u043d\u0438\u044f <br>S\u00fcndmus\/S\u00fcndimused &#8211; \u0421\u043e\u0431\u044b\u0442\u0438\u0435\/\u0421\u043e\u0431\u044b\u0442\u0438\u044f<br>Muutuja\/-d &#8211; \u041f\u0435\u0440\u0435\u043c\u0435\u043d\u043d\u0430\u044f<br>Kasutaja nimi &#8211; \u0418\u043c\u044f \u043f\u043e\u043b\u044c\u0437\u043e\u0432\u0430\u0442\u0435\u043b\u044f<br>Salas\u00f5na &#8211; \u043f\u0430\u0440\u043e\u043b\u044c<br>Viga &#8211; \u043e\u0448\u0438\u0431\u043a\u0430<br>Veateade &#8211; \u0441\u043e\u043e\u0431\u0449\u0435\u043d\u0438\u0435 \u043e\u0431 \u043e\u0448\u0438\u0431\u043a\u0435<br>Peida &#8211; \u0441\u043f\u0440\u044f\u0442\u0430\u0442\u044c<br>N\u00e4ita &#8211; \u043f\u043e\u043a\u0430\u0437\u0430\u0442\u044c<br>Muuda &#8211; \u0438\u0437\u043c\u0435\u043d\u044f\u0442\u044c<br>Korda viis korda &#8211; \u043f\u043e\u0432\u0442\u043e\u0440\u0438\u0442\u044c 5 \u0440\u0430\u0437 <br>Oota &#8211; \u0436\u0434\u0430\u0442\u044c<br>Vajuta &#8211; \u043d\u0430\u0436\u0438\u043c\u0430\u0442\u044c<br>L\u00fckkama &#8211; \u0442\u043e\u043b\u043a\u0430\u0442\u044c<br>T\u00f5rjuma &#8211; \u043e\u0442\u0442\u0430\u043b\u043a\u0438\u0432\u0430\u0442\u044c<br>Paigaldama &#8211; \u0423\u0441\u0442\u0430\u043d\u043e\u0432\u0438\u0442\u044c<br>T\u00fchik \u2013 \u043f\u0440\u043e\u0431\u0435\u043b<br>Tagaplaan \u2013 \u0417\u0430\u0434\u043d\u0438\u0439 \u043f\u043b\u0430\u043d<br>Esiplaan \u2013 \u041f\u0435\u0440\u0435\u0434\u043d\u0438\u0439 \u043f\u043b\u0430\u043d<br>Suurem kui &gt;<br>V\u00e4iksem kui &lt;<br>Katsetama \u2013 \u043e\u0442\u043c\u0435\u043d\u0438\u0442\u044c<br>R\u00f6\u00f6pk\u00fclik &#8211; \u041f\u0430\u0440\u0430\u043b\u043b\u0435\u043b\u043e\u0433\u0440\u0430\u043c\u043c<br>Kolmnurk &#8211; \u0422\u0440\u0435\u0443\u0433\u043e\u043b\u044c\u043d\u0438\u043a<br>Romb &#8211; \u0420\u043e\u043c\u0431<br>Nool &#8211; \u0421\u0442\u0440\u0435\u043b\u043e\u0447\u043a\u0430<br>Ellips &#8211; \u041a\u0440\u0443\u0433<br>T\u00e4isarv &#8211; \u0446\u0435\u043b\u043e\u0435 \u0447\u0438\u0441\u043b\u043e (int)<br>Ujukomaarv &#8211; \u0427\u0438\u0441\u043b\u043e \u0441 \u043f\u043b\u0430\u0432\u0430\u044e\u0449\u0435\u0439 \u0442\u043e\u0447\u043a\u043e\u0439 (float)<br>S\u00f5ne &#8211; \u0441\u0442\u0440\u043e\u043a\u0430 (str)<br>T\u00f5ev\u00e4\u00e4rtused &#8211; \u0417\u043d\u0430\u0447\u0435\u043d\u0438\u0435 \u0432\u0435\u0440\u043e\u044f\u0442\u043d\u043e\u0441\u0442\u0438 (boolean)<br>Omadus\/-ed &#8211; \u0421\u0432\u043e\u0439\u0441\u0442\u0432\u0430<br><strong>Algoritm<\/strong><br>Linearne &#8211; \u041b\u0438\u043d\u0435\u0439\u043d\u044b\u0439<br>Hargnev &#8211; \u0420\u0430\u0437\u0432\u0435\u0442\u0432\u043b\u044f\u044e\u0449\u0438\u0439<br>Ts\u00fckliline &#8211; \u0426\u0438\u043a\u043b\u0438\u0447\u043d\u044b\u0439<br>Diskreetsus &#8211; \u0414\u0438\u0441\u043a\u0440\u0435\u0442\u043d\u043e\u0441\u0442\u044c<br>Selgus &#8211; \u042f\u0441\u043d\u043e\u0441\u0442\u044c<br>Kindlus &#8211; \u041e\u043f\u0440\u0435\u0434\u0435\u043b\u0435\u043d\u043d\u043e\u0441\u0442\u044c<br>\u00dchesus &#8211; \u0415\u0434\u0438\u043d\u043e\u043e\u0431\u0440\u0430\u0437\u0438\u0435<br>Universaalsus &#8211; \u0423\u043d\u0438\u0432\u0435\u0440\u0441\u0430\u043b\u044c\u043d\u043e\u0441\u0442\u044c <br>L\u00f5plikkus &#8211; \u041e\u043a\u043e\u043d\u0447\u0430\u0442\u0435\u043b\u044c\u043d\u043e\u0441\u0442\u044c<br>Samm &#8211; \u0428\u0430\u0433 <br>J\u00e4rjest &#8211; \u041f\u043e\u0441\u043b\u0435\u0434\u043e\u0432\u0430\u0442\u0435\u043b\u044c\u043d\u043e\u0441\u0442\u044c<br>Tegevus &#8211; \u0414\u0435\u0439\u0441\u0442\u0432\u0438\u0435 <br>Pindala &#8211; \u041f\u043b\u043e\u0449\u0430\u0434\u044c<br>Eeskiri &#8211; \u041f\u0440\u0435\u0434\u043f\u0438\u0441\u0430\u043d\u0438\u0435<br>K\u00e4sk &#8211; \u041a\u043e\u043c\u0430\u043d\u0434\u0430, \u043f\u0440\u0438\u043a\u0430\u0437<br>J\u00e4rjekord &#8211; \u043e\u0447\u0435\u0440\u0435\u0434\u044c<br>Hulk &#8211; \u041a\u043e\u043b\u0438\u0447\u0435\u0441\u0442\u0432\u043e, \u043c\u043d\u043e\u0436\u0435\u0441\u0442\u0432\u043e<br>Vahetulemus &#8211; \u041f\u0440\u043e\u043c\u0435\u0436\u0443\u0442\u043e\u0447\u043d\u044b\u0439 \u0440\u0435\u0437\u0443\u043b\u044c\u0442\u0430\u0442<br>\u00fchilduvus \u2013 \u0441\u043e\u0432\u043c\u0435\u0441\u0442\u0438\u043c\u043e\u0441\u0442\u044c<br>aastal 1991 (nimetav)<br>l\u00e4htekood \u2013 \u0438\u0441\u0445\u043e\u0434\u043d\u044b\u0439 \u043a\u043e\u0434<br>peamine \u2013 \u043e\u043d\u043e\u0432\u043d\u043e\u0439\/\u0433\u043b\u0430\u0432\u043d\u044b\u0439<br>insperatsioon \u2013 \u0432\u0434\u043e\u0445\u043d\u043e\u0432\u0435\u043d\u0438\u0435<br>allikas \u2013 \u0438\u0441\u0442\u043e\u0447\u043d\u0438\u043a<br>t\u00f6\u00f6rist \u2013 \u0438\u043d\u0441\u0442\u0440\u0443\u043c\u0435\u043d\u0442<br>loomine \u2013 \u0441\u043e\u0437\u0434\u0430\u043d\u0438\u0435<br>keeruline \u2013 \u0441\u043b\u043e\u0436\u043d\u044b\u0439<br>tarkvara \u2013 \u043f\u0440\u043e\u0433\u0440\u0430\u043c\u043d\u043e\u0435 \u043e\u0431\u0435\u0441\u043f\u0435\u0447\u0435\u043d\u0438\u0435<br>rakendamine \u2013 \u043f\u0440\u0438\u043c\u0435\u043d\u0435\u043d\u0438\u0435<br>ainulaadne \u2013 \u0443\u043d\u0438\u043a\u0430\u043b\u044c\u043d\u043e\u0441\u0442\u044c\/\u0435\u0434\u0438\u043d\u0441\u0442\u0432\u0435\u043d\u043d\u043e\u0441\u0442\u044c<br>p\u00f5hikomponent \u2013 \u043e\u0441\u043d\u043e\u0432\u043d\u043e\u0439 \u043a\u043e\u043c\u043f\u043e\u043d\u0435\u043d\u0442<br>operatsioonis\u00fcsteem \u2013 \u043e\u043f\u0435\u0440\u0430\u0446\u0438\u043e\u043d\u043d\u0430\u044f \u0441\u0438\u0441\u0442\u0435\u043c\u0430<br>seadmine \u2013 \u043d\u0430\u0441\u0442\u0440\u043e\u0439\u043a\u0430<br>arusaadavamaks \u2013 \u0431\u043e\u043b\u0435\u0435 \u043f\u043e\u043d\u044f\u0442\u043d\u044b\u0439<br>lihtsus \u2013 \u043f\u0440\u043e\u0441\u0442\u043e\u0442\u0430<br>erandid \u2013 \u0438\u0441\u043a\u043b\u044e\u0447\u0435\u043d\u0438\u044f<br>keskpaik \u2013 \u043f\u043e \u0441\u0435\u0440\u0435\u0434\u0438\u043d\u0435<br>\u00fcllatuslik \u2013 \u0443\u0434\u0438\u0432\u0438\u0442\u0435\u043b\u044c\u043d\u044b\u0439<br>kogukond \u2013 \u0441\u043e\u043e\u0431\u0449\u0435\u0441\u0442\u0432\u043e<br>valdkond \u2013 \u043e\u0431\u043b\u0430\u0441\u0442\u044c<br>mitmek\u00fclgne \u2013 \u043c\u043d\u043e\u0433\u043e\u0441\u0442\u043e\u0440\u043e\u043d\u043d\u0438\u0439<br>paigaldamine \u2013 \u0443\u0441\u0442\u0430\u043d\u043e\u0432\u043a\u0430<br>veebirakendusi \u2013 \u0432\u0435\u0431 \u043f\u0440\u0438\u043b\u043e\u0436\u0435\u043d\u0438\u0435<br>rakendus \u2013 \u043f\u0440\u0438\u043b\u043e\u0436\u0435\u043d\u0438\u0435<br>veebileht \u2013 \u0432\u0435\u0431 \u0441\u0442\u0440\u0430\u043d\u0438\u0446\u0430<br>sisseehitamine \u2013 \u0432\u0441\u0442\u0440\u0430\u0438\u0432\u0430\u043d\u0438\u0435<br>tahvelarvuti \u2013 \u043f\u043b\u0430\u043d\u0448\u0435\u0442<br>k\u00e4sitsi- \u0432\u0440\u0443\u0447\u043d\u0443\u044e<br>ajaviide &#8211; \u0432\u0440\u0435\u043c\u044f\u043f\u0440\u0435\u043f\u0440\u043e\u0432\u043e\u0436\u0434\u0435\u043d\u0438\u0435<br>\u00fchendama &#8211; \u0441\u043e\u0435\u0434\u0438\u043d\u044f\u0442\u044c<br>\u00fclevaade &#8211; \u043e\u0431\u0437\u043e\u0440<br>s\u00fcsteemi n\u00f5uded &#8211; \u043d\u043e\u0432\u0430\u044f \u0441\u0438\u0441\u0442\u0435\u043c\u0430<br>graafika &#8211; \u0433\u0440\u0430\u0444\u0438\u043a\u0430<br>heli &#8211; \u0430\u0443\u0434\u0438\u043e<br>juurdep\u00e4\u00e4s &#8211; \u0434\u043e\u0441\u0442\u0443\u043f<br>palju muid m\u00e4nge &#8211; \u043c\u043d\u043e\u0433\u043e \u0434\u0440\u0443\u0433\u0438\u0445 \u0438\u0433\u0440<br>parandamine &#8211; \u0438\u0441\u043f\u0440\u0430\u0432\u043b\u0435\u043d\u0438\u0435<br>Turvaline &#8211; \u0431\u0435\u0437\u043e\u043f\u0430\u0441\u043d\u044b\u0439<br>privaatne &#8211; \u043f\u0440\u0438\u0432\u0430\u0442\u043d\u044b\u0439<br>edastamine &#8211; \u043f\u0435\u0440\u0435\u0434\u0430\u0432\u0430\u0442\u044c<br>v\u00f5ti &#8211; \u043a\u043b\u044e\u0447<br>objektorienteeritud programmeerimine &#8211; \u041e\u041e\u041f<br>mall &#8211; \u0448\u0430\u0431\u043b\u043e\u043d<br>p\u00e4rilikkus &#8211; \u043d\u0430\u0441\u043b\u0435\u0434\u0441\u0442\u0432\u0435\u043d\u043d\u043e\u0441\u0442\u044c<br>kapseldamine &#8211; \u0438\u043d\u043a\u0430\u043f\u0441\u0443\u043b\u044f\u0446\u0438\u044f (\u043f\u0440\u043e\u0446\u0435\u0441\u0441 \u0440\u0430\u0437\u0434\u0435\u043b\u0435\u043d\u0438\u044f \u044d\u043b\u0435\u043c\u0435\u043d\u0442\u043e\u0432 \u0430\u0431\u0441\u0442\u0440\u0430\u043a\u0446\u0438\u0439)<br>pol\u00fcmorfism &#8211; \u041f\u043e\u043b\u0438\u043c\u043e\u0440\u0444\u0438\u0437\u043c(\u0441\u043f\u043e\u0441\u043e\u0431\u043d\u043e\u0441\u0442\u044c <a href=\"https:\/\/ru.wikipedia.org\/wiki\/%D0%A4%D1%83%D0%BD%D0%BA%D1%86%D0%B8%D1%8F_(%D0%BF%D1%80%D0%BE%D0%B3%D1%80%D0%B0%D0%BC%D0%BC%D0%B8%D1%80%D0%BE%D0%B2%D0%B0%D0%BD%D0%B8%D0%B5)\">\u0444\u0443\u043d\u043a\u0446\u0438\u0438<\/a> \u043e\u0431\u0440\u0430\u0431\u0430\u0442\u044b\u0432\u0430\u0442\u044c \u0434\u0430\u043d\u043d\u044b\u0435 \u0440\u0430\u0437\u043d\u044b\u0445 <a href=\"https:\/\/ru.wikipedia.org\/wiki\/%D0%A2%D0%B8%D0%BF_%D0%B4%D0%B0%D0%BD%D0%BD%D1%8B%D1%85\">\u0442\u0438\u043f\u043e\u0432<\/a>)<br>abstraktioon &#8211; \u0430\u0431\u0441\u0442\u0440\u0430\u043a\u0446\u0438\u044f<br><br><\/p>\n<\/div>\n<\/div>\n","protected":false},"excerpt":{"rendered":"<p>Programmeerimine &#8211; \u041f\u0440\u043e\u0433\u0440\u0430\u043c\u043c\u0438\u0440\u043e\u0432\u0430\u043d\u0438\u0435Objektorienteeritud programmeerimine &#8211; \u041e\u041e\u041fAndmet\u00fc\u00fcp\/Andmet\u00fc\u00fcbid &#8211; \u0422\u0438\u043f\/\u0422\u0438\u043f\u044b \u0434\u0430\u043d\u043d\u044b\u0445Programmeerimiskeel &#8211; \u042f\u0437\u044b\u043a \u043f\u0440\u043e\u0433\u0440\u0430\u043c\u043c\u0438\u0440\u043e\u0432\u0430\u043d\u0438\u044fProgramm &#8211; \u041f\u0440\u043e\u0433\u0440\u0430\u043c\u043c\u0430Sissejuhatus &#8211; \u0412\u0432\u0435\u0434\u0435\u043d\u0438\u0435Plokk programmeerimine &#8211; \u0411\u043b\u043e\u0447\u043d\u043e\u0435 \u043f\u0440\u043e\u0433\u0440\u0430\u043c\u043c\u0438\u0440\u043e\u0432\u0430\u043d\u0438\u0435Andmebass &#8211; \u0411\u0430\u0437\u0430 \u0434\u0430\u043d\u043d\u044b\u0445Kiirus &#8211; \u0441\u043a\u043e\u0440\u043e\u0441\u0442\u044cLiikumise suund &#8211; \u043d\u0430\u043f\u0440\u0430\u0432\u043b\u0435\u043d\u0438\u0435 \u0434\u0432\u0438\u0436\u0435\u043d\u0438\u044f S\u00fcndmus\/S\u00fcndimused &#8211; \u0421\u043e\u0431\u044b\u0442\u0438\u0435\/\u0421\u043e\u0431\u044b\u0442\u0438\u044fMuutuja\/-d &#8211; \u041f\u0435\u0440\u0435\u043c\u0435\u043d\u043d\u0430\u044fKasutaja nimi &#8211; \u0418\u043c\u044f \u043f\u043e\u043b\u044c\u0437\u043e\u0432\u0430\u0442\u0435\u043b\u044fSalas\u00f5na &#8211; \u043f\u0430\u0440\u043e\u043b\u044cViga &#8211; \u043e\u0448\u0438\u0431\u043a\u0430Veateade &#8211; \u0441\u043e\u043e\u0431\u0449\u0435\u043d\u0438\u0435 \u043e\u0431 \u043e\u0448\u0438\u0431\u043a\u0435Peida &#8211; \u0441\u043f\u0440\u044f\u0442\u0430\u0442\u044cN\u00e4ita &#8211; \u043f\u043e\u043a\u0430\u0437\u0430\u0442\u044cMuuda &#8211; \u0438\u0437\u043c\u0435\u043d\u044f\u0442\u044cKorda viis korda &#8211; [&hellip;]<\/p>\n","protected":false},"author":1,"featured_media":0,"parent":0,"menu_order":0,"comment_status":"closed","ping_status":"closed","template":"","meta":{"footnotes":""},"class_list":["post-83","page","type-page","status-publish","hentry"],"yoast_head":"<!-- This site is optimized with the Yoast SEO plugin v27.4 - https:\/\/yoast.com\/product\/yoast-seo-wordpress\/ -->\n<title>S\u00f5nastik - Nikita Nikiforov Portfolio<\/title>\n<meta name=\"robots\" content=\"index, follow, max-snippet:-1, max-image-preview:large, max-video-preview:-1\" \/>\n<link rel=\"canonical\" href=\"https:\/\/nikitanikiforov24.thkit.ee\/wp\/?page_id=83\" \/>\n<meta property=\"og:locale\" content=\"et_EE\" \/>\n<meta property=\"og:type\" content=\"article\" \/>\n<meta property=\"og:title\" content=\"S\u00f5nastik - Nikita Nikiforov Portfolio\" \/>\n<meta property=\"og:description\" content=\"Programmeerimine &#8211; \u041f\u0440\u043e\u0433\u0440\u0430\u043c\u043c\u0438\u0440\u043e\u0432\u0430\u043d\u0438\u0435Objektorienteeritud programmeerimine &#8211; \u041e\u041e\u041fAndmet\u00fc\u00fcp\/Andmet\u00fc\u00fcbid &#8211; \u0422\u0438\u043f\/\u0422\u0438\u043f\u044b \u0434\u0430\u043d\u043d\u044b\u0445Programmeerimiskeel &#8211; \u042f\u0437\u044b\u043a \u043f\u0440\u043e\u0433\u0440\u0430\u043c\u043c\u0438\u0440\u043e\u0432\u0430\u043d\u0438\u044fProgramm &#8211; \u041f\u0440\u043e\u0433\u0440\u0430\u043c\u043c\u0430Sissejuhatus &#8211; \u0412\u0432\u0435\u0434\u0435\u043d\u0438\u0435Plokk programmeerimine &#8211; \u0411\u043b\u043e\u0447\u043d\u043e\u0435 \u043f\u0440\u043e\u0433\u0440\u0430\u043c\u043c\u0438\u0440\u043e\u0432\u0430\u043d\u0438\u0435Andmebass &#8211; \u0411\u0430\u0437\u0430 \u0434\u0430\u043d\u043d\u044b\u0445Kiirus &#8211; \u0441\u043a\u043e\u0440\u043e\u0441\u0442\u044cLiikumise suund &#8211; \u043d\u0430\u043f\u0440\u0430\u0432\u043b\u0435\u043d\u0438\u0435 \u0434\u0432\u0438\u0436\u0435\u043d\u0438\u044f S\u00fcndmus\/S\u00fcndimused &#8211; \u0421\u043e\u0431\u044b\u0442\u0438\u0435\/\u0421\u043e\u0431\u044b\u0442\u0438\u044fMuutuja\/-d &#8211; \u041f\u0435\u0440\u0435\u043c\u0435\u043d\u043d\u0430\u044fKasutaja nimi &#8211; \u0418\u043c\u044f \u043f\u043e\u043b\u044c\u0437\u043e\u0432\u0430\u0442\u0435\u043b\u044fSalas\u00f5na &#8211; \u043f\u0430\u0440\u043e\u043b\u044cViga &#8211; \u043e\u0448\u0438\u0431\u043a\u0430Veateade &#8211; \u0441\u043e\u043e\u0431\u0449\u0435\u043d\u0438\u0435 \u043e\u0431 \u043e\u0448\u0438\u0431\u043a\u0435Peida &#8211; \u0441\u043f\u0440\u044f\u0442\u0430\u0442\u044cN\u00e4ita &#8211; \u043f\u043e\u043a\u0430\u0437\u0430\u0442\u044cMuuda &#8211; \u0438\u0437\u043c\u0435\u043d\u044f\u0442\u044cKorda viis korda &#8211; [&hellip;]\" \/>\n<meta property=\"og:url\" content=\"https:\/\/nikitanikiforov24.thkit.ee\/wp\/?page_id=83\" \/>\n<meta property=\"og:site_name\" content=\"Nikita Nikiforov Portfolio\" \/>\n<meta property=\"article:modified_time\" content=\"2025-10-28T14:29:57+00:00\" \/>\n<meta name=\"twitter:card\" content=\"summary_large_image\" \/>\n<meta name=\"twitter:label1\" content=\"Est. reading time\" \/>\n\t<meta name=\"twitter:data1\" content=\"1 minut\" \/>\n<script type=\"application\/ld+json\" class=\"yoast-schema-graph\">{\"@context\":\"https:\\\/\\\/schema.org\",\"@graph\":[{\"@type\":\"WebPage\",\"@id\":\"https:\\\/\\\/nikitanikiforov24.thkit.ee\\\/wp\\\/?page_id=83\",\"url\":\"https:\\\/\\\/nikitanikiforov24.thkit.ee\\\/wp\\\/?page_id=83\",\"name\":\"S\u00f5nastik - Nikita Nikiforov Portfolio\",\"isPartOf\":{\"@id\":\"https:\\\/\\\/nikitanikiforov24.thkit.ee\\\/wp\\\/#website\"},\"datePublished\":\"2024-11-05T07:10:51+00:00\",\"dateModified\":\"2025-10-28T14:29:57+00:00\",\"breadcrumb\":{\"@id\":\"https:\\\/\\\/nikitanikiforov24.thkit.ee\\\/wp\\\/?page_id=83#breadcrumb\"},\"inLanguage\":\"et\",\"potentialAction\":[{\"@type\":\"ReadAction\",\"target\":[\"https:\\\/\\\/nikitanikiforov24.thkit.ee\\\/wp\\\/?page_id=83\"]}]},{\"@type\":\"BreadcrumbList\",\"@id\":\"https:\\\/\\\/nikitanikiforov24.thkit.ee\\\/wp\\\/?page_id=83#breadcrumb\",\"itemListElement\":[{\"@type\":\"ListItem\",\"position\":1,\"name\":\"Home\",\"item\":\"https:\\\/\\\/nikitanikiforov24.thkit.ee\\\/wp\\\/\"},{\"@type\":\"ListItem\",\"position\":2,\"name\":\"S\u00f5nastik\"}]},{\"@type\":\"WebSite\",\"@id\":\"https:\\\/\\\/nikitanikiforov24.thkit.ee\\\/wp\\\/#website\",\"url\":\"https:\\\/\\\/nikitanikiforov24.thkit.ee\\\/wp\\\/\",\"name\":\"Nikita Nikiforov Portfolio\",\"description\":\"Noorem Tarkvarendaja\",\"publisher\":{\"@id\":\"https:\\\/\\\/nikitanikiforov24.thkit.ee\\\/wp\\\/#organization\"},\"potentialAction\":[{\"@type\":\"SearchAction\",\"target\":{\"@type\":\"EntryPoint\",\"urlTemplate\":\"https:\\\/\\\/nikitanikiforov24.thkit.ee\\\/wp\\\/?s={search_term_string}\"},\"query-input\":{\"@type\":\"PropertyValueSpecification\",\"valueRequired\":true,\"valueName\":\"search_term_string\"}}],\"inLanguage\":\"et\"},{\"@type\":\"Organization\",\"@id\":\"https:\\\/\\\/nikitanikiforov24.thkit.ee\\\/wp\\\/#organization\",\"name\":\"Nikita Nikiforov Portfolio\",\"url\":\"https:\\\/\\\/nikitanikiforov24.thkit.ee\\\/wp\\\/\",\"logo\":{\"@type\":\"ImageObject\",\"inLanguage\":\"et\",\"@id\":\"https:\\\/\\\/nikitanikiforov24.thkit.ee\\\/wp\\\/#\\\/schema\\\/logo\\\/image\\\/\",\"url\":\"https:\\\/\\\/nikitanikiforov24.thkit.ee\\\/wp\\\/wp-content\\\/uploads\\\/2025\\\/10\\\/0ce66b2c514f64099fc903d1deea8e5c-150x137-removebg-preview.png\",\"contentUrl\":\"https:\\\/\\\/nikitanikiforov24.thkit.ee\\\/wp\\\/wp-content\\\/uploads\\\/2025\\\/10\\\/0ce66b2c514f64099fc903d1deea8e5c-150x137-removebg-preview.png\",\"width\":150,\"height\":137,\"caption\":\"Nikita Nikiforov Portfolio\"},\"image\":{\"@id\":\"https:\\\/\\\/nikitanikiforov24.thkit.ee\\\/wp\\\/#\\\/schema\\\/logo\\\/image\\\/\"}}]}<\/script>\n<!-- \/ Yoast SEO plugin. -->","yoast_head_json":{"title":"S\u00f5nastik - Nikita Nikiforov Portfolio","robots":{"index":"index","follow":"follow","max-snippet":"max-snippet:-1","max-image-preview":"max-image-preview:large","max-video-preview":"max-video-preview:-1"},"canonical":"https:\/\/nikitanikiforov24.thkit.ee\/wp\/?page_id=83","og_locale":"et_EE","og_type":"article","og_title":"S\u00f5nastik - Nikita Nikiforov Portfolio","og_description":"Programmeerimine &#8211; \u041f\u0440\u043e\u0433\u0440\u0430\u043c\u043c\u0438\u0440\u043e\u0432\u0430\u043d\u0438\u0435Objektorienteeritud programmeerimine &#8211; \u041e\u041e\u041fAndmet\u00fc\u00fcp\/Andmet\u00fc\u00fcbid &#8211; \u0422\u0438\u043f\/\u0422\u0438\u043f\u044b \u0434\u0430\u043d\u043d\u044b\u0445Programmeerimiskeel &#8211; \u042f\u0437\u044b\u043a \u043f\u0440\u043e\u0433\u0440\u0430\u043c\u043c\u0438\u0440\u043e\u0432\u0430\u043d\u0438\u044fProgramm &#8211; \u041f\u0440\u043e\u0433\u0440\u0430\u043c\u043c\u0430Sissejuhatus &#8211; \u0412\u0432\u0435\u0434\u0435\u043d\u0438\u0435Plokk programmeerimine &#8211; \u0411\u043b\u043e\u0447\u043d\u043e\u0435 \u043f\u0440\u043e\u0433\u0440\u0430\u043c\u043c\u0438\u0440\u043e\u0432\u0430\u043d\u0438\u0435Andmebass &#8211; \u0411\u0430\u0437\u0430 \u0434\u0430\u043d\u043d\u044b\u0445Kiirus &#8211; \u0441\u043a\u043e\u0440\u043e\u0441\u0442\u044cLiikumise suund &#8211; \u043d\u0430\u043f\u0440\u0430\u0432\u043b\u0435\u043d\u0438\u0435 \u0434\u0432\u0438\u0436\u0435\u043d\u0438\u044f S\u00fcndmus\/S\u00fcndimused &#8211; \u0421\u043e\u0431\u044b\u0442\u0438\u0435\/\u0421\u043e\u0431\u044b\u0442\u0438\u044fMuutuja\/-d &#8211; \u041f\u0435\u0440\u0435\u043c\u0435\u043d\u043d\u0430\u044fKasutaja nimi &#8211; \u0418\u043c\u044f \u043f\u043e\u043b\u044c\u0437\u043e\u0432\u0430\u0442\u0435\u043b\u044fSalas\u00f5na &#8211; \u043f\u0430\u0440\u043e\u043b\u044cViga &#8211; \u043e\u0448\u0438\u0431\u043a\u0430Veateade &#8211; \u0441\u043e\u043e\u0431\u0449\u0435\u043d\u0438\u0435 \u043e\u0431 \u043e\u0448\u0438\u0431\u043a\u0435Peida &#8211; \u0441\u043f\u0440\u044f\u0442\u0430\u0442\u044cN\u00e4ita &#8211; \u043f\u043e\u043a\u0430\u0437\u0430\u0442\u044cMuuda &#8211; \u0438\u0437\u043c\u0435\u043d\u044f\u0442\u044cKorda viis korda &#8211; [&hellip;]","og_url":"https:\/\/nikitanikiforov24.thkit.ee\/wp\/?page_id=83","og_site_name":"Nikita Nikiforov Portfolio","article_modified_time":"2025-10-28T14:29:57+00:00","twitter_card":"summary_large_image","twitter_misc":{"Est. reading time":"1 minut"},"schema":{"@context":"https:\/\/schema.org","@graph":[{"@type":"WebPage","@id":"https:\/\/nikitanikiforov24.thkit.ee\/wp\/?page_id=83","url":"https:\/\/nikitanikiforov24.thkit.ee\/wp\/?page_id=83","name":"S\u00f5nastik - Nikita Nikiforov Portfolio","isPartOf":{"@id":"https:\/\/nikitanikiforov24.thkit.ee\/wp\/#website"},"datePublished":"2024-11-05T07:10:51+00:00","dateModified":"2025-10-28T14:29:57+00:00","breadcrumb":{"@id":"https:\/\/nikitanikiforov24.thkit.ee\/wp\/?page_id=83#breadcrumb"},"inLanguage":"et","potentialAction":[{"@type":"ReadAction","target":["https:\/\/nikitanikiforov24.thkit.ee\/wp\/?page_id=83"]}]},{"@type":"BreadcrumbList","@id":"https:\/\/nikitanikiforov24.thkit.ee\/wp\/?page_id=83#breadcrumb","itemListElement":[{"@type":"ListItem","position":1,"name":"Home","item":"https:\/\/nikitanikiforov24.thkit.ee\/wp\/"},{"@type":"ListItem","position":2,"name":"S\u00f5nastik"}]},{"@type":"WebSite","@id":"https:\/\/nikitanikiforov24.thkit.ee\/wp\/#website","url":"https:\/\/nikitanikiforov24.thkit.ee\/wp\/","name":"Nikita Nikiforov Portfolio","description":"Noorem Tarkvarendaja","publisher":{"@id":"https:\/\/nikitanikiforov24.thkit.ee\/wp\/#organization"},"potentialAction":[{"@type":"SearchAction","target":{"@type":"EntryPoint","urlTemplate":"https:\/\/nikitanikiforov24.thkit.ee\/wp\/?s={search_term_string}"},"query-input":{"@type":"PropertyValueSpecification","valueRequired":true,"valueName":"search_term_string"}}],"inLanguage":"et"},{"@type":"Organization","@id":"https:\/\/nikitanikiforov24.thkit.ee\/wp\/#organization","name":"Nikita Nikiforov Portfolio","url":"https:\/\/nikitanikiforov24.thkit.ee\/wp\/","logo":{"@type":"ImageObject","inLanguage":"et","@id":"https:\/\/nikitanikiforov24.thkit.ee\/wp\/#\/schema\/logo\/image\/","url":"https:\/\/nikitanikiforov24.thkit.ee\/wp\/wp-content\/uploads\/2025\/10\/0ce66b2c514f64099fc903d1deea8e5c-150x137-removebg-preview.png","contentUrl":"https:\/\/nikitanikiforov24.thkit.ee\/wp\/wp-content\/uploads\/2025\/10\/0ce66b2c514f64099fc903d1deea8e5c-150x137-removebg-preview.png","width":150,"height":137,"caption":"Nikita Nikiforov Portfolio"},"image":{"@id":"https:\/\/nikitanikiforov24.thkit.ee\/wp\/#\/schema\/logo\/image\/"}}]}},"_links":{"self":[{"href":"https:\/\/nikitanikiforov24.thkit.ee\/wp\/index.php?rest_route=\/wp\/v2\/pages\/83","targetHints":{"allow":["GET"]}}],"collection":[{"href":"https:\/\/nikitanikiforov24.thkit.ee\/wp\/index.php?rest_route=\/wp\/v2\/pages"}],"about":[{"href":"https:\/\/nikitanikiforov24.thkit.ee\/wp\/index.php?rest_route=\/wp\/v2\/types\/page"}],"author":[{"embeddable":true,"href":"https:\/\/nikitanikiforov24.thkit.ee\/wp\/index.php?rest_route=\/wp\/v2\/users\/1"}],"replies":[{"embeddable":true,"href":"https:\/\/nikitanikiforov24.thkit.ee\/wp\/index.php?rest_route=%2Fwp%2Fv2%2Fcomments&post=83"}],"version-history":[{"count":1,"href":"https:\/\/nikitanikiforov24.thkit.ee\/wp\/index.php?rest_route=\/wp\/v2\/pages\/83\/revisions"}],"predecessor-version":[{"id":1104,"href":"https:\/\/nikitanikiforov24.thkit.ee\/wp\/index.php?rest_route=\/wp\/v2\/pages\/83\/revisions\/1104"}],"wp:attachment":[{"href":"https:\/\/nikitanikiforov24.thkit.ee\/wp\/index.php?rest_route=%2Fwp%2Fv2%2Fmedia&parent=83"}],"curies":[{"name":"wp","href":"https:\/\/api.w.org\/{rel}","templated":true}]}}