{"id":943,"date":"2025-10-09T11:01:16","date_gmt":"2025-10-09T09:01:16","guid":{"rendered":"https:\/\/nikitanikiforov24.thkit.ee\/wp\/?page_id=943"},"modified":"2025-10-09T11:30:47","modified_gmt":"2025-10-09T09:30:47","slug":"js-muusika-ankeedi-loomine","status":"publish","type":"page","link":"https:\/\/nikitanikiforov24.thkit.ee\/wp\/?page_id=943","title":{"rendered":"JS: Muusika ankeedi loomine"},"content":{"rendered":"\n<ol class=\"wp-block-list\">\n<li>V\u00e4ike konspekt &#8211; mida iga \u00fcks koostab ise<\/li>\n<\/ol>\n\n\n\n<p><\/p>\n\n\n\n<!DOCTYPE html>\n<html lang=\"et\">\n<head>\n    <meta charset=\"UTF-8\">\n    <title>Muusika k\u00fcsitlus<\/title>\n    <script src=\"musScript.js\"><\/script>\n    <link rel=\"stylesheet\" href=\"style.css\">\n<\/head>\n<body>\n<h1>Muusika k\u00fcsitlus<\/h1>\n<form action=\"muusikatest\" method=\"post\">\n<table>\n  <tr>\n    <td><label>Milliseid muusikuid\/ansambleid sa tead?<\/label> <br>\n      <input type=\"checkbox\" id=\"musband_\" name=\"musband\" value=\"AC\/DC\" oninput=\"bandChoice()\">\n      <label>AC\/DC<\/label> <br>\n      <input type=\"checkbox\" id=\"musband1\" name=\"musband\" value=\"The Beatles\" oninput=\"bandChoice()\">\n      <label>The Beatles<\/label> <br>\n      <input type=\"checkbox\" id=\"musband2\" name=\"musband\" value=\"Metallica\" oninput=\"bandChoice()\">\n      <label>Metallica<\/label> <br>\n      <input type=\"checkbox\" id=\"musband3\" name=\"musband\" value=\"Oasis\" oninput=\"bandChoice()\">\n      <label>Oasis<\/label>\n    <\/td>\n    <td>\n      <div id=\"bandanswer\"><\/div>\n    <\/td>\n  <\/tr>\n  <tr>\n    <td>\n      <label for=\"interview\">Mida arvad muusika kuulamisest koolis?<\/label> <br>\n      <textarea name=\"ask1\" id=\"interview\" cols=\"35\" rows=\"10\" oninput=\"interviewText()\"><\/textarea>\n    <\/td>\n    <td>\n      <div id=\"interviewanswer\"><\/div>\n    <\/td>\n  <\/tr>\n  <tr>\n    <td>\n      <label for=\"numberask\">Mitu tundi p\u00e4evas sa kuulad muusikat?<\/label> <br>\n      <input type=\"number\" name=\"ask\" id=\"numberask\" min=\"1\" max=\"100\" value=\"1\" oninput=\"numberAsk()\">\n    <\/td>\n    <td>\n      <div id=\"numberanswer\"><\/div>\n    <\/td>\n  <\/tr>\n  <tr>\n    <td>\n      <label for=\"radioask1\">Kas sa kuulad raadiot?<\/label> <br>\n      <input type=\"radio\" name=\"ask\" id=\"radioask1\" value=\"Jah\" oninput=\"radioAsk()\">\n      <label for=\"radioask1\">Jah<\/label>\n      <input type=\"radio\" name=\"ask\" id=\"radioask2\" value=\"Ei\" oninput=\"radioAsk()\">\n      <label for=\"radioask2\">Ei<\/label>\n    <\/td>\n    <td>\n      <div id=\"radioanswer\"><\/div>\n    <\/td>\n  <\/tr>\n  <tr>\n    <td>\n      <label for=\"radio-choice\">Milliseid raadiojaamu oskad nimetada?:<\/label> <br>\n      <input list=\"estonian-radios\" id=\"radio-choice\" name=\"radio-choice\" oninput=\"datalistAsk()\">\n\n      <datalist id=\"estonian-radios\">\n        <option value=\"Sky Plus\"><\/option>\n        <option value=\"Retro FM\"><\/option>\n        <option value=\"Star FM\"><\/option>\n        <option value=\"Rock FM\"><\/option>\n        <option value=\"MyHits\"><\/option>\n        <option value=\"Narodnoe Radio\"><\/option>\n      <\/datalist>\n    <\/td>\n    <td>\n      <div id=\"datalistanswer\"><\/div>\n    <\/td>\n  <\/tr>\n  <tr>\n    <td>\n      <label for=\"genres\">Millist muusikat sa k\u00f5ige rohkem kuulad?<\/label><br>\n      <select id=\"genres\" name=\"genres\" oninput=\"genreAsk()\">\n        <option value=\"...\">&#8230;<\/option>\n        <option value=\"pop\">Pop<\/option>\n        <option value=\"rock\">Rock<\/option>\n        <option value=\"hiphop\">Hip-Hop \/ Rap<\/option>\n        <option value=\"jazz\">Jazz<\/option>\n        <option value=\"metal\">Metal<\/option>\n        <option value=\"blues\">Blues<\/option>\n      <\/select>\n    <\/td>\n    <td>\n      <div id=\"genreanswer\"><\/div>\n    <\/td>\n  <\/tr>\n<\/table>\n\n  <input type=\"button\" value=\"Saada\" onclick=\"ifSaada()\">\n  <input type=\"reset\" value=\"Puhasta\">\n  <br>\n  <div id=\"summary\"><\/div>\n<\/form>\n\n<\/body>\n<\/html>\n\n\n\n<style>\nbody {\n    font-family: 'Segoe UI', Tahoma, Geneva, Verdana, sans-serif;\n    padding: 20px;\n}\n\nh1{\n    color:black;\n    text-align: center;\n    font-size: 50px;\n}\n\nform {\n    max-width: 90%;\n    margin: 0 auto;\n    background: white;\n    padding: 20px;\n}\n\ntable {\n    width: 100%;\n    border-collapse: collapse;\n    margin-bottom: 20px;\n}\n\ntable, th, td {\n    border: 1px solid #ddd;\n}\n\ntable td {\n    width: 50%;\n}\n\ntd {\n    padding: 12px 15px;\n\n}\nlabel {\n    font-weight: 600;\n    display: block;\n    margin-bottom: 6px;\n    color: black;\n}\n\ninput[type=\"checkbox\"],\ninput[type=\"radio\"] {\n    margin-right: 6px;\n    cursor: pointer;\n}\n\ninput[type=\"number\"],\ntextarea,\nselect,\ninput[list] {\n    width: 100%;\n    padding: 8px 10px;\n    border: 1.5px solid black;\n    border-radius: 5px;\n    font-size: 15px;\n    box-sizing: border-box;\n}\ninput[type=\"button\"] {\n    background-color: lightgreen;\n    color: white;\n    border: none;\n    padding: 10px 22px;\n    border-radius: 5px;\n    margin-right: 10px;\n    align-items: center;\n}\ninput[type=\"reset\"] {\n    background-color: lightcoral;\n    color: white;\n    border: none;\n    padding: 10px 22px;\n    border-radius: 5px;\n    margin-right: 10px;\n    align-items: center;\n}\n\ninput[type=\"button\"]:hover {\n    background-color: limegreen;\n}\ninput[type=\"reset\"]:hover {\n    background-color: red;\n}\n\n#bandanswer,\n#interviewanswer,\n#numberanswer,\n#radioanswer,\n#datalistanswer,\n#genreanswer,\n#summary {\n    padding: 10px;\n    background: #f4f7fb;\n    border-radius: 5px;\n    border: 1px solid #d1e3fc;\n    min-height: 30px;\n    color: black;\n}\n\n* {\n    box-sizing: border-box;\n}\n<\/style>\n\n\n\n<h2 class=\"wp-block-heading\">JavaScript funktsioon<\/h2>\n\n\n\n<p><strong>bandChoice<\/strong>() \u2013 see funktsioon saab andmed, mille inimene valib, ja seej\u00e4rel kuvab need.<br>Loogika on lihtne: kontrollitakse, kas inimene on m\u00e4rkinud linnukese, ja kui jah, siis kuvatakse andmed, kui ei, siis ei kuvata.<br><\/p>\n\n\n\n<pre class=\"wp-block-code\"><code>    if(dc.checked){\n        valik+=dc.value + \", \";\n    }\n    if(beatles.checked){\n        valik+=beatles.value + \", \";\n    }\n    if (metall.checked) {\n        valik += metall.value + \", \";\n    }\n    if (oasis.checked) {\n        valik += oasis.value + \", \";\n    }<\/code><\/pre>\n\n\n\n<p><strong>interviewText<\/strong>(), <strong>numberAsk<\/strong>(),<strong> datalistAsk<\/strong>(), <strong>genreAsk<\/strong>()  &#8211; Ei ole midagi ebatavalist, see, mida sa kirjutasid, see ka v\u00e4ljendab<\/p>\n\n\n\n<pre class=\"wp-block-code\"><code>answer.innerHTML = \"Sinu arvamus: \" + text.value;\n\nanswer.innerHTML = \"Sa kuulad muusikat \" + number.value + \" tundi p\u00e4evas\";\n\nanswer.innerHTML = \"Sinu nimetatud jaamad: \" + ask.value\n<\/code><\/pre>\n\n\n\n<p><strong>radioAsk<\/strong>() &#8211; Sama s\u00fcsteem nagu bandChoice(). Lihtne kontrollida, mida oled valinud, ja seda ekraanil kuvada.<\/p>\n\n\n\n<pre class=\"wp-block-code\"><code>    if (choice1.checked){\n        answer.innerHTML = \"Raadio kuulamine: \" + choice1.value;\n    }\n    else if (choice2.checked){\n        answer.innerHTML = \"Raadio kuulamine: \" + choice2.value;\n    }\n    else {\n        answer.innerHTML = \"Palun vastake k\u00fcsimusele\";\n    }<\/code><\/pre>\n\n\n\n<p><strong>ifSaada()<\/strong> &#8211; \u00dcks k\u00f5ige huvitavamaid funktsioone. Kuna p\u00e4rast k\u00f5igi muutujate ja nende loogika \u00fclekandmist oli probleem selles, et ma ei teadnud, kuidas alustada kirjutamist uuest reast. <\/p>\n\n\n\n<pre class=\"wp-block-code\"><code> let summary = document.getElementById(\"summary\");\n    let dc = document.getElementById(\"musband_\");\n    let beatles = document.getElementById(\"musband1\");\n    let metall = document.getElementById(\"musband2\");\n    let oasis = document.getElementById(\"musband3\");\n    let text = document.getElementById(\"interview\");\n    let number = document.getElementById(\"numberask\");\n    let choice1 = document.getElementById(\"radioask1\");\n    let choice2 = document.getElementById(\"radioask2\");\n    let ask = document.getElementById(\"radio-choice\");\n    let choice = document.getElementById(\"genres\");\n\n    summary.innerHTML = \"\";\n\n    let valik = \"\";\n    if(dc.checked){\n        valik+=dc.value + \", \";\n    }\n    if(beatles.checked){\n        valik+=beatles.value + \", \";\n    }\n    if (metall.checked) {\n        valik += metall.value + \", \";\n    }\n    if (oasis.checked) {\n        valik += oasis.value + \", \";\n    }\n\n    summary.innerHTML += \"Sa valisid: \" + valik + \"&lt;br>\";\n    summary.innerHTML += \"Sinu arvamus: \" + text.value + \"&lt;br>\";\n    summary.innerHTML += \"Sa kuulad muusikat \" + number.value + \" tundi p\u00e4evas&lt;br>\";\n\n    if (choice1.checked){\n        summary.innerHTML += \"Raadio kuulamine: \" + choice1.value + \"&lt;br>\";\n    }\n    else if (choice2.checked){\n        summary.innerHTML += \"Raadio kuulamine: \" + choice2.value + \"&lt;br>\";\n    }\n    else {\n        summary.innerHTML += \"Palun vastake k\u00fcsimusele&lt;br>\";\n    }\n    summary.innerHTML += \"Sinu nimetatud jaamad: \" + ask.value + \"&lt;br>\";\n    summary.innerHTML += \"Sinu vastus: \" + choice.value + \"&lt;br>\";<\/code><\/pre>\n\n\n\n<p>Aga l\u00f5puks leiti lahendus.<br><\/p>\n\n\n\n<pre class=\"wp-block-code\"><code>\"&lt;br>\"<\/code><\/pre>\n\n\n\n<script>\nfunction bandChoice(){\n    let v5 = document.getElementById(\"bandanswer\");\n    let dc = document.getElementById(\"musband_\");\n    let beatles = document.getElementById(\"musband1\");\n    let metall = document.getElementById(\"musband2\");\n    let oasis = document.getElementById(\"musband3\");\n\n    let valik = \"\";\n    if(dc.checked){\n        valik+=dc.value + \", \";\n    }\n    if(beatles.checked){\n        valik+=beatles.value + \", \";\n    }\n    if (metall.checked) {\n        valik += metall.value + \", \";\n    }\n    if (oasis.checked) {\n        valik += oasis.value + \", \";\n    }\n\n    v5.innerHTML = \"Sa valisid: \" + valik;\n}\nfunction interviewText(){\n    let answer  = document.getElementById(\"interviewanswer\");\n    let text = document.getElementById(\"interview\");\n\n    answer.innerHTML = \"Sinu arvamus: \" + text.value;\n}\n\nfunction numberAsk(){\n\n    let number = document.getElementById(\"numberask\");\n    let answer = document.getElementById(\"numberanswer\");\n\n    answer.innerHTML = \"Sa kuulad muusikat \" + number.value + \" tundi p\u00e4evas\";\n}\n\nfunction radioAsk(){\n    let answer = document.getElementById(\"radioanswer\");\n    let choice1 = document.getElementById(\"radioask1\");\n    let choice2 = document.getElementById(\"radioask2\");\n\n    if (choice1.checked){\n        answer.innerHTML = \"Raadio kuulamine: \" + choice1.value;\n    }\n    else if (choice2.checked){\n        answer.innerHTML = \"Raadio kuulamine: \" + choice2.value;\n    }\n    else {\n        answer.innerHTML = \"Palun vastake k\u00fcsimusele\";\n    }\n}\nfunction datalistAsk(){\n\n    let ask = document.getElementById(\"radio-choice\");\n    let answer = document.getElementById(\"datalistanswer\");\n\n    answer.innerHTML = \"Sinu nimetatud jaamad: \" + ask.value\n}\n\nfunction genreAsk() {\n\n    let answer = document.getElementById(\"genreanswer\");\n    let choice = document.getElementById(\"genres\");\n\n    answer.innerHTML = \"Sinu vastus: \" + choice.value\n}\n\nfunction ifSaada(){\n    let summary = document.getElementById(\"summary\");\n    let dc = document.getElementById(\"musband_\");\n    let beatles = document.getElementById(\"musband1\");\n    let metall = document.getElementById(\"musband2\");\n    let oasis = document.getElementById(\"musband3\");\n    let text = document.getElementById(\"interview\");\n    let number = document.getElementById(\"numberask\");\n    let choice1 = document.getElementById(\"radioask1\");\n    let choice2 = document.getElementById(\"radioask2\");\n    let ask = document.getElementById(\"radio-choice\");\n    let choice = document.getElementById(\"genres\");\n\n    summary.innerHTML = \"\";\n\n    let valik = \"\";\n    if(dc.checked){\n        valik+=dc.value + \", \";\n    }\n    if(beatles.checked){\n        valik+=beatles.value + \", \";\n    }\n    if (metall.checked) {\n        valik += metall.value + \", \";\n    }\n    if (oasis.checked) {\n        valik += oasis.value + \", \";\n    }\n\n    summary.innerHTML += \"Sa valisid: \" + valik + \"<br>\";\n    summary.innerHTML += \"Sinu arvamus: \" + text.value + \"<br>\";\n    summary.innerHTML += \"Sa kuulad muusikat \" + number.value + \" tundi p\u00e4evas<br>\";\n\n    if (choice1.checked){\n        summary.innerHTML += \"Raadio kuulamine: \" + choice1.value + \"<br>\";\n    }\n    else if (choice2.checked){\n        summary.innerHTML += \"Raadio kuulamine: \" + choice2.value + \"<br>\";\n    }\n    else {\n        summary.innerHTML += \"Palun vastake k\u00fcsimusele<br>\";\n    }\n    summary.innerHTML += \"Sinu nimetatud jaamad: \" + ask.value + \"<br>\";\n    summary.innerHTML += \"Sinu vastus: \" + choice.value + \"<br>\";\n}\n<\/script>\n\n","protected":false},"excerpt":{"rendered":"<p>Muusika k\u00fcsitlus Muusika k\u00fcsitlus Milliseid muusikuid\/ansambleid sa tead? AC\/DC The Beatles Metallica Oasis Mida arvad muusika kuulamisest koolis? Mitu tundi p\u00e4evas sa kuulad muusikat? Kas sa kuulad raadiot? Jah Ei Milliseid raadiojaamu oskad nimetada?: Millist muusikat sa k\u00f5ige rohkem kuulad? &#8230;PopRockHip-Hop \/ RapJazzMetalBlues JavaScript funktsioon bandChoice() \u2013 see funktsioon saab andmed, mille inimene valib, ja [&hellip;]<\/p>\n","protected":false},"author":1,"featured_media":0,"parent":0,"menu_order":0,"comment_status":"closed","ping_status":"closed","template":"","meta":{"footnotes":""},"class_list":["post-943","page","type-page","status-publish","hentry"],"yoast_head":"<!-- This site is optimized with the Yoast SEO plugin v27.4 - https:\/\/yoast.com\/product\/yoast-seo-wordpress\/ -->\n<title>JS: Muusika ankeedi loomine - Nikita Nikiforov Portfolio<\/title>\n<meta name=\"robots\" content=\"index, follow, max-snippet:-1, max-image-preview:large, max-video-preview:-1\" \/>\n<link rel=\"canonical\" href=\"https:\/\/nikitanikiforov24.thkit.ee\/wp\/?page_id=943\" \/>\n<meta property=\"og:locale\" content=\"et_EE\" \/>\n<meta property=\"og:type\" content=\"article\" \/>\n<meta property=\"og:title\" content=\"JS: Muusika ankeedi loomine - Nikita Nikiforov Portfolio\" \/>\n<meta property=\"og:description\" content=\"Muusika k\u00fcsitlus Muusika k\u00fcsitlus Milliseid muusikuid\/ansambleid sa tead? AC\/DC The Beatles Metallica Oasis Mida arvad muusika kuulamisest koolis? Mitu tundi p\u00e4evas sa kuulad muusikat? Kas sa kuulad raadiot? Jah Ei Milliseid raadiojaamu oskad nimetada?: Millist muusikat sa k\u00f5ige rohkem kuulad? &#8230;PopRockHip-Hop \/ RapJazzMetalBlues JavaScript funktsioon bandChoice() \u2013 see funktsioon saab andmed, mille inimene valib, ja [&hellip;]\" \/>\n<meta property=\"og:url\" content=\"https:\/\/nikitanikiforov24.thkit.ee\/wp\/?page_id=943\" \/>\n<meta property=\"og:site_name\" content=\"Nikita Nikiforov Portfolio\" \/>\n<meta property=\"article:modified_time\" content=\"2025-10-09T09:30:47+00:00\" \/>\n<meta name=\"twitter:card\" content=\"summary_large_image\" \/>\n<meta name=\"twitter:label1\" content=\"Est. reading time\" \/>\n\t<meta name=\"twitter:data1\" content=\"2 minutit\" \/>\n<script type=\"application\/ld+json\" class=\"yoast-schema-graph\">{\"@context\":\"https:\\\/\\\/schema.org\",\"@graph\":[{\"@type\":\"WebPage\",\"@id\":\"https:\\\/\\\/nikitanikiforov24.thkit.ee\\\/wp\\\/?page_id=943\",\"url\":\"https:\\\/\\\/nikitanikiforov24.thkit.ee\\\/wp\\\/?page_id=943\",\"name\":\"JS: Muusika ankeedi loomine - Nikita Nikiforov Portfolio\",\"isPartOf\":{\"@id\":\"https:\\\/\\\/nikitanikiforov24.thkit.ee\\\/wp\\\/#website\"},\"datePublished\":\"2025-10-09T09:01:16+00:00\",\"dateModified\":\"2025-10-09T09:30:47+00:00\",\"breadcrumb\":{\"@id\":\"https:\\\/\\\/nikitanikiforov24.thkit.ee\\\/wp\\\/?page_id=943#breadcrumb\"},\"inLanguage\":\"et\",\"potentialAction\":[{\"@type\":\"ReadAction\",\"target\":[\"https:\\\/\\\/nikitanikiforov24.thkit.ee\\\/wp\\\/?page_id=943\"]}]},{\"@type\":\"BreadcrumbList\",\"@id\":\"https:\\\/\\\/nikitanikiforov24.thkit.ee\\\/wp\\\/?page_id=943#breadcrumb\",\"itemListElement\":[{\"@type\":\"ListItem\",\"position\":1,\"name\":\"Home\",\"item\":\"https:\\\/\\\/nikitanikiforov24.thkit.ee\\\/wp\\\/\"},{\"@type\":\"ListItem\",\"position\":2,\"name\":\"JS: Muusika ankeedi loomine\"}]},{\"@type\":\"WebSite\",\"@id\":\"https:\\\/\\\/nikitanikiforov24.thkit.ee\\\/wp\\\/#website\",\"url\":\"https:\\\/\\\/nikitanikiforov24.thkit.ee\\\/wp\\\/\",\"name\":\"Nikita Nikiforov Portfolio\",\"description\":\"Noorem Tarkvarendaja\",\"publisher\":{\"@id\":\"https:\\\/\\\/nikitanikiforov24.thkit.ee\\\/wp\\\/#organization\"},\"potentialAction\":[{\"@type\":\"SearchAction\",\"target\":{\"@type\":\"EntryPoint\",\"urlTemplate\":\"https:\\\/\\\/nikitanikiforov24.thkit.ee\\\/wp\\\/?s={search_term_string}\"},\"query-input\":{\"@type\":\"PropertyValueSpecification\",\"valueRequired\":true,\"valueName\":\"search_term_string\"}}],\"inLanguage\":\"et\"},{\"@type\":\"Organization\",\"@id\":\"https:\\\/\\\/nikitanikiforov24.thkit.ee\\\/wp\\\/#organization\",\"name\":\"Nikita Nikiforov Portfolio\",\"url\":\"https:\\\/\\\/nikitanikiforov24.thkit.ee\\\/wp\\\/\",\"logo\":{\"@type\":\"ImageObject\",\"inLanguage\":\"et\",\"@id\":\"https:\\\/\\\/nikitanikiforov24.thkit.ee\\\/wp\\\/#\\\/schema\\\/logo\\\/image\\\/\",\"url\":\"https:\\\/\\\/nikitanikiforov24.thkit.ee\\\/wp\\\/wp-content\\\/uploads\\\/2025\\\/10\\\/0ce66b2c514f64099fc903d1deea8e5c-150x137-removebg-preview.png\",\"contentUrl\":\"https:\\\/\\\/nikitanikiforov24.thkit.ee\\\/wp\\\/wp-content\\\/uploads\\\/2025\\\/10\\\/0ce66b2c514f64099fc903d1deea8e5c-150x137-removebg-preview.png\",\"width\":150,\"height\":137,\"caption\":\"Nikita Nikiforov Portfolio\"},\"image\":{\"@id\":\"https:\\\/\\\/nikitanikiforov24.thkit.ee\\\/wp\\\/#\\\/schema\\\/logo\\\/image\\\/\"}}]}<\/script>\n<!-- \/ Yoast SEO plugin. -->","yoast_head_json":{"title":"JS: Muusika ankeedi loomine - Nikita Nikiforov Portfolio","robots":{"index":"index","follow":"follow","max-snippet":"max-snippet:-1","max-image-preview":"max-image-preview:large","max-video-preview":"max-video-preview:-1"},"canonical":"https:\/\/nikitanikiforov24.thkit.ee\/wp\/?page_id=943","og_locale":"et_EE","og_type":"article","og_title":"JS: Muusika ankeedi loomine - Nikita Nikiforov Portfolio","og_description":"Muusika k\u00fcsitlus Muusika k\u00fcsitlus Milliseid muusikuid\/ansambleid sa tead? AC\/DC The Beatles Metallica Oasis Mida arvad muusika kuulamisest koolis? Mitu tundi p\u00e4evas sa kuulad muusikat? Kas sa kuulad raadiot? Jah Ei Milliseid raadiojaamu oskad nimetada?: Millist muusikat sa k\u00f5ige rohkem kuulad? &#8230;PopRockHip-Hop \/ RapJazzMetalBlues JavaScript funktsioon bandChoice() \u2013 see funktsioon saab andmed, mille inimene valib, ja [&hellip;]","og_url":"https:\/\/nikitanikiforov24.thkit.ee\/wp\/?page_id=943","og_site_name":"Nikita Nikiforov Portfolio","article_modified_time":"2025-10-09T09:30:47+00:00","twitter_card":"summary_large_image","twitter_misc":{"Est. reading time":"2 minutit"},"schema":{"@context":"https:\/\/schema.org","@graph":[{"@type":"WebPage","@id":"https:\/\/nikitanikiforov24.thkit.ee\/wp\/?page_id=943","url":"https:\/\/nikitanikiforov24.thkit.ee\/wp\/?page_id=943","name":"JS: Muusika ankeedi loomine - Nikita Nikiforov Portfolio","isPartOf":{"@id":"https:\/\/nikitanikiforov24.thkit.ee\/wp\/#website"},"datePublished":"2025-10-09T09:01:16+00:00","dateModified":"2025-10-09T09:30:47+00:00","breadcrumb":{"@id":"https:\/\/nikitanikiforov24.thkit.ee\/wp\/?page_id=943#breadcrumb"},"inLanguage":"et","potentialAction":[{"@type":"ReadAction","target":["https:\/\/nikitanikiforov24.thkit.ee\/wp\/?page_id=943"]}]},{"@type":"BreadcrumbList","@id":"https:\/\/nikitanikiforov24.thkit.ee\/wp\/?page_id=943#breadcrumb","itemListElement":[{"@type":"ListItem","position":1,"name":"Home","item":"https:\/\/nikitanikiforov24.thkit.ee\/wp\/"},{"@type":"ListItem","position":2,"name":"JS: Muusika ankeedi loomine"}]},{"@type":"WebSite","@id":"https:\/\/nikitanikiforov24.thkit.ee\/wp\/#website","url":"https:\/\/nikitanikiforov24.thkit.ee\/wp\/","name":"Nikita Nikiforov Portfolio","description":"Noorem Tarkvarendaja","publisher":{"@id":"https:\/\/nikitanikiforov24.thkit.ee\/wp\/#organization"},"potentialAction":[{"@type":"SearchAction","target":{"@type":"EntryPoint","urlTemplate":"https:\/\/nikitanikiforov24.thkit.ee\/wp\/?s={search_term_string}"},"query-input":{"@type":"PropertyValueSpecification","valueRequired":true,"valueName":"search_term_string"}}],"inLanguage":"et"},{"@type":"Organization","@id":"https:\/\/nikitanikiforov24.thkit.ee\/wp\/#organization","name":"Nikita Nikiforov Portfolio","url":"https:\/\/nikitanikiforov24.thkit.ee\/wp\/","logo":{"@type":"ImageObject","inLanguage":"et","@id":"https:\/\/nikitanikiforov24.thkit.ee\/wp\/#\/schema\/logo\/image\/","url":"https:\/\/nikitanikiforov24.thkit.ee\/wp\/wp-content\/uploads\/2025\/10\/0ce66b2c514f64099fc903d1deea8e5c-150x137-removebg-preview.png","contentUrl":"https:\/\/nikitanikiforov24.thkit.ee\/wp\/wp-content\/uploads\/2025\/10\/0ce66b2c514f64099fc903d1deea8e5c-150x137-removebg-preview.png","width":150,"height":137,"caption":"Nikita Nikiforov Portfolio"},"image":{"@id":"https:\/\/nikitanikiforov24.thkit.ee\/wp\/#\/schema\/logo\/image\/"}}]}},"_links":{"self":[{"href":"https:\/\/nikitanikiforov24.thkit.ee\/wp\/index.php?rest_route=\/wp\/v2\/pages\/943","targetHints":{"allow":["GET"]}}],"collection":[{"href":"https:\/\/nikitanikiforov24.thkit.ee\/wp\/index.php?rest_route=\/wp\/v2\/pages"}],"about":[{"href":"https:\/\/nikitanikiforov24.thkit.ee\/wp\/index.php?rest_route=\/wp\/v2\/types\/page"}],"author":[{"embeddable":true,"href":"https:\/\/nikitanikiforov24.thkit.ee\/wp\/index.php?rest_route=\/wp\/v2\/users\/1"}],"replies":[{"embeddable":true,"href":"https:\/\/nikitanikiforov24.thkit.ee\/wp\/index.php?rest_route=%2Fwp%2Fv2%2Fcomments&post=943"}],"version-history":[{"count":19,"href":"https:\/\/nikitanikiforov24.thkit.ee\/wp\/index.php?rest_route=\/wp\/v2\/pages\/943\/revisions"}],"predecessor-version":[{"id":963,"href":"https:\/\/nikitanikiforov24.thkit.ee\/wp\/index.php?rest_route=\/wp\/v2\/pages\/943\/revisions\/963"}],"wp:attachment":[{"href":"https:\/\/nikitanikiforov24.thkit.ee\/wp\/index.php?rest_route=%2Fwp%2Fv2%2Fmedia&parent=943"}],"curies":[{"name":"wp","href":"https:\/\/api.w.org\/{rel}","templated":true}]}}