{"id":965,"date":"2025-10-09T12:01:08","date_gmt":"2025-10-09T10:01:08","guid":{"rendered":"https:\/\/nikitanikiforov24.thkit.ee\/wp\/?page_id=965"},"modified":"2025-10-09T12:24:00","modified_gmt":"2025-10-09T10:24:00","slug":"kuupaev","status":"publish","type":"page","link":"https:\/\/nikitanikiforov24.thkit.ee\/wp\/?page_id=965","title":{"rendered":"Kuupaev \u00dclesanne"},"content":{"rendered":"\n<!DOCTYPE html>\n<html lang=\"ru\">\n<head>\n  <meta charset=\"UTF-8\" \/>\n  <title>Date<\/title>\n<\/head>\n<body>\n\n    <button onclick=\"n\u00e4itaKuupaevJaAeg()\">N\u00e4ita kuup\u00e4eva ja aega<\/button>\n    <button onclick=\"kuniM\u00e4rtsini()\">Aeg kuni 15. m\u00e4rtsini<\/button>\n    <div id=\"output\"><\/div>\n\n<\/body>\n<\/html>\n\n\n\n<script>\n    const v\u00e4ljund = document.getElementById('output');\n\n    function n\u00e4itaKuupaevJaAeg() {\n      const praegu = new Date();\n      const aegStr = praegu.toLocaleTimeString('et-EE');\n      const kuup\u00e4evStr = praegu.toLocaleDateString('et-EE');\n      v\u00e4ljund.textContent = `T\u00e4na: ${kuup\u00e4evStr}, ${aegStr}`;\n    }\n\n    function kuniM\u00e4rtsini() {\n      const praegu = new Date();\n      let m\u00e4rts15 = new Date(praegu.getFullYear(), 2, 15);\n\n      if (praegu > m\u00e4rts15) {\n        m\u00e4rts15 = new Date(praegu.getFullYear() + 1, 2, 15);\n      }\n\n      let diffMs = m\u00e4rts15.getTime() - praegu.getTime();\n\n      const diffPaevad = Math.floor(diffMs \/ (1000 * 60 * 60 * 24));\n      diffMs -= diffPaevad * 1000 * 60 * 60 * 24;\n\n      const diffTunnid = Math.floor(diffMs \/ (1000 * 60 * 60));\n      diffMs -= diffTunnid * 1000 * 60 * 60;\n\n      const diffMinutid = Math.floor(diffMs \/ (1000 * 60));\n      diffMs -= diffMinutid * 1000 * 60;\n\n      const diffSekundid = Math.floor(diffMs \/ 1000);\n\n      v\u00e4ljund.textContent = `15. m\u00e4rtsini on j\u00e4\u00e4nud: ${diffPaevad} p\u00e4eva`;\n    }\n<\/script>\n\n\n\n\n<style>\n  body {\n    display: flex;\n    flex-direction: column;\n    align-items: center;\n    justify-content: center;\/\n    margin: 0;\n    background: #f0f0f0;\n    color: #333;\n  }\n\n  button {\n    padding: 15px 30px;\n    font-size: 18px;\n    margin: 10px 0;\n    cursor: pointer;\n  }\n  #output {\n    margin-top: 20px;\n    font-size: 18px;\n    background: #fff;\n    padding: 15px;\n    border-radius: 6px;\n    text-align: center;\n  }\n<\/style>\n","protected":false},"excerpt":{"rendered":"<p>Date N\u00e4ita kuup\u00e4eva ja aega Aeg kuni 15. m\u00e4rtsini<\/p>\n","protected":false},"author":1,"featured_media":0,"parent":0,"menu_order":0,"comment_status":"closed","ping_status":"closed","template":"","meta":{"footnotes":""},"class_list":["post-965","page","type-page","status-publish","hentry"],"yoast_head":"<!-- This site is optimized with the Yoast SEO plugin v27.4 - https:\/\/yoast.com\/product\/yoast-seo-wordpress\/ -->\n<title>Kuupaev \u00dclesanne - Nikita Nikiforov Portfolio<\/title>\n<meta name=\"robots\" content=\"index, follow, max-snippet:-1, max-image-preview:large, max-video-preview:-1\" \/>\n<link rel=\"canonical\" href=\"https:\/\/nikitanikiforov24.thkit.ee\/wp\/?page_id=965\" \/>\n<meta property=\"og:locale\" content=\"et_EE\" \/>\n<meta property=\"og:type\" content=\"article\" \/>\n<meta property=\"og:title\" content=\"Kuupaev \u00dclesanne - Nikita Nikiforov Portfolio\" \/>\n<meta property=\"og:description\" content=\"Date N\u00e4ita kuup\u00e4eva ja aega Aeg kuni 15. m\u00e4rtsini\" \/>\n<meta property=\"og:url\" content=\"https:\/\/nikitanikiforov24.thkit.ee\/wp\/?page_id=965\" \/>\n<meta property=\"og:site_name\" content=\"Nikita Nikiforov Portfolio\" \/>\n<meta property=\"article:modified_time\" content=\"2025-10-09T10:24:00+00:00\" \/>\n<meta name=\"twitter:card\" content=\"summary_large_image\" \/>\n<script type=\"application\/ld+json\" class=\"yoast-schema-graph\">{\"@context\":\"https:\\\/\\\/schema.org\",\"@graph\":[{\"@type\":\"WebPage\",\"@id\":\"https:\\\/\\\/nikitanikiforov24.thkit.ee\\\/wp\\\/?page_id=965\",\"url\":\"https:\\\/\\\/nikitanikiforov24.thkit.ee\\\/wp\\\/?page_id=965\",\"name\":\"Kuupaev \u00dclesanne - Nikita Nikiforov Portfolio\",\"isPartOf\":{\"@id\":\"https:\\\/\\\/nikitanikiforov24.thkit.ee\\\/wp\\\/#website\"},\"datePublished\":\"2025-10-09T10:01:08+00:00\",\"dateModified\":\"2025-10-09T10:24:00+00:00\",\"breadcrumb\":{\"@id\":\"https:\\\/\\\/nikitanikiforov24.thkit.ee\\\/wp\\\/?page_id=965#breadcrumb\"},\"inLanguage\":\"et\",\"potentialAction\":[{\"@type\":\"ReadAction\",\"target\":[\"https:\\\/\\\/nikitanikiforov24.thkit.ee\\\/wp\\\/?page_id=965\"]}]},{\"@type\":\"BreadcrumbList\",\"@id\":\"https:\\\/\\\/nikitanikiforov24.thkit.ee\\\/wp\\\/?page_id=965#breadcrumb\",\"itemListElement\":[{\"@type\":\"ListItem\",\"position\":1,\"name\":\"Home\",\"item\":\"https:\\\/\\\/nikitanikiforov24.thkit.ee\\\/wp\\\/\"},{\"@type\":\"ListItem\",\"position\":2,\"name\":\"Kuupaev \u00dclesanne\"}]},{\"@type\":\"WebSite\",\"@id\":\"https:\\\/\\\/nikitanikiforov24.thkit.ee\\\/wp\\\/#website\",\"url\":\"https:\\\/\\\/nikitanikiforov24.thkit.ee\\\/wp\\\/\",\"name\":\"Nikita Nikiforov Portfolio\",\"description\":\"Noorem Tarkvarendaja\",\"publisher\":{\"@id\":\"https:\\\/\\\/nikitanikiforov24.thkit.ee\\\/wp\\\/#organization\"},\"potentialAction\":[{\"@type\":\"SearchAction\",\"target\":{\"@type\":\"EntryPoint\",\"urlTemplate\":\"https:\\\/\\\/nikitanikiforov24.thkit.ee\\\/wp\\\/?s={search_term_string}\"},\"query-input\":{\"@type\":\"PropertyValueSpecification\",\"valueRequired\":true,\"valueName\":\"search_term_string\"}}],\"inLanguage\":\"et\"},{\"@type\":\"Organization\",\"@id\":\"https:\\\/\\\/nikitanikiforov24.thkit.ee\\\/wp\\\/#organization\",\"name\":\"Nikita Nikiforov Portfolio\",\"url\":\"https:\\\/\\\/nikitanikiforov24.thkit.ee\\\/wp\\\/\",\"logo\":{\"@type\":\"ImageObject\",\"inLanguage\":\"et\",\"@id\":\"https:\\\/\\\/nikitanikiforov24.thkit.ee\\\/wp\\\/#\\\/schema\\\/logo\\\/image\\\/\",\"url\":\"https:\\\/\\\/nikitanikiforov24.thkit.ee\\\/wp\\\/wp-content\\\/uploads\\\/2025\\\/10\\\/0ce66b2c514f64099fc903d1deea8e5c-150x137-removebg-preview.png\",\"contentUrl\":\"https:\\\/\\\/nikitanikiforov24.thkit.ee\\\/wp\\\/wp-content\\\/uploads\\\/2025\\\/10\\\/0ce66b2c514f64099fc903d1deea8e5c-150x137-removebg-preview.png\",\"width\":150,\"height\":137,\"caption\":\"Nikita Nikiforov Portfolio\"},\"image\":{\"@id\":\"https:\\\/\\\/nikitanikiforov24.thkit.ee\\\/wp\\\/#\\\/schema\\\/logo\\\/image\\\/\"}}]}<\/script>\n<!-- \/ Yoast SEO plugin. -->","yoast_head_json":{"title":"Kuupaev \u00dclesanne - Nikita Nikiforov Portfolio","robots":{"index":"index","follow":"follow","max-snippet":"max-snippet:-1","max-image-preview":"max-image-preview:large","max-video-preview":"max-video-preview:-1"},"canonical":"https:\/\/nikitanikiforov24.thkit.ee\/wp\/?page_id=965","og_locale":"et_EE","og_type":"article","og_title":"Kuupaev \u00dclesanne - Nikita Nikiforov Portfolio","og_description":"Date N\u00e4ita kuup\u00e4eva ja aega Aeg kuni 15. m\u00e4rtsini","og_url":"https:\/\/nikitanikiforov24.thkit.ee\/wp\/?page_id=965","og_site_name":"Nikita Nikiforov Portfolio","article_modified_time":"2025-10-09T10:24:00+00:00","twitter_card":"summary_large_image","schema":{"@context":"https:\/\/schema.org","@graph":[{"@type":"WebPage","@id":"https:\/\/nikitanikiforov24.thkit.ee\/wp\/?page_id=965","url":"https:\/\/nikitanikiforov24.thkit.ee\/wp\/?page_id=965","name":"Kuupaev \u00dclesanne - Nikita Nikiforov Portfolio","isPartOf":{"@id":"https:\/\/nikitanikiforov24.thkit.ee\/wp\/#website"},"datePublished":"2025-10-09T10:01:08+00:00","dateModified":"2025-10-09T10:24:00+00:00","breadcrumb":{"@id":"https:\/\/nikitanikiforov24.thkit.ee\/wp\/?page_id=965#breadcrumb"},"inLanguage":"et","potentialAction":[{"@type":"ReadAction","target":["https:\/\/nikitanikiforov24.thkit.ee\/wp\/?page_id=965"]}]},{"@type":"BreadcrumbList","@id":"https:\/\/nikitanikiforov24.thkit.ee\/wp\/?page_id=965#breadcrumb","itemListElement":[{"@type":"ListItem","position":1,"name":"Home","item":"https:\/\/nikitanikiforov24.thkit.ee\/wp\/"},{"@type":"ListItem","position":2,"name":"Kuupaev \u00dclesanne"}]},{"@type":"WebSite","@id":"https:\/\/nikitanikiforov24.thkit.ee\/wp\/#website","url":"https:\/\/nikitanikiforov24.thkit.ee\/wp\/","name":"Nikita Nikiforov Portfolio","description":"Noorem Tarkvarendaja","publisher":{"@id":"https:\/\/nikitanikiforov24.thkit.ee\/wp\/#organization"},"potentialAction":[{"@type":"SearchAction","target":{"@type":"EntryPoint","urlTemplate":"https:\/\/nikitanikiforov24.thkit.ee\/wp\/?s={search_term_string}"},"query-input":{"@type":"PropertyValueSpecification","valueRequired":true,"valueName":"search_term_string"}}],"inLanguage":"et"},{"@type":"Organization","@id":"https:\/\/nikitanikiforov24.thkit.ee\/wp\/#organization","name":"Nikita Nikiforov Portfolio","url":"https:\/\/nikitanikiforov24.thkit.ee\/wp\/","logo":{"@type":"ImageObject","inLanguage":"et","@id":"https:\/\/nikitanikiforov24.thkit.ee\/wp\/#\/schema\/logo\/image\/","url":"https:\/\/nikitanikiforov24.thkit.ee\/wp\/wp-content\/uploads\/2025\/10\/0ce66b2c514f64099fc903d1deea8e5c-150x137-removebg-preview.png","contentUrl":"https:\/\/nikitanikiforov24.thkit.ee\/wp\/wp-content\/uploads\/2025\/10\/0ce66b2c514f64099fc903d1deea8e5c-150x137-removebg-preview.png","width":150,"height":137,"caption":"Nikita Nikiforov Portfolio"},"image":{"@id":"https:\/\/nikitanikiforov24.thkit.ee\/wp\/#\/schema\/logo\/image\/"}}]}},"_links":{"self":[{"href":"https:\/\/nikitanikiforov24.thkit.ee\/wp\/index.php?rest_route=\/wp\/v2\/pages\/965","targetHints":{"allow":["GET"]}}],"collection":[{"href":"https:\/\/nikitanikiforov24.thkit.ee\/wp\/index.php?rest_route=\/wp\/v2\/pages"}],"about":[{"href":"https:\/\/nikitanikiforov24.thkit.ee\/wp\/index.php?rest_route=\/wp\/v2\/types\/page"}],"author":[{"embeddable":true,"href":"https:\/\/nikitanikiforov24.thkit.ee\/wp\/index.php?rest_route=\/wp\/v2\/users\/1"}],"replies":[{"embeddable":true,"href":"https:\/\/nikitanikiforov24.thkit.ee\/wp\/index.php?rest_route=%2Fwp%2Fv2%2Fcomments&post=965"}],"version-history":[{"count":11,"href":"https:\/\/nikitanikiforov24.thkit.ee\/wp\/index.php?rest_route=\/wp\/v2\/pages\/965\/revisions"}],"predecessor-version":[{"id":978,"href":"https:\/\/nikitanikiforov24.thkit.ee\/wp\/index.php?rest_route=\/wp\/v2\/pages\/965\/revisions\/978"}],"wp:attachment":[{"href":"https:\/\/nikitanikiforov24.thkit.ee\/wp\/index.php?rest_route=%2Fwp%2Fv2%2Fmedia&parent=965"}],"curies":[{"name":"wp","href":"https:\/\/api.w.org\/{rel}","templated":true}]}}