{"id":988,"date":"2025-10-14T10:31:22","date_gmt":"2025-10-14T08:31:22","guid":{"rendered":"https:\/\/nikitanikiforov24.thkit.ee\/wp\/?page_id=988"},"modified":"2025-10-30T12:36:12","modified_gmt":"2025-10-30T10:36:12","slug":"veebikalkulator","status":"publish","type":"page","link":"https:\/\/nikitanikiforov24.thkit.ee\/wp\/?page_id=988","title":{"rendered":"Veebikalkulator"},"content":{"rendered":"\n<!DOCTYPE html>\n<html lang=\"en\">\n<head>\n    <meta charset=\"UTF-8\">\n    <title>JS piltidega t\u00f6\u00f6<\/title>\n  <script src=\"pildiScript.js\"><\/script>\n  <script src=\"videoScript.js\"><\/script>\n  <link rel=\"stylesheet\" href=\"piltStyle.css\"><\/link>\n<\/head>\n<body onload=\"kuhustlikPilt()\">\n<h1>Random pilti n\u00e4itamine<\/h1>\n<table>\n  <tr>\n    <td>\n      <input type=\"button\" value=\"Random pilt\" onclick=\"kuhustlikPilt()\">\n      <br>\n      <img decoding=\"async\" src=\"\" alt=\"\" id=\"pilt\">\n    <\/td>\n    <td id=\"vastus\">\n      Vastus:\n    <\/td>\n    <td>\n      <label for=\"valikud\">Vali mida sa n\u00e4ed pildil<\/label>\n      <select name=\"valikud\" id=\"valikud\" onchange=\"teeOmaValik()\">\n        <option value=\"\">&#8212;<\/option>\n        <option value=\"https:\/\/nikitanikiforov24.thkit.ee\/wp\/wp-content\/uploads\/2025\/10\/1.png\">Blue Star<\/option>\n        <option value=\"https:\/\/nikitanikiforov24.thkit.ee\/wp\/wp-content\/uploads\/2025\/10\/2.png\">Smile<\/option>\n        <option value=\"https:\/\/nikitanikiforov24.thkit.ee\/wp\/wp-content\/uploads\/2025\/10\/3.png\">Dirt Block<\/option>\n        <option value=\"https:\/\/nikitanikiforov24.thkit.ee\/wp\/wp-content\/uploads\/2025\/10\/4.png\">Funny Shape<\/option>\n      <\/select>\n    <\/td>\n  <\/tr>\n  <tr>\n    <td>\n      <label for=\"kogus\">Mitu tk soovid osta ?<\/label>\n      <input type=\"number\" id=\"kogus\" min=\"1\" max=\"100\" value=\"0\" onchange=\"arvutaPildiHind()\">\n    <\/td>\n    <td>Summa:<\/td>\n    <td id=\"summa\"><\/td>\n  <\/tr>\n<\/table>\n<h1>Videokaardi veebikalkalator<\/h1>\n<table>\n  <tr>\n    <td>\n      <form id=\"videokaart_form\">\n        <label class=\"videokaart\">\n          <input type=\"radio\" name=\"videokaart\" value=\"1050\" id=\"gtx1050\" onchange=\"muudaVideokaart()\">\n          <img decoding=\"async\" src=\"https:\/\/nikitanikiforov24.thkit.ee\/wp\/wp-content\/uploads\/2025\/10\/1050.png\" alt=\"GTX 1050\" width=\"100\">\n          NVIDIA GTX 1050\n        <\/label><br>\n\n        <label class=\"videokaart\">\n          <input type=\"radio\" name=\"videokaart\" value=\"1660s\" id=\"gtx1660s\" onchange=\"muudaVideokaart()\">\n          <img decoding=\"async\" src=\"https:\/\/nikitanikiforov24.thkit.ee\/wp\/wp-content\/uploads\/2025\/10\/1660s.jpg\" alt=\"GTX 1660 Super\" width=\"100\">\n          NVIDIA GTX 1660 Super\n        <\/label><br>\n\n        <label class=\"videokaart\">\n          <input type=\"radio\" name=\"videokaart\" value=\"4060ti\" id=\"rtx4060ti\" onchange=\"muudaVideokaart()\">\n          <img decoding=\"async\" src=\"https:\/\/nikitanikiforov24.thkit.ee\/wp\/wp-content\/uploads\/2025\/10\/4060ti.jpg\" alt=\"RTX 4060 Ti\" width=\"100\">\n          NVIDIA RTX 4060 Ti\n        <\/label><br>\n\n        <label class=\"videokaart\">\n          <input type=\"radio\" name=\"videokaart\" value=\"5090\" id=\"rtx5090\" onchange=\"muudaVideokaart()\">\n          <img decoding=\"async\" src=\"https:\/\/nikitanikiforov24.thkit.ee\/wp\/wp-content\/uploads\/2025\/10\/5090.png\" alt=\"RTX 5090\" width=\"100\">\n          NVIDIA RTX 5090\n        <\/label>\n      <\/form>\n    <\/td>\n    <td>\n      <label for=\"kogus\">Mitu tk soovid osta ?<\/label>\n      <input type=\"number\" id=\"kogus_video\" min=\"1\" max=\"100\" value=\"0\" onchange=\"arvutaVideoHind()\">\n    <\/td>\n    <td>Summa: <\/td>\n    <td id=\"videosumma\"><\/td>\n  <\/tr>\n<\/table>\n<\/body>\n<\/html>\n\n\n\n<script>\nfunction arvutaVideokaart(hind, kogus){\n    return hind * kogus;\n}\n\nfunction muudaVideokaart(){\n    arvutaVideokaart();\n}\n\nfunction arvutaVideoHind(){\n    const v1050 = 160;\n    const v1660s = 220;\n    const v4060ti = 400;\n    const v5090 = 2000;\n\n    let gtx1050 = document.getElementById(\"gtx1050\");\n    let gtx1660s = document.getElementById(\"gtx1660s\");\n    let rtx4060ti = document.getElementById(\"rtx4060ti\");\n    let rtx5090 = document.getElementById(\"rtx5090\");\n\n    let summa = document.getElementById('videosumma');\n    let kogus = document.getElementById('kogus_video').value;\n    let pilt = document.getElementById('pilt').getAttribute('src');\n\n    if (gtx1050.checked) {\n        summa.innerHTML = arvuta(v1050, kogus) + \" euro\"\n    }\n    if (gtx1660s.checked) {\n        summa.innerHTML = arvuta(v1660s, kogus) + \" euro\"\n    }\n    if (rtx4060ti.checked) {\n        summa.innerHTML = arvuta(v4060ti, kogus) + \" euro\"\n    }\n    if (rtx5090.checked) {\n        summa.innerHTML = arvuta(v5090, kogus) + \" euro\"\n    }\n}\n<\/script>\n\n\n\n<script>\nfunction kuhustlikPilt(){\n    const pildid =[\n        'https:\/\/nikitanikiforov24.thkit.ee\/wp\/wp-content\/uploads\/2025\/10\/1.png'\n        ,'https:\/\/nikitanikiforov24.thkit.ee\/wp\/wp-content\/uploads\/2025\/10\/2.png'\n        ,'https:\/\/nikitanikiforov24.thkit.ee\/wp\/wp-content\/uploads\/2025\/10\/3.png'\n        ,'https:\/\/nikitanikiforov24.thkit.ee\/wp\/wp-content\/uploads\/2025\/10\/4.png'\n    ];\n\n    \/\/html failis m\u00e4\u00e4ratud pilt kus id = pilt\n    const pilt = document.getElementById('pilt');\n    \/\/Math.floor - \u00fcmardamine\n    \/\/Math.random - juhustlik arv\n    \/\/pildid.length - elementide arv piltide massiivis\n\n    const randomPilt = Math.floor(Math.random() * pildid.length);\n\n    pilt.src = pildid[randomPilt];\n}\n\nfunction  teeOmaValik(){\n    let pilt = document.getElementById('pilt');\n    let vastus = document.getElementById('vastus');\n    let valikud = document.getElementsByName('valikud'); \/\/mitu elemendi \u00fchenimega\n\n    \/\/ts\u00fckl for\n\n    for (let i = 0; i < valikud.length; i++) {\n            if(pilt.getAttribute('src') == valikud[i].value){\n                vastus.innerHTML = \"Sinu vastus on \u00f5ige\";\n                vastus.style.color = 'green';\n            }\n            else{\n                vastus.innerHTML = \"M\u00f5tle veel, sa vastasid valesti !\"\n                vastus.style.color = 'red';\n            }\n    }\n}\n\nfunction arvuta(kogus, hind){\n    return (kogus * hind).toFixed(2);\n    \/\/toFixed - v\u00f5tab 2 numbre  peale koma\n\n    const smilePilt = 3.3;\n    const dirtblock = 2.2;\n    const bluestar = 0;\n    const funnyshape = 1;\n}\n\nfunction arvutaPildiHind(){\n    const smilePilt = 3.3;\n    const dirtblock = 2.2;\n    const bluestar = 0;\n    const funnyshape = 1;\n\n    let summa = document.getElementById('summa');\n    let kogus = document.getElementById('kogus').value;\n    let pilt = document.getElementById('pilt').getAttribute('src');\n\n    if (pilt == \"https:\/\/nikitanikiforov24.thkit.ee\/wp\/wp-content\/uploads\/2025\/10\/1.png\") {\n        summa.innerHTML = arvuta(bluestar, kogus) + \" euro\"\n    }\n    if (pilt == \"https:\/\/nikitanikiforov24.thkit.ee\/wp\/wp-content\/uploads\/2025\/10\/2.png\") {\n        summa.innerHTML = arvuta(smilePilt, kogus) + \" euro\"\n    }\n    if (pilt == \"https:\/\/nikitanikiforov24.thkit.ee\/wp\/wp-content\/uploads\/2025\/10\/3.png\") {\n        summa.innerHTML = arvuta(dirtblock, kogus) + \" euro\"\n    }\n    if (pilt == \"https:\/\/nikitanikiforov24.thkit.ee\/wp\/wp-content\/uploads\/2025\/10\/4.png\") {\n        summa.innerHTML = arvuta(funnyshape, kogus) + \" euro\"\n    }\n}\n\n\/\/\u00dclesanne veebikalkalator\n\/\/Radio nuppide valikust vehetuv pilt\n\/\/K\u00fcsitakse kogus ja n\u00e4itakse l\u00f5pphind mis s\u00f5ltub ja kogusest\n\/\/Lisa\n<\/script>\n\n\n\n<style>\nbody{\n    font-family: sans-serif;\n    justify-content: center;\n    align-items: center;\n}\n\ninput[type=\"number\"] {\n    border: 1px solid;\n    border-radius: 6px;\n    padding: 5px 8px;\n    font-size: 16px;\n    width: 60px;\n    appearance: textfield;\n    pointer-events: auto;\n}\n\ntable{\n    width: 50%;\n    border-collapse: collapse;\n    border: 1px solid;\n}\n\ntd{\n    padding: 10px 15px;\n    vertical-align: top;\n}\n<\/style>\n","protected":false},"excerpt":{"rendered":"<p>JS piltidega t\u00f6\u00f6 Random pilti n\u00e4itamine Vastus: Vali mida sa n\u00e4ed pildil &#8212;Blue StarSmileDirt BlockFunny Shape Mitu tk soovid osta ? Summa: Videokaardi veebikalkalator NVIDIA GTX 1050 NVIDIA GTX 1660 Super NVIDIA RTX 4060 Ti NVIDIA RTX 5090 Mitu tk soovid osta ? Summa:<\/p>\n","protected":false},"author":1,"featured_media":0,"parent":0,"menu_order":0,"comment_status":"closed","ping_status":"closed","template":"","meta":{"footnotes":""},"class_list":["post-988","page","type-page","status-publish","hentry"],"yoast_head":"<!-- This site is optimized with the Yoast SEO plugin v27.4 - https:\/\/yoast.com\/product\/yoast-seo-wordpress\/ -->\n<title>Veebikalkulator - Nikita Nikiforov Portfolio<\/title>\n<meta name=\"robots\" content=\"index, follow, max-snippet:-1, max-image-preview:large, max-video-preview:-1\" \/>\n<link rel=\"canonical\" href=\"https:\/\/nikitanikiforov24.thkit.ee\/wp\/?page_id=988\" \/>\n<meta property=\"og:locale\" content=\"et_EE\" \/>\n<meta property=\"og:type\" content=\"article\" \/>\n<meta property=\"og:title\" content=\"Veebikalkulator - Nikita Nikiforov Portfolio\" \/>\n<meta property=\"og:description\" content=\"JS piltidega t\u00f6\u00f6 Random pilti n\u00e4itamine Vastus: Vali mida sa n\u00e4ed pildil &#8212;Blue StarSmileDirt BlockFunny Shape Mitu tk soovid osta ? Summa: Videokaardi veebikalkalator NVIDIA GTX 1050 NVIDIA GTX 1660 Super NVIDIA RTX 4060 Ti NVIDIA RTX 5090 Mitu tk soovid osta ? Summa:\" \/>\n<meta property=\"og:url\" content=\"https:\/\/nikitanikiforov24.thkit.ee\/wp\/?page_id=988\" \/>\n<meta property=\"og:site_name\" content=\"Nikita Nikiforov Portfolio\" \/>\n<meta property=\"article:modified_time\" content=\"2025-10-30T10:36:12+00:00\" \/>\n<meta property=\"og:image\" content=\"https:\/\/nikitanikiforov24.thkit.ee\/wp\/wp-content\/uploads\/2025\/10\/1050.png\" \/>\n<meta name=\"twitter:card\" content=\"summary_large_image\" \/>\n<script type=\"application\/ld+json\" class=\"yoast-schema-graph\">{\"@context\":\"https:\\\/\\\/schema.org\",\"@graph\":[{\"@type\":\"WebPage\",\"@id\":\"https:\\\/\\\/nikitanikiforov24.thkit.ee\\\/wp\\\/?page_id=988\",\"url\":\"https:\\\/\\\/nikitanikiforov24.thkit.ee\\\/wp\\\/?page_id=988\",\"name\":\"Veebikalkulator - Nikita Nikiforov Portfolio\",\"isPartOf\":{\"@id\":\"https:\\\/\\\/nikitanikiforov24.thkit.ee\\\/wp\\\/#website\"},\"primaryImageOfPage\":{\"@id\":\"https:\\\/\\\/nikitanikiforov24.thkit.ee\\\/wp\\\/?page_id=988#primaryimage\"},\"image\":{\"@id\":\"https:\\\/\\\/nikitanikiforov24.thkit.ee\\\/wp\\\/?page_id=988#primaryimage\"},\"thumbnailUrl\":\"https:\\\/\\\/nikitanikiforov24.thkit.ee\\\/wp\\\/wp-content\\\/uploads\\\/2025\\\/10\\\/1050.png\",\"datePublished\":\"2025-10-14T08:31:22+00:00\",\"dateModified\":\"2025-10-30T10:36:12+00:00\",\"breadcrumb\":{\"@id\":\"https:\\\/\\\/nikitanikiforov24.thkit.ee\\\/wp\\\/?page_id=988#breadcrumb\"},\"inLanguage\":\"et\",\"potentialAction\":[{\"@type\":\"ReadAction\",\"target\":[\"https:\\\/\\\/nikitanikiforov24.thkit.ee\\\/wp\\\/?page_id=988\"]}]},{\"@type\":\"ImageObject\",\"inLanguage\":\"et\",\"@id\":\"https:\\\/\\\/nikitanikiforov24.thkit.ee\\\/wp\\\/?page_id=988#primaryimage\",\"url\":\"https:\\\/\\\/nikitanikiforov24.thkit.ee\\\/wp\\\/wp-content\\\/uploads\\\/2025\\\/10\\\/1050.png\",\"contentUrl\":\"https:\\\/\\\/nikitanikiforov24.thkit.ee\\\/wp\\\/wp-content\\\/uploads\\\/2025\\\/10\\\/1050.png\",\"width\":1000,\"height\":1000},{\"@type\":\"BreadcrumbList\",\"@id\":\"https:\\\/\\\/nikitanikiforov24.thkit.ee\\\/wp\\\/?page_id=988#breadcrumb\",\"itemListElement\":[{\"@type\":\"ListItem\",\"position\":1,\"name\":\"Home\",\"item\":\"https:\\\/\\\/nikitanikiforov24.thkit.ee\\\/wp\\\/\"},{\"@type\":\"ListItem\",\"position\":2,\"name\":\"Veebikalkulator\"}]},{\"@type\":\"WebSite\",\"@id\":\"https:\\\/\\\/nikitanikiforov24.thkit.ee\\\/wp\\\/#website\",\"url\":\"https:\\\/\\\/nikitanikiforov24.thkit.ee\\\/wp\\\/\",\"name\":\"Nikita Nikiforov Portfolio\",\"description\":\"Noorem Tarkvarendaja\",\"publisher\":{\"@id\":\"https:\\\/\\\/nikitanikiforov24.thkit.ee\\\/wp\\\/#organization\"},\"potentialAction\":[{\"@type\":\"SearchAction\",\"target\":{\"@type\":\"EntryPoint\",\"urlTemplate\":\"https:\\\/\\\/nikitanikiforov24.thkit.ee\\\/wp\\\/?s={search_term_string}\"},\"query-input\":{\"@type\":\"PropertyValueSpecification\",\"valueRequired\":true,\"valueName\":\"search_term_string\"}}],\"inLanguage\":\"et\"},{\"@type\":\"Organization\",\"@id\":\"https:\\\/\\\/nikitanikiforov24.thkit.ee\\\/wp\\\/#organization\",\"name\":\"Nikita Nikiforov Portfolio\",\"url\":\"https:\\\/\\\/nikitanikiforov24.thkit.ee\\\/wp\\\/\",\"logo\":{\"@type\":\"ImageObject\",\"inLanguage\":\"et\",\"@id\":\"https:\\\/\\\/nikitanikiforov24.thkit.ee\\\/wp\\\/#\\\/schema\\\/logo\\\/image\\\/\",\"url\":\"https:\\\/\\\/nikitanikiforov24.thkit.ee\\\/wp\\\/wp-content\\\/uploads\\\/2025\\\/10\\\/0ce66b2c514f64099fc903d1deea8e5c-150x137-removebg-preview.png\",\"contentUrl\":\"https:\\\/\\\/nikitanikiforov24.thkit.ee\\\/wp\\\/wp-content\\\/uploads\\\/2025\\\/10\\\/0ce66b2c514f64099fc903d1deea8e5c-150x137-removebg-preview.png\",\"width\":150,\"height\":137,\"caption\":\"Nikita Nikiforov Portfolio\"},\"image\":{\"@id\":\"https:\\\/\\\/nikitanikiforov24.thkit.ee\\\/wp\\\/#\\\/schema\\\/logo\\\/image\\\/\"}}]}<\/script>\n<!-- \/ Yoast SEO plugin. -->","yoast_head_json":{"title":"Veebikalkulator - Nikita Nikiforov Portfolio","robots":{"index":"index","follow":"follow","max-snippet":"max-snippet:-1","max-image-preview":"max-image-preview:large","max-video-preview":"max-video-preview:-1"},"canonical":"https:\/\/nikitanikiforov24.thkit.ee\/wp\/?page_id=988","og_locale":"et_EE","og_type":"article","og_title":"Veebikalkulator - Nikita Nikiforov Portfolio","og_description":"JS piltidega t\u00f6\u00f6 Random pilti n\u00e4itamine Vastus: Vali mida sa n\u00e4ed pildil &#8212;Blue StarSmileDirt BlockFunny Shape Mitu tk soovid osta ? Summa: Videokaardi veebikalkalator NVIDIA GTX 1050 NVIDIA GTX 1660 Super NVIDIA RTX 4060 Ti NVIDIA RTX 5090 Mitu tk soovid osta ? Summa:","og_url":"https:\/\/nikitanikiforov24.thkit.ee\/wp\/?page_id=988","og_site_name":"Nikita Nikiforov Portfolio","article_modified_time":"2025-10-30T10:36:12+00:00","og_image":[{"url":"https:\/\/nikitanikiforov24.thkit.ee\/wp\/wp-content\/uploads\/2025\/10\/1050.png","type":"","width":"","height":""}],"twitter_card":"summary_large_image","schema":{"@context":"https:\/\/schema.org","@graph":[{"@type":"WebPage","@id":"https:\/\/nikitanikiforov24.thkit.ee\/wp\/?page_id=988","url":"https:\/\/nikitanikiforov24.thkit.ee\/wp\/?page_id=988","name":"Veebikalkulator - Nikita Nikiforov Portfolio","isPartOf":{"@id":"https:\/\/nikitanikiforov24.thkit.ee\/wp\/#website"},"primaryImageOfPage":{"@id":"https:\/\/nikitanikiforov24.thkit.ee\/wp\/?page_id=988#primaryimage"},"image":{"@id":"https:\/\/nikitanikiforov24.thkit.ee\/wp\/?page_id=988#primaryimage"},"thumbnailUrl":"https:\/\/nikitanikiforov24.thkit.ee\/wp\/wp-content\/uploads\/2025\/10\/1050.png","datePublished":"2025-10-14T08:31:22+00:00","dateModified":"2025-10-30T10:36:12+00:00","breadcrumb":{"@id":"https:\/\/nikitanikiforov24.thkit.ee\/wp\/?page_id=988#breadcrumb"},"inLanguage":"et","potentialAction":[{"@type":"ReadAction","target":["https:\/\/nikitanikiforov24.thkit.ee\/wp\/?page_id=988"]}]},{"@type":"ImageObject","inLanguage":"et","@id":"https:\/\/nikitanikiforov24.thkit.ee\/wp\/?page_id=988#primaryimage","url":"https:\/\/nikitanikiforov24.thkit.ee\/wp\/wp-content\/uploads\/2025\/10\/1050.png","contentUrl":"https:\/\/nikitanikiforov24.thkit.ee\/wp\/wp-content\/uploads\/2025\/10\/1050.png","width":1000,"height":1000},{"@type":"BreadcrumbList","@id":"https:\/\/nikitanikiforov24.thkit.ee\/wp\/?page_id=988#breadcrumb","itemListElement":[{"@type":"ListItem","position":1,"name":"Home","item":"https:\/\/nikitanikiforov24.thkit.ee\/wp\/"},{"@type":"ListItem","position":2,"name":"Veebikalkulator"}]},{"@type":"WebSite","@id":"https:\/\/nikitanikiforov24.thkit.ee\/wp\/#website","url":"https:\/\/nikitanikiforov24.thkit.ee\/wp\/","name":"Nikita Nikiforov Portfolio","description":"Noorem Tarkvarendaja","publisher":{"@id":"https:\/\/nikitanikiforov24.thkit.ee\/wp\/#organization"},"potentialAction":[{"@type":"SearchAction","target":{"@type":"EntryPoint","urlTemplate":"https:\/\/nikitanikiforov24.thkit.ee\/wp\/?s={search_term_string}"},"query-input":{"@type":"PropertyValueSpecification","valueRequired":true,"valueName":"search_term_string"}}],"inLanguage":"et"},{"@type":"Organization","@id":"https:\/\/nikitanikiforov24.thkit.ee\/wp\/#organization","name":"Nikita Nikiforov Portfolio","url":"https:\/\/nikitanikiforov24.thkit.ee\/wp\/","logo":{"@type":"ImageObject","inLanguage":"et","@id":"https:\/\/nikitanikiforov24.thkit.ee\/wp\/#\/schema\/logo\/image\/","url":"https:\/\/nikitanikiforov24.thkit.ee\/wp\/wp-content\/uploads\/2025\/10\/0ce66b2c514f64099fc903d1deea8e5c-150x137-removebg-preview.png","contentUrl":"https:\/\/nikitanikiforov24.thkit.ee\/wp\/wp-content\/uploads\/2025\/10\/0ce66b2c514f64099fc903d1deea8e5c-150x137-removebg-preview.png","width":150,"height":137,"caption":"Nikita Nikiforov Portfolio"},"image":{"@id":"https:\/\/nikitanikiforov24.thkit.ee\/wp\/#\/schema\/logo\/image\/"}}]}},"_links":{"self":[{"href":"https:\/\/nikitanikiforov24.thkit.ee\/wp\/index.php?rest_route=\/wp\/v2\/pages\/988","targetHints":{"allow":["GET"]}}],"collection":[{"href":"https:\/\/nikitanikiforov24.thkit.ee\/wp\/index.php?rest_route=\/wp\/v2\/pages"}],"about":[{"href":"https:\/\/nikitanikiforov24.thkit.ee\/wp\/index.php?rest_route=\/wp\/v2\/types\/page"}],"author":[{"embeddable":true,"href":"https:\/\/nikitanikiforov24.thkit.ee\/wp\/index.php?rest_route=\/wp\/v2\/users\/1"}],"replies":[{"embeddable":true,"href":"https:\/\/nikitanikiforov24.thkit.ee\/wp\/index.php?rest_route=%2Fwp%2Fv2%2Fcomments&post=988"}],"version-history":[{"count":3,"href":"https:\/\/nikitanikiforov24.thkit.ee\/wp\/index.php?rest_route=\/wp\/v2\/pages\/988\/revisions"}],"predecessor-version":[{"id":1075,"href":"https:\/\/nikitanikiforov24.thkit.ee\/wp\/index.php?rest_route=\/wp\/v2\/pages\/988\/revisions\/1075"}],"wp:attachment":[{"href":"https:\/\/nikitanikiforov24.thkit.ee\/wp\/index.php?rest_route=%2Fwp%2Fv2%2Fmedia&parent=988"}],"curies":[{"name":"wp","href":"https:\/\/api.w.org\/{rel}","templated":true}]}}